{"id":871,"date":"2020-12-18T08:57:29","date_gmt":"2020-12-18T07:57:29","guid":{"rendered":"https:\/\/blogsaverroes.juntadeandalucia.es\/pre\/plantilla-pencil\/?page_id=871"},"modified":"2024-12-13T12:53:32","modified_gmt":"2024-12-13T11:53:32","slug":"comedor-escolar","status":"publish","type":"page","link":"https:\/\/blogsaverroes.juntadeandalucia.es\/ceipvirgendelrocio\/comedor-escolar\/","title":{"rendered":"Comedor escolar"},"content":{"rendered":"<p>[et_pb_section fb_built=&#8221;1&#8243; _builder_version=&#8221;4.16&#8243; custom_padding=&#8221;0px||0px|&#8221; z_index_tablet=&#8221;500&#8243; box_shadow_horizontal_tablet=&#8221;0px&#8221; box_shadow_vertical_tablet=&#8221;0px&#8221; box_shadow_blur_tablet=&#8221;40px&#8221; box_shadow_spread_tablet=&#8221;0px&#8221; global_colors_info=&#8221;{}&#8221;][et_pb_row _builder_version=&#8221;4.16&#8243; background_size=&#8221;initial&#8221; background_position=&#8221;top_left&#8221; background_repeat=&#8221;repeat&#8221; global_colors_info=&#8221;{}&#8221;][et_pb_column type=&#8221;4_4&#8243; _builder_version=&#8221;4.16&#8243; custom_padding=&#8221;|||&#8221; global_colors_info=&#8221;{}&#8221; custom_padding__hover=&#8221;|||&#8221;][et_pb_image src=&#8221;https:\/\/blogsaverroes.juntadeandalucia.es\/ceipvirgendelrocio\/files\/2020\/01\/cabecera-interior-2-1.jpg&#8221; title_text=&#8221;cabecera-interior-2-1&#8243; admin_label=&#8221;Imagen de la portada&#8221; _builder_version=&#8221;4.16&#8243; z_index_tablet=&#8221;500&#8243; box_shadow_horizontal_tablet=&#8221;0px&#8221; box_shadow_vertical_tablet=&#8221;0px&#8221; box_shadow_blur_tablet=&#8221;40px&#8221; box_shadow_spread_tablet=&#8221;0px&#8221; global_colors_info=&#8221;{}&#8221;][\/et_pb_image][et_pb_text admin_label=&#8221;Texto descriptivo&#8221; _builder_version=&#8221;4.24.2&#8243; hover_enabled=&#8221;0&#8243; z_index_tablet=&#8221;500&#8243; text_text_shadow_horizontal_length_tablet=&#8221;0px&#8221; text_text_shadow_vertical_length_tablet=&#8221;0px&#8221; text_text_shadow_blur_strength_tablet=&#8221;1px&#8221; link_text_shadow_horizontal_length_tablet=&#8221;0px&#8221; link_text_shadow_vertical_length_tablet=&#8221;0px&#8221; link_text_shadow_blur_strength_tablet=&#8221;1px&#8221; ul_text_shadow_horizontal_length_tablet=&#8221;0px&#8221; ul_text_shadow_vertical_length_tablet=&#8221;0px&#8221; ul_text_shadow_blur_strength_tablet=&#8221;1px&#8221; ol_text_shadow_horizontal_length_tablet=&#8221;0px&#8221; ol_text_shadow_vertical_length_tablet=&#8221;0px&#8221; ol_text_shadow_blur_strength_tablet=&#8221;1px&#8221; quote_text_shadow_horizontal_length_tablet=&#8221;0px&#8221; quote_text_shadow_vertical_length_tablet=&#8221;0px&#8221; quote_text_shadow_blur_strength_tablet=&#8221;1px&#8221; header_text_shadow_horizontal_length_tablet=&#8221;0px&#8221; header_text_shadow_vertical_length_tablet=&#8221;0px&#8221; header_text_shadow_blur_strength_tablet=&#8221;1px&#8221; header_2_text_shadow_horizontal_length_tablet=&#8221;0px&#8221; header_2_text_shadow_vertical_length_tablet=&#8221;0px&#8221; header_2_text_shadow_blur_strength_tablet=&#8221;1px&#8221; header_3_text_shadow_horizontal_length_tablet=&#8221;0px&#8221; header_3_text_shadow_vertical_length_tablet=&#8221;0px&#8221; header_3_text_shadow_blur_strength_tablet=&#8221;1px&#8221; header_4_text_shadow_horizontal_length_tablet=&#8221;0px&#8221; header_4_text_shadow_vertical_length_tablet=&#8221;0px&#8221; header_4_text_shadow_blur_strength_tablet=&#8221;1px&#8221; header_5_text_shadow_horizontal_length_tablet=&#8221;0px&#8221; header_5_text_shadow_vertical_length_tablet=&#8221;0px&#8221; header_5_text_shadow_blur_strength_tablet=&#8221;1px&#8221; header_6_text_shadow_horizontal_length_tablet=&#8221;0px&#8221; header_6_text_shadow_vertical_length_tablet=&#8221;0px&#8221; header_6_text_shadow_blur_strength_tablet=&#8221;1px&#8221; box_shadow_horizontal_tablet=&#8221;0px&#8221; box_shadow_vertical_tablet=&#8221;0px&#8221; box_shadow_blur_tablet=&#8221;40px&#8221; box_shadow_spread_tablet=&#8221;0px&#8221; global_colors_info=&#8221;{}&#8221; sticky_enabled=&#8221;0&#8243;]<\/p>\n<h2><img loading=\"lazy\" decoding=\"async\" class=\"wp-image-1119 size-medium alignleft\" src=\"https:\/\/blogsaverroes.juntadeandalucia.es\/ceipvirgendelrocio\/files\/2024\/12\/comedor-300x136.jpg\" alt=\"\" width=\"300\" height=\"136\">Comedor escolar<\/h2>\n<p>El Comedor Escolar funciona desde las 14 hasta las 16 horas y ser\u00e1n admitidos seg\u00fan los baremos dictados por la Consejer\u00eda de Desarrollo Educativo y Formaci\u00f3n Profesional. Tanto la inscripci\u00f3n como la solicitud de bonificaci\u00f3n general, se realizan a principios de Junio y principios de Septiembre, aunque en cualquier momento del curso puede solicitar su incoporaci\u00f3n. En el caso de que ambos progenitores acrediten que se encuentran empleados, la Consejer\u00eda asegura plaza para los hijos de esas familias, de acuerdo con la Ley de Concicliaci\u00f3n Familiar, aumentando plazas si fuera necesario.<\/p>\n<p>&nbsp;<\/p>\n<p><img loading=\"lazy\" decoding=\"async\" class=\"wp-image-1083  alignleft\" src=\"https:\/\/blogsaverroes.juntadeandalucia.es\/ceipvirgendelrocio\/files\/2024\/12\/colectividades.jpg\" alt=\"\" width=\"313\" height=\"99\">Estimados Padres y Madres de Alumnos,<br \/>El motivo de esta circular, es informarles que desde septiembre de 2024 y hasta junio de 2025, la gesti\u00f3n del Servicio P\u00fablico de Comedor Escolar, ser\u00e1 llevada a cabo por nosotros, as\u00ed como detallarles las condiciones de funcionamiento que nos establecen y que son las que a continuaci\u00f3n detallamos:<\/p>\n<ul>\n<li>ALTAS &#8211; La solicitud de alta se debe solicitar en el centro, rellenando el formulario del Servicio de Comedor de la Delegaci\u00f3n de Educaci\u00f3n, en dicho formulario es importante que indique los datos del usuario\/a, datos de los padres y la domiciliaci\u00f3n bancaria.<\/li>\n<li>BAJAS \u2013 Al igual que el alta, la solicitud de baja del Servicio de Comedor Escolar, se tramita a trav\u00e9s de la Direcci\u00f3n del Centro Escolar, rellenando el documento correspondiente y se comunicar\u00e1 con una antelaci\u00f3n de, al menos, una semana del inicio del mes en que se pretenda hacer efectiva la baja, la copia de esta solicitud debe enviarse al catering para que se suspenda el cobro del servicio.<\/li>\n<li>CUENTA BANCARIA \u2013 El usuario que podr\u00e1 hacer uso de la app, y podr\u00e1 contratar o eliminar d\u00edas de servicio ser\u00e1 el titular de la cuenta bancaria informado en el momento del alta en el formulario de la Delegaci\u00f3n de Educaci\u00f3n, para modificarlo debe acudir al centro escolar y modificar dichos datos.<\/li>\n<li>AUSENCIAS \/ PRESENCIAS: Tienen que ser comunicadas por la plataforma telem\u00e1tica disponible en Android e iOS, a trav\u00e9s de la App M\u00f3vil \u201cComedor escolar Como en Casa&#8221;, el preaviso m\u00ednimo es de 3 d\u00edas h\u00e1biles al d\u00eda de la comunicaci\u00f3n de ausencia \/ presencia, es decir, tiene que existir 3 d\u00edas h\u00e1biles entre el d\u00eda de aviso y el d\u00eda de ausencia (por ejemplo: para justificar el viernes habr\u00eda que avisar<br \/>como \u00faltimo d\u00eda el lunes).<\/li>\n<li>Durante el mes de septiembre y cuando por cualquier causa no est\u00e9 operativa la app, las comunicaciones ser\u00e1n gestionadas a trav\u00e9s de nuestro correo comedorescolardos@cateringhgonzalez.com siempre y cuando se cumpla la normativa de preaviso establecida.<\/li>\n<li>Para acceder a la app\/plataforma, tiene que registrase a trav\u00e9s de la opci\u00f3n \u201cRecuperar\/Solicitar contrase\u00f1a\u201d, se le solicitar\u00e1 el DNI del tutor (padre\/madre) con el que registr\u00f3 la solicitud de comedor, y los 4 \u00faltimos d\u00edgitos de su tel\u00e9fono. Las comunicaciones por v\u00eda telef\u00f3nica, v\u00eda email u otra v\u00eda de contacto, no ser\u00e1n v\u00e1lidas y pasado los d\u00edas indicados no se justificar\u00e1n las ausencias ya que el sistema no lo permite.<\/li>\n<li>Excepcionalmente, solo se justificar\u00e1n con menos de 3 d\u00edas h\u00e1biles aquellas faltas que est\u00e9 recogidas en el \u201cAnexo I\u201d por enfermedad del usuario de comedor.<\/li>\n<li>La responsabilidad de la comunicaci\u00f3n de todos los tipos de ausencias incluidas las EXCURSIONES recae sobre los padres, nunca sobre el colegio.<\/li>\n<li>INICIO DE CURSO (septiembre): Si no se va a hacer uso desde el primer d\u00eda de comedor\/colegio la ausencia debe ser comunicada cumpliendo los plazos establecidos a comedorescolardos@cateringhgonzalez.com, adicionalmente en el caso de que no vaya a usar la plaza que solicit\u00f3 en junio tambi\u00e9n debe acudir al colegio para tramitar la baja antes del comienzo del comedor.<br \/>SERVICIO ESPOR\u00c1DICO: Si el patr\u00f3n de asistencia es distinto de lunes a viernes, debe comunicar con la antelaci\u00f3n requerida dicha planificaci\u00f3n por la app o en su defecto por email al catering, por el contrario, entenderemos que el usuario har\u00e1 uso de comedor de lunes a viernes ya que al catering no le llega la informaci\u00f3n que usted rellen\u00f3 en la matr\u00edcula de la Delegaci\u00f3n de Educaci\u00f3n. Si no tiene un patr\u00f3n predefinido (L, M, X, J y V) y necesitan el servicio solo d\u00edas sueltos del mes tendr\u00e1n que notificar la AUSENCIA o FALTA de TODOS los d\u00edas que no utilicen el servicio, respetando la normativa sobre ausencias como todos los dem\u00e1s usuarios.<\/li>\n<li>Forma de Pago: El cobro del Servicio de Comedor, se abonar\u00e1 a mes VENCIDO los d\u00edas 5 y 10 de cada mes, por domiciliaci\u00f3n bancaria; el alumno que no haya abonado la parte que le corresponda del servicio p\u00fablico, no tendr\u00e1 derecho al mismo, rogamos que antes de proceder a la devoluci\u00f3n del recibo si tiene alguna duda, comentario o incidencia se ponga en contacto con nosotros. En los recibos devueltos por el banco, se cobrar\u00e1n los gastos originados por el banco al gestionar la devoluci\u00f3n por un importe de 5 euros.<\/li>\n<li>El recibo de septiembre se pasar\u00e1, de forma excepcional, a finales de octubre para adaptarnos lo m\u00e1ximo posible a las bonificaciones definitivas.<\/li>\n<li>El impago, devoluci\u00f3n de dos recibos o 5 ausencias consecutivas no justificadas puede ocasionar la p\u00e9rdida de la plaza del comedor y la suspensi\u00f3n del servicio en tanto no se realice la liquidaci\u00f3n correspondiente.<\/li>\n<li>El coste del men\u00fa es de 5,54\u20ac (precio oficial BOJA curso 2024\/2025) por d\u00eda (IVA incluido) e incluye servicio de monitora, primer plato, segundo plato con guarnici\u00f3n, pan y postre. A este importe se le descontar\u00e1 la bonificaci\u00f3n que corresponda.<\/li>\n<li>Elaboraci\u00f3n de los Men\u00fas: Para los casos de alergia o intolerancia ponemos a su disposici\u00f3n el tel\u00e9fono 955806875 y el email nutricion@cateringhgonzalez.com con el fin de poder elaborar un men\u00fa acorde a sus necesidades nutricionales y establecer el d\u00eda de comienzo del usuario. Comentarles en este sentido, que nuestra Nutricionista jefe est\u00e1 a disposici\u00f3n de todas las familias a trav\u00e9s de un Programa de Atenci\u00f3n Nutricional que hemos dise\u00f1ado para asesorarles gratuitamente.<\/li>\n<li>Ser\u00e1 posible la anulaci\u00f3n del servicio durante cualquier d\u00eda de la prestaci\u00f3n siempre que la anulaci\u00f3n quede acreditada por la asistencia del usuario a consulta m\u00e9dica.<\/li>\n<li>Se considerar\u00e1 suficientemente justificada este tipo de ausencia con la presentaci\u00f3n al contratista de cualquiera de los documentos siguientes, en un plazo no superior a 5 d\u00edas lectivos desde que se produjo la ausencia:<br \/>&#8211; Informe de asistencia a consulta. Que servir\u00e1 como justificante de varios d\u00edas de ausencia, siempre que en el mismo se prescriban los d\u00edas de CONVALECENCIA previstos<br \/>&#8211; Justificante de acceso a demanda de asistencia.<br \/>En este sentido, el contratista aplicar\u00e1 el descuento en la factura\/recibo del mes<\/li>\n<li>El env\u00edo de dicho justificante podr\u00e1 realizarse mediante la app o en su defecto por correo electr\u00f3nico siempre en los 5 d\u00edas lectivos siguientes a la primera ausencia.<\/li>\n<li>En el caso de contar con alguno de los modelos solicitados y necesitar d\u00edas de convalecencia futuros y que no le haya sido posible que el facultativo se los prescriba podr\u00e1 contactar con nosotros para tratar de adaptarnos a sus necesidades.<\/li>\n<li>Los justificantes no son v\u00e1lidos para fechas pasadas, la justificaci\u00f3n de las ausencias comenzar\u00e1 en el d\u00eda que se realiz\u00f3 la consulta m\u00e9dica.<\/li>\n<li>Cualquier otro justificante de un problema m\u00e9dico que haya sido imprevisible como por ejemplo el informe de urgencias o la prescripci\u00f3n s\u00f3lo ser\u00e1n aceptados si la comunicaci\u00f3n se hace el mismo d\u00eda de la ausencia mediante la app aceptando las cl\u00e1usulas oportunas relativas a Ley Org\u00e1nica 3\/2018, de 5 de diciembre, de Protecci\u00f3n de Datos Personales y garant\u00eda de los<br \/>derechos digitales.<\/li>\n<li>Si tiene problemas de acceso a la plataforma o necesita alguna gesti\u00f3n que no pueda realizar en la misma le atenderemos por tel\u00e9fono en el 954865134 (centralita) y en el correo comedorescolardos@cateringhgonzalez.com .<\/li>\n<\/ul>\n<p>[\/et_pb_text][\/et_pb_column][\/et_pb_row][\/et_pb_section]<\/p>\n","protected":false},"excerpt":{"rendered":"<p>Comedor escolar El Comedor Escolar funciona desde las 14 hasta las 16 horas y ser\u00e1n admitidos seg\u00fan los baremos dictados por la Consejer\u00eda de Desarrollo Educativo y Formaci\u00f3n Profesional. Tanto la inscripci\u00f3n como la solicitud de bonificaci\u00f3n general, se realizan a principios de Junio y principios de Septiembre, aunque en cualquier momento del curso puede [&hellip;]<\/p>\n","protected":false},"author":7051,"featured_media":0,"parent":0,"menu_order":0,"comment_status":"closed","ping_status":"closed","template":"","meta":{"_et_pb_use_builder":"on","_et_pb_old_content":"","_et_gb_content_width":"","ngg_post_thumbnail":0,"footnotes":""},"aioseo_notices":[],"_links":{"self":[{"href":"https:\/\/blogsaverroes.juntadeandalucia.es\/ceipvirgendelrocio\/wp-json\/wp\/v2\/pages\/871"}],"collection":[{"href":"https:\/\/blogsaverroes.juntadeandalucia.es\/ceipvirgendelrocio\/wp-json\/wp\/v2\/pages"}],"about":[{"href":"https:\/\/blogsaverroes.juntadeandalucia.es\/ceipvirgendelrocio\/wp-json\/wp\/v2\/types\/page"}],"author":[{"embeddable":true,"href":"https:\/\/blogsaverroes.juntadeandalucia.es\/ceipvirgendelrocio\/wp-json\/wp\/v2\/users\/7051"}],"replies":[{"embeddable":true,"href":"https:\/\/blogsaverroes.juntadeandalucia.es\/ceipvirgendelrocio\/wp-json\/wp\/v2\/comments?post=871"}],"version-history":[{"count":6,"href":"https:\/\/blogsaverroes.juntadeandalucia.es\/ceipvirgendelrocio\/wp-json\/wp\/v2\/pages\/871\/revisions"}],"predecessor-version":[{"id":1122,"href":"https:\/\/blogsaverroes.juntadeandalucia.es\/ceipvirgendelrocio\/wp-json\/wp\/v2\/pages\/871\/revisions\/1122"}],"wp:attachment":[{"href":"https:\/\/blogsaverroes.juntadeandalucia.es\/ceipvirgendelrocio\/wp-json\/wp\/v2\/media?parent=871"}],"curies":[{"name":"wp","href":"https:\/\/api.w.org\/{rel}","templated":true}]}}