{"id":2367,"date":"2017-03-29T09:39:30","date_gmt":"2017-03-29T09:39:30","guid":{"rendered":"http:\/\/blogsaverroes.juntadeandalucia.es\/ceipvirgendelrociocamas\/?page_id=2367"},"modified":"2021-10-19T10:31:45","modified_gmt":"2021-10-19T08:31:45","slug":"consejo-escolar","status":"publish","type":"page","link":"https:\/\/blogsaverroes.juntadeandalucia.es\/ceipvirgendelrociocamas\/consejo-escolar\/","title":{"rendered":"Consejo Escolar"},"content":{"rendered":"<p style=\"text-align: center\"><strong>MIEMBROS DEL CONSEJO ESCOLAR<\/strong><\/p>\n<table style=\"width: 509px;background-color: #11f080\">\n<tbody>\n<tr style=\"height: 21px\">\n<td style=\"width: 187px;text-align: center;height: 21px\"><strong>SECTOR<\/strong><\/td>\n<td style=\"width: 281px;text-align: center;height: 21px\"><strong>MIEMBRO<\/strong><\/td>\n<\/tr>\n<tr style=\"height: 21px\">\n<td style=\"width: 187px;height: 21px\"><strong>Equipo Directivo<\/strong><\/td>\n<td style=\"width: 281px;height: 21px\">&nbsp;M\u00e9ndez Fern\u00e1ndez, Eugenio (Director)<\/td>\n<\/tr>\n<tr style=\"height: 21px\">\n<td style=\"width: 187px;height: 21px\"><strong>Equipo Directivo<\/strong><\/td>\n<td style=\"width: 281px;height: 21px\">&nbsp;Alonso Aguilar, Mar\u00eda (Jefa de Estudios)<\/td>\n<\/tr>\n<tr style=\"height: 21px\">\n<td style=\"width: 187px;height: 21px\"><strong>Equipo Directivo<\/strong><\/td>\n<td style=\"width: 281px;height: 21px\">Mart\u00edn M\u00e1rquez, Valeriano (Secretario)&nbsp;<\/td>\n<\/tr>\n<tr style=\"height: 21px\">\n<td style=\"width: 187px;height: 21px\"><strong>Profesorado<\/strong><\/td>\n<td style=\"width: 281px;height: 21px\">Bl\u00e1zquez Fern\u00e1ndez, M\u00aa Jos\u00e9&nbsp;<\/td>\n<\/tr>\n<tr style=\"height: 21px\">\n<td style=\"width: 187px;height: 21px\"><strong>Profesorado<\/strong><\/td>\n<td style=\"width: 281px;height: 21px\">Garc\u00eda de Dionisio Aranda, M\u00aa del Carmen<\/td>\n<\/tr>\n<tr style=\"height: 21px\">\n<td style=\"width: 187px;height: 21px\"><strong>Profesorado<\/strong><\/td>\n<td style=\"width: 281px;height: 21px\">Villegas Fuentes, Pilar<\/td>\n<\/tr>\n<tr style=\"height: 21px\">\n<td style=\"width: 187px;height: 21px\"><strong>Madres\/padres\/tutores<\/strong><\/td>\n<td style=\"width: 281px;height: 21px\">Cort\u00e9s Rodr\u00edguez, Elisabeth<\/td>\n<\/tr>\n<tr style=\"height: 21px\">\n<td style=\"width: 187px;height: 21px\"><strong>Madres\/padres\/tutores<\/strong><\/td>\n<td style=\"width: 281px;height: 21px\">Delgado Pacheco, EStefan\u00eda&nbsp;<\/td>\n<\/tr>\n<tr style=\"height: 21px\">\n<td style=\"width: 187px;height: 21px\"><strong>Madres\/padres\/tutores<\/strong><\/td>\n<td style=\"width: 281px;height: 21px\">Garc\u00eda Gallego, Yolanda Macarena<\/td>\n<\/tr>\n<tr style=\"height: 21px\">\n<td style=\"width: 187px;height: 21px\"><strong>Madres\/padres\/tutores<\/strong><\/td>\n<td style=\"width: 281px;height: 21px\">L\u00f3pez Atienza, Adelaida del Carmen<\/td>\n<\/tr>\n<tr style=\"height: 21px\">\n<td style=\"width: 187px;height: 21px\"><strong>Madres\/padres\/tutores<\/strong><\/td>\n<td style=\"width: 281px;height: 21px\">Mendoza D\u00edaz, Miguel \u00c1ngel<\/td>\n<\/tr>\n<tr style=\"height: 21px\">\n<td style=\"width: 187px;height: 21px\"><strong>Madres\/padres\/tutores<\/strong><\/td>\n<td style=\"width: 281px;height: 21px\">Moreno Mej\u00edas, Joana<\/td>\n<\/tr>\n<tr style=\"height: 42px\">\n<td style=\"width: 187px;height: 42px\"><strong>Madres\/padres\/tutores<\/strong><\/td>\n<td style=\"width: 281px;height: 42px\">Bayarri Leal, Mar\u00eda (Representante AMPA mayoritaria)&nbsp;<\/td>\n<\/tr>\n<tr style=\"height: 21px\">\n<td style=\"width: 187px;height: 21px\"><b>Ayuntamiento<\/b><\/td>\n<td style=\"width: 281px;height: 21px\">R\u00edos Calle, Jos\u00e9 Luis<\/td>\n<\/tr>\n<tr style=\"height: 42px\">\n<td style=\"width: 187px;height: 42px\"><strong>Personal Atenci\u00f3n Educativa<\/strong><\/td>\n<td style=\"width: 281px;height: 42px\">&nbsp;Mart\u00edn Gallego, Silvia<\/td>\n<\/tr>\n<tr style=\"height: 21px\">\n<td style=\"width: 187px;height: 21px\"><strong>Fomento igualdad<\/strong><\/td>\n<td style=\"width: 281px;height: 21px\">&nbsp;Garc\u00eda de Dionisio Aranda, M\u00aa del Carmen<\/td>\n<\/tr>\n<\/tbody>\n<\/table>\n","protected":false},"excerpt":{"rendered":"<p>MIEMBROS DEL CONSEJO ESCOLAR SECTOR MIEMBRO Equipo Directivo &nbsp;M\u00e9ndez Fern\u00e1ndez, Eugenio (Director) Equipo Directivo &nbsp;Alonso Aguilar, Mar\u00eda (Jefa de Estudios) Equipo Directivo Mart\u00edn M\u00e1rquez, Valeriano (Secretario)&nbsp; Profesorado Bl\u00e1zquez Fern\u00e1ndez, M\u00aa Jos\u00e9&nbsp; Profesorado Garc\u00eda de Dionisio Aranda, M\u00aa del Carmen Profesorado Villegas Fuentes, Pilar Madres\/padres\/tutores Cort\u00e9s Rodr\u00edguez, Elisabeth Madres\/padres\/tutores Delgado Pacheco, EStefan\u00eda&nbsp; Madres\/padres\/tutores Garc\u00eda Gallego, Yolanda &hellip; <\/p>\n<p><a class=\"more-link btn\" href=\"https:\/\/blogsaverroes.juntadeandalucia.es\/ceipvirgendelrociocamas\/consejo-escolar\/\">Seguir leyendo<\/a><\/p>\n","protected":false},"author":4920,"featured_media":0,"parent":0,"menu_order":0,"comment_status":"closed","ping_status":"closed","template":"","meta":{"ngg_post_thumbnail":0,"footnotes":"","_mc_calendar":[]},"aioseo_notices":[],"_links":{"self":[{"href":"https:\/\/blogsaverroes.juntadeandalucia.es\/ceipvirgendelrociocamas\/wp-json\/wp\/v2\/pages\/2367"}],"collection":[{"href":"https:\/\/blogsaverroes.juntadeandalucia.es\/ceipvirgendelrociocamas\/wp-json\/wp\/v2\/pages"}],"about":[{"href":"https:\/\/blogsaverroes.juntadeandalucia.es\/ceipvirgendelrociocamas\/wp-json\/wp\/v2\/types\/page"}],"author":[{"embeddable":true,"href":"https:\/\/blogsaverroes.juntadeandalucia.es\/ceipvirgendelrociocamas\/wp-json\/wp\/v2\/users\/4920"}],"replies":[{"embeddable":true,"href":"https:\/\/blogsaverroes.juntadeandalucia.es\/ceipvirgendelrociocamas\/wp-json\/wp\/v2\/comments?post=2367"}],"version-history":[{"count":6,"href":"https:\/\/blogsaverroes.juntadeandalucia.es\/ceipvirgendelrociocamas\/wp-json\/wp\/v2\/pages\/2367\/revisions"}],"predecessor-version":[{"id":5935,"href":"https:\/\/blogsaverroes.juntadeandalucia.es\/ceipvirgendelrociocamas\/wp-json\/wp\/v2\/pages\/2367\/revisions\/5935"}],"wp:attachment":[{"href":"https:\/\/blogsaverroes.juntadeandalucia.es\/ceipvirgendelrociocamas\/wp-json\/wp\/v2\/media?parent=2367"}],"curies":[{"name":"wp","href":"https:\/\/api.w.org\/{rel}","templated":true}]}}