{"id":2420,"date":"2017-03-29T19:01:47","date_gmt":"2017-03-29T19:01:47","guid":{"rendered":"http:\/\/blogsaverroes.juntadeandalucia.es\/ceipvirgendelrociocamas\/?page_id=2420"},"modified":"2017-04-20T13:53:59","modified_gmt":"2017-04-20T11:53:59","slug":"2o-ed-primaria","status":"publish","type":"page","link":"https:\/\/blogsaverroes.juntadeandalucia.es\/ceipvirgendelrociocamas\/2o-ed-primaria\/","title":{"rendered":"2\u00ba Ed. Primaria"},"content":{"rendered":"<p style=\"text-align: justify\">20\/04\/2017: Con motivo de la celebraci\u00f3n del D\u00eda del Libro, se program\u00f3 la actividad de Cuentacuentos para todo el alumnado del Centro. Se realizaron cuatro sesiones: una para cada ciclo.<\/p>\nngg_shortcode_0_placeholder\n","protected":false},"excerpt":{"rendered":"<p>20\/04\/2017: Con motivo de la celebraci\u00f3n del D\u00eda del Libro, se program\u00f3 la actividad de Cuentacuentos para todo el alumnado del Centro. Se realizaron cuatro sesiones: una para cada ciclo. \u00bb order_by=\u00bbsortorder\u00bb order_direction=\u00bbASC\u00bb returns=\u00bbincluded\u00bb maximum_entity_count=\u00bb500&#8243;]<\/p>\n","protected":false},"author":4920,"featured_media":0,"parent":0,"menu_order":0,"comment_status":"closed","ping_status":"closed","template":"","meta":{"ngg_post_thumbnail":0,"footnotes":"","_mc_calendar":[]},"aioseo_notices":[],"_links":{"self":[{"href":"https:\/\/blogsaverroes.juntadeandalucia.es\/ceipvirgendelrociocamas\/wp-json\/wp\/v2\/pages\/2420"}],"collection":[{"href":"https:\/\/blogsaverroes.juntadeandalucia.es\/ceipvirgendelrociocamas\/wp-json\/wp\/v2\/pages"}],"about":[{"href":"https:\/\/blogsaverroes.juntadeandalucia.es\/ceipvirgendelrociocamas\/wp-json\/wp\/v2\/types\/page"}],"author":[{"embeddable":true,"href":"https:\/\/blogsaverroes.juntadeandalucia.es\/ceipvirgendelrociocamas\/wp-json\/wp\/v2\/users\/4920"}],"replies":[{"embeddable":true,"href":"https:\/\/blogsaverroes.juntadeandalucia.es\/ceipvirgendelrociocamas\/wp-json\/wp\/v2\/comments?post=2420"}],"version-history":[{"count":4,"href":"https:\/\/blogsaverroes.juntadeandalucia.es\/ceipvirgendelrociocamas\/wp-json\/wp\/v2\/pages\/2420\/revisions"}],"predecessor-version":[{"id":2983,"href":"https:\/\/blogsaverroes.juntadeandalucia.es\/ceipvirgendelrociocamas\/wp-json\/wp\/v2\/pages\/2420\/revisions\/2983"}],"wp:attachment":[{"href":"https:\/\/blogsaverroes.juntadeandalucia.es\/ceipvirgendelrociocamas\/wp-json\/wp\/v2\/media?parent=2420"}],"curies":[{"name":"wp","href":"https:\/\/api.w.org\/{rel}","templated":true}]}}