{"id":2641,"date":"2017-04-03T15:47:09","date_gmt":"2017-04-03T13:47:09","guid":{"rendered":"http:\/\/blogsaverroes.juntadeandalucia.es\/ceipvirgendelrociocamas\/?page_id=2641"},"modified":"2020-05-20T12:31:26","modified_gmt":"2020-05-20T10:31:26","slug":"presentacion-am","status":"publish","type":"page","link":"https:\/\/blogsaverroes.juntadeandalucia.es\/ceipvirgendelrociocamas\/presentacion-am\/","title":{"rendered":"Presentaci\u00f3n (AM)"},"content":{"rendered":"<p style=\"text-align: center\"><a href=\"http:\/\/ludociencia.es\/\"><img loading=\"lazy\" decoding=\"async\" class=\"alignnone size-full wp-image-2778\" src=\"http:\/\/blogsaverroes.juntadeandalucia.es\/ceipvirgendelrociocamas\/files\/2017\/04\/Ludociencia.jpg\" alt=\"\" width=\"207\" height=\"156\" srcset=\"https:\/\/blogsaverroes.juntadeandalucia.es\/ceipvirgendelrociocamas\/files\/2017\/04\/Ludociencia.jpg 207w, https:\/\/blogsaverroes.juntadeandalucia.es\/ceipvirgendelrociocamas\/files\/2017\/04\/Ludociencia-24x18.jpg 24w, https:\/\/blogsaverroes.juntadeandalucia.es\/ceipvirgendelrociocamas\/files\/2017\/04\/Ludociencia-36x27.jpg 36w, https:\/\/blogsaverroes.juntadeandalucia.es\/ceipvirgendelrociocamas\/files\/2017\/04\/Ludociencia-48x36.jpg 48w\" sizes=\"(max-width: 207px) 100vw, 207px\" \/><\/a><\/p>\n<p style=\"text-align: center\">&nbsp;<\/p>\n<p style=\"text-align: center\"><span style=\"color: #339966\"><a style=\"color: #339966\" href=\"https:\/\/blogsaverroes.juntadeandalucia.es\/ceipvirgendelrociocamas\/files\/2020\/05\/ANEXO-II-Solicitud-ServiciosBonificaci\u00f3n-R.pdf\"><strong>ANEXO II Solicitud de Servicios + Solicitud de Bonificaci\u00f3n<\/strong><\/a><\/span><\/p>\n<p style=\"text-align: center\">&nbsp;<\/p>\n<p style=\"text-align: justify\">La empresa que lleva a cabo el servicio del Aula Matinal durante el curso 2016\/17 es \u00abGrupo <a href=\"http:\/\/ludociencia.es\/\">Ludociencia<\/a>\u00ab<\/p>\n<p style=\"text-align: center\">&nbsp;<\/p>\n<p><strong>AULA MATINAL.<\/strong><\/p>\n<p style=\"text-align: justify\">El servicio de aula matinal funcionar\u00e1 de lunes a viernes en horario de 7:30 hasta la hora de comienzo de la jornada lectiva, esto es, hasta las 9:00 horas, resultando un total aproximado de 177 d\u00edas de servicio de aula matinal.<\/p>\n<p>&nbsp;<\/p>\n<p style=\"text-align: justify\">Las actividades que se llevar\u00e1n a cabo durante la prestaci\u00f3n del servicio ser\u00e1n:<\/p>\n<ol style=\"text-align: justify\">\n<li>Apertura y puesta en marcha de las instalaciones, para que las actividades puedan comenzar a las 7:30 horas.<\/li>\n<li style=\"text-align: justify\">Recepci\u00f3n y control de acceso al Centro de los usuarios del servicio contratado, custodia y vigilancia del buen uso de las instalaciones.<\/li>\n<li style=\"text-align: justify\">Cuidado del alumnado en el aula destinada al efecto que ir\u00e1 en consonancia a la edad y\/o discapacidad del mismo. En concreto en el aula se desarrollar\u00e1n las siguientes actividades:<\/li>\n<\/ol>\n<ul style=\"list-style-type: square\">\n<li style=\"text-align: justify\">Facilitar la ingesta de alimentos a aquellos alumnos que lo requieran.<\/li>\n<li style=\"text-align: justify\">Proporcionar a los padres y madres la informaci\u00f3n necesaria al objeto de incentivar un desayuno saludable, consistente en zumos, leche con cereales, pan y fruta del tiempo.<\/li>\n<li style=\"text-align: justify\">Durante su estancia en el aula matinal a los\/as ni\u00f1os\/as se les ofertar\u00e1n actividades encaminadas a la consecuci\u00f3n de los objetivos siguientes:\n<ul style=\"list-style-type: circle\">\n<li>Desarrollar las habilidades y las relaciones sociales del alumnado en un ambiente educativo propicio, motivador y generador de actitudes y valores positivos.<\/li>\n<li>Potenciar la autoestima del alumnado.<\/li>\n<li>Favorecer las relaciones sociales.<\/li>\n<li>Ense\u00f1ar normas de educaci\u00f3n y convivencia.<\/li>\n<li>Potenciar actitudes de integraci\u00f3n para el comienzo de la jornada escolar.<\/li>\n<li>Adquirir h\u00e1bitos saludables de higiene y alimentaci\u00f3n.<\/li>\n<\/ul>\n<\/li>\n<li>Estas actividades, que tratar\u00e1n de lograr una atenci\u00f3n educativa en funci\u00f3n de la edad y\/o discapacidad del alumnado, consistir\u00e1n en:\n<ul style=\"list-style-type: circle\">\n<li>Realizar manualidades diversas durante todo el curso escolar que versar\u00e1n sobre temas espec\u00edficos en \u00e9poca de Navidades, Semana Santa, etc.<\/li>\n<li>Juegos populares, tantos dirigidos por el personal de la empresa adjudicataria como creados por los ni\u00f1os\/as mismos.<\/li>\n<li>Juegos de mesa, de ritmo,\u2026<\/li>\n<li>Visionado de programas educativos.<\/li>\n<li>Fomento de la lectura\u2026<\/li>\n<\/ul>\n<\/li>\n<\/ul>\n<ol start=\"4\">\n<li>Traslado del alumnado hasta sus filas respectivas.<\/li>\n<\/ol>\n<p style=\"text-align: justify\">El adjudicatario realizar\u00e1 las actividades de limpieza necesarias para que la dependencia en la que se realiza la prestaci\u00f3n del servicio mantenga las condiciones de uso e higiene adecuadas<\/p>\n","protected":false},"excerpt":{"rendered":"<p>&nbsp; ANEXO II Solicitud de Servicios + Solicitud de Bonificaci\u00f3n &nbsp; La empresa que lleva a cabo el servicio del Aula Matinal durante el curso 2016\/17 es \u00abGrupo Ludociencia\u00ab &nbsp; AULA MATINAL. El servicio de aula matinal funcionar\u00e1 de lunes a viernes en horario de 7:30 hasta la hora de comienzo de la jornada lectiva, &hellip; <\/p>\n<p><a class=\"more-link btn\" href=\"https:\/\/blogsaverroes.juntadeandalucia.es\/ceipvirgendelrociocamas\/presentacion-am\/\">Seguir leyendo<\/a><\/p>\n","protected":false},"author":4920,"featured_media":0,"parent":0,"menu_order":0,"comment_status":"closed","ping_status":"closed","template":"","meta":{"ngg_post_thumbnail":0,"footnotes":"","_mc_calendar":[]},"aioseo_notices":[],"_links":{"self":[{"href":"https:\/\/blogsaverroes.juntadeandalucia.es\/ceipvirgendelrociocamas\/wp-json\/wp\/v2\/pages\/2641"}],"collection":[{"href":"https:\/\/blogsaverroes.juntadeandalucia.es\/ceipvirgendelrociocamas\/wp-json\/wp\/v2\/pages"}],"about":[{"href":"https:\/\/blogsaverroes.juntadeandalucia.es\/ceipvirgendelrociocamas\/wp-json\/wp\/v2\/types\/page"}],"author":[{"embeddable":true,"href":"https:\/\/blogsaverroes.juntadeandalucia.es\/ceipvirgendelrociocamas\/wp-json\/wp\/v2\/users\/4920"}],"replies":[{"embeddable":true,"href":"https:\/\/blogsaverroes.juntadeandalucia.es\/ceipvirgendelrociocamas\/wp-json\/wp\/v2\/comments?post=2641"}],"version-history":[{"count":8,"href":"https:\/\/blogsaverroes.juntadeandalucia.es\/ceipvirgendelrociocamas\/wp-json\/wp\/v2\/pages\/2641\/revisions"}],"predecessor-version":[{"id":5622,"href":"https:\/\/blogsaverroes.juntadeandalucia.es\/ceipvirgendelrociocamas\/wp-json\/wp\/v2\/pages\/2641\/revisions\/5622"}],"wp:attachment":[{"href":"https:\/\/blogsaverroes.juntadeandalucia.es\/ceipvirgendelrociocamas\/wp-json\/wp\/v2\/media?parent=2641"}],"curies":[{"name":"wp","href":"https:\/\/api.w.org\/{rel}","templated":true}]}}