{"id":77,"date":"2015-03-16T06:54:56","date_gmt":"2015-03-16T06:54:56","guid":{"rendered":"http:\/\/blogsaverroes.juntadeandalucia.es\/pre\/ceip\/?page_id=77"},"modified":"2021-10-25T10:57:36","modified_gmt":"2021-10-25T08:57:36","slug":"secretaria","status":"publish","type":"page","link":"https:\/\/blogsaverroes.juntadeandalucia.es\/ceipvirgendelrociocamas\/secretaria\/","title":{"rendered":"Secretar\u00eda"},"content":{"rendered":"<p>Secretario: Valeriano Mart\u00edn M\u00e1rquez<\/p>\n<p>Administrativa: Carmen Romero Moreno (lunes y mi\u00e9rcoles de 9.00 a 13.00)<\/p>\n<p>&nbsp;<\/p>\n<p style=\"text-align: justify\">En esta p\u00e1gina web quedar\u00e1 a disposici\u00f3n de las familias toda la documentaci\u00f3n necesaria de \u00e1mbito administrativo y de escolarizaci\u00f3n para que, en caso de que se precise la presentaci\u00f3n de alg\u00fan documento, se cumplimente v\u00eda \u201conline\u201d, se firme y se remita a Secretar\u00eda al correo electr\u00f3nico <a href=\"mailto:secretariacentro@gmail.com\">secretariacentro@gmail.com<\/a>. Con ello se evitar\u00eda la masiva presencia de personas en el centro.<\/p>\n<p style=\"text-align: justify\">En el caso de que los tr\u00e1mites administrativos no se pudieran llevar a cabo v\u00eda telem\u00e1tica, se hubieran agotado todas las v\u00edas de tramitaci\u00f3n&nbsp; y se necesitaran resolver las gestiones con la personaci\u00f3n en el centro, \u00e9sta deber\u00e1 realizarse previa cita telef\u00f3nica en el tel\u00e9fono:<\/p>\n<h1 style=\"text-align: center\"><strong>955622149<\/strong><\/h1>\n<p style=\"text-align: justify\">El horario de Secretar\u00eda para la atenci\u00f3n administrativa en el centro previa cita es el siguiente.<\/p>\n<ul>\n<li style=\"text-align: justify\">Lunes y mi\u00e9rcoles: 9.30-12.00<\/li>\n<li style=\"text-align: justify\">Martes, jueves y viernes: 9.30-10.00 y de 11.00-11.45<\/li>\n<\/ul>\n<p style=\"text-align: justify\">No se atender\u00e1 a nadie que se persone en el centro sin cita previa. Tampoco se dejar\u00e1 entrar en el centro a personas que no cumplan con las medidas de seguridad establecidas (mascarilla, personas sin sintomatolog\u00eda, etc.)<\/p>\n<p>&nbsp;<\/p>\n<p><strong>Documentos descargables.<\/strong><\/p>\n<table style=\"width: 742px;border-color: #000000;background-color: #1197f0\">\n<tbody>\n<tr>\n<td style=\"width: 604px\"><span style=\"color: #ffffff\">Solicitud de admisi\u00f3n en el procedimiento de escolarizaci\u00f3n<\/span><\/td>\n<td style=\"width: 103px\"><span style=\"color: #ffffff\"><a style=\"color: #ffffff\" href=\"https:\/\/blogsaverroes.juntadeandalucia.es\/ceipvirgendelrociocamas\/files\/2020\/05\/Anexo-III.-Solicitud-admisi\u00f3n-2.pdf\">ANEXO III<\/a><\/span><\/td>\n<\/tr>\n<tr>\n<td style=\"width: 604px\"><span style=\"color: #ffffff\">Impreso de matr\u00edcula Educaci\u00f3n Primaria<\/span><\/td>\n<td style=\"width: 103px\"><span style=\"color: #ffffff\"><a style=\"color: #ffffff\" href=\"https:\/\/blogsaverroes.juntadeandalucia.es\/ceipvirgendelrociocamas\/files\/2020\/05\/Anexo-V.-Matr\u00edcula-Ed.-Primaria-2.pdf\">ANEXO V<\/a><\/span><\/td>\n<\/tr>\n<tr>\n<td style=\"width: 604px\"><span style=\"color: #ffffff\">Impreso de matr\u00edcula Educaci\u00f3n Infantil<\/span><\/td>\n<td style=\"width: 103px\"><span style=\"color: #ffffff\"><a style=\"color: #ffffff\" href=\"https:\/\/blogsaverroes.juntadeandalucia.es\/ceipvirgendelrociocamas\/files\/2020\/05\/Anexo-IV.-Matr\u00edcula-2\u00ba-ciclo-Ed.-Infantil-1.pdf\">ANEXO IV<\/a><\/span><\/td>\n<\/tr>\n<tr>\n<td style=\"width: 604px\"><span style=\"color: #ffffff\">Solicitud de admisi\u00f3n en el procedimiento de escolarizaci\u00f3n extraordinaria<\/span><\/td>\n<td style=\"width: 103px\"><span style=\"color: #ffffff\"><a style=\"color: #ffffff\" href=\"https:\/\/blogsaverroes.juntadeandalucia.es\/ceipvirgendelrociocamas\/files\/2020\/05\/Anexo-IX.-Admisi\u00f3n-extraordinaria-1.pdf\">ANEXO IX<\/a><\/span><\/td>\n<\/tr>\n<tr>\n<td style=\"width: 604px\"><span style=\"color: #ffffff\">Solicitud de inscripci\u00f3n en los servicios de comedor escolar, aula matinal y actividades extraescolares. Solicitud de Bonificaci\u00f3n. Declaraci\u00f3n responsable de ingresos<\/span><\/td>\n<td style=\"width: 103px\"><span style=\"color: #ffffff\"><a style=\"color: #ffffff\" href=\"https:\/\/blogsaverroes.juntadeandalucia.es\/ceipvirgendelrociocamas\/files\/2020\/05\/ANEXO-II-Solicitud-ServiciosBonificaci\u00f3n-R.pdf\">ANEXO II<\/a><\/span><\/td>\n<\/tr>\n<tr>\n<td style=\"width: 604px\"><span style=\"color: #ffffff\">Modelo de autorizaci\u00f3n de im\u00e1gnes<\/span><\/td>\n<td style=\"width: 103px\"><span style=\"color: #ffffff\"><a style=\"color: #ffffff\" href=\"https:\/\/blogsaverroes.juntadeandalucia.es\/ceipvirgendelrociocamas\/files\/2020\/05\/Autorizaci\u00f3n_publicaci\u00f3n_de_im\u00e1genes_y_tto_de_datos.pdf\">IM\u00c1GENES<\/a><\/span><\/td>\n<\/tr>\n<tr>\n<td style=\"width: 604px\"><span style=\"color: #ffffff\">Elecci\u00f3n de ense\u00f1anza de Religi\u00f3n<\/span><\/td>\n<td style=\"width: 103px\"><span style=\"color: #ffffff\"><a style=\"color: #ffffff\" href=\"https:\/\/blogsaverroes.juntadeandalucia.es\/ceipvirgendelrociocamas\/files\/2020\/05\/Solicitud_de_Religi\u00f3n-1.pdf\">RELIGI\u00d3N<\/a><\/span><\/td>\n<\/tr>\n<tr>\n<td style=\"width: 604px\"><span style=\"color: #ffffff\">Autorizaci\u00f3n de salida con persona autorizada distinta a sus representantes legales&nbsp;<\/span><\/td>\n<td style=\"width: 103px\"><span style=\"color: #ffffff\"><a style=\"color: #ffffff\" href=\"https:\/\/blogsaverroes.juntadeandalucia.es\/ceipvirgendelrociocamas\/files\/2020\/05\/Autorizaci\u00f3n_recogida_alumnado.pdf\">AUTORIZACI\u00d3N<\/a><\/span><\/td>\n<\/tr>\n<tr>\n<td style=\"width: 604px\"><span style=\"color: #ffffff\">Autorizaci\u00f3n de salida del centro solo del alumnado<\/span><\/td>\n<td style=\"width: 103px\"><span style=\"color: #ffffff\"><a style=\"color: #ffffff\" href=\"https:\/\/blogsaverroes.juntadeandalucia.es\/ceipvirgendelrociocamas\/files\/2020\/05\/Autorizaci\u00f3n_salida_solo.pdf\">AUTORIZACI\u00d3N<\/a><\/span><\/td>\n<\/tr>\n<tr>\n<td style=\"width: 604px\"><span style=\"color: #ffffff\">Cuestionario m\u00e9dico<\/span><\/td>\n<td style=\"width: 103px\"><span style=\"color: #ffffff\"><a style=\"color: #ffffff\" href=\"https:\/\/blogsaverroes.juntadeandalucia.es\/ceipvirgendelrociocamas\/files\/2020\/05\/Cuestionario_m\u00e9dico.pdf\">CUESTIONARIO<\/a><\/span><\/td>\n<\/tr>\n<tr>\n<td style=\"width: 604px\"><span style=\"color: #ffffff\">Ficha de datos personales del alumnado<\/span><\/td>\n<td style=\"width: 103px\"><span style=\"color: #ffffff\"><a style=\"color: #ffffff\" href=\"https:\/\/blogsaverroes.juntadeandalucia.es\/ceipvirgendelrociocamas\/files\/2020\/05\/Ficha_personal.pdf\">DATOS<\/a><\/span><\/td>\n<\/tr>\n<tr>\n<td style=\"width: 604px\"><span style=\"color: #ffffff\">Justificaci\u00f3n Ausencias Alumnado Absentista<\/span><\/td>\n<td style=\"width: 103px\"><span style=\"color: #ffffff\"><a style=\"color: #ffffff\" href=\"http:\/\/blogsaverroes.juntadeandalucia.es\/ceipvirgendelrociocamas\/files\/2015\/03\/WEB.-Modelo-Justificaci\u00f3n-Ausencias-Alumnado-Absentista.pdf\">JUSTIFICACI\u00d3N<\/a><\/span><\/td>\n<\/tr>\n<\/tbody>\n<\/table>\n<p>&nbsp;<\/p>\n","protected":false},"excerpt":{"rendered":"<p>Secretario: Valeriano Mart\u00edn M\u00e1rquez Administrativa: Carmen Romero Moreno (lunes y mi\u00e9rcoles de 9.00 a 13.00) &nbsp; En esta p\u00e1gina web quedar\u00e1 a disposici\u00f3n de las familias toda la documentaci\u00f3n necesaria de \u00e1mbito administrativo y de escolarizaci\u00f3n para que, en caso de que se precise la presentaci\u00f3n de alg\u00fan documento, se cumplimente v\u00eda \u201conline\u201d, se firme &hellip; <\/p>\n<p><a class=\"more-link btn\" href=\"https:\/\/blogsaverroes.juntadeandalucia.es\/ceipvirgendelrociocamas\/secretaria\/\">Seguir leyendo<\/a><\/p>\n","protected":false},"author":1,"featured_media":0,"parent":0,"menu_order":0,"comment_status":"closed","ping_status":"open","template":"","meta":{"ngg_post_thumbnail":0,"footnotes":"","_mc_calendar":[]},"aioseo_notices":[],"_links":{"self":[{"href":"https:\/\/blogsaverroes.juntadeandalucia.es\/ceipvirgendelrociocamas\/wp-json\/wp\/v2\/pages\/77"}],"collection":[{"href":"https:\/\/blogsaverroes.juntadeandalucia.es\/ceipvirgendelrociocamas\/wp-json\/wp\/v2\/pages"}],"about":[{"href":"https:\/\/blogsaverroes.juntadeandalucia.es\/ceipvirgendelrociocamas\/wp-json\/wp\/v2\/types\/page"}],"author":[{"embeddable":true,"href":"https:\/\/blogsaverroes.juntadeandalucia.es\/ceipvirgendelrociocamas\/wp-json\/wp\/v2\/users\/1"}],"replies":[{"embeddable":true,"href":"https:\/\/blogsaverroes.juntadeandalucia.es\/ceipvirgendelrociocamas\/wp-json\/wp\/v2\/comments?post=77"}],"version-history":[{"count":27,"href":"https:\/\/blogsaverroes.juntadeandalucia.es\/ceipvirgendelrociocamas\/wp-json\/wp\/v2\/pages\/77\/revisions"}],"predecessor-version":[{"id":5984,"href":"https:\/\/blogsaverroes.juntadeandalucia.es\/ceipvirgendelrociocamas\/wp-json\/wp\/v2\/pages\/77\/revisions\/5984"}],"wp:attachment":[{"href":"https:\/\/blogsaverroes.juntadeandalucia.es\/ceipvirgendelrociocamas\/wp-json\/wp\/v2\/media?parent=77"}],"curies":[{"name":"wp","href":"https:\/\/api.w.org\/{rel}","templated":true}]}}