{"id":82,"date":"2015-03-16T06:59:55","date_gmt":"2015-03-16T05:59:55","guid":{"rendered":"http:\/\/blogsaverroes.juntadeandalucia.es\/pre\/ceip\/?page_id=82"},"modified":"2021-10-22T10:22:53","modified_gmt":"2021-10-22T08:22:53","slug":"horarios","status":"publish","type":"page","link":"https:\/\/blogsaverroes.juntadeandalucia.es\/ceipvirgendelrociocamas\/horarios\/","title":{"rendered":"Horarios de atenci\u00f3n al p\u00fablico"},"content":{"rendered":"<p><img loading=\"lazy\" decoding=\"async\" class=\"alignnone size-medium wp-image-1675\" src=\"http:\/\/blogsaverroes.juntadeandalucia.es\/ceipvirgendelrociocamas\/files\/2015\/03\/horario2-300x211.jpg\" alt=\"horario2\" width=\"300\" height=\"211\" srcset=\"https:\/\/blogsaverroes.juntadeandalucia.es\/ceipvirgendelrociocamas\/files\/2015\/03\/horario2-300x211.jpg 300w, https:\/\/blogsaverroes.juntadeandalucia.es\/ceipvirgendelrociocamas\/files\/2015\/03\/horario2.jpg 640w\" sizes=\"(max-width: 300px) 100vw, 300px\" \/><\/p>\n<ul>\n<li><strong>Lectivo<\/strong>: 9.00-14.00<\/li>\n<li><strong>Secretar\u00eda<\/strong>: Lunes y mi\u00e9rcoles, 9.10-13.00. Martes, jueves y viernes, de 9.10-10.45. Martes y jueves, de 13.15 a 13.50<\/li>\n<li><strong>Direcci\u00f3n<\/strong>: Lunes a viernes de 9.45-11.15<\/li>\n<li><strong>Jefatura de Estudios<\/strong>:&nbsp;Martes, jueves y viernes, de 11.15-12.00<\/li>\n<li><strong>Aula Matinal<\/strong>: 7.30-9.00<\/li>\n<li><strong>Comedor<\/strong>: 14.00-16.00<\/li>\n<li><strong>Actividades extraescolares<\/strong>: 16.00-18.00<\/li>\n<\/ul>\n","protected":false},"excerpt":{"rendered":"<p>Lectivo: 9.00-14.00 Secretar\u00eda: Lunes y mi\u00e9rcoles, 9.10-13.00. Martes, jueves y viernes, de 9.10-10.45. Martes y jueves, de 13.15 a 13.50 Direcci\u00f3n: Lunes a viernes de 9.45-11.15 Jefatura de Estudios:&nbsp;Martes, jueves y viernes, de 11.15-12.00 Aula Matinal: 7.30-9.00 Comedor: 14.00-16.00 Actividades extraescolares: 16.00-18.00<\/p>\n","protected":false},"author":1,"featured_media":0,"parent":0,"menu_order":0,"comment_status":"closed","ping_status":"closed","template":"","meta":{"ngg_post_thumbnail":0,"footnotes":"","_mc_calendar":[]},"aioseo_notices":[],"_links":{"self":[{"href":"https:\/\/blogsaverroes.juntadeandalucia.es\/ceipvirgendelrociocamas\/wp-json\/wp\/v2\/pages\/82"}],"collection":[{"href":"https:\/\/blogsaverroes.juntadeandalucia.es\/ceipvirgendelrociocamas\/wp-json\/wp\/v2\/pages"}],"about":[{"href":"https:\/\/blogsaverroes.juntadeandalucia.es\/ceipvirgendelrociocamas\/wp-json\/wp\/v2\/types\/page"}],"author":[{"embeddable":true,"href":"https:\/\/blogsaverroes.juntadeandalucia.es\/ceipvirgendelrociocamas\/wp-json\/wp\/v2\/users\/1"}],"replies":[{"embeddable":true,"href":"https:\/\/blogsaverroes.juntadeandalucia.es\/ceipvirgendelrociocamas\/wp-json\/wp\/v2\/comments?post=82"}],"version-history":[{"count":8,"href":"https:\/\/blogsaverroes.juntadeandalucia.es\/ceipvirgendelrociocamas\/wp-json\/wp\/v2\/pages\/82\/revisions"}],"predecessor-version":[{"id":5962,"href":"https:\/\/blogsaverroes.juntadeandalucia.es\/ceipvirgendelrociocamas\/wp-json\/wp\/v2\/pages\/82\/revisions\/5962"}],"wp:attachment":[{"href":"https:\/\/blogsaverroes.juntadeandalucia.es\/ceipvirgendelrociocamas\/wp-json\/wp\/v2\/media?parent=82"}],"curies":[{"name":"wp","href":"https:\/\/api.w.org\/{rel}","templated":true}]}}