{"id":99,"date":"2015-03-16T07:22:54","date_gmt":"2015-03-16T07:22:54","guid":{"rendered":"http:\/\/blogsaverroes.juntadeandalucia.es\/pre\/ceip\/?page_id=99"},"modified":"2021-11-03T09:17:58","modified_gmt":"2021-11-03T08:17:58","slug":"comedor-escolar","status":"publish","type":"page","link":"https:\/\/blogsaverroes.juntadeandalucia.es\/ceipvirgendelrociocamas\/comedor-escolar\/","title":{"rendered":"Comedor escolar"},"content":{"rendered":"<h4>&nbsp;<\/h4>\n<table style=\"border-color: #fcfafa;background-color: #f7efc3\">\n<tbody>\n<tr>\n<td style=\"text-align: center\"><a href=\"http:\/\/blogsaverroes.juntadeandalucia.es\/ceipvirgendelrociocamas\/files\/2015\/03\/IMG_1840.jpg\"><img loading=\"lazy\" decoding=\"async\" class=\"alignnone wp-image-2241\" src=\"http:\/\/blogsaverroes.juntadeandalucia.es\/ceipvirgendelrociocamas\/files\/2015\/03\/IMG_1840-300x200.jpg\" alt=\"\" width=\"142\" height=\"94\" srcset=\"https:\/\/blogsaverroes.juntadeandalucia.es\/ceipvirgendelrociocamas\/files\/2015\/03\/IMG_1840-300x200.jpg 300w, https:\/\/blogsaverroes.juntadeandalucia.es\/ceipvirgendelrociocamas\/files\/2015\/03\/IMG_1840-768x512.jpg 768w, https:\/\/blogsaverroes.juntadeandalucia.es\/ceipvirgendelrociocamas\/files\/2015\/03\/IMG_1840-1024x683.jpg 1024w, https:\/\/blogsaverroes.juntadeandalucia.es\/ceipvirgendelrociocamas\/files\/2015\/03\/IMG_1840-24x16.jpg 24w, https:\/\/blogsaverroes.juntadeandalucia.es\/ceipvirgendelrociocamas\/files\/2015\/03\/IMG_1840-36x24.jpg 36w, https:\/\/blogsaverroes.juntadeandalucia.es\/ceipvirgendelrociocamas\/files\/2015\/03\/IMG_1840-48x32.jpg 48w, https:\/\/blogsaverroes.juntadeandalucia.es\/ceipvirgendelrociocamas\/files\/2015\/03\/IMG_1840.jpg 1600w\" sizes=\"(max-width: 142px) 100vw, 142px\" \/><\/a><\/td>\n<td style=\"text-align: center\"><a href=\"http:\/\/blogsaverroes.juntadeandalucia.es\/ceipvirgendelrociocamas\/files\/2015\/03\/IMG_1831.jpg\"><img loading=\"lazy\" decoding=\"async\" class=\"alignnone wp-image-2240\" src=\"http:\/\/blogsaverroes.juntadeandalucia.es\/ceipvirgendelrociocamas\/files\/2015\/03\/IMG_1831-300x200.jpg\" alt=\"\" width=\"145\" height=\"96\" srcset=\"https:\/\/blogsaverroes.juntadeandalucia.es\/ceipvirgendelrociocamas\/files\/2015\/03\/IMG_1831-300x200.jpg 300w, https:\/\/blogsaverroes.juntadeandalucia.es\/ceipvirgendelrociocamas\/files\/2015\/03\/IMG_1831-768x512.jpg 768w, https:\/\/blogsaverroes.juntadeandalucia.es\/ceipvirgendelrociocamas\/files\/2015\/03\/IMG_1831-1024x683.jpg 1024w, https:\/\/blogsaverroes.juntadeandalucia.es\/ceipvirgendelrociocamas\/files\/2015\/03\/IMG_1831-24x16.jpg 24w, https:\/\/blogsaverroes.juntadeandalucia.es\/ceipvirgendelrociocamas\/files\/2015\/03\/IMG_1831-36x24.jpg 36w, https:\/\/blogsaverroes.juntadeandalucia.es\/ceipvirgendelrociocamas\/files\/2015\/03\/IMG_1831-48x32.jpg 48w, https:\/\/blogsaverroes.juntadeandalucia.es\/ceipvirgendelrociocamas\/files\/2015\/03\/IMG_1831.jpg 1600w\" sizes=\"(max-width: 145px) 100vw, 145px\" \/><\/a><\/td>\n<td style=\"text-align: center\"><a href=\"http:\/\/blogsaverroes.juntadeandalucia.es\/ceipvirgendelrociocamas\/files\/2015\/03\/IMG_1830.jpg\"><img loading=\"lazy\" decoding=\"async\" class=\"alignnone wp-image-2238\" src=\"http:\/\/blogsaverroes.juntadeandalucia.es\/ceipvirgendelrociocamas\/files\/2015\/03\/IMG_1830-300x200.jpg\" alt=\"\" width=\"148\" height=\"98\" srcset=\"https:\/\/blogsaverroes.juntadeandalucia.es\/ceipvirgendelrociocamas\/files\/2015\/03\/IMG_1830-300x200.jpg 300w, https:\/\/blogsaverroes.juntadeandalucia.es\/ceipvirgendelrociocamas\/files\/2015\/03\/IMG_1830-768x512.jpg 768w, https:\/\/blogsaverroes.juntadeandalucia.es\/ceipvirgendelrociocamas\/files\/2015\/03\/IMG_1830-1024x683.jpg 1024w, https:\/\/blogsaverroes.juntadeandalucia.es\/ceipvirgendelrociocamas\/files\/2015\/03\/IMG_1830-24x16.jpg 24w, https:\/\/blogsaverroes.juntadeandalucia.es\/ceipvirgendelrociocamas\/files\/2015\/03\/IMG_1830-36x24.jpg 36w, https:\/\/blogsaverroes.juntadeandalucia.es\/ceipvirgendelrociocamas\/files\/2015\/03\/IMG_1830-48x32.jpg 48w, https:\/\/blogsaverroes.juntadeandalucia.es\/ceipvirgendelrociocamas\/files\/2015\/03\/IMG_1830.jpg 1600w\" sizes=\"(max-width: 148px) 100vw, 148px\" \/><\/a><\/td>\n<\/tr>\n<\/tbody>\n<\/table>\n<h4>&nbsp;<\/h4>\n<h4>&nbsp;<\/h4>\n<p>Men\u00fa mes de noviembre de 2021<\/p>\n<p>&nbsp;<\/p>\n<p><a href=\"https:\/\/blogsaverroes.juntadeandalucia.es\/ceipvirgendelrociocamas\/menu-comedor\/\"><img loading=\"lazy\" decoding=\"async\" class=\"alignnone size-medium wp-image-5996\" src=\"https:\/\/blogsaverroes.juntadeandalucia.es\/ceipvirgendelrociocamas\/files\/2021\/11\/men\u00fa-comedor-300x208.jpeg\" alt=\"\" width=\"300\" height=\"208\" srcset=\"https:\/\/blogsaverroes.juntadeandalucia.es\/ceipvirgendelrociocamas\/files\/2021\/11\/men\u00fa-comedor-300x208.jpeg 300w, https:\/\/blogsaverroes.juntadeandalucia.es\/ceipvirgendelrociocamas\/files\/2021\/11\/men\u00fa-comedor-1024x710.jpeg 1024w, https:\/\/blogsaverroes.juntadeandalucia.es\/ceipvirgendelrociocamas\/files\/2021\/11\/men\u00fa-comedor-768x533.jpeg 768w, https:\/\/blogsaverroes.juntadeandalucia.es\/ceipvirgendelrociocamas\/files\/2021\/11\/men\u00fa-comedor-1536x1066.jpeg 1536w, https:\/\/blogsaverroes.juntadeandalucia.es\/ceipvirgendelrociocamas\/files\/2021\/11\/men\u00fa-comedor.jpeg 1600w\" sizes=\"(max-width: 300px) 100vw, 300px\" \/><\/a><\/p>\n<p>&nbsp;<\/p>\n<p>&nbsp;<\/p>\n<p>&nbsp;<\/p>\n<p>&nbsp;<\/p>\n<p>&nbsp;<\/p>\n<p style=\"text-align: justify\"><strong><span style=\"color: #339966\">Se encuentra en el tabl\u00f3n de anuncios del centro habilitado para la informaci\u00f3n del Plan de Apertura el listado provisional de admitidos y suplentes en los servicios de Comedor Escolar, Aula Matinal y Talleres de Deporte y Cer\u00e1mica. Los interesados pueden pasarse por el centro comprobar la admisi\u00f3n o suplencia en dichos servicios.<\/span><\/strong><\/p>\n","protected":false},"excerpt":{"rendered":"<p>&nbsp; &nbsp; &nbsp; Men\u00fa mes de noviembre de 2021 &nbsp; &nbsp; &nbsp; &nbsp; &nbsp; &nbsp; Se encuentra en el tabl\u00f3n de anuncios del centro habilitado para la informaci\u00f3n del Plan de Apertura el listado provisional de admitidos y suplentes en los servicios de Comedor Escolar, Aula Matinal y Talleres de Deporte y Cer\u00e1mica. Los interesados &hellip; <\/p>\n<p><a class=\"more-link btn\" href=\"https:\/\/blogsaverroes.juntadeandalucia.es\/ceipvirgendelrociocamas\/comedor-escolar\/\">Seguir leyendo<\/a><\/p>\n","protected":false},"author":1,"featured_media":0,"parent":0,"menu_order":0,"comment_status":"closed","ping_status":"open","template":"","meta":{"ngg_post_thumbnail":0,"footnotes":"","_mc_calendar":[]},"aioseo_notices":[],"_links":{"self":[{"href":"https:\/\/blogsaverroes.juntadeandalucia.es\/ceipvirgendelrociocamas\/wp-json\/wp\/v2\/pages\/99"}],"collection":[{"href":"https:\/\/blogsaverroes.juntadeandalucia.es\/ceipvirgendelrociocamas\/wp-json\/wp\/v2\/pages"}],"about":[{"href":"https:\/\/blogsaverroes.juntadeandalucia.es\/ceipvirgendelrociocamas\/wp-json\/wp\/v2\/types\/page"}],"author":[{"embeddable":true,"href":"https:\/\/blogsaverroes.juntadeandalucia.es\/ceipvirgendelrociocamas\/wp-json\/wp\/v2\/users\/1"}],"replies":[{"embeddable":true,"href":"https:\/\/blogsaverroes.juntadeandalucia.es\/ceipvirgendelrociocamas\/wp-json\/wp\/v2\/comments?post=99"}],"version-history":[{"count":10,"href":"https:\/\/blogsaverroes.juntadeandalucia.es\/ceipvirgendelrociocamas\/wp-json\/wp\/v2\/pages\/99\/revisions"}],"predecessor-version":[{"id":2239,"href":"https:\/\/blogsaverroes.juntadeandalucia.es\/ceipvirgendelrociocamas\/wp-json\/wp\/v2\/pages\/99\/revisions\/2239"}],"wp:attachment":[{"href":"https:\/\/blogsaverroes.juntadeandalucia.es\/ceipvirgendelrociocamas\/wp-json\/wp\/v2\/media?parent=99"}],"curies":[{"name":"wp","href":"https:\/\/api.w.org\/{rel}","templated":true}]}}