{"id":35,"date":"2015-03-13T08:21:43","date_gmt":"2015-03-13T08:21:43","guid":{"rendered":"http:\/\/blogsaverroes.juntadeandalucia.es\/pre\/ceip\/?page_id=35"},"modified":"2021-11-02T10:49:17","modified_gmt":"2021-11-02T09:49:17","slug":"el-centro-2","status":"publish","type":"page","link":"https:\/\/blogsaverroes.juntadeandalucia.es\/ceipvirgendelrosario\/el-centro-2\/","title":{"rendered":"Datos del centro"},"content":{"rendered":"<p><iframe loading=\"lazy\" src=\"https:\/\/www.google.com\/maps\/embed?pb=!1m18!1m12!1m3!1d3188.5696012434514!2d-3.823232146506314!3d36.94845091781642!2m3!1f0!2f0!3f0!3m2!1i1024!2i768!4f13.1!3m3!1m2!1s0xd721ecd23cdd85b%3A0xc348812605bcef53!2sColegio+P%C3%BAblico+Virgen+del+Rosario!5e0!3m2!1ses!2ses!4v1447413823331\" width=\"600\" height=\"450\" frameborder=\"0\"><span data-mce-type=\"bookmark\" style=\"width: 0px;overflow: hidden;line-height: 0\" class=\"mce_SELRES_start\">\ufeff<\/span><\/iframe><\/p>\n<h4><strong>Datos de contacto<\/strong><\/h4>\n<p>C.E.I.P. Virgen del Rosario<\/p>\n<p><strong>Direcci\u00f3n:<\/strong> Avenida Mediterr\u00e1neo s\/n. 18127. Jayena. Granada<\/p>\n<p><strong>Telf<\/strong>.: 958369905&nbsp;&nbsp; <strong>Fax<\/strong>.: 958369906&nbsp; <strong>M\u00f3vil<\/strong>: 671596390&nbsp; <strong>Corporativo<\/strong>: 191905<br \/>\n<strong>Email<\/strong>: 18005505.edu@juntadeandalucia.es<\/p>\n<h4><strong>Horarios<\/strong><\/h4>\n<p>El horario de apertura del centro para actividades lectivas es de 9:00 a 14:00 horas.<\/p>\n<p>El horario de atenci\u00f3n a padres\/madres es: en lunes de 16:00 a 17:00 horas.<\/p>\n<p>El horario de actividades extraescolares sera: los viernes de 16:00 a 18:00 horas.<\/p>\n<h4><strong>Oferta educativa<\/strong><\/h4>\n<p>La oferta educativa es:<\/p>\n<p>* Educaci\u00f3n Infantil: 2 unidades, una mixta de 3 y 4 a\u00f1os; otra pura de 5 a\u00f1os.<\/p>\n<p>* Educaci\u00f3n Primaria: Cuenta con tres unidades mixtas. Resultando as\u00ed:<\/p>\n<p>Primer Ciclo: 1\u00ba\/2\u00ba.<\/p>\n<p>Segundo Ciclo: 3\u00ba y 4\u00ba.<\/p>\n<p>Tercer Ciclo: 5\u00ba y 6\u00ba.<\/p>\n<p>&nbsp;<\/p>\n","protected":false},"excerpt":{"rendered":"<p>\ufeff Datos de contacto C.E.I.P. Virgen del Rosario Direcci\u00f3n: Avenida Mediterr\u00e1neo s\/n. 18127. Jayena. Granada Telf.: 958369905&nbsp;&nbsp; Fax.: 958369906&nbsp; M\u00f3vil: 671596390&nbsp; Corporativo: 191905 Email: 18005505.edu@juntadeandalucia.es Horarios El horario de apertura del centro para actividades&#46;&#46;&#46;<\/p>\n","protected":false},"author":1843,"featured_media":0,"parent":0,"menu_order":0,"comment_status":"closed","ping_status":"closed","template":"","meta":{"ngg_post_thumbnail":0,"footnotes":""},"aioseo_notices":[],"_links":{"self":[{"href":"https:\/\/blogsaverroes.juntadeandalucia.es\/ceipvirgendelrosario\/wp-json\/wp\/v2\/pages\/35"}],"collection":[{"href":"https:\/\/blogsaverroes.juntadeandalucia.es\/ceipvirgendelrosario\/wp-json\/wp\/v2\/pages"}],"about":[{"href":"https:\/\/blogsaverroes.juntadeandalucia.es\/ceipvirgendelrosario\/wp-json\/wp\/v2\/types\/page"}],"author":[{"embeddable":true,"href":"https:\/\/blogsaverroes.juntadeandalucia.es\/ceipvirgendelrosario\/wp-json\/wp\/v2\/users\/1843"}],"replies":[{"embeddable":true,"href":"https:\/\/blogsaverroes.juntadeandalucia.es\/ceipvirgendelrosario\/wp-json\/wp\/v2\/comments?post=35"}],"version-history":[{"count":19,"href":"https:\/\/blogsaverroes.juntadeandalucia.es\/ceipvirgendelrosario\/wp-json\/wp\/v2\/pages\/35\/revisions"}],"predecessor-version":[{"id":3984,"href":"https:\/\/blogsaverroes.juntadeandalucia.es\/ceipvirgendelrosario\/wp-json\/wp\/v2\/pages\/35\/revisions\/3984"}],"wp:attachment":[{"href":"https:\/\/blogsaverroes.juntadeandalucia.es\/ceipvirgendelrosario\/wp-json\/wp\/v2\/media?parent=35"}],"curies":[{"name":"wp","href":"https:\/\/api.w.org\/{rel}","templated":true}]}}