{"id":309,"date":"2026-03-05T10:34:31","date_gmt":"2026-03-05T09:34:31","guid":{"rendered":"https:\/\/blogsaverroes.juntadeandalucia.es\/ceipvirgendelunavva\/?page_id=309"},"modified":"2026-04-16T11:14:26","modified_gmt":"2026-04-16T09:14:26","slug":"practicum-grado-maestro","status":"publish","type":"page","link":"https:\/\/blogsaverroes.juntadeandalucia.es\/ceipvirgendelunavva\/proa-transformate\/practicum-grado-maestro\/","title":{"rendered":"PR\u00c1CTICUM GRADO MAESTRO"},"content":{"rendered":"<div style=\"text-align: center\" data-subtree=\"aimfl,mfl\" data-sfc-cb=\"\" data-processed=\"true\"><em><span style=\"font-family: 'comic sans ms', sans-serif\"><strong><span style=\"font-size: 18pt;color: #ff00ff\">PRACTICUM DEL GRADO EN MAESTRO<\/span><\/strong><\/span><\/em><\/div>\n<div data-subtree=\"aimfl,mfl\" data-sfc-cb=\"\" data-processed=\"true\"><\/div>\n<div style=\"text-align: justify\" data-subtree=\"aimfl,mfl\" data-sfc-cb=\"\" data-processed=\"true\"><span style=\"color: #000000\">El <strong>Pr\u00e1cticum del Grado en Maestro<\/strong> en Andaluc\u00eda es una <mark class=\"HxTRcb\" data-sfc-cb=\"\" data-processed=\"true\">asignatura pr\u00e1ctica y obligatoria que sumerge al estudiante en centros educativos. Su objetivo es iniciar en la pr\u00e1ctica docente, conocer el funcionamiento escolar, y aplicar la teor\u00eda, incluyendo observaci\u00f3n, intervenci\u00f3n, apoyo docente y elaboraci\u00f3n de una memoria<\/mark>.<\/span><\/div>\n<div style=\"text-align: justify\" data-subtree=\"aimfl,mfl\" data-sfc-cb=\"\" data-processed=\"true\"><\/div>\n<div style=\"text-align: justify\" data-subtree=\"aimfl,mfl\" data-sfc-cb=\"\" data-processed=\"true\"><span style=\"color: #000000\">Nuestro centro acoge cada a\u00f1o a algunos estudiantes universitarios en nuestro centro, tanto en la etapa de educaci\u00f3n infantil como de primaria para cursar sus pr\u00e1cticas. El Pr\u00e1cticum es fundamental para el desarrollo de competencias profesionales, permitiendo la inmersi\u00f3n en un entorno real de trabajo.<span class=\"uJ19be notranslate\" data-wiz-uids=\"xfCNff_1m,xfCNff_1n\" data-sfc-cb=\"\" data-processed=\"true\"><span class=\"vKEkVd\" data-animation-atomic=\"\" data-wiz-attrbind=\"class=xfCNff_1l\/TKHnVd\" data-processed=\"true\"><span aria-hidden=\"true\" data-processed=\"true\">\u00a0<\/span><\/span><\/span><\/span><\/div>\n","protected":false},"excerpt":{"rendered":"<p>PRACTICUM DEL GRADO EN MAESTRO El Pr\u00e1cticum del Grado en Maestro en Andaluc\u00eda es una asignatura pr\u00e1ctica y obligatoria que sumerge al estudiante en centros educativos. Su objetivo es iniciar en la pr\u00e1ctica docente, conocer el funcionamiento escolar, y aplicar la teor\u00eda, incluyendo observaci\u00f3n, intervenci\u00f3n, apoyo docente y elaboraci\u00f3n de una memoria. Nuestro centro acoge &hellip; <\/p>\n<p><a class=\"more-link btn\" href=\"https:\/\/blogsaverroes.juntadeandalucia.es\/ceipvirgendelunavva\/proa-transformate\/practicum-grado-maestro\/\">Seguir leyendo<\/a><\/p>\n","protected":false},"author":21377,"featured_media":0,"parent":12,"menu_order":0,"comment_status":"closed","ping_status":"closed","template":"","meta":{"footnotes":""},"aioseo_notices":[],"_links":{"self":[{"href":"https:\/\/blogsaverroes.juntadeandalucia.es\/ceipvirgendelunavva\/wp-json\/wp\/v2\/pages\/309"}],"collection":[{"href":"https:\/\/blogsaverroes.juntadeandalucia.es\/ceipvirgendelunavva\/wp-json\/wp\/v2\/pages"}],"about":[{"href":"https:\/\/blogsaverroes.juntadeandalucia.es\/ceipvirgendelunavva\/wp-json\/wp\/v2\/types\/page"}],"author":[{"embeddable":true,"href":"https:\/\/blogsaverroes.juntadeandalucia.es\/ceipvirgendelunavva\/wp-json\/wp\/v2\/users\/21377"}],"replies":[{"embeddable":true,"href":"https:\/\/blogsaverroes.juntadeandalucia.es\/ceipvirgendelunavva\/wp-json\/wp\/v2\/comments?post=309"}],"version-history":[{"count":5,"href":"https:\/\/blogsaverroes.juntadeandalucia.es\/ceipvirgendelunavva\/wp-json\/wp\/v2\/pages\/309\/revisions"}],"predecessor-version":[{"id":441,"href":"https:\/\/blogsaverroes.juntadeandalucia.es\/ceipvirgendelunavva\/wp-json\/wp\/v2\/pages\/309\/revisions\/441"}],"up":[{"embeddable":true,"href":"https:\/\/blogsaverroes.juntadeandalucia.es\/ceipvirgendelunavva\/wp-json\/wp\/v2\/pages\/12"}],"wp:attachment":[{"href":"https:\/\/blogsaverroes.juntadeandalucia.es\/ceipvirgendelunavva\/wp-json\/wp\/v2\/media?parent=309"}],"curies":[{"name":"wp","href":"https:\/\/api.w.org\/{rel}","templated":true}]}}