{"id":315,"date":"2026-03-05T10:36:19","date_gmt":"2026-03-05T09:36:19","guid":{"rendered":"https:\/\/blogsaverroes.juntadeandalucia.es\/ceipvirgendelunavva\/?page_id=315"},"modified":"2026-04-16T11:11:55","modified_gmt":"2026-04-16T09:11:55","slug":"plan-de-apertura-de-centros-docentes","status":"publish","type":"page","link":"https:\/\/blogsaverroes.juntadeandalucia.es\/ceipvirgendelunavva\/proa-transformate\/plan-de-apertura-de-centros-docentes\/","title":{"rendered":"PLAN DE APERTURA DE CENTROS DOCENTES"},"content":{"rendered":"<div style=\"text-align: center\" data-subtree=\"aimfl\" data-sfc-cb=\"\" data-complete=\"true\" data-processed=\"true\"><em><span style=\"color: #ff6600;font-size: 18pt\"><strong><span style=\"font-family: 'comic sans ms', sans-serif\">PLAN DE APERTURA DE CENTROS DOCENTES<\/span><\/strong><\/span><\/em><\/div>\n<div data-subtree=\"aimfl\" data-sfc-cb=\"\" data-complete=\"true\" data-processed=\"true\"><\/div>\n<div style=\"text-align: justify\" data-subtree=\"aimfl\" data-sfc-cb=\"\" data-complete=\"true\" data-processed=\"true\">E<span style=\"color: #000000\">l <strong class=\"Yjhzub\" data-sfc-cb=\"\" data-complete=\"true\" data-processed=\"true\">Plan de Apertura de Centros Docentes<\/strong> de la Junta de Andaluc\u00eda es una iniciativa estrat\u00e9gica dise\u00f1ada para facilitar la<strong class=\"Yjhzub\" data-sfc-cb=\"\" data-complete=\"true\" data-processed=\"true\"> c<\/strong>onciliaci\u00f3n de la vida familiar y laboral. Este plan permite que los centros educativos p\u00fablicos ampl\u00eden su horario habitual para ofrecer servicios complementarios fuera de la jornada lectiva.<\/span><\/div>\n<div style=\"text-align: justify\" data-subtree=\"aimfl\" data-sfc-cb=\"\" data-complete=\"true\" data-processed=\"true\"><\/div>\n<div style=\"text-align: justify\" data-subtree=\"aimfl\" data-sfc-cb=\"\" data-complete=\"true\" data-processed=\"true\"><span style=\"color: #000000\">En nuestro colegio contamos con:<\/span><\/div>\n<div data-subtree=\"aimfl\" data-sfc-cb=\"\" data-complete=\"true\" data-processed=\"true\">\n<ul>\n<li class=\"dF3vjf\" style=\"text-align: justify\" data-sfc-cb=\"\" data-hveid=\"CAUQAA\" data-complete=\"true\" data-sae=\"\"><span class=\"T286Pc\" style=\"color: #000000\" data-sfc-cp=\"\" data-sfc-cb=\"\" data-complete=\"true\"><strong class=\"Yjhzub\" data-sfc-cb=\"\" data-complete=\"true\">Aula Matinal<\/strong>: Servicio de atenci\u00f3n al alumnado desde las <strong class=\"Yjhzub\" data-sfc-cb=\"\" data-complete=\"true\">7:30 horas<\/strong> hasta el inicio de las clases, proporcionando vigilancia y actividades no regladas.<\/span><\/li>\n<li class=\"dF3vjf\" style=\"text-align: justify\" data-sfc-cb=\"\" data-hveid=\"CAUQAQ\" data-sae=\"\" data-complete=\"true\"><span class=\"T286Pc\" style=\"color: #000000\" data-sfc-cp=\"\" data-sfc-cb=\"\" data-complete=\"true\"><strong class=\"Yjhzub\" data-sfc-cb=\"\" data-complete=\"true\">Comedor Escolar<\/strong>: Servicio de alimentaci\u00f3n a trav\u00e9s de empresas de restauraci\u00f3n seleccionadas por la administraci\u00f3n hasta las <strong>16:00 horas<\/strong>. El centro dispone de comedor escolar propio desde el a\u00f1o 2024 que fue inaugurado ante la Consejera de Educaci\u00f3n.<\/span><\/li>\n<li class=\"dF3vjf\" style=\"text-align: justify\" data-sfc-cb=\"\" data-hveid=\"CAUQAg\" data-complete=\"true\" data-processed=\"true\" data-sae=\"\"><span class=\"T286Pc\" style=\"color: #000000\" data-sfc-cp=\"\" data-sfc-cb=\"\" data-complete=\"true\"><strong class=\"Yjhzub\" data-sfc-cb=\"\" data-complete=\"true\">Actividades Extraescolares<\/strong>: Programas de refuerzo, deportes o talleres que se desarrollan generalmente en horario de tarde, tras la jornada lectiva. Este curso se proporcionan clases de inform\u00e1tica a los alumnos que previamente lo soliciten como actividad extraescolar.<\/span><\/li>\n<li class=\"dF3vjf\" style=\"text-align: justify\" data-sfc-cb=\"\" data-hveid=\"CAUQAg\" data-complete=\"true\" data-processed=\"true\" data-sae=\"\"><span class=\"T286Pc\" style=\"color: #000000\" data-sfc-cp=\"\" data-sfc-cb=\"\" data-complete=\"true\"><a href=\"https:\/\/radiolunaser.com\/la-consejera-de-educacion-inaugura-el-comedor-del-ceip-virgen-de-luna-y-comparte-menu-con-el-alumnado\/\">https:\/\/radiolunaser.com\/la-consejera-de-educacion-inaugura-el-comedor-del-ceip-virgen-de-luna-y-comparte-menu-con-el-alumnado\/<\/a><img loading=\"lazy\" decoding=\"async\" class=\"aligncenter\" src=\"https:\/\/www.elestudioandco.com\/uploads\/1\/2\/2\/6\/122667507\/jl240917ele-comedor-6_orig.jpg\" width=\"576\" height=\"384\" \/><img loading=\"lazy\" decoding=\"async\" class=\"aligncenter\" src=\"https:\/\/www.elestudioandco.com\/uploads\/1\/2\/2\/6\/122667507\/jl240917ele-comedor-20_orig.jpg\" width=\"575\" height=\"383\" \/><img loading=\"lazy\" decoding=\"async\" class=\"aligncenter\" src=\"https:\/\/www.elestudioandco.com\/uploads\/1\/2\/2\/6\/122667507\/jl240917ele-comedor-15_orig.jpg\" width=\"574\" height=\"383\" \/><\/span><img loading=\"lazy\" decoding=\"async\" class=\"aligncenter\" src=\"https:\/\/www.elestudioandco.com\/uploads\/1\/2\/2\/6\/122667507\/jl240917ele-comedor-23_orig.jpg\" width=\"573\" height=\"536\" \/><\/li>\n<\/ul>\n<\/div>\n","protected":false},"excerpt":{"rendered":"<p>PLAN DE APERTURA DE CENTROS DOCENTES El Plan de Apertura de Centros Docentes de la Junta de Andaluc\u00eda es una iniciativa estrat\u00e9gica dise\u00f1ada para facilitar la conciliaci\u00f3n de la vida familiar y laboral. Este plan permite que los centros educativos p\u00fablicos ampl\u00eden su horario habitual para ofrecer servicios complementarios fuera de la jornada lectiva. En &hellip; <\/p>\n<p><a class=\"more-link btn\" href=\"https:\/\/blogsaverroes.juntadeandalucia.es\/ceipvirgendelunavva\/proa-transformate\/plan-de-apertura-de-centros-docentes\/\">Seguir leyendo<\/a><\/p>\n","protected":false},"author":21377,"featured_media":0,"parent":12,"menu_order":0,"comment_status":"closed","ping_status":"closed","template":"","meta":{"footnotes":""},"aioseo_notices":[],"_links":{"self":[{"href":"https:\/\/blogsaverroes.juntadeandalucia.es\/ceipvirgendelunavva\/wp-json\/wp\/v2\/pages\/315"}],"collection":[{"href":"https:\/\/blogsaverroes.juntadeandalucia.es\/ceipvirgendelunavva\/wp-json\/wp\/v2\/pages"}],"about":[{"href":"https:\/\/blogsaverroes.juntadeandalucia.es\/ceipvirgendelunavva\/wp-json\/wp\/v2\/types\/page"}],"author":[{"embeddable":true,"href":"https:\/\/blogsaverroes.juntadeandalucia.es\/ceipvirgendelunavva\/wp-json\/wp\/v2\/users\/21377"}],"replies":[{"embeddable":true,"href":"https:\/\/blogsaverroes.juntadeandalucia.es\/ceipvirgendelunavva\/wp-json\/wp\/v2\/comments?post=315"}],"version-history":[{"count":8,"href":"https:\/\/blogsaverroes.juntadeandalucia.es\/ceipvirgendelunavva\/wp-json\/wp\/v2\/pages\/315\/revisions"}],"predecessor-version":[{"id":440,"href":"https:\/\/blogsaverroes.juntadeandalucia.es\/ceipvirgendelunavva\/wp-json\/wp\/v2\/pages\/315\/revisions\/440"}],"up":[{"embeddable":true,"href":"https:\/\/blogsaverroes.juntadeandalucia.es\/ceipvirgendelunavva\/wp-json\/wp\/v2\/pages\/12"}],"wp:attachment":[{"href":"https:\/\/blogsaverroes.juntadeandalucia.es\/ceipvirgendelunavva\/wp-json\/wp\/v2\/media?parent=315"}],"curies":[{"name":"wp","href":"https:\/\/api.w.org\/{rel}","templated":true}]}}