{"id":334,"date":"2026-03-05T10:48:32","date_gmt":"2026-03-05T09:48:32","guid":{"rendered":"https:\/\/blogsaverroes.juntadeandalucia.es\/ceipvirgendelunavva\/?page_id=334"},"modified":"2026-04-16T11:22:19","modified_gmt":"2026-04-16T09:22:19","slug":"proa-transformate-2","status":"publish","type":"page","link":"https:\/\/blogsaverroes.juntadeandalucia.es\/ceipvirgendelunavva\/proa-transformate\/proa-transformate-2\/","title":{"rendered":"PROA+ TRANSF\u00d3RMATE"},"content":{"rendered":"<p style=\"text-align: center\"><span style=\"font-size: 18pt;color: #339966\"><strong><em><span style=\"font-family: 'comic sans ms', sans-serif\"><img loading=\"lazy\" decoding=\"async\" class=\"\" src=\"https:\/\/www.juntadeandalucia.es\/educacion\/portales\/documents\/722046\/1158780\/logo-proaplus.png\/38d5d3cd-dfe8-6196-18b3-6a1dea2ea8bd?t=1739449222955\" width=\"634\" height=\"192\" \/><\/span><\/em><\/strong><\/span><\/p>\n<p><img loading=\"lazy\" decoding=\"async\" class=\"\" src=\"https:\/\/www.juntadeandalucia.es\/educacion\/portales\/documents\/722046\/1328533\/ES+Financiado+por+la+Unio%CC%81n+Europea_PANTONE_netx.jpg\/a85cc278-79e0-7f18-540a-09720e19ed34?t=1731405093141\" width=\"260\" height=\"69\" \/><strong style=\"color: #339966;font-size: 24px;text-align: center\"><em><span style=\"font-family: 'comic sans ms', sans-serif\"><img loading=\"lazy\" decoding=\"async\" class=\"\" src=\"https:\/\/www.juntadeandalucia.es\/educacion\/portales\/documents\/722046\/1328533\/MEFPD.Gob_color.jpeg\/b0897c94-372e-da50-45e3-e23c736cbce7?t=1731405115465\" width=\"268\" height=\"59\" \/><img loading=\"lazy\" decoding=\"async\" class=\"\" src=\"https:\/\/www.juntadeandalucia.es\/educacion\/portales\/documents\/722046\/1328533\/Logo+PRTR+dos+li%E2%95%A0u%CC%88neas_COLOR.jpg\/f4777956-a10a-28d7-503c-97b489f02b53?t=1731405131752\" width=\"190\" height=\"107\" \/><\/span><\/em><\/strong><\/p>\n<p>&nbsp;<\/p>\n<p style=\"text-align: justify\">El<strong> Programa para la orientaci\u00f3n, avance y enriquecimiento educativo PROA+ \u00abTransf\u00f3rmate\u00bb<\/strong> se presenta como mecanismo de ayuda financiera, fortalecimiento institucional y formativo a los centros. Tiene como objetivo mejorar los \u00edndices de \u00e9xito escolar y garantizar la permanencia del alumnado en aquellos centros p\u00fablicos de Educaci\u00f3n Primaria y Educaci\u00f3n Secundaria en los que se concentre un porcentaje elevado de j\u00f3venes en clara situaci\u00f3n de vulnerabilidad socioeducativa.<\/p>\n<p style=\"text-align: justify\" data-start=\"565\" data-end=\"1014\">Gracias a este proyecto, contamos con una maestra de apoyo tres d\u00edas a la semana, lo que permite una atenci\u00f3n m\u00e1s individualizada al alumnado. Adem\u00e1s, se ha creado un aula inteligente que favorece metodolog\u00edas innovadoras y el uso de recursos digitales. Tambi\u00e9n se han desarrollado actividades de convivencia con el alumnado, fomentando un clima escolar positivo, as\u00ed como la realizaci\u00f3n de murales cooperativos que potencian el trabajo en equipo.<\/p>\n<p style=\"text-align: justify\" data-start=\"1016\" data-end=\"1306\">Por otro lado, se ha adquirido material manipulativo para trabajar de manera m\u00e1s eficaz la competencia ling\u00fc\u00edstica y matem\u00e1tica. Continuaremos apostando firmemente por este proyecto debido a los numerosos beneficios que aporta a nuestro alumnado y a la mejora global del centro educativo.<\/p>\n","protected":false},"excerpt":{"rendered":"<p>&nbsp; El Programa para la orientaci\u00f3n, avance y enriquecimiento educativo PROA+ \u00abTransf\u00f3rmate\u00bb se presenta como mecanismo de ayuda financiera, fortalecimiento institucional y formativo a los centros. Tiene como objetivo mejorar los \u00edndices de \u00e9xito escolar y garantizar la permanencia del alumnado en aquellos centros p\u00fablicos de Educaci\u00f3n Primaria y Educaci\u00f3n Secundaria en los que se &hellip; <\/p>\n<p><a class=\"more-link btn\" href=\"https:\/\/blogsaverroes.juntadeandalucia.es\/ceipvirgendelunavva\/proa-transformate\/proa-transformate-2\/\">Seguir leyendo<\/a><\/p>\n","protected":false},"author":21377,"featured_media":0,"parent":12,"menu_order":0,"comment_status":"closed","ping_status":"closed","template":"","meta":{"footnotes":""},"aioseo_notices":[],"_links":{"self":[{"href":"https:\/\/blogsaverroes.juntadeandalucia.es\/ceipvirgendelunavva\/wp-json\/wp\/v2\/pages\/334"}],"collection":[{"href":"https:\/\/blogsaverroes.juntadeandalucia.es\/ceipvirgendelunavva\/wp-json\/wp\/v2\/pages"}],"about":[{"href":"https:\/\/blogsaverroes.juntadeandalucia.es\/ceipvirgendelunavva\/wp-json\/wp\/v2\/types\/page"}],"author":[{"embeddable":true,"href":"https:\/\/blogsaverroes.juntadeandalucia.es\/ceipvirgendelunavva\/wp-json\/wp\/v2\/users\/21377"}],"replies":[{"embeddable":true,"href":"https:\/\/blogsaverroes.juntadeandalucia.es\/ceipvirgendelunavva\/wp-json\/wp\/v2\/comments?post=334"}],"version-history":[{"count":5,"href":"https:\/\/blogsaverroes.juntadeandalucia.es\/ceipvirgendelunavva\/wp-json\/wp\/v2\/pages\/334\/revisions"}],"predecessor-version":[{"id":444,"href":"https:\/\/blogsaverroes.juntadeandalucia.es\/ceipvirgendelunavva\/wp-json\/wp\/v2\/pages\/334\/revisions\/444"}],"up":[{"embeddable":true,"href":"https:\/\/blogsaverroes.juntadeandalucia.es\/ceipvirgendelunavva\/wp-json\/wp\/v2\/pages\/12"}],"wp:attachment":[{"href":"https:\/\/blogsaverroes.juntadeandalucia.es\/ceipvirgendelunavva\/wp-json\/wp\/v2\/media?parent=334"}],"curies":[{"name":"wp","href":"https:\/\/api.w.org\/{rel}","templated":true}]}}