{"id":396,"date":"2026-03-05T12:47:55","date_gmt":"2026-03-05T11:47:55","guid":{"rendered":"https:\/\/blogsaverroes.juntadeandalucia.es\/ceipvirgendelunavva\/?page_id=396"},"modified":"2026-04-16T11:23:22","modified_gmt":"2026-04-16T09:23:22","slug":"programa-comunica","status":"publish","type":"page","link":"https:\/\/blogsaverroes.juntadeandalucia.es\/ceipvirgendelunavva\/proa-transformate\/programa-comunica\/","title":{"rendered":"PROGRAMA COMUNICA"},"content":{"rendered":"<p><img loading=\"lazy\" decoding=\"async\" class=\"aligncenter\" src=\"https:\/\/www.juntadeandalucia.es\/educacion\/eaprendizaje\/wp-content\/uploads\/2025\/09\/Logo-Comunica.png\" width=\"226\" height=\"226\" \/><\/p>\n<p style=\"text-align: justify\"><strong>ComunicA<\/strong> es un Programa para la Innovaci\u00f3n Educativa que desarrollamos en nuestro centro con el prop\u00f3sito de potenciar la competencia en comunicaci\u00f3n ling\u00fc\u00edstica de nuestro alumnado. A trav\u00e9s de distintas l\u00edneas de trabajo, impulsamos experiencias que fomentan la expresi\u00f3n oral, escrita y audiovisual, integr\u00e1ndolas de manera natural en la vida escolar.<\/p>\n<p style=\"text-align: justify\">En concreto, este programa contempla los siguientes objetivos:<\/p>\n<ul>\n<li style=\"text-align: justify\"><span class=\"a_GcMg font-feature-liga-off font-feature-clig-off font-feature-calt-off text-decoration-none text-strikethrough-none\">Ofrecer recursos y propuestas innovadoras para mejorar la competencia en comunicaci\u00f3n ling\u00fc\u00edstica.<\/span><\/li>\n<li style=\"text-align: justify\"><span class=\"a_GcMg font-feature-liga-off font-feature-clig-off font-feature-calt-off text-decoration-none text-strikethrough-none\">Fomentar un uso positivo y habitual de la radio escolar como recurso pedag\u00f3gico.<\/span><\/li>\n<li style=\"text-align: justify\"><span class=\"a_GcMg font-feature-liga-off font-feature-clig-off font-feature-calt-off text-decoration-none text-strikethrough-none\">Plantear contextos concretos donde la lengua se use como herramienta de relaci\u00f3n, expresi\u00f3n y aprendizaje.<\/span><\/li>\n<li style=\"text-align: justify\"><span class=\"a_GcMg font-feature-liga-off font-feature-clig-off font-feature-calt-off text-decoration-none text-strikethrough-none\">Relacionar el lenguaje escrito con el oral y con otros lenguajes no verbales.<\/span><\/li>\n<\/ul>\n","protected":false},"excerpt":{"rendered":"<p>ComunicA es un Programa para la Innovaci\u00f3n Educativa que desarrollamos en nuestro centro con el prop\u00f3sito de potenciar la competencia en comunicaci\u00f3n ling\u00fc\u00edstica de nuestro alumnado. A trav\u00e9s de distintas l\u00edneas de trabajo, impulsamos experiencias que fomentan la expresi\u00f3n oral, escrita y audiovisual, integr\u00e1ndolas de manera natural en la vida escolar. En concreto, este programa &hellip; <\/p>\n<p><a class=\"more-link btn\" href=\"https:\/\/blogsaverroes.juntadeandalucia.es\/ceipvirgendelunavva\/proa-transformate\/programa-comunica\/\">Seguir leyendo<\/a><\/p>\n","protected":false},"author":21377,"featured_media":0,"parent":12,"menu_order":0,"comment_status":"closed","ping_status":"closed","template":"","meta":{"footnotes":""},"aioseo_notices":[],"_links":{"self":[{"href":"https:\/\/blogsaverroes.juntadeandalucia.es\/ceipvirgendelunavva\/wp-json\/wp\/v2\/pages\/396"}],"collection":[{"href":"https:\/\/blogsaverroes.juntadeandalucia.es\/ceipvirgendelunavva\/wp-json\/wp\/v2\/pages"}],"about":[{"href":"https:\/\/blogsaverroes.juntadeandalucia.es\/ceipvirgendelunavva\/wp-json\/wp\/v2\/types\/page"}],"author":[{"embeddable":true,"href":"https:\/\/blogsaverroes.juntadeandalucia.es\/ceipvirgendelunavva\/wp-json\/wp\/v2\/users\/21377"}],"replies":[{"embeddable":true,"href":"https:\/\/blogsaverroes.juntadeandalucia.es\/ceipvirgendelunavva\/wp-json\/wp\/v2\/comments?post=396"}],"version-history":[{"count":4,"href":"https:\/\/blogsaverroes.juntadeandalucia.es\/ceipvirgendelunavva\/wp-json\/wp\/v2\/pages\/396\/revisions"}],"predecessor-version":[{"id":445,"href":"https:\/\/blogsaverroes.juntadeandalucia.es\/ceipvirgendelunavva\/wp-json\/wp\/v2\/pages\/396\/revisions\/445"}],"up":[{"embeddable":true,"href":"https:\/\/blogsaverroes.juntadeandalucia.es\/ceipvirgendelunavva\/wp-json\/wp\/v2\/pages\/12"}],"wp:attachment":[{"href":"https:\/\/blogsaverroes.juntadeandalucia.es\/ceipvirgendelunavva\/wp-json\/wp\/v2\/media?parent=396"}],"curies":[{"name":"wp","href":"https:\/\/api.w.org\/{rel}","templated":true}]}}