{"id":6,"date":"2025-11-06T12:41:13","date_gmt":"2025-11-06T11:41:13","guid":{"rendered":"https:\/\/blogsaverroes.juntadeandalucia.es\/ceipvirgendelunavva\/?page_id=6"},"modified":"2025-12-11T11:03:24","modified_gmt":"2025-12-11T10:03:24","slug":"conocenos","status":"publish","type":"page","link":"https:\/\/blogsaverroes.juntadeandalucia.es\/ceipvirgendelunavva\/","title":{"rendered":"CON\u00d3CENOS"},"content":{"rendered":"<div class=\"b b-text cf\">\n<div class=\"b-c b-text-c b-s b-s-t60 b-s-b60 b-cs cf\">\n<h1 class=\"wnd-align-center\" style=\"text-align: center\"><strong>C.E.I.P. VIRGEN DE LUNA<\/strong><\/h1>\n<\/div>\n<\/div>\n<div id=\"wnd_ImageBlock_43181\" class=\"b-img b-img-default b b-s cf wnd-orientation-portrait wnd-type-image img-s-n\">\n<div class=\"b-img-w\">\n<div class=\"b-img-c\"><img loading=\"lazy\" decoding=\"async\" id=\"wnd_ImageBlock_43181_img\" class=\"aligncenter\" src=\"https:\/\/2fb3faa66c.cbaul-cdnwnd.com\/b169bad2d3c47ade9278d54c0494aa5c\/200000006-ac59bac59d\/LOGO%20COLEGIO2.jpg?ph=2fb3faa66c\" alt=\"Logo CEIP Virgen de Luna de Villanueva de C\u00f3rdoba\" width=\"306\" height=\"308\" \/><\/div>\n<\/div>\n<\/div>\n<div class=\"cw cf\">\n<div class=\"cw-c cf\">\n<div class=\"c cf column-empty\">\n<div class=\"c-c cf\">\n<div class=\"b b-text cf\">\n<div class=\"b-c b-text-c b-s b-s-t60 b-s-b60 b-cs cf\"><\/div>\n<\/div>\n<\/div>\n<\/div>\n<div class=\"c cf\">\n<div class=\"c-c cf\">\n<div class=\"cw cf\">\n<div class=\"cw-c cf\">\n<div class=\"c cf\">\n<div class=\"c-c cf\">\n<div id=\"wnd_ImageBlock_76983\" class=\"b-img b-img-default b b-s cf wnd-orientation-landscape wnd-type-image img-s-n\">\n<div class=\"b-img-w\">\n<div class=\"b-img-t\"><\/div>\n<\/div>\n<\/div>\n<\/div>\n<\/div>\n<div class=\"c cf\">\n<div class=\"c-c cf\">\n<div class=\"b b-text cf\">\n<div class=\"b-c b-text-c b-s b-s-t60 b-s-b60 b-cs cf\">\n<h2><strong>Se\u00f1as de identidad\u00a0 \u00a0 \u00a0 \u00a0 \u00a0<\/strong><img loading=\"lazy\" decoding=\"async\" id=\"wnd_ImageBlock_76983_img\" class=\"\" style=\"font-size: 16px\" src=\"https:\/\/2fb3faa66c.cbaul-cdnwnd.com\/b169bad2d3c47ade9278d54c0494aa5c\/200000058-2f96c2f96f\/centro.png?ph=2fb3faa66c\" alt=\"Se\u00f1as de identidad\" width=\"133\" height=\"88\" \/><\/h2>\n<div class=\"wnd-align-justify\">Con m\u00e1s de setenta a\u00f1os de historia docente, el Colegio P\u00fablico \u00abVirgen de Luna\u00bb es uno de los centros m\u00e1s veteranos de la localidad de Villanueva de C\u00f3rdoba. Su profesorado ha estado siempre y est\u00e1\u00a0\u00a0 comprometido con\u00a0 una\u00a0 calidad\u00a0 de\u00a0 la\u00a0 ense\u00f1anza\u00a0 p\u00fablica\u00a0 que\u00a0 potencie\u00a0 el desarrollo competencial del alumnado y lo prepare para la vida diaria.<\/div>\n<\/div>\n<div>Nuestro colegio se sit\u00faa en la periferia de la localidad, hacia la salida de Pozoblanco.<\/div>\n<div class=\"b-c b-text-c b-s b-s-t60 b-s-b60 b-cs cf\">\n<div><\/div>\n<\/div>\n<\/div>\n<div>\n<p>En relaci\u00f3n a los procesos de participaci\u00f3n de la Comunidad Educativa y agentes del entorno existe una continua colaboraci\u00f3n del centro con el AMPA \u201cEl Regajito\u201d, el Ayuntamiento de la localidad, y otras Instituciones y Asociaciones (PROMI, PRODE, AECC, Centro de Mayores, Asociaciones Locales, \u2026), Polic\u00eda Local, en diferentes talleres que se desarrollan a lo largo del curso y complementan los Planes y Proyectos implantados en el centro. Existe tambi\u00e9n buena relaci\u00f3n y comunicaci\u00f3n del centro con las familias a trav\u00e9s de las tutor\u00edas.<\/p>\n<\/div>\n<div class=\"b b-text cf\">\n<div class=\"b-c b-text-c b-s b-s-t60 b-s-b60 b-cs cf\">\n<p><strong style=\"color: inherit;font-family: inherit;font-size: 30px\">Unidades y principales l\u00edneas de actuaci\u00f3n\u00a0 \u00a0 \u00a0 \u00a0<\/strong><img loading=\"lazy\" decoding=\"async\" id=\"wnd_ImageBlock_965491_img\" class=\"\" style=\"color: inherit;font-family: inherit;font-weight: bold\" src=\"https:\/\/2fb3faa66c.cbaul-cdnwnd.com\/b169bad2d3c47ade9278d54c0494aa5c\/200000003-1253712539\/centro%201.png?ph=2fb3faa66c\" alt=\"Unidades principales y l\u00edneas de actuaci\u00f3n\" width=\"96\" height=\"86\" \/><\/p>\n<p>El C.E.I.P. \u00abVirgen de Luna\u00bb cuenta con una l\u00ednea de Educaci\u00f3n Infantil y Primaria, una unidad de Educaci\u00f3n Especial y otra de Audici\u00f3n y Lenguaje.\u00a0 Asimismo, es centro TDE e imparte ense\u00f1anza Biling\u00fce-Ingl\u00e9s desde los 3 a\u00f1os, proyecto aprobado por el Claustro el 30\/10\/2006 dando comienzo en el curso 2007\/2008.<\/p>\n<\/div>\n<\/div>\n<\/div>\n<\/div>\n<\/div>\n<\/div>\n<div class=\"b b-text cf\">\n<div class=\"b-c b-text-c b-s b-s-t60 b-s-b60 b-cs cf\">\n<p>&nbsp;<\/p>\n<p><strong style=\"color: inherit;font-family: inherit;font-size: 30px\">Nuestro dec\u00e1logo\u00a0 \u00a0 \u00a0<\/strong><img loading=\"lazy\" decoding=\"async\" id=\"wnd_ImageBlock_270835_img\" class=\"\" style=\"color: inherit;font-family: inherit;font-weight: bold\" src=\"https:\/\/2fb3faa66c.cbaul-cdnwnd.com\/b169bad2d3c47ade9278d54c0494aa5c\/200000004-eb01beb01d\/centro%202.png?ph=2fb3faa66c\" alt=\"Dec\u00e1logo\" width=\"122\" height=\"43\" \/><\/p>\n<\/div>\n<\/div>\n<div class=\"b b-text cf\">\n<div class=\"b-c b-text-c b-s b-s-t60 b-s-b60 b-cs cf\">\n<p class=\"wnd-align-justify\">Atendiendo a las se\u00f1as de identidad del centro, a las unidades con las que cuenta y a las l\u00edneas de actuaci\u00f3n que lo definen, este Colegio P\u00fablico ha desarrollado el siguiente dec\u00e1logo:<\/p>\n<p>&nbsp;<\/p>\n<p><img loading=\"lazy\" decoding=\"async\" class=\" wp-image-46 aligncenter\" src=\"https:\/\/blogsaverroes.juntadeandalucia.es\/ceipvirgendelunavva\/files\/2025\/11\/decalog-300x210.png\" alt=\"\" width=\"638\" height=\"447\" srcset=\"https:\/\/blogsaverroes.juntadeandalucia.es\/ceipvirgendelunavva\/files\/2025\/11\/decalog-300x210.png 300w, https:\/\/blogsaverroes.juntadeandalucia.es\/ceipvirgendelunavva\/files\/2025\/11\/decalog.png 748w\" sizes=\"(max-width: 638px) 100vw, 638px\" \/><\/p>\n<\/div>\n<\/div>\n<\/div>\n<\/div>\n<\/div>\n<\/div>\n","protected":false},"excerpt":{"rendered":"<p>C.E.I.P. VIRGEN DE LUNA Se\u00f1as de identidad\u00a0 \u00a0 \u00a0 \u00a0 \u00a0 Con m\u00e1s de setenta a\u00f1os de historia docente, el Colegio P\u00fablico \u00abVirgen de Luna\u00bb es uno de los centros m\u00e1s veteranos de la localidad de Villanueva de C\u00f3rdoba. Su profesorado ha estado siempre y est\u00e1\u00a0\u00a0 comprometido con\u00a0 una\u00a0 calidad\u00a0 de\u00a0 la\u00a0 ense\u00f1anza\u00a0 p\u00fablica\u00a0 que\u00a0 &hellip; <\/p>\n<p><a class=\"more-link btn\" href=\"https:\/\/blogsaverroes.juntadeandalucia.es\/ceipvirgendelunavva\/\">Seguir leyendo<\/a><\/p>\n","protected":false},"author":21377,"featured_media":0,"parent":0,"menu_order":0,"comment_status":"closed","ping_status":"closed","template":"","meta":{"footnotes":""},"aioseo_notices":[],"_links":{"self":[{"href":"https:\/\/blogsaverroes.juntadeandalucia.es\/ceipvirgendelunavva\/wp-json\/wp\/v2\/pages\/6"}],"collection":[{"href":"https:\/\/blogsaverroes.juntadeandalucia.es\/ceipvirgendelunavva\/wp-json\/wp\/v2\/pages"}],"about":[{"href":"https:\/\/blogsaverroes.juntadeandalucia.es\/ceipvirgendelunavva\/wp-json\/wp\/v2\/types\/page"}],"author":[{"embeddable":true,"href":"https:\/\/blogsaverroes.juntadeandalucia.es\/ceipvirgendelunavva\/wp-json\/wp\/v2\/users\/21377"}],"replies":[{"embeddable":true,"href":"https:\/\/blogsaverroes.juntadeandalucia.es\/ceipvirgendelunavva\/wp-json\/wp\/v2\/comments?post=6"}],"version-history":[{"count":9,"href":"https:\/\/blogsaverroes.juntadeandalucia.es\/ceipvirgendelunavva\/wp-json\/wp\/v2\/pages\/6\/revisions"}],"predecessor-version":[{"id":185,"href":"https:\/\/blogsaverroes.juntadeandalucia.es\/ceipvirgendelunavva\/wp-json\/wp\/v2\/pages\/6\/revisions\/185"}],"wp:attachment":[{"href":"https:\/\/blogsaverroes.juntadeandalucia.es\/ceipvirgendelunavva\/wp-json\/wp\/v2\/media?parent=6"}],"curies":[{"name":"wp","href":"https:\/\/api.w.org\/{rel}","templated":true}]}}