{"id":86,"date":"2025-12-04T11:18:40","date_gmt":"2025-12-04T10:18:40","guid":{"rendered":"https:\/\/blogsaverroes.juntadeandalucia.es\/ceipvirgendelunavva\/?page_id=86"},"modified":"2026-03-05T11:34:40","modified_gmt":"2026-03-05T10:34:40","slug":"rincon-violeta","status":"publish","type":"page","link":"https:\/\/blogsaverroes.juntadeandalucia.es\/ceipvirgendelunavva\/rincon-violeta\/","title":{"rendered":"RINC\u00d3N VIOLETA"},"content":{"rendered":"<p style=\"text-align: center\"><strong>RINC\u00d3N VIOLETA<\/strong><\/p>\n<p>En nuestro centro, trabajamos activamente para promover la igualdad de g\u00e9nero y prevenir la discriminaci\u00f3n a trav\u00e9s de diversas actuaciones. Algunas de las iniciativas que llevamos a cabo incluyen:<\/p>\n<ul>\n<li>Charlas y talleres sobre ciberacoso, redes sociales y acoso para alumnos mayores y familias, con el objetivo de concienciar sobre los riesgos y consecuencias de estos comportamientos.<\/li>\n<li>Actividades de sensibilizaci\u00f3n y concienciaci\u00f3n sobre la importancia de la igualdad<\/li>\n<li>Creaci\u00f3n de un buz\u00f3n violeta para recibir notificaciones sobre acoso o discriminaci\u00f3n, garantizando un espacio seguro y confidencial para que los alumnos puedan reportar cualquier situaci\u00f3n que les preocupe y la creaci\u00f3n de un protocolo de actuaci\u00f3n en casos de acoso o discriminaci\u00f3n por raz\u00f3n de g\u00e9nero.<\/li>\n<li>Creaci\u00f3n de espacios \u00abVioleta\u00bb donde leer cuentos coeducativos, promoviendo la igualdad y la empat\u00eda a trav\u00e9s de la literatura infantil.<\/li>\n<li>Vinculaci\u00f3n del proyecto \u00abResoluci\u00f3n Dial\u00f3gica de Conflictos: Club de H\u00e9rcules\u00bb con la conmemoraci\u00f3n de la igualdad de g\u00e9nero, utilizando las 12 pruebas de H\u00e9rcules como met\u00e1fora para abordar la igualdad y la lucha contra la violencia de g\u00e9nero de manera positiva, pac\u00edfica y simb\u00f3lica. A trav\u00e9s de este proyecto, promovemos valores como la fortaleza interior, el coraje para hacer el bien, la cooperaci\u00f3n y la capacidad de superar retos.<\/li>\n<li>Fomento de la participaci\u00f3n y liderazgo de las mujeres en la toma de decisiones.<\/li>\n<\/ul>\n<p>Estas actuaciones se enmarcan dentro del Plan de Igualdad del centro, que busca crear un entorno educativo m\u00e1s igualitario y respetuoso, donde todos y todas puedan desarrollarse plenamente. Nuestro objetivo es fomentar una cultura de respeto, empat\u00eda y solidaridad entre todos los miembros de la comunidad educativa.<\/p>\n<p>&nbsp;<\/p>\n<p><img loading=\"lazy\" decoding=\"async\" class=\"aligncenter size-large wp-image-172\" src=\"https:\/\/blogsaverroes.juntadeandalucia.es\/ceipvirgendelunavva\/files\/2025\/12\/WhatsApp-Image-2025-12-05-at-11.18.42-923x1024.jpeg\" alt=\"\" width=\"750\" height=\"832\" srcset=\"https:\/\/blogsaverroes.juntadeandalucia.es\/ceipvirgendelunavva\/files\/2025\/12\/WhatsApp-Image-2025-12-05-at-11.18.42-923x1024.jpeg 923w, https:\/\/blogsaverroes.juntadeandalucia.es\/ceipvirgendelunavva\/files\/2025\/12\/WhatsApp-Image-2025-12-05-at-11.18.42-270x300.jpeg 270w, https:\/\/blogsaverroes.juntadeandalucia.es\/ceipvirgendelunavva\/files\/2025\/12\/WhatsApp-Image-2025-12-05-at-11.18.42-768x852.jpeg 768w, https:\/\/blogsaverroes.juntadeandalucia.es\/ceipvirgendelunavva\/files\/2025\/12\/WhatsApp-Image-2025-12-05-at-11.18.42-750x832.jpeg 750w, https:\/\/blogsaverroes.juntadeandalucia.es\/ceipvirgendelunavva\/files\/2025\/12\/WhatsApp-Image-2025-12-05-at-11.18.42.jpeg 1188w\" sizes=\"(max-width: 750px) 100vw, 750px\" \/> <img loading=\"lazy\" decoding=\"async\" class=\"aligncenter size-large wp-image-171\" src=\"https:\/\/blogsaverroes.juntadeandalucia.es\/ceipvirgendelunavva\/files\/2025\/12\/WhatsApp-Image-2025-12-05-at-10.46.50-1024x768.jpeg\" alt=\"\" width=\"750\" height=\"563\" srcset=\"https:\/\/blogsaverroes.juntadeandalucia.es\/ceipvirgendelunavva\/files\/2025\/12\/WhatsApp-Image-2025-12-05-at-10.46.50-1024x768.jpeg 1024w, https:\/\/blogsaverroes.juntadeandalucia.es\/ceipvirgendelunavva\/files\/2025\/12\/WhatsApp-Image-2025-12-05-at-10.46.50-300x225.jpeg 300w, https:\/\/blogsaverroes.juntadeandalucia.es\/ceipvirgendelunavva\/files\/2025\/12\/WhatsApp-Image-2025-12-05-at-10.46.50-768x576.jpeg 768w, https:\/\/blogsaverroes.juntadeandalucia.es\/ceipvirgendelunavva\/files\/2025\/12\/WhatsApp-Image-2025-12-05-at-10.46.50-1536x1152.jpeg 1536w, https:\/\/blogsaverroes.juntadeandalucia.es\/ceipvirgendelunavva\/files\/2025\/12\/WhatsApp-Image-2025-12-05-at-10.46.50-750x563.jpeg 750w, https:\/\/blogsaverroes.juntadeandalucia.es\/ceipvirgendelunavva\/files\/2025\/12\/WhatsApp-Image-2025-12-05-at-10.46.50.jpeg 1600w\" sizes=\"(max-width: 750px) 100vw, 750px\" \/> <img loading=\"lazy\" decoding=\"async\" class=\"aligncenter size-large wp-image-170\" src=\"https:\/\/blogsaverroes.juntadeandalucia.es\/ceipvirgendelunavva\/files\/2025\/12\/Grafitti-Contra-la-Violencia-de-Genero-498x1024.jpg\" alt=\"\" width=\"498\" height=\"1024\" srcset=\"https:\/\/blogsaverroes.juntadeandalucia.es\/ceipvirgendelunavva\/files\/2025\/12\/Grafitti-Contra-la-Violencia-de-Genero-498x1024.jpg 498w, https:\/\/blogsaverroes.juntadeandalucia.es\/ceipvirgendelunavva\/files\/2025\/12\/Grafitti-Contra-la-Violencia-de-Genero-146x300.jpg 146w, https:\/\/blogsaverroes.juntadeandalucia.es\/ceipvirgendelunavva\/files\/2025\/12\/Grafitti-Contra-la-Violencia-de-Genero-768x1580.jpg 768w, https:\/\/blogsaverroes.juntadeandalucia.es\/ceipvirgendelunavva\/files\/2025\/12\/Grafitti-Contra-la-Violencia-de-Genero-747x1536.jpg 747w, https:\/\/blogsaverroes.juntadeandalucia.es\/ceipvirgendelunavva\/files\/2025\/12\/Grafitti-Contra-la-Violencia-de-Genero-750x1543.jpg 750w, https:\/\/blogsaverroes.juntadeandalucia.es\/ceipvirgendelunavva\/files\/2025\/12\/Grafitti-Contra-la-Violencia-de-Genero.jpg 980w\" sizes=\"(max-width: 498px) 100vw, 498px\" \/> <img loading=\"lazy\" decoding=\"async\" class=\"aligncenter size-large wp-image-169\" src=\"https:\/\/blogsaverroes.juntadeandalucia.es\/ceipvirgendelunavva\/files\/2025\/12\/2e14bde3-b3ff-4090-b17a-ba0edc0317cd-1024x771.jpg\" alt=\"\" width=\"750\" height=\"565\" srcset=\"https:\/\/blogsaverroes.juntadeandalucia.es\/ceipvirgendelunavva\/files\/2025\/12\/2e14bde3-b3ff-4090-b17a-ba0edc0317cd-1024x771.jpg 1024w, https:\/\/blogsaverroes.juntadeandalucia.es\/ceipvirgendelunavva\/files\/2025\/12\/2e14bde3-b3ff-4090-b17a-ba0edc0317cd-300x226.jpg 300w, https:\/\/blogsaverroes.juntadeandalucia.es\/ceipvirgendelunavva\/files\/2025\/12\/2e14bde3-b3ff-4090-b17a-ba0edc0317cd-768x578.jpg 768w, https:\/\/blogsaverroes.juntadeandalucia.es\/ceipvirgendelunavva\/files\/2025\/12\/2e14bde3-b3ff-4090-b17a-ba0edc0317cd-1536x1156.jpg 1536w, https:\/\/blogsaverroes.juntadeandalucia.es\/ceipvirgendelunavva\/files\/2025\/12\/2e14bde3-b3ff-4090-b17a-ba0edc0317cd-750x564.jpg 750w, https:\/\/blogsaverroes.juntadeandalucia.es\/ceipvirgendelunavva\/files\/2025\/12\/2e14bde3-b3ff-4090-b17a-ba0edc0317cd.jpg 1600w\" sizes=\"(max-width: 750px) 100vw, 750px\" \/><\/p>\n","protected":false},"excerpt":{"rendered":"<p>RINC\u00d3N VIOLETA En nuestro centro, trabajamos activamente para promover la igualdad de g\u00e9nero y prevenir la discriminaci\u00f3n a trav\u00e9s de diversas actuaciones. Algunas de las iniciativas que llevamos a cabo incluyen: Charlas y talleres sobre ciberacoso, redes sociales y acoso para alumnos mayores y familias, con el objetivo de concienciar sobre los riesgos y consecuencias &hellip; <\/p>\n<p><a class=\"more-link btn\" href=\"https:\/\/blogsaverroes.juntadeandalucia.es\/ceipvirgendelunavva\/rincon-violeta\/\">Seguir leyendo<\/a><\/p>\n","protected":false},"author":21377,"featured_media":0,"parent":0,"menu_order":0,"comment_status":"closed","ping_status":"closed","template":"","meta":{"footnotes":""},"aioseo_notices":[],"_links":{"self":[{"href":"https:\/\/blogsaverroes.juntadeandalucia.es\/ceipvirgendelunavva\/wp-json\/wp\/v2\/pages\/86"}],"collection":[{"href":"https:\/\/blogsaverroes.juntadeandalucia.es\/ceipvirgendelunavva\/wp-json\/wp\/v2\/pages"}],"about":[{"href":"https:\/\/blogsaverroes.juntadeandalucia.es\/ceipvirgendelunavva\/wp-json\/wp\/v2\/types\/page"}],"author":[{"embeddable":true,"href":"https:\/\/blogsaverroes.juntadeandalucia.es\/ceipvirgendelunavva\/wp-json\/wp\/v2\/users\/21377"}],"replies":[{"embeddable":true,"href":"https:\/\/blogsaverroes.juntadeandalucia.es\/ceipvirgendelunavva\/wp-json\/wp\/v2\/comments?post=86"}],"version-history":[{"count":3,"href":"https:\/\/blogsaverroes.juntadeandalucia.es\/ceipvirgendelunavva\/wp-json\/wp\/v2\/pages\/86\/revisions"}],"predecessor-version":[{"id":388,"href":"https:\/\/blogsaverroes.juntadeandalucia.es\/ceipvirgendelunavva\/wp-json\/wp\/v2\/pages\/86\/revisions\/388"}],"wp:attachment":[{"href":"https:\/\/blogsaverroes.juntadeandalucia.es\/ceipvirgendelunavva\/wp-json\/wp\/v2\/media?parent=86"}],"curies":[{"name":"wp","href":"https:\/\/api.w.org\/{rel}","templated":true}]}}