{"id":5100,"date":"2021-10-31T18:22:44","date_gmt":"2021-10-31T18:22:44","guid":{"rendered":"https:\/\/blogsaverroes.juntadeandalucia.es\/ceipvirgendemontemayor\/?page_id=5100"},"modified":"2021-11-03T12:42:21","modified_gmt":"2021-11-03T12:42:21","slug":"ingles","status":"publish","type":"page","link":"https:\/\/blogsaverroes.juntadeandalucia.es\/ceipvirgendemontemayor\/ingles\/","title":{"rendered":"Ingl\u00e9s"},"content":{"rendered":"<p><img loading=\"lazy\" decoding=\"async\" class=\"aligncenter\" src=\"https:\/\/estaticos-cdn.prensaiberica.es\/clip\/aa41cbff-e69e-43fb-b0d5-b508e75c059b_16-9-aspect-ratio_default_0.jpg\" alt=\"Las 10 ventajas de estudiar ingl\u00e9s en un mundo globalizado - Informaci\u00f3n\" width=\"519\" height=\"292\"><\/p>\n<p>Estudiar&nbsp;<b>ingl\u00e9s es importante porque<\/b> te mostrar\u00e1 otras culturas, estilos de vida y diferentes formas de pensar. Te dar\u00e1 de esta forma la oportunidad de verte a ti mismo con otros ojos, y tal vez descubras aspectos de ti o de tu cultura en los que no hab\u00edas recapacitado antes. Es por ello, que nuestro centro ofrece clases de ingl\u00e9s en horario de tarde, para as\u00ed poder favorecer su aprendizaje.<\/p>\n","protected":false},"excerpt":{"rendered":"<p>Estudiar&nbsp;ingl\u00e9s es importante porque te mostrar\u00e1 otras culturas, estilos de vida y diferentes formas de pensar. Te dar\u00e1 de esta forma la oportunidad de verte a ti mismo con otros ojos, y tal vez&#46;&#46;&#46;<\/p>\n","protected":false},"author":2216,"featured_media":0,"parent":0,"menu_order":0,"comment_status":"closed","ping_status":"closed","template":"","meta":{"ngg_post_thumbnail":0,"footnotes":"","_mc_calendar":[]},"aioseo_notices":[],"_links":{"self":[{"href":"https:\/\/blogsaverroes.juntadeandalucia.es\/ceipvirgendemontemayor\/wp-json\/wp\/v2\/pages\/5100"}],"collection":[{"href":"https:\/\/blogsaverroes.juntadeandalucia.es\/ceipvirgendemontemayor\/wp-json\/wp\/v2\/pages"}],"about":[{"href":"https:\/\/blogsaverroes.juntadeandalucia.es\/ceipvirgendemontemayor\/wp-json\/wp\/v2\/types\/page"}],"author":[{"embeddable":true,"href":"https:\/\/blogsaverroes.juntadeandalucia.es\/ceipvirgendemontemayor\/wp-json\/wp\/v2\/users\/2216"}],"replies":[{"embeddable":true,"href":"https:\/\/blogsaverroes.juntadeandalucia.es\/ceipvirgendemontemayor\/wp-json\/wp\/v2\/comments?post=5100"}],"version-history":[{"count":3,"href":"https:\/\/blogsaverroes.juntadeandalucia.es\/ceipvirgendemontemayor\/wp-json\/wp\/v2\/pages\/5100\/revisions"}],"predecessor-version":[{"id":5106,"href":"https:\/\/blogsaverroes.juntadeandalucia.es\/ceipvirgendemontemayor\/wp-json\/wp\/v2\/pages\/5100\/revisions\/5106"}],"wp:attachment":[{"href":"https:\/\/blogsaverroes.juntadeandalucia.es\/ceipvirgendemontemayor\/wp-json\/wp\/v2\/media?parent=5100"}],"curies":[{"name":"wp","href":"https:\/\/api.w.org\/{rel}","templated":true}]}}