{"id":77,"date":"2015-03-16T06:54:56","date_gmt":"2015-03-16T06:54:56","guid":{"rendered":"http:\/\/blogsaverroes.juntadeandalucia.es\/pre\/ceip\/?page_id=77"},"modified":"2021-10-31T16:16:15","modified_gmt":"2021-10-31T16:16:15","slug":"secretaria","status":"publish","type":"page","link":"https:\/\/blogsaverroes.juntadeandalucia.es\/ceipvirgendemontemayor\/secretaria\/","title":{"rendered":"Secretar\u00eda \/ Conserjer\u00eda"},"content":{"rendered":"<p><img loading=\"lazy\" decoding=\"async\" class=\"aligncenter\" src=\"https:\/\/media.istockphoto.com\/vectors\/busy-secretary-smiling-with-laptop-vector-id834467010?k=20&amp;m=834467010&amp;s=612x612&amp;w=0&amp;h=g78iE--AqW3LdKS-d3TD4uvGnzgv9P9njTFMRArffec=\" alt=\"Secretaria Vectores Libres de Derechos - iStock\" width=\"215\" height=\"161\"><\/p>\n<p>Nuestra <strong>secretaria, Inma Gonz\u00e1lez,&nbsp;<\/strong> desarrolla muchas funciones importantes en la vida de nuestro centro, especialmente en la relaci\u00f3n que mantiene con las familias en los diferentes tr\u00e1mites administrativos a lo largo de la escolarizaci\u00f3n: admisi\u00f3n, matr\u00edcula, comedor escolar, becas, etc.<\/p>\n<p><img decoding=\"async\" class=\"aligncenter\" src=\"https:\/\/encrypted-tbn0.gstatic.com\/images?q=tbn:ANd9GcSglIiqIk35WBiIrToJAgMYNJ0xeupRxfrZ1A&amp;usqp=CAU\" alt=\"CONSERJE NUEVO EN EL COLEGIO | CEIP Gloria Fuertes, Cobisa (Toledo)\"><\/p>\n<p>Nuestro <strong>conserje, Jos\u00e9 Antonio Piosa,<\/strong> realiza las labores propias del cargo, adem\u00e1s de prestarse y comprometerse con las diferentes tareas que se le solicitan.<\/p>\n<p>&nbsp;<\/p>\n<p>&nbsp;<\/p>\n<p>&nbsp;<\/p>\n","protected":false},"excerpt":{"rendered":"<p>Nuestra secretaria, Inma Gonz\u00e1lez,&nbsp; desarrolla muchas funciones importantes en la vida de nuestro centro, especialmente en la relaci\u00f3n que mantiene con las familias en los diferentes tr\u00e1mites administrativos a lo largo de la escolarizaci\u00f3n:&#46;&#46;&#46;<\/p>\n","protected":false},"author":1,"featured_media":0,"parent":0,"menu_order":0,"comment_status":"closed","ping_status":"open","template":"","meta":{"ngg_post_thumbnail":0,"footnotes":"","_mc_calendar":[]},"aioseo_notices":[],"_links":{"self":[{"href":"https:\/\/blogsaverroes.juntadeandalucia.es\/ceipvirgendemontemayor\/wp-json\/wp\/v2\/pages\/77"}],"collection":[{"href":"https:\/\/blogsaverroes.juntadeandalucia.es\/ceipvirgendemontemayor\/wp-json\/wp\/v2\/pages"}],"about":[{"href":"https:\/\/blogsaverroes.juntadeandalucia.es\/ceipvirgendemontemayor\/wp-json\/wp\/v2\/types\/page"}],"author":[{"embeddable":true,"href":"https:\/\/blogsaverroes.juntadeandalucia.es\/ceipvirgendemontemayor\/wp-json\/wp\/v2\/users\/1"}],"replies":[{"embeddable":true,"href":"https:\/\/blogsaverroes.juntadeandalucia.es\/ceipvirgendemontemayor\/wp-json\/wp\/v2\/comments?post=77"}],"version-history":[{"count":9,"href":"https:\/\/blogsaverroes.juntadeandalucia.es\/ceipvirgendemontemayor\/wp-json\/wp\/v2\/pages\/77\/revisions"}],"predecessor-version":[{"id":5020,"href":"https:\/\/blogsaverroes.juntadeandalucia.es\/ceipvirgendemontemayor\/wp-json\/wp\/v2\/pages\/77\/revisions\/5020"}],"wp:attachment":[{"href":"https:\/\/blogsaverroes.juntadeandalucia.es\/ceipvirgendemontemayor\/wp-json\/wp\/v2\/media?parent=77"}],"curies":[{"name":"wp","href":"https:\/\/api.w.org\/{rel}","templated":true}]}}