{"id":49,"date":"2015-03-13T08:47:05","date_gmt":"2015-03-13T08:47:05","guid":{"rendered":"http:\/\/blogsaverroes.juntadeandalucia.es\/pre\/ceip\/?page_id=49"},"modified":"2024-09-22T06:57:32","modified_gmt":"2024-09-22T06:57:32","slug":"proyecto-educativo","status":"publish","type":"page","link":"https:\/\/blogsaverroes.juntadeandalucia.es\/ceipvirgendesetefilla\/proyecto-educativo\/","title":{"rendered":"Plan de Centro"},"content":{"rendered":"<p>El Plan de Centro constituye un documento vivo, que seg\u00fan el <strong>Art. 126 &nbsp;de la Ley 17\/2007,<\/strong> d<em>e 10 de diciembre, de Educaci\u00f3n en Andaluc\u00eda<\/em>, est\u00e1 compuesto por el Proyecto Educativo, el Reglamento de Organizaci\u00f3n y Funcionamiento, y el Proyecto de Gesti\u00f3n.<\/p>\n<p>En l\u00edneas generales expresa las se\u00f1as de identidad de nuestro Centro, y m\u00e1s concretamente es el referente del principio de autonom\u00eda pedag\u00f3gica, de organizaci\u00f3n y de gesti\u00f3n, que posee car\u00e1cter sist\u00e9mico e integrador.<\/p>\n<p>Es un conjunto de documentos que se revisa anualmente, y que se adapta y parte de las necesidades, caracter\u00edsticas, dificultades, avances y acuerdos que se recogen en Claustro y Consejo Escolar.<\/p>\n<p>Al finalizar cada curso escolar se eval\u00faa el grado de cumplimiento del Plan de Centro, y las cuestiones m\u00e1s relevantes se recogen en la Memoria de Autoevaluaci\u00f3n.<\/p>\n<p>&nbsp;<\/p>\n<p>https:\/\/issuu.com\/ptvirgendesetefilla\/docs\/plan_de_centro_2020<\/p>\n<p>&nbsp;<\/p>\n<p>&nbsp;<\/p>\n<p>Actualizaci\u00f3n del Proyecto Educativo durante el curso 2023\/2024<\/p>\n<p><a href=\"https:\/\/blogsaverroes.juntadeandalucia.es\/ceipvirgendesetefilla\/files\/2024\/09\/Proyecto-Educativo-2.jpg\"><img loading=\"lazy\" decoding=\"async\" class=\"alignnone size-medium wp-image-2647\" src=\"https:\/\/blogsaverroes.juntadeandalucia.es\/ceipvirgendesetefilla\/files\/2024\/09\/Proyecto-Educativo-2-212x300.jpg\" alt=\"\" width=\"212\" height=\"300\" srcset=\"https:\/\/blogsaverroes.juntadeandalucia.es\/ceipvirgendesetefilla\/files\/2024\/09\/Proyecto-Educativo-2-212x300.jpg 212w, https:\/\/blogsaverroes.juntadeandalucia.es\/ceipvirgendesetefilla\/files\/2024\/09\/Proyecto-Educativo-2-724x1024.jpg 724w, https:\/\/blogsaverroes.juntadeandalucia.es\/ceipvirgendesetefilla\/files\/2024\/09\/Proyecto-Educativo-2-768x1086.jpg 768w, https:\/\/blogsaverroes.juntadeandalucia.es\/ceipvirgendesetefilla\/files\/2024\/09\/Proyecto-Educativo-2-1086x1536.jpg 1086w, https:\/\/blogsaverroes.juntadeandalucia.es\/ceipvirgendesetefilla\/files\/2024\/09\/Proyecto-Educativo-2.jpg 1131w\" sizes=\"(max-width: 212px) 100vw, 212px\" \/><\/a> &nbsp;<a href=\"https:\/\/heyzine.com\/flip-book\/1ff5eb2042.html\">https:\/\/heyzine.com\/flip-book\/1ff5eb2042.html<\/a><\/p>\n<p>&nbsp;<\/p>\n<p>&nbsp;<\/p>\n<p>&nbsp;<\/p>\n<p>&nbsp;<\/p>\n","protected":false},"excerpt":{"rendered":"<p>El Plan de Centro constituye un documento vivo, que seg\u00fan el Art. 126 &nbsp;de la Ley 17\/2007, de 10 de diciembre, de Educaci\u00f3n en Andaluc\u00eda, est\u00e1 compuesto por el Proyecto Educativo, el Reglamento de&#46;&#46;&#46;<\/p>\n","protected":false},"author":1,"featured_media":0,"parent":0,"menu_order":0,"comment_status":"closed","ping_status":"open","template":"","meta":{"ngg_post_thumbnail":0,"footnotes":"","_mc_calendar":[]},"aioseo_notices":[],"_links":{"self":[{"href":"https:\/\/blogsaverroes.juntadeandalucia.es\/ceipvirgendesetefilla\/wp-json\/wp\/v2\/pages\/49"}],"collection":[{"href":"https:\/\/blogsaverroes.juntadeandalucia.es\/ceipvirgendesetefilla\/wp-json\/wp\/v2\/pages"}],"about":[{"href":"https:\/\/blogsaverroes.juntadeandalucia.es\/ceipvirgendesetefilla\/wp-json\/wp\/v2\/types\/page"}],"author":[{"embeddable":true,"href":"https:\/\/blogsaverroes.juntadeandalucia.es\/ceipvirgendesetefilla\/wp-json\/wp\/v2\/users\/1"}],"replies":[{"embeddable":true,"href":"https:\/\/blogsaverroes.juntadeandalucia.es\/ceipvirgendesetefilla\/wp-json\/wp\/v2\/comments?post=49"}],"version-history":[{"count":15,"href":"https:\/\/blogsaverroes.juntadeandalucia.es\/ceipvirgendesetefilla\/wp-json\/wp\/v2\/pages\/49\/revisions"}],"predecessor-version":[{"id":2648,"href":"https:\/\/blogsaverroes.juntadeandalucia.es\/ceipvirgendesetefilla\/wp-json\/wp\/v2\/pages\/49\/revisions\/2648"}],"wp:attachment":[{"href":"https:\/\/blogsaverroes.juntadeandalucia.es\/ceipvirgendesetefilla\/wp-json\/wp\/v2\/media?parent=49"}],"curies":[{"name":"wp","href":"https:\/\/api.w.org\/{rel}","templated":true}]}}