{"id":141,"date":"2021-03-02T09:00:24","date_gmt":"2021-03-02T09:00:24","guid":{"rendered":"http:\/\/blogsaverroes.juntadeandalucia.es\/pre\/ceip\/?page_id=141"},"modified":"2022-03-02T08:21:22","modified_gmt":"2022-03-02T08:21:22","slug":"escolarizacion","status":"publish","type":"page","link":"https:\/\/blogsaverroes.juntadeandalucia.es\/ceipvistaalegre\/escolarizacion\/","title":{"rendered":"Escolarizaci\u00f3n"},"content":{"rendered":"<p><img loading=\"lazy\" decoding=\"async\" class=\"n3VNCb\" src=\"https:\/\/www.feandalucia.ccoo.es\/imgsub\/p29i1649.jpg\" alt=\"Resultado de imagen de Escolarizaci\u00f3n andalucia\" width=\"362\" height=\"188\" data-noaft=\"1\"><\/p>\n<p>Desde el 1 de marzo est\u00e1 <strong>abierto el plazo para la tramitaci\u00f3n y entrega de las solicitudes de admisi\u00f3n para la Etapa de Educaci\u00f3n Infantil. <\/strong>Este procedimiento se puede realizar a trav\u00e9s de 2 v\u00edas:<strong><br \/>\n<\/strong><\/p>\n<ul>\n<li><strong>De forma telem\u00e1tica<\/strong> <strong>(del<\/strong> 1<strong>&nbsp;al 31 de marzo)<\/strong>.<\/li>\n<li><strong>De forma presencial<\/strong> en el centro, <strong>de lunes a viernes (del 2 al 28 de marzo)<\/strong>. De forma extraordinaria, hasta el 31 de marzo.<\/li>\n<\/ul>\n<p>El calendario de aplicaci\u00f3n de la Escolarizaci\u00f3n 2022\/2023 es el siguiente (pulsar sobre enlace)<\/p>\n<p><a href=\"https:\/\/www.juntadeandalucia.es\/educacion\/portals\/web\/escolarizacion\/infantil-a-bachillerato\/calendario\"><strong>Calendario de Escolarizaci\u00f3n para el curso 2022\/2023<\/strong><\/a><\/p>\n<p>Les recordamos que, en cumplimiento del protocolo COVID19, es necesario <strong>SOLICITAR CITA A TRAV\u00c9S DEL TEL\u00c9FONO DEL CENTRO&nbsp;<\/strong> <strong>antes de venir. <\/strong><\/p>\n<p>El horario&nbsp;general de Secretar\u00eda durante el per\u00edodo de escolarizaci\u00f3n ser\u00e1:<\/p>\n<ul style=\"list-style-type: circle\">\n<li><strong>Lunes y Martes:<\/strong> De 12:00h a 13:30h<\/li>\n<li><strong>Mi\u00e9rcoles, Jueves y Viernes:<\/strong> de 13:00h a 13:30h<\/li>\n<\/ul>\n<p>&nbsp;<\/p>\n<p><strong>SOLICITUD DE ADMISI\u00d3N TELEM\u00c1TICA (Secretar\u00eda virtual)&nbsp;&nbsp; <\/strong><\/p>\n<p>Pulsando el enlace pueden acceder a la <a href=\"https:\/\/www.juntadeandalucia.es\/educacion\/secretariavirtual\/accesoTramite\/543\/\">Secretar\u00eda Virtual de la Junta de Andaluc\u00eda<\/a>, para la presentaci\u00f3n telem\u00e1tica de la Solicitud de Admisi\u00f3n. Puede presentarla digitalmente mediante 2 v\u00edas:<\/p>\n<ol>\n<li>Con clave <strong>iAnde<\/strong><\/li>\n<li>Con <strong>certificado digital<\/strong><\/li>\n<li>Cumplimentando el <strong>documento online<\/strong>. Luego, generar\u00e1 un <strong>documento en PDF<\/strong> que podr\u00e1 usted imprimir, y a continuaci\u00f3n, <strong>entregar el documento en el centro presencialmente<\/strong>, previa cita.\n<p><figure id=\"attachment_2812\" aria-describedby=\"caption-attachment-2812\" style=\"width: 375px\" class=\"wp-caption aligncenter\"><a href=\"https:\/\/www.juntadeandalucia.es\/educacion\/secretariavirtual\/accesoTramite\/543\/\"><img loading=\"lazy\" decoding=\"async\" class=\"wp-image-2812\" src=\"https:\/\/blogsaverroes.juntadeandalucia.es\/ceipvistaalegre\/files\/2021\/03\/Screenshot_2021-03-02-16-56-03-171_com.android.chrome_1-1024x715.jpg\" alt=\"\" width=\"375\" height=\"262\" srcset=\"https:\/\/blogsaverroes.juntadeandalucia.es\/ceipvistaalegre\/files\/2021\/03\/Screenshot_2021-03-02-16-56-03-171_com.android.chrome_1-1024x715.jpg 1024w, https:\/\/blogsaverroes.juntadeandalucia.es\/ceipvistaalegre\/files\/2021\/03\/Screenshot_2021-03-02-16-56-03-171_com.android.chrome_1-300x209.jpg 300w, https:\/\/blogsaverroes.juntadeandalucia.es\/ceipvistaalegre\/files\/2021\/03\/Screenshot_2021-03-02-16-56-03-171_com.android.chrome_1-768x536.jpg 768w, https:\/\/blogsaverroes.juntadeandalucia.es\/ceipvistaalegre\/files\/2021\/03\/Screenshot_2021-03-02-16-56-03-171_com.android.chrome_1.jpg 1080w\" sizes=\"(max-width: 375px) 100vw, 375px\" \/><\/a><figcaption id=\"caption-attachment-2812\" class=\"wp-caption-text\">&nbsp;&nbsp;&nbsp;&nbsp;&nbsp;&nbsp;&nbsp;&nbsp;&nbsp;&nbsp;&nbsp;&nbsp;&nbsp;&nbsp;&nbsp;&nbsp;&nbsp;&nbsp;&nbsp;&nbsp;&nbsp;&nbsp;&nbsp;&nbsp;&nbsp;&nbsp;&nbsp;&nbsp;&nbsp;&nbsp;&nbsp;&nbsp; <a href=\"https:\/\/www.juntadeandalucia.es\/educacion\/secretariavirtual\/accesoTramite\/543\/\">Acceda a Secretar\u00eda virtual.<\/a><\/figcaption><\/figure><\/li>\n<\/ol>\n<ul>\n<li>De cualquier manera es imprescindible que, <strong>si se opta por la v\u00eda telem\u00e1tica, se adjunte toda la&nbsp; documentaci\u00f3n acreditativa en PDF en la propia solicitud electr\u00f3nica<\/strong>. Y por tanto, dichos documentos <strong>ya no se podr\u00e1n entregar presencialmente en el centro<\/strong>.<\/li>\n<li>En caso de cualquier necesidad o aclaraci\u00f3n sobre las solicitudes presentadas, el centro se pondr\u00e1 en contacto con las familias, a trav\u00e9s de los tel\u00e9fonos que hayan facilitado en la solicitud.<\/li>\n<\/ul>\n<p><strong>SOLICITUD DE ADMISI\u00d3N PRESENCIAL (Secretar\u00eda virtual)&nbsp;&nbsp;<\/strong><\/p>\n<ul>\n<li>Descargue desde aqu\u00ed la Solicitud de Admisi\u00f3n en PDF (Anexo III) A continuaci\u00f3n, es necesario imprimir, cumplimentar y entregar presencialmente el documento en el centro, previa cita.<\/li>\n<\/ul>\n<p style=\"text-align: center\"><a href=\"https:\/\/drive.google.com\/file\/d\/1NBcTkHEC85UwvwNC_63poo08jIgvbrM9\/view?usp=sharing\"><img loading=\"lazy\" decoding=\"async\" class=\"alignnone wp-image-2667 aligncenter\" src=\"https:\/\/blogsaverroes.juntadeandalucia.es\/ceipvistaalegre\/files\/2021\/02\/downloadpdf.png\" alt=\"\" width=\"55\" height=\"55\" srcset=\"https:\/\/blogsaverroes.juntadeandalucia.es\/ceipvistaalegre\/files\/2021\/02\/downloadpdf.png 225w, https:\/\/blogsaverroes.juntadeandalucia.es\/ceipvistaalegre\/files\/2021\/02\/downloadpdf-150x150.png 150w\" sizes=\"(max-width: 55px) 100vw, 55px\" \/> Descargar Anexo III en PDF<\/a><\/p>\n","protected":false},"excerpt":{"rendered":"<p>Desde el 1 de marzo est\u00e1 abierto el plazo para la tramitaci\u00f3n y entrega de las solicitudes de admisi\u00f3n para la Etapa de Educaci\u00f3n Infantil.&hellip;<\/p>\n","protected":false},"author":1,"featured_media":0,"parent":0,"menu_order":0,"comment_status":"closed","ping_status":"open","template":"page-cs.php","meta":{"ngg_post_thumbnail":0,"footnotes":"","_mc_calendar":[]},"aioseo_notices":[],"_links":{"self":[{"href":"https:\/\/blogsaverroes.juntadeandalucia.es\/ceipvistaalegre\/wp-json\/wp\/v2\/pages\/141"}],"collection":[{"href":"https:\/\/blogsaverroes.juntadeandalucia.es\/ceipvistaalegre\/wp-json\/wp\/v2\/pages"}],"about":[{"href":"https:\/\/blogsaverroes.juntadeandalucia.es\/ceipvistaalegre\/wp-json\/wp\/v2\/types\/page"}],"author":[{"embeddable":true,"href":"https:\/\/blogsaverroes.juntadeandalucia.es\/ceipvistaalegre\/wp-json\/wp\/v2\/users\/1"}],"replies":[{"embeddable":true,"href":"https:\/\/blogsaverroes.juntadeandalucia.es\/ceipvistaalegre\/wp-json\/wp\/v2\/comments?post=141"}],"version-history":[{"count":22,"href":"https:\/\/blogsaverroes.juntadeandalucia.es\/ceipvistaalegre\/wp-json\/wp\/v2\/pages\/141\/revisions"}],"predecessor-version":[{"id":3022,"href":"https:\/\/blogsaverroes.juntadeandalucia.es\/ceipvistaalegre\/wp-json\/wp\/v2\/pages\/141\/revisions\/3022"}],"wp:attachment":[{"href":"https:\/\/blogsaverroes.juntadeandalucia.es\/ceipvistaalegre\/wp-json\/wp\/v2\/media?parent=141"}],"curies":[{"name":"wp","href":"https:\/\/api.w.org\/{rel}","templated":true}]}}