{"id":2265,"date":"2021-01-18T09:06:28","date_gmt":"2021-01-18T09:06:28","guid":{"rendered":"https:\/\/blogsaverroes.juntadeandalucia.es\/ceipvistaalegre\/?page_id=2265"},"modified":"2024-03-04T13:57:22","modified_gmt":"2024-03-04T11:57:22","slug":"comunicate","status":"publish","type":"page","link":"https:\/\/blogsaverroes.juntadeandalucia.es\/ceipvistaalegre\/comunicate\/","title":{"rendered":"Comun\u00edcate"},"content":{"rendered":"\r\n<p><strong>\u00bfC\u00d3MO COMUNICARME CON EL CENTRO?<\/strong><\/p>\r\n<p>&nbsp;<\/p>\r\n\r\n\r\n\r\n<div class=\"wp-block-image\">\r\n<figure class=\"alignleft is-resized\"><img loading=\"lazy\" decoding=\"async\" class=\"\" src=\"https:\/\/i0.wp.com\/www3.gobiernodecanarias.org\/medusa\/edublog\/ceipfernandoguanarteme\/wp-content\/uploads\/sites\/232\/2019\/10\/tutoria-familias.png?fit=606%2C480\" alt=\"Tutor\u00eda con las familias \u2013 CEIP FERNANDO GUANARTEME\" width=\"188\" height=\"149\"><\/figure>\r\n<\/div>\r\n\r\n\r\n\r\n<p>La mejor manera de contactar y comunicarse con el centro es<strong> mediante una solicitud de tutor\u00eda,<\/strong> previa cita a trav\u00e9s de Pasen. Es la forma m\u00e1s correcta, util y directa de comunicarnos. La experiencia, adem\u00e1s, nos muestra que la mayor\u00eda de malentendidos suelen solucionarse a trav\u00e9s de esta modalidad de reuni\u00f3n, y <strong>no a trav\u00e9s de mensajes de m\u00f3vil o correo electr\u00f3nico, una herramienta que s\u00f3lo deben utilizar para asuntos menores o consultas sencillas.<\/strong><\/p>\r\n<p>En segundo lugar, se recomienda el uso de PASEN, la App oficial de la Consejer\u00eda de Educaci\u00f3n de la Junta de Andaluc\u00eda para informaci\u00f3n y mensajer\u00eda interna con el profesorado y el centro. Tambi\u00e9n pueden consultarse calificaciones. Se recomienda un uso prudencial de la herramienta, pues los asuntos importantes se resuelven mucho mejor en el centro, cara a cara.&nbsp;<\/p>\r\n<ul style=\"list-style-type: circle\">\r\n<li>El horario general de tutor\u00edas es: <strong>LUNES 16:00h &#8211; 17:00h<\/strong><\/li>\r\n<\/ul>\r\n\r\n\r\n\r\n<p>Por \u00faltimo, es fundamental que<strong> cualquier consulta o comentario que quiera plantear con respecto al alumnado, sea presentada en primer lugar ante el<\/strong> <strong>tutor\/a de referencia, y no ante instancias superiores (equipo directivo)<\/strong>. El profesorado, adem\u00e1s, podr\u00e1 generar un acta de la reuni\u00f3n dejando constancia de lo expresado y acordado en la misma. Es un derecho y un deber de familias y profesorado que, adem\u00e1s, garantiza los pasos adecuados en caso de necesitar elevar dicha comunicaci\u00f3n. De forma general, el <strong>equipo directivo no atender\u00e1<\/strong> <strong>consultas propias de la tutor\u00eda sin que previamente haya habido una reuni\u00f3n con el propio tutor\/a sobre ese tema.<\/strong><\/p>\r\n\r\n\r\n\r\n\r\n\r\n<p>A continuaci\u00f3n, le recomendamos que observen este gr\u00e1fico que refleja el protocolo a seguir para comunicarse con el centro. Por \u00faltimo, le recomendamos tambi\u00e9n que <strong>accedan a \u00abDatos de contacto\u00bb en el men\u00fa de la web. <\/strong><\/p>\r\n<p><a href=\"https:\/\/blogsaverroes.juntadeandalucia.es\/ceipvistaalegre\/files\/2021\/01\/COMUN\u00cdCATE-CON-TU-CENTRO.jpg\"><img loading=\"lazy\" decoding=\"async\" class=\"alignnone size-large wp-image-2266\" src=\"https:\/\/blogsaverroes.juntadeandalucia.es\/ceipvistaalegre\/files\/2021\/01\/COMUN\u00cdCATE-CON-TU-CENTRO-1024x576.jpg\" alt=\"\" width=\"782\" height=\"440\" srcset=\"https:\/\/blogsaverroes.juntadeandalucia.es\/ceipvistaalegre\/files\/2021\/01\/COMUN\u00cdCATE-CON-TU-CENTRO-1024x576.jpg 1024w, https:\/\/blogsaverroes.juntadeandalucia.es\/ceipvistaalegre\/files\/2021\/01\/COMUN\u00cdCATE-CON-TU-CENTRO-300x169.jpg 300w, https:\/\/blogsaverroes.juntadeandalucia.es\/ceipvistaalegre\/files\/2021\/01\/COMUN\u00cdCATE-CON-TU-CENTRO-768x432.jpg 768w, https:\/\/blogsaverroes.juntadeandalucia.es\/ceipvistaalegre\/files\/2021\/01\/COMUN\u00cdCATE-CON-TU-CENTRO-24x14.jpg 24w, https:\/\/blogsaverroes.juntadeandalucia.es\/ceipvistaalegre\/files\/2021\/01\/COMUN\u00cdCATE-CON-TU-CENTRO-36x20.jpg 36w, https:\/\/blogsaverroes.juntadeandalucia.es\/ceipvistaalegre\/files\/2021\/01\/COMUN\u00cdCATE-CON-TU-CENTRO-48x27.jpg 48w, https:\/\/blogsaverroes.juntadeandalucia.es\/ceipvistaalegre\/files\/2021\/01\/COMUN\u00cdCATE-CON-TU-CENTRO.jpg 1280w\" sizes=\"(max-width: 782px) 100vw, 782px\" \/><\/a><\/p>\r\n","protected":false},"excerpt":{"rendered":"<p>\u00bfC\u00d3MO COMUNICARME CON EL CENTRO? &nbsp; La mejor manera de contactar y comunicarse con el centro es mediante una solicitud de tutor\u00eda, previa cita a&hellip;<\/p>\n","protected":false},"author":3443,"featured_media":0,"parent":0,"menu_order":0,"comment_status":"closed","ping_status":"closed","template":"","meta":{"ngg_post_thumbnail":0,"footnotes":"","_mc_calendar":[]},"aioseo_notices":[],"_links":{"self":[{"href":"https:\/\/blogsaverroes.juntadeandalucia.es\/ceipvistaalegre\/wp-json\/wp\/v2\/pages\/2265"}],"collection":[{"href":"https:\/\/blogsaverroes.juntadeandalucia.es\/ceipvistaalegre\/wp-json\/wp\/v2\/pages"}],"about":[{"href":"https:\/\/blogsaverroes.juntadeandalucia.es\/ceipvistaalegre\/wp-json\/wp\/v2\/types\/page"}],"author":[{"embeddable":true,"href":"https:\/\/blogsaverroes.juntadeandalucia.es\/ceipvistaalegre\/wp-json\/wp\/v2\/users\/3443"}],"replies":[{"embeddable":true,"href":"https:\/\/blogsaverroes.juntadeandalucia.es\/ceipvistaalegre\/wp-json\/wp\/v2\/comments?post=2265"}],"version-history":[{"count":9,"href":"https:\/\/blogsaverroes.juntadeandalucia.es\/ceipvistaalegre\/wp-json\/wp\/v2\/pages\/2265\/revisions"}],"predecessor-version":[{"id":3344,"href":"https:\/\/blogsaverroes.juntadeandalucia.es\/ceipvistaalegre\/wp-json\/wp\/v2\/pages\/2265\/revisions\/3344"}],"wp:attachment":[{"href":"https:\/\/blogsaverroes.juntadeandalucia.es\/ceipvistaalegre\/wp-json\/wp\/v2\/media?parent=2265"}],"curies":[{"name":"wp","href":"https:\/\/api.w.org\/{rel}","templated":true}]}}