{"id":2296,"date":"2021-01-21T19:33:26","date_gmt":"2021-01-21T19:33:26","guid":{"rendered":"https:\/\/blogsaverroes.juntadeandalucia.es\/ceipvistaalegre\/?page_id=2296"},"modified":"2021-01-27T12:26:34","modified_gmt":"2021-01-27T12:26:34","slug":"documentos-covid19","status":"publish","type":"page","link":"https:\/\/blogsaverroes.juntadeandalucia.es\/ceipvistaalegre\/documentos-covid19\/","title":{"rendered":"Documentos COVID19"},"content":{"rendered":"<p>El presente <strong>Plan de Contingencia<\/strong> ha sido elaborado por la Comisi\u00f3n Espec\u00edfica COVID-19, regulada por las Instrucciones 6 de julio de la Viceconsejer\u00eda de Educaci\u00f3n y Deporte relativas a la organizaci\u00f3n de los centros docentes para el curso escolar 2020\/2021, motivada por la crisis sanitaria del COVID-19, del CEIP VISTA ALEGRE seg\u00fan modelo homologado facilitado por la Consejer\u00eda de Educaci\u00f3n y Deporte. A continuaci\u00f3n, puede pulsar sobre la imagen de la portada para <strong>acceder y descargar el documento en PDF<\/strong>.<\/p>\r\n<figure id=\"attachment_2299\" aria-describedby=\"caption-attachment-2299\" style=\"width: 213px\" class=\"wp-caption aligncenter\"><a href=\"https:\/\/drive.google.com\/file\/d\/1ulyjBpQ_4wSt6k_jGNeqCQYjgBzHGckm\/view?usp=sharing\" target=\"_blank\" rel=\"noopener noreferrer\"><img loading=\"lazy\" decoding=\"async\" class=\"wp-image-2299\" src=\"https:\/\/blogsaverroes.juntadeandalucia.es\/ceipvistaalegre\/files\/2021\/01\/Protocolo-COVID19.png\" alt=\"Protocolo COVID19\" width=\"213\" height=\"248\" srcset=\"https:\/\/blogsaverroes.juntadeandalucia.es\/ceipvistaalegre\/files\/2021\/01\/Protocolo-COVID19.png 473w, https:\/\/blogsaverroes.juntadeandalucia.es\/ceipvistaalegre\/files\/2021\/01\/Protocolo-COVID19-258x300.png 258w, https:\/\/blogsaverroes.juntadeandalucia.es\/ceipvistaalegre\/files\/2021\/01\/Protocolo-COVID19-21x24.png 21w, https:\/\/blogsaverroes.juntadeandalucia.es\/ceipvistaalegre\/files\/2021\/01\/Protocolo-COVID19-31x36.png 31w, https:\/\/blogsaverroes.juntadeandalucia.es\/ceipvistaalegre\/files\/2021\/01\/Protocolo-COVID19-41x48.png 41w\" sizes=\"(max-width: 213px) 100vw, 213px\" \/><\/a><figcaption id=\"caption-attachment-2299\" class=\"wp-caption-text\">&nbsp;&nbsp;&nbsp;&nbsp;&nbsp;&nbsp;&nbsp;&nbsp;&nbsp;&nbsp;&nbsp;&nbsp;&nbsp;&nbsp;&nbsp;&nbsp;&nbsp; &nbsp; &nbsp;<a href=\"https:\/\/drive.google.com\/file\/d\/1ulyjBpQ_4wSt6k_jGNeqCQYjgBzHGckm\/view?usp=sharing\" target=\"_blank\" rel=\"noopener noreferrer\">Descargar<\/a><\/figcaption><\/figure>\r\n<p style=\"text-align: center\">&nbsp;\u00daltima actualizaci\u00f3n: 25\/01\/2021<\/p>\r\n<p>&nbsp;<\/p>\r\n<p>A continuaci\u00f3n, les presentamos tambi\u00e9n unas versiones resumidas del protocolo:<\/p>\r\n\r\n<table style=\"height: 263px;width: 99.7409%;border-collapse: collapse;border-style: none\">\r\n<tbody>\r\n<tr>\r\n<td style=\"width: 33.6741%\">\r\n<p style=\"text-align: center\"><strong>Protocolo: Infantil de 3 a\u00f1os<\/strong><\/p>\r\n<a href=\"https:\/\/drive.google.com\/file\/d\/1bQxn5QjNTl9tnUbDzx8HQ9N2e60Mujd6\/view?usp=sharing\" target=\"_blank\" rel=\"noopener noreferrer\"><img loading=\"lazy\" decoding=\"async\" class=\"aligncenter wp-image-2300\" src=\"https:\/\/blogsaverroes.juntadeandalucia.es\/ceipvistaalegre\/files\/2021\/01\/NYCS-bull-trans-3.svg_-1024x1024.png\" alt=\"\" width=\"71\" height=\"71\" srcset=\"https:\/\/blogsaverroes.juntadeandalucia.es\/ceipvistaalegre\/files\/2021\/01\/NYCS-bull-trans-3.svg_-1024x1024.png 1024w, https:\/\/blogsaverroes.juntadeandalucia.es\/ceipvistaalegre\/files\/2021\/01\/NYCS-bull-trans-3.svg_-300x300.png 300w, https:\/\/blogsaverroes.juntadeandalucia.es\/ceipvistaalegre\/files\/2021\/01\/NYCS-bull-trans-3.svg_-150x150.png 150w, https:\/\/blogsaverroes.juntadeandalucia.es\/ceipvistaalegre\/files\/2021\/01\/NYCS-bull-trans-3.svg_-768x768.png 768w, https:\/\/blogsaverroes.juntadeandalucia.es\/ceipvistaalegre\/files\/2021\/01\/NYCS-bull-trans-3.svg_-100x100.png 100w, https:\/\/blogsaverroes.juntadeandalucia.es\/ceipvistaalegre\/files\/2021\/01\/NYCS-bull-trans-3.svg_-24x24.png 24w, https:\/\/blogsaverroes.juntadeandalucia.es\/ceipvistaalegre\/files\/2021\/01\/NYCS-bull-trans-3.svg_-36x36.png 36w, https:\/\/blogsaverroes.juntadeandalucia.es\/ceipvistaalegre\/files\/2021\/01\/NYCS-bull-trans-3.svg_-48x48.png 48w, https:\/\/blogsaverroes.juntadeandalucia.es\/ceipvistaalegre\/files\/2021\/01\/NYCS-bull-trans-3.svg_.png 1200w\" sizes=\"(max-width: 71px) 100vw, 71px\" \/><\/a>\r\n<p style=\"text-align: center\"><a href=\"https:\/\/drive.google.com\/file\/d\/1bQxn5QjNTl9tnUbDzx8HQ9N2e60Mujd6\/view?usp=sharing\" target=\"_blank\" rel=\"noopener noreferrer\">Descargar<\/a><\/p>\r\n<\/td>\r\n<td style=\"width: 32.7551%\">\r\n<p style=\"text-align: center\"><strong>Protocolo: Infantil de 4-5 a\u00f1os<\/strong><\/p>\r\n<p style=\"text-align: center\"><a href=\"https:\/\/drive.google.com\/file\/d\/1bQxn5QjNTl9tnUbDzx8HQ9N2e60Mujd6\/view?usp=sharing\" target=\"_blank\" rel=\"noopener noreferrer\"><img loading=\"lazy\" decoding=\"async\" class=\"alignnone wp-image-2302\" src=\"https:\/\/blogsaverroes.juntadeandalucia.es\/ceipvistaalegre\/files\/2021\/01\/\u00edndice.png\" alt=\"\" width=\"91\" height=\"91\" srcset=\"https:\/\/blogsaverroes.juntadeandalucia.es\/ceipvistaalegre\/files\/2021\/01\/\u00edndice.png 225w, https:\/\/blogsaverroes.juntadeandalucia.es\/ceipvistaalegre\/files\/2021\/01\/\u00edndice-150x150.png 150w, https:\/\/blogsaverroes.juntadeandalucia.es\/ceipvistaalegre\/files\/2021\/01\/\u00edndice-100x100.png 100w, https:\/\/blogsaverroes.juntadeandalucia.es\/ceipvistaalegre\/files\/2021\/01\/\u00edndice-24x24.png 24w, https:\/\/blogsaverroes.juntadeandalucia.es\/ceipvistaalegre\/files\/2021\/01\/\u00edndice-36x36.png 36w, https:\/\/blogsaverroes.juntadeandalucia.es\/ceipvistaalegre\/files\/2021\/01\/\u00edndice-48x48.png 48w\" sizes=\"(max-width: 91px) 100vw, 91px\" \/><\/a><a href=\"https:\/\/drive.google.com\/file\/d\/1bQxn5QjNTl9tnUbDzx8HQ9N2e60Mujd6\/view?usp=sharing\" target=\"_blank\" rel=\"noopener noreferrer\"><img loading=\"lazy\" decoding=\"async\" class=\"alignnone wp-image-2301\" src=\"https:\/\/blogsaverroes.juntadeandalucia.es\/ceipvistaalegre\/files\/2021\/01\/\u00edndice5.png\" alt=\"\" width=\"95\" height=\"63\" srcset=\"https:\/\/blogsaverroes.juntadeandalucia.es\/ceipvistaalegre\/files\/2021\/01\/\u00edndice5.png 275w, https:\/\/blogsaverroes.juntadeandalucia.es\/ceipvistaalegre\/files\/2021\/01\/\u00edndice5-24x16.png 24w, https:\/\/blogsaverroes.juntadeandalucia.es\/ceipvistaalegre\/files\/2021\/01\/\u00edndice5-36x24.png 36w, https:\/\/blogsaverroes.juntadeandalucia.es\/ceipvistaalegre\/files\/2021\/01\/\u00edndice5-48x32.png 48w\" sizes=\"(max-width: 95px) 100vw, 95px\" \/><\/a><\/p>\r\n<p style=\"text-align: center\"><a href=\"https:\/\/drive.google.com\/file\/d\/1bQxn5QjNTl9tnUbDzx8HQ9N2e60Mujd6\/view?usp=sharing\" target=\"_blank\" rel=\"noopener noreferrer\">Descargar<\/a><\/p>\r\n<\/td>\r\n<td style=\"width: 79.3004%\">\r\n<p style=\"text-align: center\"><strong>Protocolo: Educaci\u00f3n Primaria<\/strong><\/p>\r\n<p style=\"text-align: center\"><a href=\"https:\/\/drive.google.com\/file\/d\/1UNodxd99XxmwILhNNKxCxN3awcIhLhLN\/view?usp=sharing\" target=\"_blank\" rel=\"noopener noreferrer\"><img loading=\"lazy\" decoding=\"async\" class=\"aligncenter wp-image-2303\" src=\"https:\/\/blogsaverroes.juntadeandalucia.es\/ceipvistaalegre\/files\/2021\/01\/primaria.png\" alt=\"\" width=\"123\" height=\"106\" srcset=\"https:\/\/blogsaverroes.juntadeandalucia.es\/ceipvistaalegre\/files\/2021\/01\/primaria.png 242w, https:\/\/blogsaverroes.juntadeandalucia.es\/ceipvistaalegre\/files\/2021\/01\/primaria-24x21.png 24w, https:\/\/blogsaverroes.juntadeandalucia.es\/ceipvistaalegre\/files\/2021\/01\/primaria-36x31.png 36w, https:\/\/blogsaverroes.juntadeandalucia.es\/ceipvistaalegre\/files\/2021\/01\/primaria-48x41.png 48w\" sizes=\"(max-width: 123px) 100vw, 123px\" \/><\/a><a href=\"https:\/\/drive.google.com\/file\/d\/1UNodxd99XxmwILhNNKxCxN3awcIhLhLN\/view?usp=sharing\">Descargar<\/a><\/p>\r\n<\/td>\r\n<\/tr>\r\n<\/tbody>\r\n<\/table>\r\n<figure class=\"wp-block-table is-style-regular\"><\/figure>\r\n","protected":false},"excerpt":{"rendered":"<p>El presente Plan de Contingencia ha sido elaborado por la Comisi\u00f3n Espec\u00edfica COVID-19, regulada por las Instrucciones 6 de julio de la Viceconsejer\u00eda de Educaci\u00f3n&hellip;<\/p>\n","protected":false},"author":3443,"featured_media":0,"parent":0,"menu_order":0,"comment_status":"closed","ping_status":"closed","template":"","meta":{"ngg_post_thumbnail":0,"footnotes":"","_mc_calendar":[]},"aioseo_notices":[],"_links":{"self":[{"href":"https:\/\/blogsaverroes.juntadeandalucia.es\/ceipvistaalegre\/wp-json\/wp\/v2\/pages\/2296"}],"collection":[{"href":"https:\/\/blogsaverroes.juntadeandalucia.es\/ceipvistaalegre\/wp-json\/wp\/v2\/pages"}],"about":[{"href":"https:\/\/blogsaverroes.juntadeandalucia.es\/ceipvistaalegre\/wp-json\/wp\/v2\/types\/page"}],"author":[{"embeddable":true,"href":"https:\/\/blogsaverroes.juntadeandalucia.es\/ceipvistaalegre\/wp-json\/wp\/v2\/users\/3443"}],"replies":[{"embeddable":true,"href":"https:\/\/blogsaverroes.juntadeandalucia.es\/ceipvistaalegre\/wp-json\/wp\/v2\/comments?post=2296"}],"version-history":[{"count":7,"href":"https:\/\/blogsaverroes.juntadeandalucia.es\/ceipvistaalegre\/wp-json\/wp\/v2\/pages\/2296\/revisions"}],"predecessor-version":[{"id":2411,"href":"https:\/\/blogsaverroes.juntadeandalucia.es\/ceipvistaalegre\/wp-json\/wp\/v2\/pages\/2296\/revisions\/2411"}],"wp:attachment":[{"href":"https:\/\/blogsaverroes.juntadeandalucia.es\/ceipvistaalegre\/wp-json\/wp\/v2\/media?parent=2296"}],"curies":[{"name":"wp","href":"https:\/\/api.w.org\/{rel}","templated":true}]}}