{"id":2676,"date":"2024-09-13T10:21:49","date_gmt":"2024-09-13T08:21:49","guid":{"rendered":"https:\/\/blogsaverroes.juntadeandalucia.es\/ceipvistaalegre\/?page_id=2676"},"modified":"2025-09-15T13:25:39","modified_gmt":"2025-09-15T11:25:39","slug":"como-solicitarlo","status":"publish","type":"page","link":"https:\/\/blogsaverroes.juntadeandalucia.es\/ceipvistaalegre\/como-solicitarlo\/","title":{"rendered":"\u00bfC\u00f3mo y cu\u00e1ndo solicitar servicio de comedor o aula matinal? \u00bfY bonificaciones?"},"content":{"rendered":"<p><a href=\"https:\/\/blogsaverroes.juntadeandalucia.es\/ceipvistaalegre\/files\/2021\/02\/Comedor.jpg\"><img loading=\"lazy\" decoding=\"async\" class=\"wp-image-2436 alignleft\" src=\"https:\/\/blogsaverroes.juntadeandalucia.es\/ceipvistaalegre\/files\/2021\/02\/Comedor.jpg\" alt=\"\" width=\"220\" height=\"164\" srcset=\"https:\/\/blogsaverroes.juntadeandalucia.es\/ceipvistaalegre\/files\/2021\/02\/Comedor.jpg 216w, https:\/\/blogsaverroes.juntadeandalucia.es\/ceipvistaalegre\/files\/2021\/02\/Comedor-24x18.jpg 24w, https:\/\/blogsaverroes.juntadeandalucia.es\/ceipvistaalegre\/files\/2021\/02\/Comedor-36x27.jpg 36w, https:\/\/blogsaverroes.juntadeandalucia.es\/ceipvistaalegre\/files\/2021\/02\/Comedor-48x36.jpg 48w\" sizes=\"(max-width: 220px) 100vw, 220px\" \/><img loading=\"lazy\" decoding=\"async\" class=\" wp-image-3794 alignleft\" src=\"https:\/\/blogsaverroes.juntadeandalucia.es\/ceipvistaalegre\/files\/2025\/05\/aula-matinal.jpg\" alt=\"\" width=\"201\" height=\"153\"><\/a><\/p>\n<p>&nbsp;<\/p>\n<p>&nbsp;<\/p>\n<p>&nbsp;<\/p>\n<p>&nbsp;<\/p>\n<p>&nbsp;<\/p>\n<p><strong>1. SOLICITUDES DE COMEDOR EN JUNIO<\/strong><\/p>\n<p><strong>De forma general, para solicitar el servicio de cara al siguiente curso, se realizan en la primera semana de junio de cada a\u00f1o<\/strong>, durante el periodo de matriculaci\u00f3n (no de escolarizaci\u00f3n). Si existieran plazas, tras la lista definitiva de admitidos en junio y a trav\u00e9s de la lista ordenada de suplencias, <strong>se pueden realizar nuevas solicitudes a partir del 1 de septiembre<\/strong>, y de forma general, luego puede solicitarse igualmente, <strong>durante todo el curso escolar.<\/strong><\/p>\n<p>Todas las solicitudes se realizar\u00e1n a trav\u00e9s de la <a href=\"https:\/\/www.juntadeandalucia.es\/educacion\/secretariavirtual\/solicitudes\/\">Secretar\u00eda Virtual de la Junta de Andaluc\u00eda<\/a> con el propio sobre digital de matr\u00edcula. Se recomienda realizar un buen escaneo de la documentaci\u00f3n en formato PDF (no fotos sueltas o borrosas) que se pretenda adjuntar (vida laboral, certificados de horario de empresa&#8230;). Para ello, pueden usar la herramienta de escaneo de Google Drive, f\u00e1cil e intuitiva.<\/p>\n<p>Este servicio tambi\u00e9n cuenta con una<strong> gratuidad\/bonificaci\u00f3n<\/strong> cuyos plazos de solicitud suelen ser del <strong>1 al 8 de septiembre de cada a\u00f1o.<\/strong><\/p>\n<p><strong>ES IMPRESCINDIBLE QUE TODA LA DOCUMENTACI\u00d3N CUENTE CON FECHAS DENTRO DE LOS PLAZOS ESTABLECIDOS. EN CASO DE SER ANTERIOR O POSTERIOR A ESAS FECHAS, ESTA DOCUMENTACI\u00d3N NO TENDR\u00c1 VALIDEZ.<\/strong><\/p>\n<p>&nbsp;<\/p>\n<p><strong>2. A PARTIR DE SEPTIEMBRE Y RESTO DEL CURSO<\/strong><\/p>\n<p><strong>En cualquier momento del curso podr\u00e1 solicitarse igualmente el servicio de comedor o de aula matinal<\/strong>, aunque su admisi\u00f3n quedar\u00e1 sujeta a que existan plazas vacantes. En estos casos, recomendamos que, antes de la solicitud, informen al coordinador de comedor a trav\u00e9s de la plataforma PASEN.<\/p>\n<p>La documentaci\u00f3n y el proceso se realizar\u00e1 a trav\u00e9s del correo de comedor: <strong><span class=\"qu\" role=\"gridcell\"><span class=\"go\">11603609.comedorescolar@g.educaand.es <\/span><\/span><\/strong><\/p>\n<ul>\n<li><span class=\"qu\" role=\"gridcell\"><span class=\"go\">El correo debe escribirse poniendo el servicio que se solicite, con el nombre, apellidos y curso\/grupo actual del alumno\/a.<\/span><\/span><\/li>\n<li>Debe adjuntarse obligatoriamente la solicitud de servicio de comedor y\/o aula matinal, rellena, escaneada y firmada. No se admitir\u00e1 ninguna solicitud sin firma o sin rellenar debidamente. Aqu\u00ed pueden descargarlo.<br \/>\n<h5 class=\"documento-entry__datos__title\"><a href=\"https:\/\/portales.ced.junta-andalucia.es\/educacion\/portales\/documents\/20123\/837342\/ANEXO%20II%20corregido.pdf\/d8acfa29-d283-43ee-81e0-f6aa57ecfe56?version=1.0&amp;documentThumbnail=1\" target=\"_blank\" rel=\"noopener\"><img loading=\"lazy\" decoding=\"async\" class=\"alignnone wp-image-2667\" src=\"https:\/\/blogsaverroes.juntadeandalucia.es\/ceipvistaalegre\/files\/2021\/02\/downloadpdf.png\" alt=\"\" width=\"50\" height=\"50\" srcset=\"https:\/\/blogsaverroes.juntadeandalucia.es\/ceipvistaalegre\/files\/2021\/02\/downloadpdf.png 225w, https:\/\/blogsaverroes.juntadeandalucia.es\/ceipvistaalegre\/files\/2021\/02\/downloadpdf-150x150.png 150w\" sizes=\"(max-width: 50px) 100vw, 50px\" \/><\/a><a class=\"documento-entry__datos--titulo\" title=\"Ver documento Anexo II: Solicitud de servicio de aula matinal, comedor escolar o actividades extraescolares\" href=\"https:\/\/portales.ced.junta-andalucia.es\/educacion\/portales\/documents\/20123\/837342\/ANEXO%20II%20corregido.pdf\/d8acfa29-d283-43ee-81e0-f6aa57ecfe56?version=1.0\" target=\"_blank\" rel=\"noopener\">Anexo II: Solicitud de servicio de aula matinal, comedor escolar o actividades extraescolares&nbsp; &nbsp; &nbsp;<\/a><\/h5>\n<\/li>\n<li><strong>Se adjuntar\u00e1 la documentaci\u00f3n que acredite la situaci\u00f3n laboral de la famili<\/strong>a (vidas laborales y certificados de horario en la empresa) as\u00ed como cualquier documento que pueda argumentar la situaci\u00f3n familiar que justifique la solicitud.<\/li>\n<li><span class=\"qu\" role=\"gridcell\"><span class=\"go\"><strong>Se debe realizar un buen escaneo de la documentaci\u00f3n en formato PDF<\/strong> (no fotos sueltas o borrosas) que se pretenda adjuntar (vida laboral, certificados de horario de empresa&#8230;). Para ello, pueden usar la herramienta de escaneo de Google Drive, que es muy f\u00e1cil e intuitiva. En caso de que no sepan o no puedan, podr\u00edan solicitar un servicio de escaneado en una papeler\u00eda. El sistema no admitir\u00e1 ning\u00fan documento acreditativo (vidas laborales, certificados de horario en empresa&#8230;) que no est\u00e9 escaneado correctamente en PDF, borroso o con las p\u00e1ginas en formato de fotograf\u00eda, o no organizadas por documentos.<\/span><\/span><\/li>\n<\/ul>\n<p><strong>Es muy importante recordar que los documentos deber\u00e1n figurar con fechas del \u00faltimo mes antes de la solicitud, y no anteriores a ese \u00faltimo mes de la fecha en la que se solicita.<\/strong>&nbsp;<\/p>\n<p>En este caso,<strong>&nbsp;la familia deber\u00e1 esperar<\/strong> a que la documentaci\u00f3n sea tramitada y aceptada por el sistema, que notificar\u00e1 la situaci\u00f3n al final del proceso. Dependiendo de las circunstancias y la documentaci\u00f3n aportada, podr\u00eda tener plaza directa o esperar en lista de espera. Aquellas familias cuyas condiciones pertenezcan a un grupo de los denominados prioritarios seg\u00fan normativa (por ejemplo, los que tengan a sus dos tutores legales trabajando), tendr\u00e1n garantizada su plaza de forma autom\u00e1tica, siempre que este supuesto se acredite documentalmente.<\/p>\n<p>&nbsp;<\/p>\n<p><strong>3. BONIFICACIONES<\/strong><\/p>\n<ul>\n<li><strong>Para las familias que han obtenido plaza en junio, las bonificaciones se realizan generalmente en la primera semana de septiembre,<\/strong> de forma telem\u00e1tica, a trav\u00e9s de la <strong>Secretar\u00eda Virtual<\/strong> de la Junta de Andaluc\u00eda, dentro de los plazos que establezca normativa cada a\u00f1o.<\/li>\n<li>Para las familias que <strong>solicitan comedor en septiembre, o durante el curso 2025\/2026<\/strong>, <strong>porque no lo hicieron en junio o no obtuvieron plaza entonces<\/strong>, deben realizar la <strong>solicitud de bonificaci\u00f3n UNA VEZ OBTENGAN LA PLAZA OFICIALMENTE<\/strong>. Desde ese momento, una vez recibida confirmaci\u00f3n de que el alumno\/a est\u00e1 de alta, <strong>tendr\u00e1n 72 horas y podr\u00e1n solicitar la bonificaci\u00f3n trav\u00e9s del procedimiento manual,<\/strong> es decir, rellenando el <strong>Anexo oficial de de Gratuidad\/Bonificaci\u00f3n (enlace debajo)<\/strong>&nbsp;que, a continuaci\u00f3n, os enlazamos. Como siempre en estos casos, es imprescindible en este orden: descargar el documento, rellenarlo (ya sea a ordenador o a bol\u00edgrafo tras imprimirlo), y luego tras obtenerlo, firmarlo, escanearlo y enviarlo al correo: <strong><span class=\"qu\" role=\"gridcell\"><span class=\"go\">11603609.comedorescolar@g.educaand.es&nbsp;<\/span><\/span><\/strong><\/li>\n<li>Una vez se haya tramitado, desde el centro se dar\u00e1 aviso de ello cuando est\u00e9 realizado.<\/li>\n<\/ul>\n<p><a href=\"https:\/\/www.juntadeandalucia.es\/haciendayadministracionpublica\/rpa-icms-doc\/icmsDescargaDoc.do?tipo=4b40ba71bf0bae77c7a9e6765035191a&amp;id=a8887e9809f1acdd46593efdace082bb\" target=\"_blank\" rel=\"noopener\"><img loading=\"lazy\" decoding=\"async\" class=\"alignnone wp-image-2667\" src=\"https:\/\/blogsaverroes.juntadeandalucia.es\/ceipvistaalegre\/files\/2021\/02\/downloadpdf.png\" alt=\"\" width=\"42\" height=\"42\" srcset=\"https:\/\/blogsaverroes.juntadeandalucia.es\/ceipvistaalegre\/files\/2021\/02\/downloadpdf.png 225w, https:\/\/blogsaverroes.juntadeandalucia.es\/ceipvistaalegre\/files\/2021\/02\/downloadpdf-150x150.png 150w\" sizes=\"(max-width: 42px) 100vw, 42px\" \/><\/a> <a href=\"https:\/\/www.juntadeandalucia.es\/haciendayadministracionpublica\/rpa-icms-doc\/icmsDescargaDoc.do?tipo=4b40ba71bf0bae77c7a9e6765035191a&amp;id=a8887e9809f1acdd46593efdace082bb\" target=\"_blank\" rel=\"noopener\">Solicitud de Bonificaci\u00f3n\/Gratuidad de servicios complementarios<\/a>.&nbsp;<\/p>\n<p>A mediados de septiembre, desde la Secretar\u00eda Virtual podr\u00e1n consultar los resultados de las bonificaciones para quienes los solicitaron formalmente. Para el resto, las bonificaciones solicitadas se notificar\u00e1n en cuanto est\u00e9n disponibles.<\/p>\n","protected":false},"excerpt":{"rendered":"<p>&nbsp; &nbsp; &nbsp; &nbsp; &nbsp; 1. SOLICITUDES DE COMEDOR EN JUNIO De forma general, para solicitar el servicio de cara al siguiente curso, se realizan&hellip;<\/p>\n","protected":false},"author":3443,"featured_media":0,"parent":0,"menu_order":0,"comment_status":"closed","ping_status":"closed","template":"","meta":{"ngg_post_thumbnail":0,"footnotes":"","_mc_calendar":[]},"aioseo_notices":[],"_links":{"self":[{"href":"https:\/\/blogsaverroes.juntadeandalucia.es\/ceipvistaalegre\/wp-json\/wp\/v2\/pages\/2676"}],"collection":[{"href":"https:\/\/blogsaverroes.juntadeandalucia.es\/ceipvistaalegre\/wp-json\/wp\/v2\/pages"}],"about":[{"href":"https:\/\/blogsaverroes.juntadeandalucia.es\/ceipvistaalegre\/wp-json\/wp\/v2\/types\/page"}],"author":[{"embeddable":true,"href":"https:\/\/blogsaverroes.juntadeandalucia.es\/ceipvistaalegre\/wp-json\/wp\/v2\/users\/3443"}],"replies":[{"embeddable":true,"href":"https:\/\/blogsaverroes.juntadeandalucia.es\/ceipvistaalegre\/wp-json\/wp\/v2\/comments?post=2676"}],"version-history":[{"count":19,"href":"https:\/\/blogsaverroes.juntadeandalucia.es\/ceipvistaalegre\/wp-json\/wp\/v2\/pages\/2676\/revisions"}],"predecessor-version":[{"id":3854,"href":"https:\/\/blogsaverroes.juntadeandalucia.es\/ceipvistaalegre\/wp-json\/wp\/v2\/pages\/2676\/revisions\/3854"}],"wp:attachment":[{"href":"https:\/\/blogsaverroes.juntadeandalucia.es\/ceipvistaalegre\/wp-json\/wp\/v2\/media?parent=2676"}],"curies":[{"name":"wp","href":"https:\/\/api.w.org\/{rel}","templated":true}]}}