{"id":3090,"date":"2022-05-17T09:55:02","date_gmt":"2022-05-17T07:55:02","guid":{"rendered":"https:\/\/blogsaverroes.juntadeandalucia.es\/ceipvistaalegre\/?page_id=3090"},"modified":"2022-05-17T13:11:26","modified_gmt":"2022-05-17T11:11:26","slug":"biblioteca-de-proyectos","status":"publish","type":"page","link":"https:\/\/blogsaverroes.juntadeandalucia.es\/ceipvistaalegre\/biblioteca-de-proyectos\/","title":{"rendered":"Biblioteca de proyectos"},"content":{"rendered":"<p>A continuaci\u00f3n, presentamos algunos ejemplos de los portafolios de escritura de los proyectos que se realizan en el CEIP Vista Alegre. El modelo a seguir est\u00e1 orientado y coordinado a trav\u00e9s del Proyecto Ling\u00fc\u00edstico de Centro (PLC). Cada alumno\/a, de forma graduada por edades, realiza unos 6 portafolios de proyectos cada curso desde Infantil a 6\u00ba de Primaria, que contienen todo el curr\u00edculum de las \u00e1reas cient\u00edficas (Ciencias sociales y naturales) y ling\u00fc\u00edstica (Lengua y Literatura). Adem\u00e1s, el resto de \u00e1reas (Art\u00edsticas, Idiomas, E. F\u00edsica, Religi\u00f3n\/Valores C\u00edvicos&#8230;) realizan aportaciones a ese proyecto troncal.<\/p>\n<p>Estos primeros hacen referencia b\u00e1sicamente al proyecto hist\u00f3rico \u00abLa Pepa 1812\u00bb, pero estamos, adem\u00e1s, organizando en carpetas muchos de nuestros proyectos, para tenerlos disponibles online a modo de archivo o biblioteca digital de proyectos del alumnado.<\/p>\n<table style=\"border-collapse: collapse;width: 100%;height: 503px\">\n<tbody>\n<tr style=\"height: 407px\">\n<td style=\"width: 33.3333%;text-align: center;height: 407px\"><a href=\"https:\/\/drive.google.com\/file\/d\/1V9OzeWGOUlIl63iY6EtvRiOrKgsEpd9_\/view?usp=sharing\"><img loading=\"lazy\" decoding=\"async\" class=\"alignnone wp-image-3095\" src=\"https:\/\/blogsaverroes.juntadeandalucia.es\/ceipvistaalegre\/files\/2022\/05\/6\u00ba-Primaria.png\" alt=\"\" width=\"263\" height=\"369\" srcset=\"https:\/\/blogsaverroes.juntadeandalucia.es\/ceipvistaalegre\/files\/2022\/05\/6\u00ba-Primaria.png 405w, https:\/\/blogsaverroes.juntadeandalucia.es\/ceipvistaalegre\/files\/2022\/05\/6\u00ba-Primaria-214x300.png 214w\" sizes=\"(max-width: 263px) 100vw, 263px\" \/><\/a><\/p>\n<p><a href=\"https:\/\/drive.google.com\/file\/d\/1V9OzeWGOUlIl63iY6EtvRiOrKgsEpd9_\/view?usp=sharing\" target=\"_blank\" rel=\"noopener noreferrer\"><img loading=\"lazy\" decoding=\"async\" class=\"aligncenter wp-image-2667\" style=\"font-family: inherit;font-size: inherit\" src=\"https:\/\/blogsaverroes.juntadeandalucia.es\/ceipvistaalegre\/files\/2021\/02\/downloadpdf.png\" alt=\"\" width=\"49\" height=\"49\" srcset=\"https:\/\/blogsaverroes.juntadeandalucia.es\/ceipvistaalegre\/files\/2021\/02\/downloadpdf.png 225w, https:\/\/blogsaverroes.juntadeandalucia.es\/ceipvistaalegre\/files\/2021\/02\/downloadpdf-150x150.png 150w\" sizes=\"(max-width: 49px) 100vw, 49px\" \/><\/a><\/td>\n<td style=\"width: 33.3333%;height: 407px\"><a href=\"https:\/\/drive.google.com\/file\/d\/1eAYPypEdcsqtuW5BwXcEETDLU_CHekQk\/view?usp=sharing\" target=\"_blank\" rel=\"noopener noreferrer\"><img loading=\"lazy\" decoding=\"async\" class=\"aligncenter wp-image-3096\" src=\"https:\/\/blogsaverroes.juntadeandalucia.es\/ceipvistaalegre\/files\/2022\/05\/Portada-5\u00ba.png\" alt=\"\" width=\"275\" height=\"379\" srcset=\"https:\/\/blogsaverroes.juntadeandalucia.es\/ceipvistaalegre\/files\/2022\/05\/Portada-5\u00ba.png 401w, https:\/\/blogsaverroes.juntadeandalucia.es\/ceipvistaalegre\/files\/2022\/05\/Portada-5\u00ba-218x300.png 218w\" sizes=\"(max-width: 275px) 100vw, 275px\" \/><\/a><\/p>\n<p><a href=\"https:\/\/drive.google.com\/file\/d\/1eAYPypEdcsqtuW5BwXcEETDLU_CHekQk\/view?usp=sharing\" target=\"_blank\" rel=\"noopener noreferrer\"><img loading=\"lazy\" decoding=\"async\" class=\"aligncenter\" src=\"https:\/\/blogsaverroes.juntadeandalucia.es\/ceipvistaalegre\/files\/2021\/02\/downloadpdf.png\" alt=\"\" width=\"50\" height=\"50\"><\/a><\/td>\n<td style=\"width: 33.3333%;height: 407px\"><a href=\"https:\/\/drive.google.com\/file\/d\/1Vaez9VlEqtYqCJk2uPqaHfm_JXNcr6-v\/view?usp=sharing\" target=\"_blank\" rel=\"noopener noreferrer\"><img loading=\"lazy\" decoding=\"async\" class=\"aligncenter wp-image-3097\" src=\"https:\/\/blogsaverroes.juntadeandalucia.es\/ceipvistaalegre\/files\/2022\/05\/Portada-4\u00ba.png\" alt=\"\" width=\"248\" height=\"353\" srcset=\"https:\/\/blogsaverroes.juntadeandalucia.es\/ceipvistaalegre\/files\/2022\/05\/Portada-4\u00ba.png 395w, https:\/\/blogsaverroes.juntadeandalucia.es\/ceipvistaalegre\/files\/2022\/05\/Portada-4\u00ba-210x300.png 210w\" sizes=\"(max-width: 248px) 100vw, 248px\" \/><\/a><a href=\"https:\/\/drive.google.com\/file\/d\/1Vaez9VlEqtYqCJk2uPqaHfm_JXNcr6-v\/view?usp=sharing\" target=\"_blank\" rel=\"noopener noreferrer\"><img loading=\"lazy\" decoding=\"async\" class=\"aligncenter\" src=\"https:\/\/blogsaverroes.juntadeandalucia.es\/ceipvistaalegre\/files\/2021\/02\/downloadpdf.png\" alt=\"\" width=\"50\" height=\"50\"><\/a><\/td>\n<\/tr>\n<tr style=\"height: 24px\">\n<td style=\"width: 33.3333%;height: 24px;text-align: center\"><a href=\"https:\/\/drive.google.com\/file\/d\/1V9OzeWGOUlIl63iY6EtvRiOrKgsEpd9_\/view?usp=sharing\">Portafolios proyecto de 6\u00ba Primaria<\/a><\/td>\n<td style=\"width: 33.3333%;height: 24px;text-align: center\"><a href=\"https:\/\/drive.google.com\/file\/d\/1eAYPypEdcsqtuW5BwXcEETDLU_CHekQk\/view?usp=sharing\">Portafolios proyecto de 5\u00ba Primaria<\/a><\/td>\n<td style=\"width: 33.3333%;height: 24px;text-align: center\"><a href=\"https:\/\/drive.google.com\/file\/d\/1Vaez9VlEqtYqCJk2uPqaHfm_JXNcr6-v\/view?usp=sharing\">Portafolios proyecto de 4\u00ba Primaria<\/a><\/td>\n<\/tr>\n<tr style=\"height: 24px\">\n<td style=\"width: 33.3333%;height: 24px;text-align: center\">&nbsp;<\/p>\n<p><a href=\"https:\/\/drive.google.com\/file\/d\/1WM4PT_mPPQYjkqWxVT_RN4JKHJlvTmv3\/view?usp=sharing\" target=\"_blank\" rel=\"noopener noreferrer\"><img loading=\"lazy\" decoding=\"async\" class=\"alignnone wp-image-3098\" src=\"https:\/\/blogsaverroes.juntadeandalucia.es\/ceipvistaalegre\/files\/2022\/05\/Portada-3\u00ba.png\" alt=\"\" width=\"288\" height=\"420\" srcset=\"https:\/\/blogsaverroes.juntadeandalucia.es\/ceipvistaalegre\/files\/2022\/05\/Portada-3\u00ba.png 253w, https:\/\/blogsaverroes.juntadeandalucia.es\/ceipvistaalegre\/files\/2022\/05\/Portada-3\u00ba-206x300.png 206w\" sizes=\"(max-width: 288px) 100vw, 288px\" \/><\/a><\/p>\n<p><a href=\"https:\/\/drive.google.com\/file\/d\/1WM4PT_mPPQYjkqWxVT_RN4JKHJlvTmv3\/view?usp=sharing\" target=\"_blank\" rel=\"noopener noreferrer\"><img loading=\"lazy\" decoding=\"async\" class=\"aligncenter\" src=\"https:\/\/blogsaverroes.juntadeandalucia.es\/ceipvistaalegre\/files\/2021\/02\/downloadpdf.png\" alt=\"\" width=\"50\" height=\"50\"><\/a><\/td>\n<td style=\"width: 33.3333%;height: 24px;text-align: center\">&nbsp;<\/p>\n<p><a href=\"https:\/\/drive.google.com\/file\/d\/1WfZ8x2gX693ttkX4_f2qOZFYyfz2bT3F\/view?usp=sharing\" target=\"_blank\" rel=\"noopener noreferrer\"><img loading=\"lazy\" decoding=\"async\" class=\"alignnone wp-image-3100\" src=\"https:\/\/blogsaverroes.juntadeandalucia.es\/ceipvistaalegre\/files\/2022\/05\/Portada-2\u00ba.png\" alt=\"\" width=\"263\" height=\"373\" srcset=\"https:\/\/blogsaverroes.juntadeandalucia.es\/ceipvistaalegre\/files\/2022\/05\/Portada-2\u00ba.png 269w, https:\/\/blogsaverroes.juntadeandalucia.es\/ceipvistaalegre\/files\/2022\/05\/Portada-2\u00ba-212x300.png 212w\" sizes=\"(max-width: 263px) 100vw, 263px\" \/><\/a>&nbsp;<\/p>\n<p>&nbsp;<\/p>\n<p><a href=\"https:\/\/drive.google.com\/file\/d\/1WfZ8x2gX693ttkX4_f2qOZFYyfz2bT3F\/view?usp=sharing\" target=\"_blank\" rel=\"noopener noreferrer\"><img loading=\"lazy\" decoding=\"async\" class=\"aligncenter\" src=\"https:\/\/blogsaverroes.juntadeandalucia.es\/ceipvistaalegre\/files\/2021\/02\/downloadpdf.png\" alt=\"\" width=\"50\" height=\"50\"><\/a><\/td>\n<td style=\"width: 33.3333%;height: 24px;text-align: center\"><a href=\"https:\/\/drive.google.com\/file\/d\/1WfZ8x2gX693ttkX4_f2qOZFYyfz2bT3F\/view?usp=sharing\" target=\"_blank\" rel=\"noopener noreferrer\"><img loading=\"lazy\" decoding=\"async\" class=\"alignnone wp-image-3101\" src=\"https:\/\/blogsaverroes.juntadeandalucia.es\/ceipvistaalegre\/files\/2022\/05\/Portada-1\u00ba.png\" alt=\"\" width=\"352\" height=\"489\" srcset=\"https:\/\/blogsaverroes.juntadeandalucia.es\/ceipvistaalegre\/files\/2022\/05\/Portada-1\u00ba.png 401w, https:\/\/blogsaverroes.juntadeandalucia.es\/ceipvistaalegre\/files\/2022\/05\/Portada-1\u00ba-216x300.png 216w\" sizes=\"(max-width: 352px) 100vw, 352px\" \/><\/a><a href=\"https:\/\/drive.google.com\/file\/d\/1WM4PT_mPPQYjkqWxVT_RN4JKHJlvTmv3\/view?usp=sharing\" target=\"_blank\" rel=\"noopener noreferrer\"><img loading=\"lazy\" decoding=\"async\" class=\"aligncenter\" src=\"https:\/\/blogsaverroes.juntadeandalucia.es\/ceipvistaalegre\/files\/2021\/02\/downloadpdf.png\" alt=\"\" width=\"50\" height=\"50\"><\/a><\/td>\n<\/tr>\n<tr style=\"height: 24px\">\n<td style=\"width: 33.3333%;height: 24px;text-align: center\"><a href=\"https:\/\/drive.google.com\/file\/d\/1WM4PT_mPPQYjkqWxVT_RN4JKHJlvTmv3\/view?usp=sharing\">Portafolios proyecto de 3\u00ba Primaria<\/a><\/td>\n<td style=\"width: 33.3333%;height: 24px;text-align: center\"><a href=\"https:\/\/drive.google.com\/file\/d\/1WfZ8x2gX693ttkX4_f2qOZFYyfz2bT3F\/view?usp=sharing\">Portafolios proyecto de 2\u00ba Primaria<\/a><\/td>\n<td style=\"width: 33.3333%;height: 24px;text-align: center\"><a href=\"https:\/\/drive.google.com\/file\/d\/1WM4PT_mPPQYjkqWxVT_RN4JKHJlvTmv3\/view?usp=sharing\">Portafolios proyecto de 1\u00ba Primaria<\/a><\/td>\n<\/tr>\n<\/tbody>\n<\/table>\n","protected":false},"excerpt":{"rendered":"<p>A continuaci\u00f3n, presentamos algunos ejemplos de los portafolios de escritura de los proyectos que se realizan en el CEIP Vista Alegre. El modelo a seguir&hellip;<\/p>\n","protected":false},"author":3443,"featured_media":0,"parent":0,"menu_order":0,"comment_status":"closed","ping_status":"closed","template":"","meta":{"ngg_post_thumbnail":0,"footnotes":"","_mc_calendar":[]},"aioseo_notices":[],"_links":{"self":[{"href":"https:\/\/blogsaverroes.juntadeandalucia.es\/ceipvistaalegre\/wp-json\/wp\/v2\/pages\/3090"}],"collection":[{"href":"https:\/\/blogsaverroes.juntadeandalucia.es\/ceipvistaalegre\/wp-json\/wp\/v2\/pages"}],"about":[{"href":"https:\/\/blogsaverroes.juntadeandalucia.es\/ceipvistaalegre\/wp-json\/wp\/v2\/types\/page"}],"author":[{"embeddable":true,"href":"https:\/\/blogsaverroes.juntadeandalucia.es\/ceipvistaalegre\/wp-json\/wp\/v2\/users\/3443"}],"replies":[{"embeddable":true,"href":"https:\/\/blogsaverroes.juntadeandalucia.es\/ceipvistaalegre\/wp-json\/wp\/v2\/comments?post=3090"}],"version-history":[{"count":7,"href":"https:\/\/blogsaverroes.juntadeandalucia.es\/ceipvistaalegre\/wp-json\/wp\/v2\/pages\/3090\/revisions"}],"predecessor-version":[{"id":3104,"href":"https:\/\/blogsaverroes.juntadeandalucia.es\/ceipvistaalegre\/wp-json\/wp\/v2\/pages\/3090\/revisions\/3104"}],"wp:attachment":[{"href":"https:\/\/blogsaverroes.juntadeandalucia.es\/ceipvistaalegre\/wp-json\/wp\/v2\/media?parent=3090"}],"curies":[{"name":"wp","href":"https:\/\/api.w.org\/{rel}","templated":true}]}}