{"id":330,"date":"2021-02-23T18:11:43","date_gmt":"2021-02-23T18:11:43","guid":{"rendered":"http:\/\/blogsaverroes.juntadeandalucia.es\/pre\/ceip\/?page_id=330"},"modified":"2021-02-23T18:59:33","modified_gmt":"2021-02-23T18:59:33","slug":"bibliop","status":"publish","type":"page","link":"https:\/\/blogsaverroes.juntadeandalucia.es\/ceipvistaalegre\/biblioteca\/bibliop\/","title":{"rendered":"Biblioteca \u00abEduardo Mendicutti\u00bb"},"content":{"rendered":"<p><a href=\"https:\/\/blogsaverroes.juntadeandalucia.es\/ceipvistaalegre\/files\/2021\/02\/logo-biblioteca.png\"><img loading=\"lazy\" decoding=\"async\" class=\" wp-image-2721 aligncenter\" src=\"https:\/\/blogsaverroes.juntadeandalucia.es\/ceipvistaalegre\/files\/2021\/02\/logo-biblioteca.png\" alt=\"\" width=\"347\" height=\"274\"><\/a><\/p>\n<p>Desde su remodelaci\u00f3n en 2010, nuestra biblioteca escolar <strong>BECREA \u00abEduardo Mendicutti\u00bb lleva casi una d\u00e9cada con un servicio de consulta y pr\u00e9stamos de libros, sirviendo como banco de recursos y actividades educativas<\/strong> que son, cada vez m\u00e1s, una constante en nuestras aulas. Est\u00e1 situada en la sala de usos m\u00faltiples de la planta superior, con todos sus ejemplares de pr\u00e9stamo organizados por edades, y una zona de libros de consulta. Tambi\u00e9n cuenta con ordenador propio, equipo de sonido con micros, escenario con bambalinas para teatro, luminotecnia y un ca\u00f1\u00f3n proyector.<\/p>\n<p><a href=\"https:\/\/blogsaverroes.juntadeandalucia.es\/ceipvistaalegre\/files\/2021\/02\/Ni\u00f1os-buscando-libros.png\"><img loading=\"lazy\" decoding=\"async\" class=\"size-full wp-image-2722 aligncenter\" src=\"https:\/\/blogsaverroes.juntadeandalucia.es\/ceipvistaalegre\/files\/2021\/02\/Ni\u00f1os-buscando-libros.png\" alt=\"\" width=\"314\" height=\"236\" srcset=\"https:\/\/blogsaverroes.juntadeandalucia.es\/ceipvistaalegre\/files\/2021\/02\/Ni\u00f1os-buscando-libros.png 314w, https:\/\/blogsaverroes.juntadeandalucia.es\/ceipvistaalegre\/files\/2021\/02\/Ni\u00f1os-buscando-libros-300x225.png 300w\" sizes=\"(max-width: 314px) 100vw, 314px\" \/><\/a><\/p>\n<p>Desde hace ya 3 cursos, la Biblioteca est\u00e1 coordinada por la profesora D\u00f1a. <strong>M\u00aa Jes\u00fas Rodr\u00edguez Gonz\u00e1lez<\/strong>, con quien el alumnado puede contactar cualquier para b\u00fasqueda de informaci\u00f3n, nuevos ejemplares que leer, renovaci\u00f3n de carn\u00e9s&#8230; Adem\u00e1s de las labores propias de la Biblioteca Por otro lado, ejerce una importante labor de coordinaci\u00f3n con el profesorado para el planteamiento de actividades relacionadas con la animaci\u00f3n a la lectura o la investigaci\u00f3n, la organizaci\u00f3n de celebraciones de efem\u00e9rides literarias, o actividades conjuntas en el centro como la Semana Cultural, que viene celebr\u00e1ndose desde hace a\u00f1os como un aliciente lector y un v\u00ednculo para toda la Comunidad Educativa.<\/p>\n<p><a href=\"https:\/\/blogsaverroes.juntadeandalucia.es\/ceipvistaalegre\/files\/2021\/02\/P_20160607_094345-scaled.jpg\"><img loading=\"lazy\" decoding=\"async\" class=\"wp-image-2723 aligncenter\" src=\"https:\/\/blogsaverroes.juntadeandalucia.es\/ceipvistaalegre\/files\/2021\/02\/P_20160607_094345-1024x576.jpg\" alt=\"\" width=\"563\" height=\"317\" srcset=\"https:\/\/blogsaverroes.juntadeandalucia.es\/ceipvistaalegre\/files\/2021\/02\/P_20160607_094345-1024x576.jpg 1024w, https:\/\/blogsaverroes.juntadeandalucia.es\/ceipvistaalegre\/files\/2021\/02\/P_20160607_094345-300x169.jpg 300w, https:\/\/blogsaverroes.juntadeandalucia.es\/ceipvistaalegre\/files\/2021\/02\/P_20160607_094345-768x432.jpg 768w, https:\/\/blogsaverroes.juntadeandalucia.es\/ceipvistaalegre\/files\/2021\/02\/P_20160607_094345-1536x864.jpg 1536w, https:\/\/blogsaverroes.juntadeandalucia.es\/ceipvistaalegre\/files\/2021\/02\/P_20160607_094345-2048x1152.jpg 2048w, https:\/\/blogsaverroes.juntadeandalucia.es\/ceipvistaalegre\/files\/2021\/02\/P_20160607_094345-scaled.jpg 1600w\" sizes=\"(max-width: 563px) 100vw, 563px\" \/><\/a><\/p>\n<p>Este curso, de acuerdo a las restricciones sanitarias, <strong>el uso f\u00edsico del espacio de la biblioteca ha quedado anulado, as\u00ed como los sistemas de pr\u00e9stamos. Desta forma, y dadas sus amplias dimensiones, este a\u00f1o est\u00e1 sirviendo como aula para asegurar la distancia interpersonal de uno de los grupos m\u00e1s numerosos del centro<\/strong>.<\/p>\n<p>&nbsp;<\/p>\n<p>Sin embargo, esto <strong>no frena la actividad de la Biblioteca<\/strong>. Para ello se han dispuesto espacios virtuales para el alumnado y el profesorado (plataforma Moodle, Drive del centro, enlaces, canales en redes sociales), en los que se pueden encontrar ejemplares libres, actividades y juegos, participaci\u00f3n en planes y proyectos del centro, concursos, etc. Todo ello en estrecha&nbsp; coordinaci\u00f3n con el Plan Ling\u00fc\u00edstico de Centro.<\/p>\nngg_shortcode_0_placeholder\n","protected":false},"excerpt":{"rendered":"<p>Desde su remodelaci\u00f3n en 2010, nuestra biblioteca escolar BECREA \u00abEduardo Mendicutti\u00bb lleva casi una d\u00e9cada con un servicio de consulta y pr\u00e9stamos de libros, sirviendo&hellip;<\/p>\n","protected":false},"author":1,"featured_media":0,"parent":113,"menu_order":0,"comment_status":"closed","ping_status":"open","template":"page-cs.php","meta":{"ngg_post_thumbnail":0,"footnotes":"","_mc_calendar":[]},"aioseo_notices":[],"_links":{"self":[{"href":"https:\/\/blogsaverroes.juntadeandalucia.es\/ceipvistaalegre\/wp-json\/wp\/v2\/pages\/330"}],"collection":[{"href":"https:\/\/blogsaverroes.juntadeandalucia.es\/ceipvistaalegre\/wp-json\/wp\/v2\/pages"}],"about":[{"href":"https:\/\/blogsaverroes.juntadeandalucia.es\/ceipvistaalegre\/wp-json\/wp\/v2\/types\/page"}],"author":[{"embeddable":true,"href":"https:\/\/blogsaverroes.juntadeandalucia.es\/ceipvistaalegre\/wp-json\/wp\/v2\/users\/1"}],"replies":[{"embeddable":true,"href":"https:\/\/blogsaverroes.juntadeandalucia.es\/ceipvistaalegre\/wp-json\/wp\/v2\/comments?post=330"}],"version-history":[{"count":6,"href":"https:\/\/blogsaverroes.juntadeandalucia.es\/ceipvistaalegre\/wp-json\/wp\/v2\/pages\/330\/revisions"}],"predecessor-version":[{"id":2747,"href":"https:\/\/blogsaverroes.juntadeandalucia.es\/ceipvistaalegre\/wp-json\/wp\/v2\/pages\/330\/revisions\/2747"}],"up":[{"embeddable":true,"href":"https:\/\/blogsaverroes.juntadeandalucia.es\/ceipvistaalegre\/wp-json\/wp\/v2\/pages\/113"}],"wp:attachment":[{"href":"https:\/\/blogsaverroes.juntadeandalucia.es\/ceipvistaalegre\/wp-json\/wp\/v2\/media?parent=330"}],"curies":[{"name":"wp","href":"https:\/\/api.w.org\/{rel}","templated":true}]}}