{"id":3405,"date":"2024-09-13T12:10:17","date_gmt":"2024-09-13T10:10:17","guid":{"rendered":"https:\/\/blogsaverroes.juntadeandalucia.es\/ceipvistaalegre\/?page_id=3405"},"modified":"2025-09-04T11:06:51","modified_gmt":"2025-09-04T09:06:51","slug":"aula-matinal-2","status":"publish","type":"page","link":"https:\/\/blogsaverroes.juntadeandalucia.es\/ceipvistaalegre\/aula-matinal-2\/","title":{"rendered":"Aula matinal"},"content":{"rendered":"<p><img loading=\"lazy\" decoding=\"async\" class=\"alignnone wp-image-3406\" src=\"https:\/\/blogsaverroes.juntadeandalucia.es\/ceipvistaalegre\/files\/2024\/09\/aula-matinal-1-1-300x228.jpg\" alt=\"\" width=\"168\" height=\"128\" srcset=\"https:\/\/blogsaverroes.juntadeandalucia.es\/ceipvistaalegre\/files\/2024\/09\/aula-matinal-1-1-300x228.jpg 300w, https:\/\/blogsaverroes.juntadeandalucia.es\/ceipvistaalegre\/files\/2024\/09\/aula-matinal-1-1-1024x780.jpg 1024w, https:\/\/blogsaverroes.juntadeandalucia.es\/ceipvistaalegre\/files\/2024\/09\/aula-matinal-1-1-768x585.jpg 768w, https:\/\/blogsaverroes.juntadeandalucia.es\/ceipvistaalegre\/files\/2024\/09\/aula-matinal-1-1.jpg 1170w\" sizes=\"(max-width: 168px) 100vw, 168px\" \/><\/p>\n<p>El servicio de aula matinal lleva abierto en el centro desde hace ya 3 cursos, con muy buenos resultados, facilitando la <strong>conciliaci\u00f3n laboral<\/strong> de las familias. El procedimiento de solicitud y baja es el mismo que existe para el comedor, al que pueden acceder desde el men\u00fa de servicios del centro.<\/p>\n<p>Es una actividad promovida por la Junta de Andaluc\u00eda para dar respuesta a la creciente demanda originada por las exigencias laborales de los padres y madres andaluzas, quienes se ven en la necesidad de delegar el cuidado de sus hijos e hijas durante <strong>el horario de 7:30 a 9:00 h<\/strong>., momento en el que da comienzo la actividad escolar. Durante este per\u00edodo de tiempo, los ni\u00f1os y ni\u00f1as realizan diversas actividades de car\u00e1cter l\u00fadico y educativo adecuadas a su edad y desarrollo madurativo. Entre otras muchas, se realizan actividades pl\u00e1sticas, dibujo, lectura, psicomotricidad, juegos populares, etc.<\/p>\n<p><strong>La atenci\u00f3n al alumnado de aula matinal se realiza por personal cualificado<\/strong>, entre cuyas funciones est\u00e1n las medidas de vigilancia y atenci\u00f3n educativa que precisen los menores en funci\u00f3n de su edad y necesidades.<\/p>\n<p>La empresa que actualmente est\u00e1 en funcionamiento para el centro es SENDA.<\/p>\n<p>Enlace a la web de Grupo SENDA: <a href=\"https:\/\/www.grupo-senda.com\/\" target=\"_blank\" rel=\"noopener\">https:\/\/www.grupo-senda.com\/<\/a><\/p>\n<p>Igualmente, adjuntamos la siguiente carta explicativa para el presente curso, donde se especifican las normas e informaci\u00f3n para los usuarios del servicio en el CEIP Vista Alegre:<\/p>\n<p>&nbsp;<\/p>\n<table style=\"border-collapse: collapse;width: 100%;height: 48px\">\n<tbody>\n<tr style=\"height: 24px\">\n<td style=\"width: 33.3333%;height: 24px;text-align: center\">Carta informativa con normas del Aula Matinal 2025-2026<\/td>\n<\/tr>\n<tr style=\"height: 24px\">\n<td style=\"width: 33.3333%;height: 24px\"><a href=\"https:\/\/drive.google.com\/file\/d\/1wnSe9_0RCdLH4AztGHJ7wZswwwPeuutF\/view?usp=drive_link\" target=\"_blank\" rel=\"noopener\"><img loading=\"lazy\" decoding=\"async\" class=\"aligncenter wp-image-2667\" src=\"https:\/\/blogsaverroes.juntadeandalucia.es\/ceipvistaalegre\/files\/2021\/02\/downloadpdf.png\" alt=\"\" width=\"95\" height=\"95\" srcset=\"https:\/\/blogsaverroes.juntadeandalucia.es\/ceipvistaalegre\/files\/2021\/02\/downloadpdf.png 225w, https:\/\/blogsaverroes.juntadeandalucia.es\/ceipvistaalegre\/files\/2021\/02\/downloadpdf-150x150.png 150w\" sizes=\"(max-width: 95px) 100vw, 95px\" \/><\/a><\/td>\n<\/tr>\n<\/tbody>\n<\/table>\n<p>&nbsp;<\/p>\n<p>Para cualquier otra informaci\u00f3n pueden ponerse en contacto con el coordinador del servicio (Director) o con la empresa a trav\u00e9s de su tel\u00e9fono y correo electr\u00f3nico.tel\u00e9fono<\/p>\n<p>Tel\u00e9fono <strong>956159093<\/strong> (Departamento de Colegios) o correo electr\u00f3nico:<strong> colegios@grupo-senda.com<\/strong><\/p>\n","protected":false},"excerpt":{"rendered":"<p>El servicio de aula matinal lleva abierto en el centro desde hace ya 3 cursos, con muy buenos resultados, facilitando la conciliaci\u00f3n laboral de las&hellip;<\/p>\n","protected":false},"author":3443,"featured_media":0,"parent":0,"menu_order":0,"comment_status":"closed","ping_status":"closed","template":"","meta":{"ngg_post_thumbnail":0,"footnotes":"","_mc_calendar":[]},"aioseo_notices":[],"_links":{"self":[{"href":"https:\/\/blogsaverroes.juntadeandalucia.es\/ceipvistaalegre\/wp-json\/wp\/v2\/pages\/3405"}],"collection":[{"href":"https:\/\/blogsaverroes.juntadeandalucia.es\/ceipvistaalegre\/wp-json\/wp\/v2\/pages"}],"about":[{"href":"https:\/\/blogsaverroes.juntadeandalucia.es\/ceipvistaalegre\/wp-json\/wp\/v2\/types\/page"}],"author":[{"embeddable":true,"href":"https:\/\/blogsaverroes.juntadeandalucia.es\/ceipvistaalegre\/wp-json\/wp\/v2\/users\/3443"}],"replies":[{"embeddable":true,"href":"https:\/\/blogsaverroes.juntadeandalucia.es\/ceipvistaalegre\/wp-json\/wp\/v2\/comments?post=3405"}],"version-history":[{"count":5,"href":"https:\/\/blogsaverroes.juntadeandalucia.es\/ceipvistaalegre\/wp-json\/wp\/v2\/pages\/3405\/revisions"}],"predecessor-version":[{"id":3850,"href":"https:\/\/blogsaverroes.juntadeandalucia.es\/ceipvistaalegre\/wp-json\/wp\/v2\/pages\/3405\/revisions\/3850"}],"wp:attachment":[{"href":"https:\/\/blogsaverroes.juntadeandalucia.es\/ceipvistaalegre\/wp-json\/wp\/v2\/media?parent=3405"}],"curies":[{"name":"wp","href":"https:\/\/api.w.org\/{rel}","templated":true}]}}