{"id":35,"date":"2021-01-08T12:30:43","date_gmt":"2021-01-08T12:30:43","guid":{"rendered":"http:\/\/blogsaverroes.juntadeandalucia.es\/pre\/ceip\/?page_id=35"},"modified":"2021-01-08T13:15:25","modified_gmt":"2021-01-08T13:15:25","slug":"datosdelcentro","status":"publish","type":"page","link":"https:\/\/blogsaverroes.juntadeandalucia.es\/ceipvistaalegre\/datosdelcentro\/","title":{"rendered":"Ubicaci\u00f3n"},"content":{"rendered":"<h3><strong>UBICACI\u00d3N DEL CEIP VISTA ALEGRE<\/strong><\/h3>\n<p>El CEIP Vista Alegre est\u00e1 situado en c\/ Capit\u00e1n s\/n, Sanl\u00facar de Barrameda (C\u00e1diz)<\/p>\n<p><iframe loading=\"lazy\" src=\"https:\/\/www.google.com\/maps\/embed?pb=!1m14!1m8!1m3!1d199.7120585375639!2d-6.3529891808703!3d36.78512822223604!3m2!1i1024!2i768!4f13.1!3m3!1m2!1s0xd0dde2788931195%3A0x14cbb423bb84d494!2sColegio%20P%C3%BAblico%20Vista%20Alegre!5e0!3m2!1ses!2ses!4v1610104887360!5m2!1ses!2ses\" width=\"600\" height=\"450\" frameborder=\"0\"><\/iframe><\/p>\n<p>\u00c1brelo en Google Maps:<\/p>\n<p><a href=\"https:\/\/goo.gl\/maps\/AEzu2sWgii9YWbyaA\"><img loading=\"lazy\" decoding=\"async\" class=\"n3VNCb\" src=\"https:\/\/bigarsolucion.es\/wp-content\/uploads\/2020\/11\/Google-maps-1.jpg\" alt=\"INTRODUCCION A LA PROGRAMACION CON LA API DE GOOGLE MAPS - Bigar Soluci\u00f3n e Innovaci\u00f3n\" data-noaft=\"1\" width=\"79\" height=\"44\">https:\/\/goo.gl\/maps\/AEzu2sWgii9YWbyaA<\/a><\/p>\n","protected":false},"excerpt":{"rendered":"<p>UBICACI\u00d3N DEL CEIP VISTA ALEGRE El CEIP Vista Alegre est\u00e1 situado en c\/ Capit\u00e1n s\/n, Sanl\u00facar de Barrameda (C\u00e1diz) \u00c1brelo en Google Maps: https:\/\/goo.gl\/maps\/AEzu2sWgii9YWbyaA<\/p>\n","protected":false},"author":1,"featured_media":0,"parent":0,"menu_order":0,"comment_status":"closed","ping_status":"open","template":"page-cs.php","meta":{"ngg_post_thumbnail":0,"footnotes":"","_mc_calendar":[]},"aioseo_notices":[],"_links":{"self":[{"href":"https:\/\/blogsaverroes.juntadeandalucia.es\/ceipvistaalegre\/wp-json\/wp\/v2\/pages\/35"}],"collection":[{"href":"https:\/\/blogsaverroes.juntadeandalucia.es\/ceipvistaalegre\/wp-json\/wp\/v2\/pages"}],"about":[{"href":"https:\/\/blogsaverroes.juntadeandalucia.es\/ceipvistaalegre\/wp-json\/wp\/v2\/types\/page"}],"author":[{"embeddable":true,"href":"https:\/\/blogsaverroes.juntadeandalucia.es\/ceipvistaalegre\/wp-json\/wp\/v2\/users\/1"}],"replies":[{"embeddable":true,"href":"https:\/\/blogsaverroes.juntadeandalucia.es\/ceipvistaalegre\/wp-json\/wp\/v2\/comments?post=35"}],"version-history":[{"count":34,"href":"https:\/\/blogsaverroes.juntadeandalucia.es\/ceipvistaalegre\/wp-json\/wp\/v2\/pages\/35\/revisions"}],"predecessor-version":[{"id":2253,"href":"https:\/\/blogsaverroes.juntadeandalucia.es\/ceipvistaalegre\/wp-json\/wp\/v2\/pages\/35\/revisions\/2253"}],"wp:attachment":[{"href":"https:\/\/blogsaverroes.juntadeandalucia.es\/ceipvistaalegre\/wp-json\/wp\/v2\/media?parent=35"}],"curies":[{"name":"wp","href":"https:\/\/api.w.org\/{rel}","templated":true}]}}