{"id":42,"date":"2015-03-13T08:40:47","date_gmt":"2015-03-13T08:40:47","guid":{"rendered":"http:\/\/blogsaverroes.juntadeandalucia.es\/pre\/ceip\/?page_id=42"},"modified":"2024-11-13T17:03:58","modified_gmt":"2024-11-13T15:03:58","slug":"equipo-directivo","status":"publish","type":"page","link":"https:\/\/blogsaverroes.juntadeandalucia.es\/ceipvistaalegre\/equipo-directivo\/","title":{"rendered":"Equipo directivo"},"content":{"rendered":"<h2 style=\"text-align: center\">COMPONENTES DEL EQUIPO DIRECTIVO.<\/h2>\r\n<h4 style=\"text-align: center\"><strong>Direcci\u00f3n: <\/strong>D. Francisco Javier Oliva de los Santos<\/h4>\r\n<h4 style=\"text-align: center\"><strong>Jefatura de estudios: <\/strong>D\u00f1a. M\u00aa Jes\u00fas Rodr\u00edguez Gonz\u00e1lez<\/h4>\r\n<h4 style=\"text-align: center\"><strong>Secretar\u00eda: <\/strong>D\u00f1a. Purificaci\u00f3n P\u00e9rez Per\u00e1lvarez<\/h4>\r\n\r\n\r\n\r\n<p>&nbsp;<\/p>\r\n<p><strong>1.- Competencias y funciones del Equipo Directivo:<\/strong><\/p>\r\n\r\n\r\n\r\n<ul>\r\n<li style=\"list-style-type: none\">\r\n<ul>\r\n<li><strong>Secretar\u00eda<\/strong>: Dedicada a la gesti\u00f3n y registro de documentaci\u00f3n y econom\u00eda del centro.<\/li>\r\n<li><strong>Jefatura de Estudios<\/strong>: Dedicada a la organizaci\u00f3n de horarios, modelos pedag\u00f3gicos y supervisi\u00f3n de los planes de estudios, programaciones y plan de convivencia.<\/li>\r\n<li><strong>Direcci\u00f3n:<\/strong> Dedicado a la gesti\u00f3n y supervisi\u00f3n integral del centro.<\/li>\r\n<\/ul>\r\n<\/li>\r\n<\/ul>\r\n<p>&nbsp;<\/p>\r\n<p><strong>2.- \u00bfEn qu\u00e9 casos puedo contactar con el Equipo Directivo?<\/strong><\/p>\r\n<p>El Equipo Directivo est\u00e1 disponible para atender cualquiera de las consultas que tengan a bien realizar, siempre que tengan que ver con sus funciones y competencias, anteriormente descritas. <strong>En ning\u00fan caso se atender\u00e1n cuestiones que profesores\/as o tutores\/as concretos, sin haberse reunido con ellos previamente<\/strong>. Ello garantiza el derecho a las familias a informarse a trav\u00e9s de las personas adecuadas, y el del profesorado, para poder dar las explicaciones pertinentes.<\/p>\r\n<p>&nbsp;<\/p>\r\n<p><strong>3.- Se podr\u00e1 solicitar<\/strong> <strong>cita para vidceoconferencia con el Equipo Directivo, <\/strong>mediante las siguientes f\u00f3rmulas:<\/p>\r\n<ul>\r\n<li>A trav\u00e9s de la aplicaci\u00f3n iPasen.<\/li>\r\n<li>A trav\u00e9s del correo electr\u00f3nico.<\/li>\r\n<li>Dejando una nota en conserjer\u00eda donde se consigne la raz\u00f3n de la consulta.<\/li>\r\n<\/ul>\r\n<p>&nbsp;<\/p>\r\n<p><strong>4.- Sea cual sea la v\u00eda utilizada, en esa solicitud de cita debe hacerse constar:<\/strong><\/p>\r\n<ul style=\"list-style-type: circle\">\r\n<li><strong> Nombre del alumno\/a <\/strong><\/li>\r\n<li><strong>Curso <\/strong><\/li>\r\n<li><strong>Motivo escueto de la consulta<\/strong><\/li>\r\n<\/ul>\r\n<p>En cuanto el centro haya recibido el aviso, se pondr\u00e1 en contacto con la persona que haya solicitado la reuni\u00f3n para formalizar la fecha y hora de la cita, as\u00ed como las condiciones de la misma.<\/p>\r\n<p>De forma general, les recordamos que el sistema de comunicaci\u00f3n con el centro es el que consta en el siguiente esquema:<\/p>\r\n<p><img decoding=\"async\" class=\"alignright\" src=\"https:\/\/ceipvistaalegre.files.wordpress.com\/2020\/07\/infografc3ada-comunicacic393n-con-centro-4.jpg?w=1024\" alt=\"La imagen tiene un atributo ALT vac\u00edo; su nombre de archivo es infografc3ada-comunicacic393n-con-centro-4.jpg\"><\/p>\r\n","protected":false},"excerpt":{"rendered":"<p>COMPONENTES DEL EQUIPO DIRECTIVO. Direcci\u00f3n: D. Francisco Javier Oliva de los Santos Jefatura de estudios: D\u00f1a. M\u00aa Jes\u00fas Rodr\u00edguez Gonz\u00e1lez Secretar\u00eda: D\u00f1a. Purificaci\u00f3n P\u00e9rez Per\u00e1lvarez&hellip;<\/p>\n","protected":false},"author":1,"featured_media":0,"parent":0,"menu_order":0,"comment_status":"closed","ping_status":"open","template":"","meta":{"ngg_post_thumbnail":0,"footnotes":"","_mc_calendar":[]},"aioseo_notices":[],"_links":{"self":[{"href":"https:\/\/blogsaverroes.juntadeandalucia.es\/ceipvistaalegre\/wp-json\/wp\/v2\/pages\/42"}],"collection":[{"href":"https:\/\/blogsaverroes.juntadeandalucia.es\/ceipvistaalegre\/wp-json\/wp\/v2\/pages"}],"about":[{"href":"https:\/\/blogsaverroes.juntadeandalucia.es\/ceipvistaalegre\/wp-json\/wp\/v2\/types\/page"}],"author":[{"embeddable":true,"href":"https:\/\/blogsaverroes.juntadeandalucia.es\/ceipvistaalegre\/wp-json\/wp\/v2\/users\/1"}],"replies":[{"embeddable":true,"href":"https:\/\/blogsaverroes.juntadeandalucia.es\/ceipvistaalegre\/wp-json\/wp\/v2\/comments?post=42"}],"version-history":[{"count":9,"href":"https:\/\/blogsaverroes.juntadeandalucia.es\/ceipvistaalegre\/wp-json\/wp\/v2\/pages\/42\/revisions"}],"predecessor-version":[{"id":3491,"href":"https:\/\/blogsaverroes.juntadeandalucia.es\/ceipvistaalegre\/wp-json\/wp\/v2\/pages\/42\/revisions\/3491"}],"wp:attachment":[{"href":"https:\/\/blogsaverroes.juntadeandalucia.es\/ceipvistaalegre\/wp-json\/wp\/v2\/media?parent=42"}],"curies":[{"name":"wp","href":"https:\/\/api.w.org\/{rel}","templated":true}]}}