{"id":44,"date":"2015-03-13T08:42:15","date_gmt":"2015-03-13T08:42:15","guid":{"rendered":"http:\/\/blogsaverroes.juntadeandalucia.es\/pre\/ceip\/?page_id=44"},"modified":"2024-05-24T13:17:10","modified_gmt":"2024-05-24T11:17:10","slug":"planes-y-proyectos","status":"publish","type":"page","link":"https:\/\/blogsaverroes.juntadeandalucia.es\/ceipvistaalegre\/planes-y-proyectos\/","title":{"rendered":"Planes y Programas"},"content":{"rendered":"<p>A continuaci\u00f3n, mostramos un <strong>men\u00fa interactivo<\/strong> con los diferentes planes y programas de los que dispone el centro. Para acceder a ellos, tan s\u00f3lo es necesario pinchar en los diferentes iconos y se abrir\u00e1n los diferentes documentos en una carpeta compartida de Google Drive. A dicha carpeta tambi\u00e9n puede acceder pulsando el siguiente enlace:<\/p>\n<p><a href=\"https:\/\/drive.google.com\/file\/d\/1kf-VHqrsgHt3TFFa8cPwu2xFjiB1lFzF\/view\"><img loading=\"lazy\" decoding=\"async\" class=\" wp-image-1667 aligncenter\" src=\"https:\/\/blogsaverroes.juntadeandalucia.es\/ceipvistaalegre\/files\/2015\/03\/planes-300x150.png\" alt=\"planes\" width=\"350\" height=\"175\" srcset=\"https:\/\/blogsaverroes.juntadeandalucia.es\/ceipvistaalegre\/files\/2015\/03\/planes-300x150.png 300w, https:\/\/blogsaverroes.juntadeandalucia.es\/ceipvistaalegre\/files\/2015\/03\/planes.png 640w\" sizes=\"(max-width: 350px) 100vw, 350px\" \/><\/a><\/p>\n<table style=\"width: 92.1485%;height: 668px\">\n<tbody>\n<tr style=\"height: 75px\">\n<td style=\"text-align: center;height: 75px;width: 247.527%\" colspan=\"4\" width=\"623\">\n<h2><strong>PLANES Y PROYECTOS DEL CEIP VISTA ALEGRE<\/strong><\/h2>\n<\/td>\n<\/tr>\n<tr style=\"height: 143px\">\n<td style=\"text-align: center;width: 32.2797%;height: 143px\" width=\"203\"><a href=\"https:\/\/drive.google.com\/file\/d\/15_Kyx-pyjTqm7zlH4ETcsNorLgQjNXcx\/view?usp=sharing\" target=\"_blank\" rel=\"noopener noreferrer\"><img loading=\"lazy\" decoding=\"async\" class=\"alignnone wp-image-2434\" src=\"https:\/\/blogsaverroes.juntadeandalucia.es\/ceipvistaalegre\/files\/2021\/02\/PLC.jpg\" alt=\"\" width=\"165\" height=\"118\" srcset=\"https:\/\/blogsaverroes.juntadeandalucia.es\/ceipvistaalegre\/files\/2021\/02\/PLC.jpg 191w, https:\/\/blogsaverroes.juntadeandalucia.es\/ceipvistaalegre\/files\/2021\/02\/PLC-24x17.jpg 24w, https:\/\/blogsaverroes.juntadeandalucia.es\/ceipvistaalegre\/files\/2021\/02\/PLC-36x26.jpg 36w, https:\/\/blogsaverroes.juntadeandalucia.es\/ceipvistaalegre\/files\/2021\/02\/PLC-48x34.jpg 48w\" sizes=\"(max-width: 165px) 100vw, 165px\" \/><\/a><\/td>\n<td style=\"text-align: center;width: 37.4013%;height: 143px\" colspan=\"2\" width=\"209\"><a href=\"https:\/\/drive.google.com\/file\/d\/1tQfkSVNkc_mzowqMzJQjiaKLMeiN6gTX\/view?usp=sharing\" target=\"_blank\" rel=\"noopener noreferrer\"><img loading=\"lazy\" decoding=\"async\" class=\"alignnone wp-image-3367 \" src=\"https:\/\/blogsaverroes.juntadeandalucia.es\/ceipvistaalegre\/files\/2024\/05\/CIMA-Creciendo-en-Salud-300x254.png\" alt=\"\" width=\"154\" height=\"130\" srcset=\"https:\/\/blogsaverroes.juntadeandalucia.es\/ceipvistaalegre\/files\/2024\/05\/CIMA-Creciendo-en-Salud-300x254.png 300w, https:\/\/blogsaverroes.juntadeandalucia.es\/ceipvistaalegre\/files\/2024\/05\/CIMA-Creciendo-en-Salud.png 350w\" sizes=\"(max-width: 154px) 100vw, 154px\" \/><\/a><\/td>\n<td style=\"text-align: center;width: 177.846%;height: 143px\" width=\"211\"><a href=\"https:\/\/drive.google.com\/file\/d\/1muiP4tJuisLCPDS21MzSIHKqilIa7_J4\/view?usp=sharing\" target=\"_blank\" rel=\"noopener noreferrer\"><img loading=\"lazy\" decoding=\"async\" class=\"alignnone wp-image-2436\" src=\"https:\/\/blogsaverroes.juntadeandalucia.es\/ceipvistaalegre\/files\/2021\/02\/Comedor.jpg\" alt=\"\" width=\"182\" height=\"136\" srcset=\"https:\/\/blogsaverroes.juntadeandalucia.es\/ceipvistaalegre\/files\/2021\/02\/Comedor.jpg 216w, https:\/\/blogsaverroes.juntadeandalucia.es\/ceipvistaalegre\/files\/2021\/02\/Comedor-24x18.jpg 24w, https:\/\/blogsaverroes.juntadeandalucia.es\/ceipvistaalegre\/files\/2021\/02\/Comedor-36x27.jpg 36w, https:\/\/blogsaverroes.juntadeandalucia.es\/ceipvistaalegre\/files\/2021\/02\/Comedor-48x36.jpg 48w\" sizes=\"(max-width: 182px) 100vw, 182px\" \/><\/a><\/td>\n<\/tr>\n<tr style=\"height: 48px\">\n<td style=\"text-align: center;width: 32.2797%;height: 48px\" width=\"203\"><strong><a href=\"https:\/\/drive.google.com\/file\/d\/15_Kyx-pyjTqm7zlH4ETcsNorLgQjNXcx\/view?usp=sharing\" target=\"_blank\" rel=\"noopener noreferrer\">PLC &#8211; PROYECTO LING\u00dc\u00cdSTICO DE CENTRO<\/a><\/strong><\/td>\n<td style=\"text-align: center;width: 37.4013%;height: 48px\" colspan=\"2\" width=\"209\"><a href=\"https:\/\/drive.google.com\/file\/d\/1tQfkSVNkc_mzowqMzJQjiaKLMeiN6gTX\/view?usp=sharing\" target=\"_blank\" rel=\"noopener noreferrer\"><strong>PLAN CIMA<\/strong><\/a><\/td>\n<td style=\"text-align: center;width: 177.846%;height: 48px\" width=\"211\"><a href=\"https:\/\/drive.google.com\/file\/d\/1muiP4tJuisLCPDS21MzSIHKqilIa7_J4\/view?usp=sharing\" target=\"_blank\" rel=\"noopener noreferrer\"><strong>PLAN DE APERTURA<\/strong><\/a><\/td>\n<\/tr>\n<tr style=\"height: 125px\">\n<td style=\"text-align: center;width: 32.2797%;height: 125px\" width=\"203\"><a href=\"https:\/\/drive.google.com\/file\/d\/1Z3-99mKrS_TrHsSi5HqKoBufOONJi_Be\/view?usp=sharing\" target=\"_blank\" rel=\"noopener noreferrer\"><img loading=\"lazy\" decoding=\"async\" class=\"alignnone wp-image-2437\" src=\"https:\/\/blogsaverroes.juntadeandalucia.es\/ceipvistaalegre\/files\/2021\/02\/BECREA.jpg\" alt=\"\" width=\"195\" height=\"128\" srcset=\"https:\/\/blogsaverroes.juntadeandalucia.es\/ceipvistaalegre\/files\/2021\/02\/BECREA.jpg 191w, https:\/\/blogsaverroes.juntadeandalucia.es\/ceipvistaalegre\/files\/2021\/02\/BECREA-24x16.jpg 24w, https:\/\/blogsaverroes.juntadeandalucia.es\/ceipvistaalegre\/files\/2021\/02\/BECREA-36x24.jpg 36w, https:\/\/blogsaverroes.juntadeandalucia.es\/ceipvistaalegre\/files\/2021\/02\/BECREA-48x31.jpg 48w\" sizes=\"(max-width: 195px) 100vw, 195px\" \/><\/a><\/td>\n<td style=\"text-align: center;width: 37.4013%;height: 125px\" colspan=\"2\" width=\"209\"><a href=\"https:\/\/drive.google.com\/file\/d\/1fhmDqBGyF9j6G7gZk0HwLYqBvc5WhXas\/view?usp=sharing\" target=\"_blank\" rel=\"noopener noreferrer\"><img loading=\"lazy\" decoding=\"async\" class=\"alignnone wp-image-2438\" src=\"https:\/\/blogsaverroes.juntadeandalucia.es\/ceipvistaalegre\/files\/2021\/02\/Igualdad.jpg\" alt=\"\" width=\"165\" height=\"103\" srcset=\"https:\/\/blogsaverroes.juntadeandalucia.es\/ceipvistaalegre\/files\/2021\/02\/Igualdad.jpg 195w, https:\/\/blogsaverroes.juntadeandalucia.es\/ceipvistaalegre\/files\/2021\/02\/Igualdad-24x15.jpg 24w, https:\/\/blogsaverroes.juntadeandalucia.es\/ceipvistaalegre\/files\/2021\/02\/Igualdad-36x23.jpg 36w, https:\/\/blogsaverroes.juntadeandalucia.es\/ceipvistaalegre\/files\/2021\/02\/Igualdad-48x30.jpg 48w\" sizes=\"(max-width: 165px) 100vw, 165px\" \/><\/a><\/td>\n<td style=\"text-align: center;width: 177.846%;height: 125px\" width=\"211\"><a href=\"https:\/\/drive.google.com\/file\/d\/1t0FlfLHP8MeBmvBd5Ppu24lrw6oucu0W\/view?usp=sharing\" target=\"_blank\" rel=\"noopener noreferrer\"><img loading=\"lazy\" decoding=\"async\" class=\"alignnone wp-image-2439\" src=\"https:\/\/blogsaverroes.juntadeandalucia.es\/ceipvistaalegre\/files\/2021\/02\/Practicum.jpg\" alt=\"\" width=\"305\" height=\"191\" srcset=\"https:\/\/blogsaverroes.juntadeandalucia.es\/ceipvistaalegre\/files\/2021\/02\/Practicum.jpg 196w, https:\/\/blogsaverroes.juntadeandalucia.es\/ceipvistaalegre\/files\/2021\/02\/Practicum-24x15.jpg 24w, https:\/\/blogsaverroes.juntadeandalucia.es\/ceipvistaalegre\/files\/2021\/02\/Practicum-36x23.jpg 36w, https:\/\/blogsaverroes.juntadeandalucia.es\/ceipvistaalegre\/files\/2021\/02\/Practicum-48x30.jpg 48w\" sizes=\"(max-width: 305px) 100vw, 305px\" \/><\/a><\/td>\n<\/tr>\n<tr style=\"height: 24px\">\n<td style=\"text-align: center;width: 32.2797%;height: 24px\" width=\"203\"><strong><a href=\"https:\/\/drive.google.com\/file\/d\/1Z3-99mKrS_TrHsSi5HqKoBufOONJi_Be\/view?usp=sharing\" target=\"_blank\" rel=\"noopener noreferrer\">PLAN BECREA<\/a><\/strong><\/td>\n<td style=\"text-align: center;width: 37.4013%;height: 24px\" colspan=\"2\" width=\"209\"><a href=\"https:\/\/drive.google.com\/file\/d\/1fhmDqBGyF9j6G7gZk0HwLYqBvc5WhXas\/view?usp=sharing\" target=\"_blank\" rel=\"noopener noreferrer\"><strong>PLAN DE IGUALDAD<\/strong><\/a><\/td>\n<td style=\"text-align: center;width: 177.846%;height: 24px\" width=\"211\"><a href=\"https:\/\/drive.google.com\/file\/d\/1t0FlfLHP8MeBmvBd5Ppu24lrw6oucu0W\/view?usp=sharing\" target=\"_blank\" rel=\"noopener noreferrer\"><strong>PR\u00c1CTICUM<\/strong><\/a><\/td>\n<\/tr>\n<tr style=\"height: 157px\">\n<td style=\"text-align: center;width: 53.7805%;height: 157px\" colspan=\"2\" width=\"204\"><a href=\"https:\/\/drive.google.com\/file\/d\/1i4Rr2Uqa1Gh5XrX-v4KFBdGYD9s9wR0F\/view?usp=sharing\"><img loading=\"lazy\" decoding=\"async\" class=\"alignnone wp-image-2440\" src=\"https:\/\/blogsaverroes.juntadeandalucia.es\/ceipvistaalegre\/files\/2021\/02\/TDE.jpg\" alt=\"\" width=\"195\" height=\"152\" srcset=\"https:\/\/blogsaverroes.juntadeandalucia.es\/ceipvistaalegre\/files\/2021\/02\/TDE.jpg 125w, https:\/\/blogsaverroes.juntadeandalucia.es\/ceipvistaalegre\/files\/2021\/02\/TDE-24x19.jpg 24w, https:\/\/blogsaverroes.juntadeandalucia.es\/ceipvistaalegre\/files\/2021\/02\/TDE-36x28.jpg 36w, https:\/\/blogsaverroes.juntadeandalucia.es\/ceipvistaalegre\/files\/2021\/02\/TDE-48x37.jpg 48w\" sizes=\"(max-width: 195px) 100vw, 195px\" \/><\/a><\/td>\n<td style=\"text-align: center;width: 193.746%;height: 157px\" colspan=\"2\" width=\"419\"><a href=\"https:\/\/drive.google.com\/file\/d\/1GT2JEi3dCVMK_b6yGx0X05hS7kd5HPXo\/view?usp=sharing\" target=\"_blank\" rel=\"noopener noreferrer\"><img loading=\"lazy\" decoding=\"async\" class=\"alignnone wp-image-2992\" src=\"https:\/\/blogsaverroes.juntadeandalucia.es\/ceipvistaalegre\/files\/2021\/12\/VistaLAb25.png\" alt=\"\" width=\"145\" height=\"145\" srcset=\"https:\/\/blogsaverroes.juntadeandalucia.es\/ceipvistaalegre\/files\/2021\/12\/VistaLAb25.png 460w, https:\/\/blogsaverroes.juntadeandalucia.es\/ceipvistaalegre\/files\/2021\/12\/VistaLAb25-300x300.png 300w, https:\/\/blogsaverroes.juntadeandalucia.es\/ceipvistaalegre\/files\/2021\/12\/VistaLAb25-150x150.png 150w\" sizes=\"(max-width: 145px) 100vw, 145px\" \/><\/a><\/td>\n<\/tr>\n<tr style=\"height: 48px\">\n<td style=\"text-align: center;height: 48px;width: 53.7805%\" colspan=\"2\" width=\"204\"><strong><a href=\"https:\/\/drive.google.com\/file\/d\/15wj6DORG2w0-qmR6POBtX3VFDEQ1uN_H\/view?usp=sharing\" target=\"_blank\" rel=\"noopener noreferrer\">PLAN TDE &#8211; TRANSFORMACI\u00d3N DIGITAL EDUCATIVA<\/a><br \/>\n<\/strong><\/td>\n<td style=\"text-align: center;height: 48px;width: 193.746%\" colspan=\"2\" width=\"419\"><a href=\"https:\/\/drive.google.com\/file\/d\/1GT2JEi3dCVMK_b6yGx0X05hS7kd5HPXo\/view?usp=sharing\" target=\"_blank\" rel=\"noopener noreferrer\"><strong>VISTALAB.25<\/strong><\/a><\/td>\n<\/tr>\n<tr style=\"height: 24px\">\n<td style=\"text-align: center;height: 24px;width: 53.7805%\" colspan=\"2\">&nbsp;<\/p>\n<p><a href=\"https:\/\/www.juntadeandalucia.es\/organismos\/desarrolloeducativoyformacionprofesional\/consejeria\/transparencia\/planificacion-evaluacion-estadistica\/planes\/detalle\/241479.html\" target=\"_blank\" rel=\"noopener\"><img loading=\"lazy\" decoding=\"async\" class=\"alignnone wp-image-3370\" src=\"https:\/\/blogsaverroes.juntadeandalucia.es\/ceipvistaalegre\/files\/2024\/05\/Mas-equidad.png\" alt=\"\" width=\"102\" height=\"102\" srcset=\"https:\/\/blogsaverroes.juntadeandalucia.es\/ceipvistaalegre\/files\/2024\/05\/Mas-equidad.png 225w, https:\/\/blogsaverroes.juntadeandalucia.es\/ceipvistaalegre\/files\/2024\/05\/Mas-equidad-150x150.png 150w\" sizes=\"(max-width: 102px) 100vw, 102px\" \/><\/a><\/td>\n<td style=\"text-align: center;height: 24px;width: 193.746%\" colspan=\"2\"><a href=\"https:\/\/www.juntadeandalucia.es\/educacion\/portals\/web\/ced\/planesyprogramas\/planes-educativos\/proa-2023-2024\" target=\"_blank\" rel=\"noopener\"><img loading=\"lazy\" decoding=\"async\" class=\"alignnone wp-image-3366\" src=\"https:\/\/blogsaverroes.juntadeandalucia.es\/ceipvistaalegre\/files\/2024\/05\/PROA.png\" alt=\"\" width=\"127\" height=\"127\" srcset=\"https:\/\/blogsaverroes.juntadeandalucia.es\/ceipvistaalegre\/files\/2024\/05\/PROA.png 204w, https:\/\/blogsaverroes.juntadeandalucia.es\/ceipvistaalegre\/files\/2024\/05\/PROA-150x150.png 150w\" sizes=\"(max-width: 127px) 100vw, 127px\" \/><\/a><\/td>\n<\/tr>\n<tr style=\"height: 24px\">\n<td style=\"text-align: center;width: 53.7805%;height: 24px\" colspan=\"2\"><a href=\"https:\/\/www.juntadeandalucia.es\/organismos\/desarrolloeducativoyformacionprofesional\/consejeria\/transparencia\/planificacion-evaluacion-estadistica\/planes\/detalle\/241479.html\" target=\"_blank\" rel=\"noopener\"><strong>M\u00c1S EQUIDAD<\/strong><\/a><\/td>\n<td style=\"text-align: center;width: 193.746%;height: 24px\" colspan=\"2\"><a href=\"https:\/\/www.juntadeandalucia.es\/educacion\/portals\/web\/ced\/planesyprogramas\/planes-educativos\/proa-2023-2024\" target=\"_blank\" rel=\"noopener\"><strong>PROA+<\/strong><\/a><\/td>\n<\/tr>\n<\/tbody>\n<\/table>\n","protected":false},"excerpt":{"rendered":"<p>A continuaci\u00f3n, mostramos un men\u00fa interactivo con los diferentes planes y programas de los que dispone el centro. Para acceder a ellos, tan s\u00f3lo es&hellip;<\/p>\n","protected":false},"author":1,"featured_media":0,"parent":0,"menu_order":0,"comment_status":"closed","ping_status":"closed","template":"page-cs.php","meta":{"ngg_post_thumbnail":0,"footnotes":"","_mc_calendar":[]},"aioseo_notices":[],"_links":{"self":[{"href":"https:\/\/blogsaverroes.juntadeandalucia.es\/ceipvistaalegre\/wp-json\/wp\/v2\/pages\/44"}],"collection":[{"href":"https:\/\/blogsaverroes.juntadeandalucia.es\/ceipvistaalegre\/wp-json\/wp\/v2\/pages"}],"about":[{"href":"https:\/\/blogsaverroes.juntadeandalucia.es\/ceipvistaalegre\/wp-json\/wp\/v2\/types\/page"}],"author":[{"embeddable":true,"href":"https:\/\/blogsaverroes.juntadeandalucia.es\/ceipvistaalegre\/wp-json\/wp\/v2\/users\/1"}],"replies":[{"embeddable":true,"href":"https:\/\/blogsaverroes.juntadeandalucia.es\/ceipvistaalegre\/wp-json\/wp\/v2\/comments?post=44"}],"version-history":[{"count":18,"href":"https:\/\/blogsaverroes.juntadeandalucia.es\/ceipvistaalegre\/wp-json\/wp\/v2\/pages\/44\/revisions"}],"predecessor-version":[{"id":3372,"href":"https:\/\/blogsaverroes.juntadeandalucia.es\/ceipvistaalegre\/wp-json\/wp\/v2\/pages\/44\/revisions\/3372"}],"wp:attachment":[{"href":"https:\/\/blogsaverroes.juntadeandalucia.es\/ceipvistaalegre\/wp-json\/wp\/v2\/media?parent=44"}],"curies":[{"name":"wp","href":"https:\/\/api.w.org\/{rel}","templated":true}]}}