{"id":49,"date":"2024-11-14T08:47:05","date_gmt":"2024-11-14T06:47:05","guid":{"rendered":"http:\/\/blogsaverroes.juntadeandalucia.es\/pre\/ceip\/?page_id=49"},"modified":"2024-11-14T13:58:34","modified_gmt":"2024-11-14T11:58:34","slug":"proyecto-educativo","status":"publish","type":"page","link":"https:\/\/blogsaverroes.juntadeandalucia.es\/ceipvistaalegre\/proyecto-educativo\/","title":{"rendered":"Proyecto Educativo"},"content":{"rendered":"<h2>Nuestro proyecto educativo<\/h2>\n<p>Un centro se define en gran medida por su <strong>Proyecto Educativo<\/strong>. En \u00e9l se plasma el modelo educativo y la concreci\u00f3n de la normativa que un centro realiza respecto a las ense\u00f1anzas que imparte. Aspectos tales como las finales educativas, objetivos, atenci\u00f3n a la diversidad, etc. son la mejor muestra de los modelos pedag\u00f3gicos y organizativos que maneja el CEIP Vista Alegre. Por ello, en un ejercicio de transparencia, y con la convicci\u00f3n e inter\u00e9s en el conocimiento y participaci\u00f3n del documento, <strong>les enlazamos nuestro Proyecto Educativo.<\/strong><\/p>\n<p>Como observar\u00e1n, <strong>tiene un \u00edndice interactivo<\/strong> y podr\u00e1 pulsar sobre los cap\u00edtulos y dirigirse directamente al punto exacto que quiera consultar, facilitando su lectura. Pulse a continuaci\u00f3n la imagen o el enlace de debajo para descargarlo.<\/p>\n<p>&nbsp;<\/p>\n<p style=\"text-align: left\"><a href=\"https:\/\/drive.google.com\/file\/d\/1_cGNxTpjyQbuoAoPRNX1lLgtw07T7RRt\/view?usp=sharing\" target=\"_blank\" rel=\"noopener noreferrer\"><img loading=\"lazy\" decoding=\"async\" class=\"aligncenter wp-image-2667\" src=\"https:\/\/blogsaverroes.juntadeandalucia.es\/ceipvistaalegre\/files\/2021\/02\/downloadpdf.png\" alt=\"\" width=\"96\" height=\"96\" srcset=\"https:\/\/blogsaverroes.juntadeandalucia.es\/ceipvistaalegre\/files\/2021\/02\/downloadpdf.png 225w, https:\/\/blogsaverroes.juntadeandalucia.es\/ceipvistaalegre\/files\/2021\/02\/downloadpdf-150x150.png 150w\" sizes=\"(max-width: 96px) 100vw, 96px\" \/><\/a><\/p>\n<p style=\"text-align: center\"><a title=\"Proyecto educativo CEIP Vista Alegre (PDF)\" href=\"https:\/\/drive.google.com\/file\/d\/1_cGNxTpjyQbuoAoPRNX1lLgtw07T7RRt\/view?usp=sharing\" target=\"_blank\" rel=\"noopener\">Proyecto educativo CEIP Vista Alegre (PDF)<\/a><\/p>\n<p>&nbsp;<\/p>\n","protected":false},"excerpt":{"rendered":"<p>Nuestro proyecto educativo Un centro se define en gran medida por su Proyecto Educativo. En \u00e9l se plasma el modelo educativo y la concreci\u00f3n de&hellip;<\/p>\n","protected":false},"author":1,"featured_media":0,"parent":0,"menu_order":0,"comment_status":"closed","ping_status":"open","template":"page-cs.php","meta":{"ngg_post_thumbnail":0,"footnotes":"","_mc_calendar":[]},"aioseo_notices":[],"_links":{"self":[{"href":"https:\/\/blogsaverroes.juntadeandalucia.es\/ceipvistaalegre\/wp-json\/wp\/v2\/pages\/49"}],"collection":[{"href":"https:\/\/blogsaverroes.juntadeandalucia.es\/ceipvistaalegre\/wp-json\/wp\/v2\/pages"}],"about":[{"href":"https:\/\/blogsaverroes.juntadeandalucia.es\/ceipvistaalegre\/wp-json\/wp\/v2\/types\/page"}],"author":[{"embeddable":true,"href":"https:\/\/blogsaverroes.juntadeandalucia.es\/ceipvistaalegre\/wp-json\/wp\/v2\/users\/1"}],"replies":[{"embeddable":true,"href":"https:\/\/blogsaverroes.juntadeandalucia.es\/ceipvistaalegre\/wp-json\/wp\/v2\/comments?post=49"}],"version-history":[{"count":26,"href":"https:\/\/blogsaverroes.juntadeandalucia.es\/ceipvistaalegre\/wp-json\/wp\/v2\/pages\/49\/revisions"}],"predecessor-version":[{"id":3492,"href":"https:\/\/blogsaverroes.juntadeandalucia.es\/ceipvistaalegre\/wp-json\/wp\/v2\/pages\/49\/revisions\/3492"}],"wp:attachment":[{"href":"https:\/\/blogsaverroes.juntadeandalucia.es\/ceipvistaalegre\/wp-json\/wp\/v2\/media?parent=49"}],"curies":[{"name":"wp","href":"https:\/\/api.w.org\/{rel}","templated":true}]}}