{"id":77,"date":"2015-03-16T06:54:56","date_gmt":"2015-03-16T06:54:56","guid":{"rendered":"http:\/\/blogsaverroes.juntadeandalucia.es\/pre\/ceip\/?page_id=77"},"modified":"2022-03-09T12:46:53","modified_gmt":"2022-03-09T12:46:53","slug":"secretaria","status":"publish","type":"page","link":"https:\/\/blogsaverroes.juntadeandalucia.es\/ceipvistaalegre\/secretaria\/","title":{"rendered":"Secretar\u00eda"},"content":{"rendered":"<p>La <strong>Secretar\u00eda<\/strong> desarrolla muchas funciones importantes en la vida de un centro, especialmente en la relaci\u00f3n que mantiene con las familias en los diferentes tr\u00e1mites administrativos a lo largo de la escolarizaci\u00f3n: admisi\u00f3n, matr\u00edcula, comedor escolar, becas, etc.<\/p>\n<p>Es por esto que esta Web, como puerta de entrada y canal de informaci\u00f3n a la comunidad educativa, les mantendr\u00e1 constantemente informados para conseguir una mayor <strong>transparencia, agilidad y eficiencia.<\/strong><\/p>\n<ul>\n<li>La entrega o firma de documentos, en cumplimiento de la<strong> normativa COVID19<\/strong>, se realizar\u00e1 en la puerta de acceso al centro, previa cita telef\u00f3nica o aviso desde secretar\u00eda. Para cualquier informaci\u00f3n, le recordamos el tel\u00e9fono del centro: <strong>956 386967<\/strong>&nbsp; donde puede <strong>concertar cita presencial<\/strong>, si es necesario.<\/li>\n<li>El horario de atenci\u00f3n de Secretar\u00eda es:<\/li>\n<\/ul>\n<table style=\"border-collapse: collapse;width: 100%\">\n<tbody>\n<tr>\n<td style=\"width: 10.7273%;text-align: center\"><strong>&nbsp;<\/strong><\/td>\n<td style=\"width: 16.5456%;text-align: center\"><strong>LUNES<\/strong><\/td>\n<td style=\"width: 17.6969%;text-align: center\"><strong>MARTES<\/strong><\/td>\n<td style=\"width: 18.6667%;text-align: center\"><strong>MI\u00c9RCOLES<\/strong><\/td>\n<td style=\"width: 18.5454%;text-align: center\"><strong>JUEVES<\/strong><\/td>\n<td style=\"width: 17.8182%;text-align: center\"><strong>VIERNES<\/strong><\/td>\n<\/tr>\n<tr>\n<td style=\"width: 10.7273%;text-align: center\"><strong>Asuntos generales<\/strong><\/td>\n<td style=\"width: 16.5456%;text-align: center\">12:00 &#8211; 13:45<\/td>\n<td style=\"width: 17.6969%;text-align: center\">12:00 &#8211; 13:45<\/td>\n<td style=\"width: 18.6667%;text-align: center\">13:00 &#8211; 13:45<\/td>\n<td style=\"width: 18.5454%;text-align: center\">13:00 &#8211; 13:45<\/td>\n<td style=\"width: 17.8182%;text-align: center\">13:00 &#8211; 13:45<\/td>\n<\/tr>\n<tr>\n<td style=\"width: 10.7273%;text-align: center\"><strong>Periodo de matriculaci\u00f3n<\/strong><\/td>\n<td style=\"width: 16.5456%;text-align: center\">13:00 &#8211; 13:45<\/td>\n<td style=\"width: 17.6969%;text-align: center\">13:00 &#8211; 13:45<\/td>\n<td style=\"width: 18.6667%;text-align: center\">13:00 &#8211; 13:45<\/td>\n<td style=\"width: 18.5454%;text-align: center\">13:00 &#8211; 13:45<\/td>\n<td style=\"width: 17.8182%;text-align: center\">13:00 &#8211; 13:45<\/td>\n<\/tr>\n<\/tbody>\n<\/table>\n<p>&nbsp;<\/p>\n<ul>\n<li>La Secretaria del centro es: <strong>D\u00f1a. Purificaci\u00f3n P\u00e9rez Per\u00e1lvarez. <\/strong><\/li>\n<li>La auxiliar de secretar\u00eda es: <strong>D\u00f1a. Roc\u00edo Parrado Miranda.<\/strong><\/li>\n<\/ul>\n<p><a href=\"https:\/\/blogsaverroes.juntadeandalucia.es\/ceipvistaalegre\/files\/2021\/02\/IMG_20210222_134135-scaled.jpg\"><img loading=\"lazy\" decoding=\"async\" class=\"alignnone size-large wp-image-2708\" src=\"https:\/\/blogsaverroes.juntadeandalucia.es\/ceipvistaalegre\/files\/2021\/02\/IMG_20210222_134135-1024x473.jpg\" alt=\"\" width=\"782\" height=\"361\" srcset=\"https:\/\/blogsaverroes.juntadeandalucia.es\/ceipvistaalegre\/files\/2021\/02\/IMG_20210222_134135-1024x473.jpg 1024w, https:\/\/blogsaverroes.juntadeandalucia.es\/ceipvistaalegre\/files\/2021\/02\/IMG_20210222_134135-300x138.jpg 300w, https:\/\/blogsaverroes.juntadeandalucia.es\/ceipvistaalegre\/files\/2021\/02\/IMG_20210222_134135-768x354.jpg 768w, https:\/\/blogsaverroes.juntadeandalucia.es\/ceipvistaalegre\/files\/2021\/02\/IMG_20210222_134135-1536x709.jpg 1536w, https:\/\/blogsaverroes.juntadeandalucia.es\/ceipvistaalegre\/files\/2021\/02\/IMG_20210222_134135-2048x945.jpg 2048w, https:\/\/blogsaverroes.juntadeandalucia.es\/ceipvistaalegre\/files\/2021\/02\/IMG_20210222_134135-scaled.jpg 1600w\" sizes=\"(max-width: 782px) 100vw, 782px\" \/><\/a><\/p>\n<p>&nbsp;<\/p>\n","protected":false},"excerpt":{"rendered":"<p>La Secretar\u00eda desarrolla muchas funciones importantes en la vida de un centro, especialmente en la relaci\u00f3n que mantiene con las familias en los diferentes tr\u00e1mites&hellip;<\/p>\n","protected":false},"author":1,"featured_media":0,"parent":0,"menu_order":0,"comment_status":"closed","ping_status":"open","template":"page-cs.php","meta":{"ngg_post_thumbnail":0,"footnotes":"","_mc_calendar":[]},"aioseo_notices":[],"_links":{"self":[{"href":"https:\/\/blogsaverroes.juntadeandalucia.es\/ceipvistaalegre\/wp-json\/wp\/v2\/pages\/77"}],"collection":[{"href":"https:\/\/blogsaverroes.juntadeandalucia.es\/ceipvistaalegre\/wp-json\/wp\/v2\/pages"}],"about":[{"href":"https:\/\/blogsaverroes.juntadeandalucia.es\/ceipvistaalegre\/wp-json\/wp\/v2\/types\/page"}],"author":[{"embeddable":true,"href":"https:\/\/blogsaverroes.juntadeandalucia.es\/ceipvistaalegre\/wp-json\/wp\/v2\/users\/1"}],"replies":[{"embeddable":true,"href":"https:\/\/blogsaverroes.juntadeandalucia.es\/ceipvistaalegre\/wp-json\/wp\/v2\/comments?post=77"}],"version-history":[{"count":10,"href":"https:\/\/blogsaverroes.juntadeandalucia.es\/ceipvistaalegre\/wp-json\/wp\/v2\/pages\/77\/revisions"}],"predecessor-version":[{"id":3035,"href":"https:\/\/blogsaverroes.juntadeandalucia.es\/ceipvistaalegre\/wp-json\/wp\/v2\/pages\/77\/revisions\/3035"}],"wp:attachment":[{"href":"https:\/\/blogsaverroes.juntadeandalucia.es\/ceipvistaalegre\/wp-json\/wp\/v2\/media?parent=77"}],"curies":[{"name":"wp","href":"https:\/\/api.w.org\/{rel}","templated":true}]}}