{"id":113,"date":"2015-03-16T08:06:00","date_gmt":"2015-03-16T08:06:00","guid":{"rendered":"http:\/\/blogsaverroes.juntadeandalucia.es\/pre\/ceip\/?page_id=113"},"modified":"2025-11-23T15:29:34","modified_gmt":"2025-11-23T15:29:34","slug":"biblioteca","status":"publish","type":"page","link":"https:\/\/blogsaverroes.juntadeandalucia.es\/ceipvr\/biblioteca\/","title":{"rendered":"Plan de Bibliotecas Escolares"},"content":{"rendered":"<p><a href=\"https:\/\/blogsaverroes.juntadeandalucia.es\/ceipvr\/files\/2025\/11\/10.-Bibliotecas-Escolares.png\"><img fetchpriority=\"high\" decoding=\"async\" class=\"size-medium wp-image-8018 alignleft\" src=\"https:\/\/blogsaverroes.juntadeandalucia.es\/ceipvr\/files\/2025\/11\/10.-Bibliotecas-Escolares-300x300.png\" alt=\"\" width=\"300\" height=\"300\" srcset=\"https:\/\/blogsaverroes.juntadeandalucia.es\/ceipvr\/files\/2025\/11\/10.-Bibliotecas-Escolares-300x300.png 300w, https:\/\/blogsaverroes.juntadeandalucia.es\/ceipvr\/files\/2025\/11\/10.-Bibliotecas-Escolares-150x150.png 150w, https:\/\/blogsaverroes.juntadeandalucia.es\/ceipvr\/files\/2025\/11\/10.-Bibliotecas-Escolares-80x80.png 80w, https:\/\/blogsaverroes.juntadeandalucia.es\/ceipvr\/files\/2025\/11\/10.-Bibliotecas-Escolares-320x320.png 320w, https:\/\/blogsaverroes.juntadeandalucia.es\/ceipvr\/files\/2025\/11\/10.-Bibliotecas-Escolares.png 450w\" sizes=\"(max-width: 300px) 100vw, 300px\" \/><\/a><\/p>\n<p class=\"cvGsUA direction-ltr align-justify para-style-body\"><span class=\"a_GcMg font-feature-liga-off font-feature-clig-off font-feature-calt-off text-decoration-none text-strikethrough-none\">Bibliotecas Escolares es una red educativa que proporciona servicios, recursos, comunicaci\u00f3n, formaci\u00f3n y acompa\u00f1amiento pedag\u00f3gico a personas responsables de bibliotecas escolares en Andaluc\u00eda. Se apoya en redes provinciales y l\u00edneas de trabajo tem\u00e1ticas, facilitando herramientas como Biblioweb.<\/span><\/p>\n<p>En concreto, este programa contempla los siguientes objetivos:<\/p>\n<ul>\n<li><span class=\"a_GcMg font-feature-liga-off font-feature-clig-off font-feature-calt-off text-decoration-none text-strikethrough-none\">Integrar la biblioteca en la pr\u00e1ctica docente, impulsando la competencia lectora, informacional y digital del alumnado, generando un espacio colaborativo de innovaci\u00f3n.<\/span><\/li>\n<li><span class=\"a_GcMg font-feature-liga-off font-feature-clig-off font-feature-calt-off text-decoration-none text-strikethrough-none\">Facilitar la formaci\u00f3n t\u00e9cnica y pedag\u00f3gica de los participantes de bibliotecas.<\/span><\/li>\n<li><span class=\"a_GcMg font-feature-liga-off font-feature-clig-off font-feature-calt-off text-decoration-none text-strikethrough-none\">Potenciar el uso de recursos digitales y servicios compartidos dentro de la red.<\/span><\/li>\n<li><span class=\"a_GcMg font-feature-liga-off font-feature-clig-off font-feature-calt-off text-decoration-none text-strikethrough-none\">Garantizar accesibilidad e inclusi\u00f3n (espacios y fondos) y la apertura a la comunidad educativa.<\/span><\/li>\n<li><span class=\"a_GcMg font-feature-liga-off font-feature-clig-off font-feature-calt-off text-decoration-none text-strikethrough-none\">Consolidar el trabajo en red (BECREA) y la mejora continua de las Bibliotecas Escolares.<\/span><\/li>\n<\/ul>\n<h2><span style=\"color: #0000ff\">Coordinadora: Roc\u00edo P\u00e9rez Clares<\/span><\/h2>\n<p>SI QUIERES CONOCER NUESTRA BIBLIOTECA, ENTRA EN SU BLOG:<\/p>\n<p><strong><a href=\"http:\/\/virgendelrosariobiblioteca.blogspot.com\">BIBLIOTECA VR<\/a><\/strong><\/p>\n<p>&nbsp;<\/p>\n<p><iframe title=\"Bibliotecas escolares de Andaluc\u00eda al servicio de la comunidad educativa\" width=\"500\" height=\"281\" src=\"https:\/\/www.youtube.com\/embed\/N_rrGePF_zM?feature=oembed&#038;wmode=opaque\" frameborder=\"0\" allow=\"accelerometer; autoplay; clipboard-write; encrypted-media; gyroscope; picture-in-picture; web-share\" referrerpolicy=\"strict-origin-when-cross-origin\" allowfullscreen><\/iframe><\/p>\n<p>Informaci\u00f3n sobre su uso, horarios, prestamos, etc&#8230;<\/p>\n<p><a title=\"Bibliotecas escolares\" href=\"http:\/\/www.juntadeandalucia.es\/educacion\/webportal\/web\/lecturas-y-bibliotecas-escolares\/bibliotecas-escolares\" target=\"_blank\" rel=\"noopener noreferrer\">Enlace al portal sobre las Bibliotecas Escolares.<\/a><\/p>\n<p>&nbsp;<\/p>\n<p style=\"text-align: center\"><span style=\"color: #cc99ff\"><em><strong>NORMAS B\u00c1SICAS DE LA BIBLIOTECA<\/strong><\/em><\/span><\/p>\n<p style=\"text-align: center\">\ud83d\udca1<\/p>\n<p><a href=\"https:\/\/blogsaverroes.juntadeandalucia.es\/ceipvr\/files\/2021\/10\/NORMAS-BIBLIO.jpg\"><img decoding=\"async\" class=\"aligncenter size-medium wp-image-3063\" src=\"https:\/\/blogsaverroes.juntadeandalucia.es\/ceipvr\/files\/2021\/10\/NORMAS-BIBLIO-242x300.jpg\" alt=\"\" width=\"242\" height=\"300\" srcset=\"https:\/\/blogsaverroes.juntadeandalucia.es\/ceipvr\/files\/2021\/10\/NORMAS-BIBLIO-242x300.jpg 242w, https:\/\/blogsaverroes.juntadeandalucia.es\/ceipvr\/files\/2021\/10\/NORMAS-BIBLIO.jpg 378w\" sizes=\"(max-width: 242px) 100vw, 242px\" \/><\/a><\/p>\n<p>&nbsp;<\/p>\n<p>&nbsp;<\/p>\n","protected":false},"excerpt":{"rendered":"<p>Bibliotecas Escolares es una red educativa que proporciona servicios, recursos, comunicaci\u00f3n, formaci\u00f3n y acompa\u00f1amiento pedag\u00f3gico a personas responsables de bibliotecas escolares en Andaluc\u00eda. Se apoya en redes provinciales y l\u00edneas de trabajo tem\u00e1ticas, facilitando herramientas como Biblioweb. En concreto, este programa contempla los siguientes objetivos:&#46;&#46;&#46;<\/p>\n","protected":false},"author":1,"featured_media":0,"parent":0,"menu_order":0,"comment_status":"closed","ping_status":"open","template":"","meta":{"ngg_post_thumbnail":0,"footnotes":"","_mc_calendar":[]},"aioseo_notices":[],"_links":{"self":[{"href":"https:\/\/blogsaverroes.juntadeandalucia.es\/ceipvr\/wp-json\/wp\/v2\/pages\/113"}],"collection":[{"href":"https:\/\/blogsaverroes.juntadeandalucia.es\/ceipvr\/wp-json\/wp\/v2\/pages"}],"about":[{"href":"https:\/\/blogsaverroes.juntadeandalucia.es\/ceipvr\/wp-json\/wp\/v2\/types\/page"}],"author":[{"embeddable":true,"href":"https:\/\/blogsaverroes.juntadeandalucia.es\/ceipvr\/wp-json\/wp\/v2\/users\/1"}],"replies":[{"embeddable":true,"href":"https:\/\/blogsaverroes.juntadeandalucia.es\/ceipvr\/wp-json\/wp\/v2\/comments?post=113"}],"version-history":[{"count":16,"href":"https:\/\/blogsaverroes.juntadeandalucia.es\/ceipvr\/wp-json\/wp\/v2\/pages\/113\/revisions"}],"predecessor-version":[{"id":8113,"href":"https:\/\/blogsaverroes.juntadeandalucia.es\/ceipvr\/wp-json\/wp\/v2\/pages\/113\/revisions\/8113"}],"wp:attachment":[{"href":"https:\/\/blogsaverroes.juntadeandalucia.es\/ceipvr\/wp-json\/wp\/v2\/media?parent=113"}],"curies":[{"name":"wp","href":"https:\/\/api.w.org\/{rel}","templated":true}]}}