{"id":141,"date":"2015-03-17T07:13:24","date_gmt":"2015-03-17T07:13:24","guid":{"rendered":"http:\/\/blogsaverroes.juntadeandalucia.es\/pre\/ceip\/?page_id=141"},"modified":"2026-02-22T15:38:53","modified_gmt":"2026-02-22T15:38:53","slug":"escolarizacion","status":"publish","type":"page","link":"https:\/\/blogsaverroes.juntadeandalucia.es\/ceipvr\/escolarizacion\/","title":{"rendered":"Escolarizaci\u00f3n"},"content":{"rendered":"\t\t<div data-elementor-type=\"wp-page\" data-elementor-id=\"141\" class=\"elementor elementor-141\">\n\t\t\t\t\t\t<section class=\"elementor-section elementor-top-section elementor-element elementor-element-21f768db elementor-section-boxed elementor-section-height-default elementor-section-height-default\" data-id=\"21f768db\" data-element_type=\"section\">\n\t\t\t\t\t\t<div class=\"elementor-container elementor-column-gap-default\">\n\t\t\t\t\t<div class=\"elementor-column elementor-col-100 elementor-top-column elementor-element elementor-element-70748d10\" data-id=\"70748d10\" data-element_type=\"column\">\n\t\t\t<div class=\"elementor-widget-wrap elementor-element-populated\">\n\t\t\t\t\t\t<div class=\"elementor-element elementor-element-728289 elementor-widget elementor-widget-text-editor\" data-id=\"728289\" data-element_type=\"widget\" data-widget_type=\"text-editor.default\">\n\t\t\t\t<div class=\"elementor-widget-container\">\n\t\t\t\t\t\t\t\t\t<p><strong>Del 1 al 31 de marzo<\/strong> es el plazo para solicitar la admisi\u00f3n de alumnado nuevo para el pr\u00f3ximo curso 2026\/27.\u00a0<\/p><p>Deben hacerlo :\u00a0<\/p><div class=\"inner_cuerpo\"><ul><li>Todos los alumnos\/as que el pr\u00f3ximo curso 2026\/2027 quieran\u00a0 comenzar en infantil de 3 a\u00f1os en nuestro centro.<\/li><li>Quien no habiendo estado escolarizado o que quiera solicitar nuestro centro para el curso pr\u00f3ximo y este a\u00f1o no ha estado en este centro.<\/li><li>Todo el alumnado que est\u00e1 este a\u00f1o matriculado en nuestro centro, pero quiere solicitar otro distinto para el pr\u00f3ximo curso.<\/li><\/ul><p>Se puede realizar de <a href=\"https:\/\/www.juntadeandalucia.es\/educacion\/secretariavirtual\/accesoTramite\/543\/\" target=\"_blank\" rel=\"noopener noreferrer\">manera telem\u00e1tica (recomendable)<\/a> y presencial en el centro.\u00a0<\/p><\/div><p><a title=\"Portal escolarizaci\u00f3n\" href=\"https:\/\/www.juntadeandalucia.es\/educacion\/portales\/web\/escolarizacion\/infantil-a-bachillerato\" target=\"_blank\" rel=\"noopener noreferrer\">Enlace al portal de escolarizaci\u00f3n.<\/a><\/p><p><a title=\"Procedimiento\" href=\"https:\/\/www.juntadeandalucia.es\/educacion\/portales\/web\/escolarizacion\/infantil-a-bachillerato\/normativa\" target=\"_blank\" rel=\"noopener noreferrer\">Normativa<\/a>\u00a0sobre el proceso de escolarizaci\u00f3n.<\/p>\t\t\t\t\t\t\t\t<\/div>\n\t\t\t\t<\/div>\n\t\t\t\t\t<\/div>\n\t\t<\/div>\n\t\t\t\t\t<\/div>\n\t\t<\/section>\n\t\t\t\t<section class=\"elementor-section elementor-top-section elementor-element elementor-element-70717d9 elementor-section-boxed elementor-section-height-default elementor-section-height-default\" data-id=\"70717d9\" data-element_type=\"section\">\n\t\t\t\t\t\t<div class=\"elementor-container elementor-column-gap-default\">\n\t\t\t\t\t<div class=\"elementor-column elementor-col-50 elementor-top-column elementor-element elementor-element-76b21f7\" data-id=\"76b21f7\" data-element_type=\"column\">\n\t\t\t<div class=\"elementor-widget-wrap elementor-element-populated\">\n\t\t\t\t\t\t<div class=\"elementor-element elementor-element-80c2f47 elementor-widget elementor-widget-text-editor\" data-id=\"80c2f47\" data-element_type=\"widget\" data-widget_type=\"text-editor.default\">\n\t\t\t\t<div class=\"elementor-widget-container\">\n\t\t\t\t\t\t\t\t\t<p style=\"text-align: center\"><a title=\"Se abre en una nueva ventana\" href=\"https:\/\/www.juntadeandalucia.es\/educacion\/secretariavirtual\/accesoTramite\/439\/\" target=\"_blank\" rel=\"noopener\">PRESENTACI\u00d3N POR INTERNET<\/a><\/p>\t\t\t\t\t\t\t\t<\/div>\n\t\t\t\t<\/div>\n\t\t\t\t<div class=\"elementor-element elementor-element-a338c58 elementor-widget elementor-widget-image\" data-id=\"a338c58\" data-element_type=\"widget\" data-widget_type=\"image.default\">\n\t\t\t\t<div class=\"elementor-widget-container\">\n\t\t\t\t\t\t\t\t\t\t\t\t\t\t\t<img decoding=\"async\" width=\"280\" height=\"150\" src=\"https:\/\/blogsaverroes.juntadeandalucia.es\/ceipvr\/files\/2024\/01\/secretariavirtual-1.jpg\" class=\"attachment-large size-large wp-image-5685\" alt=\"\" \/>\t\t\t\t\t\t\t\t\t\t\t\t\t\t\t<\/div>\n\t\t\t\t<\/div>\n\t\t\t\t<div class=\"elementor-element elementor-element-7407b47 elementor-widget elementor-widget-text-editor\" data-id=\"7407b47\" data-element_type=\"widget\" data-widget_type=\"text-editor.default\">\n\t\t\t\t<div class=\"elementor-widget-container\">\n\t\t\t\t\t\t\t\t\t<p>Presentaci\u00f3n telem\u00e1tica de la admisi\u00f3n del alumnado en los centros docentes sostenidos con fondos p\u00fablicos para el curso escolar 2026\/2027 de las ense\u00f1anzas de 2\u00ba Ciclo de Educaci\u00f3n Infantil, Educaci\u00f3n Primaria, Educaci\u00f3n Especial, Educaci\u00f3n Secundaria Obligatoria y Bachillerato.<\/p>\t\t\t\t\t\t\t\t<\/div>\n\t\t\t\t<\/div>\n\t\t\t\t<div class=\"elementor-element elementor-element-4f2e081 elementor-widget elementor-widget-image\" data-id=\"4f2e081\" data-element_type=\"widget\" data-widget_type=\"image.default\">\n\t\t\t\t<div class=\"elementor-widget-container\">\n\t\t\t\t\t\t\t\t\t\t\t\t\t\t\t<img decoding=\"async\" width=\"80\" height=\"80\" src=\"https:\/\/blogsaverroes.juntadeandalucia.es\/ceipvr\/files\/2024\/01\/formulario-80x80.jpg\" class=\"attachment-thumb-small size-thumb-small wp-image-5686\" alt=\"\" srcset=\"https:\/\/blogsaverroes.juntadeandalucia.es\/ceipvr\/files\/2024\/01\/formulario-80x80.jpg 80w, https:\/\/blogsaverroes.juntadeandalucia.es\/ceipvr\/files\/2024\/01\/formulario-150x150.jpg 150w, https:\/\/blogsaverroes.juntadeandalucia.es\/ceipvr\/files\/2024\/01\/formulario-320x320.jpg 320w\" sizes=\"(max-width: 80px) 100vw, 80px\" \/>\t\t\t\t\t\t\t\t\t\t\t\t\t\t\t<\/div>\n\t\t\t\t<\/div>\n\t\t\t\t<div class=\"elementor-element elementor-element-4b9f458 elementor-widget elementor-widget-text-editor\" data-id=\"4b9f458\" data-element_type=\"widget\" data-widget_type=\"text-editor.default\">\n\t\t\t\t<div class=\"elementor-widget-container\">\n\t\t\t\t\t\t\t\t\t<div class=\"col-md-2 col-middle\"><p class=\"mobile-center \"><strong>Cumplimentaci\u00f3n<\/strong><\/p><\/div><div class=\"col-md-6 col-middle\"><p class=\"italic text-justify\">Tambi\u00e9n podr\u00e1 cumplimentar la solicitud sin necesidad de identificaci\u00f3n previa (sin terminar el tr\u00e1mite en internet). Obtendr\u00e1 un fichero pdf que deber\u00e1 imprimir y presentar en el centro educativo seleccionado o Delegaci\u00f3n Territorial, seg\u00fan corresponda, para que su solicitud tenga validez.<\/p><\/div>\t\t\t\t\t\t\t\t<\/div>\n\t\t\t\t<\/div>\n\t\t\t\t\t<\/div>\n\t\t<\/div>\n\t\t\t\t<div class=\"elementor-column elementor-col-50 elementor-top-column elementor-element elementor-element-1e5f011\" data-id=\"1e5f011\" data-element_type=\"column\">\n\t\t\t<div class=\"elementor-widget-wrap elementor-element-populated\">\n\t\t\t\t\t\t<div class=\"elementor-element elementor-element-e679f98 elementor-widget elementor-widget-text-editor\" data-id=\"e679f98\" data-element_type=\"widget\" data-widget_type=\"text-editor.default\">\n\t\t\t\t<div class=\"elementor-widget-container\">\n\t\t\t\t\t\t\t\t\t<div data-id=\"660d51d\"><div><div><div data-id=\"72f15c4\"><div><div><p style=\"text-align: center\"><strong>PRESENTACI\u00d3N EN LA SECRETAR\u00cdA DEL COLEGIO DE FORMA PRESENCIAL. <\/strong><\/p><p>Presentaci\u00f3n presencial de la admisi\u00f3n del alumnado en los centros docentes sostenidos con fondos p\u00fablicos para el curso escolar 2026\/27 de las ense\u00f1anzas de 2\u00ba Ciclo de Educaci\u00f3n Infantil, Educaci\u00f3n Primaria, Educaci\u00f3n Especial, Educaci\u00f3n Secundaria Obligatoria y Bachillerato.<\/p><p><strong>DOCUMENTACI\u00d3N NECESARIA:<\/strong><\/p><ul><li><strong>Solicitud de admisi\u00f3n<\/strong>.<a href=\"https:\/\/blogsaverroes.juntadeandalucia.es\/ceipvr\/files\/2024\/02\/3_Anexo-III_002535_5.pdf\" target=\"_blank\" rel=\"noopener\"> descargar aqu\u00ed: ANEXO III. Solicitud de admisi\u00f3n en segundo ciclo de Educaci\u00f3n Infantil, Educaci\u00f3n Primaria, Educaci\u00f3n Especial, E.S.O. y Bachillerato (v\u00e1lido del 1 al 31 de Marzo).<\/a><\/li><\/ul><p>IMPORTANTE:<\/p><p><strong><u>***Para aquellas personas que se opongan al cruce de datos por parte de la consejer\u00eda competente (casilla 10), deber\u00e1n aportar la documentaci\u00f3n que acredite las circunstancias alegadas:<\/u><\/strong><\/p><ul><li>Certificado de Empadronamiento (domicilio familiar)<\/li><li>Certificado de trabajo con direcci\u00f3n (domicilio trabajo)<\/li><li>Acreditaci\u00f3n de la condici\u00f3n de Familia Numerosa, monoparental, en su caso.<\/li><li>Certificado de discapacidad, en su caso.<\/li><li>Certificado de Matr\u00edcula en 1\u00ba ciclo de infantil, en su caso.<\/li><li>Vida laboral e informe de situaci\u00f3n actual de los progenitores, en su caso<\/li><li>Cualquier otra documentaci\u00f3n que acredite una circunstancia especial referida en el Anexo III.<\/li><\/ul><p>LA ENTREGA DE DOCUMENTACI\u00d3N SE REALIZAR\u00c1 EN SECRETAR\u00cdA:<\/p><p>DE LUNES A VIERNES, DE 9:30 a 13:30 h.<\/p><p>SE RECOMIENDA\u00a0 REALIZAR LA SOLICITUD DE ADMISI\u00d3N DE MANERA\u00a0 ELECTR\u00d3NICA SIN TENER QUE ACUDIR AL CENTRO. EN CASO DE NO SER POSIBLE, SE PUEDE TRAER LA DOCUMENTACI\u00d3N COMPLETA Y RELLENA JUNTO CON LAS COPIAS NECESARIAS\u00a0 PARA AGILIZAR EL TR\u00c1MITE.\u00a0<\/p><p>EN LA SECRETAR\u00cdA VIRTUAL SE PUEDE RELLENAR TODO EL PROCESO Y OBTENER UN PDF YA RELLENO PARA PRESENTAR EN EL CENTRO.<\/p><\/div><\/div><\/div><\/div><\/div><\/div>\t\t\t\t\t\t\t\t<\/div>\n\t\t\t\t<\/div>\n\t\t\t\t\t<\/div>\n\t\t<\/div>\n\t\t\t\t\t<\/div>\n\t\t<\/section>\n\t\t\t\t<\/div>\n\t\t","protected":false},"excerpt":{"rendered":"<p>Del 1 al 31 de marzo es el plazo para solicitar la admisi\u00f3n de alumnado nuevo para el pr\u00f3ximo curso 2026\/27.\u00a0 Deben hacerlo :\u00a0 Todos los alumnos\/as que el pr\u00f3ximo curso 2026\/2027 quieran\u00a0 comenzar en infantil de 3 a\u00f1os en nuestro centro. Quien no habiendo&#46;&#46;&#46;<\/p>\n","protected":false},"author":1,"featured_media":3755,"parent":0,"menu_order":0,"comment_status":"closed","ping_status":"open","template":"","meta":{"ngg_post_thumbnail":0,"footnotes":"","_mc_calendar":[]},"aioseo_notices":[],"_links":{"self":[{"href":"https:\/\/blogsaverroes.juntadeandalucia.es\/ceipvr\/wp-json\/wp\/v2\/pages\/141"}],"collection":[{"href":"https:\/\/blogsaverroes.juntadeandalucia.es\/ceipvr\/wp-json\/wp\/v2\/pages"}],"about":[{"href":"https:\/\/blogsaverroes.juntadeandalucia.es\/ceipvr\/wp-json\/wp\/v2\/types\/page"}],"author":[{"embeddable":true,"href":"https:\/\/blogsaverroes.juntadeandalucia.es\/ceipvr\/wp-json\/wp\/v2\/users\/1"}],"replies":[{"embeddable":true,"href":"https:\/\/blogsaverroes.juntadeandalucia.es\/ceipvr\/wp-json\/wp\/v2\/comments?post=141"}],"version-history":[{"count":68,"href":"https:\/\/blogsaverroes.juntadeandalucia.es\/ceipvr\/wp-json\/wp\/v2\/pages\/141\/revisions"}],"predecessor-version":[{"id":8472,"href":"https:\/\/blogsaverroes.juntadeandalucia.es\/ceipvr\/wp-json\/wp\/v2\/pages\/141\/revisions\/8472"}],"wp:featuredmedia":[{"embeddable":true,"href":"https:\/\/blogsaverroes.juntadeandalucia.es\/ceipvr\/wp-json\/wp\/v2\/media\/3755"}],"wp:attachment":[{"href":"https:\/\/blogsaverroes.juntadeandalucia.es\/ceipvr\/wp-json\/wp\/v2\/media?parent=141"}],"curies":[{"name":"wp","href":"https:\/\/api.w.org\/{rel}","templated":true}]}}