{"id":2253,"date":"2020-11-14T06:33:01","date_gmt":"2020-11-14T06:33:01","guid":{"rendered":"https:\/\/blogsaverroes.juntadeandalucia.es\/ceipvr\/?page_id=2253"},"modified":"2025-11-23T15:33:32","modified_gmt":"2025-11-23T15:33:32","slug":"igualdad","status":"publish","type":"page","link":"https:\/\/blogsaverroes.juntadeandalucia.es\/ceipvr\/igualdad\/","title":{"rendered":"PLAN DE IGUALDAD DE G\u00c9NERO EN EDUCACI\u00d3N DE ANDALUC\u00cdA"},"content":{"rendered":"<p><a href=\"https:\/\/blogsaverroes.juntadeandalucia.es\/ceipvr\/files\/2024\/08\/images.jpg\"><img decoding=\"async\" class=\"size-medium wp-image-6548 alignleft\" src=\"https:\/\/blogsaverroes.juntadeandalucia.es\/ceipvr\/files\/2024\/08\/images-300x120.jpg\" alt=\"\" width=\"300\" height=\"120\" srcset=\"https:\/\/blogsaverroes.juntadeandalucia.es\/ceipvr\/files\/2024\/08\/images-300x120.jpg 300w, https:\/\/blogsaverroes.juntadeandalucia.es\/ceipvr\/files\/2024\/08\/images.jpg 354w\" sizes=\"(max-width: 300px) 100vw, 300px\" \/><\/a>El avance conseguido en las \u00faltimas d\u00e9cadas en la igualdad entre hombres y mujeres ha llevado a nuestra sociedad andaluza a la incorporaci\u00f3n y participaci\u00f3n de las mujeres en todas las esferas de la vida pol\u00edtica, social y cultural. Sin embargo, estos cambios no siempre han venido acompa\u00f1ados de nuevos modelos de relaciones entre los g\u00e9neros.<\/p>\n<div class=\"caja_imagen_izquierda_texto_generico\">\n<div class=\"texto_parrafo_texto_generico\">Aunque se han dado cambios importantes en los modelos de familia, podemos decir que, mientras el modelo de feminidad tradicional ha sufrido una importante transformaci\u00f3n, los varones no se han incorporado de la misma forma a los \u00e1mbitos de la vida privada y al espacio dom\u00e9stico. Adem\u00e1s, las relaciones de poder dominantes en nuestra sociedad se siguen manifestando en discriminaciones laborales, y en la violencia contra las mujeres como la forma m\u00e1s arcaica de dominaci\u00f3n y sometimiento.<\/div>\n<div><a href=\"https:\/\/blogsaverroes.juntadeandalucia.es\/ceipvr\/files\/2024\/02\/leer-mas.jpg\"><img fetchpriority=\"high\" decoding=\"async\" class=\"aligncenter size-medium wp-image-5801\" src=\"https:\/\/blogsaverroes.juntadeandalucia.es\/ceipvr\/files\/2024\/02\/leer-mas-300x300.jpg\" alt=\"\" width=\"300\" height=\"300\" srcset=\"https:\/\/blogsaverroes.juntadeandalucia.es\/ceipvr\/files\/2024\/02\/leer-mas-300x300.jpg 300w, https:\/\/blogsaverroes.juntadeandalucia.es\/ceipvr\/files\/2024\/02\/leer-mas-1024x1024.jpg 1024w, https:\/\/blogsaverroes.juntadeandalucia.es\/ceipvr\/files\/2024\/02\/leer-mas-150x150.jpg 150w, https:\/\/blogsaverroes.juntadeandalucia.es\/ceipvr\/files\/2024\/02\/leer-mas-768x768.jpg 768w, https:\/\/blogsaverroes.juntadeandalucia.es\/ceipvr\/files\/2024\/02\/leer-mas-80x80.jpg 80w, https:\/\/blogsaverroes.juntadeandalucia.es\/ceipvr\/files\/2024\/02\/leer-mas-320x320.jpg 320w, https:\/\/blogsaverroes.juntadeandalucia.es\/ceipvr\/files\/2024\/02\/leer-mas.jpg 1080w\" sizes=\"(max-width: 300px) 100vw, 300px\" \/><\/a><\/div>\n<div class=\"texto_parrafo_texto_generico\">La Consejer\u00eda de Educaci\u00f3n, consciente de esta realidad y de la importancia que tiene la actuaci\u00f3n&nbsp;desde las pol\u00edticas p\u00fablicas para que el principio de igualdad entre hombres y mujeres consagrado en nuestra Constituci\u00f3n y en el Estatuto de Autonom\u00eda para Andaluc\u00eda sea una realidad, ha determinado desde su \u00e1mbito de competencias desarrollar una intervenci\u00f3n global en el marco educativo a trav\u00e9s de este&nbsp;<strong>II Plan de Igualdad entre Hombres y Mujeres en Educaci\u00f3n.<\/strong><\/div>\n<div class=\"texto_parrafo_texto_generico\">La educaci\u00f3n integral de las personas implica la adquisici\u00f3n de un conjunto de capacidades b\u00e1sicas de tipo cognitivo, emocional y \u00e9tico. Esto supone que a la necesidad incuestionable de educar en habilidades y conocimientos se a\u00f1ade la de educar para una mejor calidad de vida y para dotar a esta de sentido moral.<\/div>\n<div class=\"texto_parrafo_texto_generico\">El sistema educativo debe hacerse cargo de crear las condiciones necesarias para que la escuela potencie los aprendizajes para la vida afectiva e incorpore el valor y la riqueza que supone la diversidad de modos de ser hombre y de ser mujer que son el sustrato imprescindible para establecer unas relaciones basadas en la equidad, el respeto y la corresponsabilidad.<\/div>\n<\/div>\n<div>&nbsp;<\/div>\n<h2><span style=\"color: #0000ff\">Coordinadora: M\u00aa del Roc\u00edo Domingo D\u00edaz<\/span><\/h2>\n<p><a href=\"https:\/\/www.calameo.com\/read\/006514052469ed6b6301c\">DOCUMENTO: PLAN DE IGUALDAD<\/a><\/p>\n","protected":false},"excerpt":{"rendered":"<p>El avance conseguido en las \u00faltimas d\u00e9cadas en la igualdad entre hombres y mujeres ha llevado a nuestra sociedad andaluza a la incorporaci\u00f3n y participaci\u00f3n de las mujeres en todas las esferas de la vida pol\u00edtica, social y cultural. Sin embargo, estos cambios no siempre&#46;&#46;&#46;<\/p>\n","protected":false},"author":10667,"featured_media":0,"parent":0,"menu_order":0,"comment_status":"closed","ping_status":"closed","template":"","meta":{"ngg_post_thumbnail":0,"footnotes":"","_mc_calendar":[]},"aioseo_notices":[],"_links":{"self":[{"href":"https:\/\/blogsaverroes.juntadeandalucia.es\/ceipvr\/wp-json\/wp\/v2\/pages\/2253"}],"collection":[{"href":"https:\/\/blogsaverroes.juntadeandalucia.es\/ceipvr\/wp-json\/wp\/v2\/pages"}],"about":[{"href":"https:\/\/blogsaverroes.juntadeandalucia.es\/ceipvr\/wp-json\/wp\/v2\/types\/page"}],"author":[{"embeddable":true,"href":"https:\/\/blogsaverroes.juntadeandalucia.es\/ceipvr\/wp-json\/wp\/v2\/users\/10667"}],"replies":[{"embeddable":true,"href":"https:\/\/blogsaverroes.juntadeandalucia.es\/ceipvr\/wp-json\/wp\/v2\/comments?post=2253"}],"version-history":[{"count":7,"href":"https:\/\/blogsaverroes.juntadeandalucia.es\/ceipvr\/wp-json\/wp\/v2\/pages\/2253\/revisions"}],"predecessor-version":[{"id":8114,"href":"https:\/\/blogsaverroes.juntadeandalucia.es\/ceipvr\/wp-json\/wp\/v2\/pages\/2253\/revisions\/8114"}],"wp:attachment":[{"href":"https:\/\/blogsaverroes.juntadeandalucia.es\/ceipvr\/wp-json\/wp\/v2\/media?parent=2253"}],"curies":[{"name":"wp","href":"https:\/\/api.w.org\/{rel}","templated":true}]}}