{"id":35,"date":"2015-03-13T08:21:43","date_gmt":"2015-03-13T08:21:43","guid":{"rendered":"http:\/\/blogsaverroes.juntadeandalucia.es\/pre\/ceip\/?page_id=35"},"modified":"2025-11-19T18:50:19","modified_gmt":"2025-11-19T18:50:19","slug":"el-centro-2","status":"publish","type":"page","link":"https:\/\/blogsaverroes.juntadeandalucia.es\/ceipvr\/el-centro-2\/","title":{"rendered":"Datos del centro"},"content":{"rendered":"<p><iframe src=\"https:\/\/www.google.com\/maps\/embed?pb=!1m14!1m12!1m3!1d3196.2859537394306!2d-2.618104584929653!3d36.76370697745325!2m3!1f0!2f0!3f0!3m2!1i1024!2i768!4f13.1!5e0!3m2!1ses!2ses!4v1600707285698!5m2!1ses!2ses\" width=\"600\" height=\"450\" frameborder=\"0\">&lt;span data-mce-type=&#8221;bookmark&#8221; style=&#8221;display: inline-block; width: 0px; overflow: hidden; line-height: 0;&#8221; class=&#8221;mce_SELRES_start&#8221;&gt;\ufeff&lt;\/span&gt;<\/iframe><\/p>\n<h4>DATOS DE CONTACTO<\/h4>\n<p>CEIP. Virgen del Rosario<\/p>\n<p><strong>Direcci\u00f3n:<\/strong> &nbsp;Calle Magisterio,7 Roquetas de Mar, Almer\u00eda.<\/p>\n<p><strong>Tel\u00e9fono: <\/strong>950 15 67 68 y 950 15 67 70<\/p>\n<table style=\"border-collapse: collapse;width: 100%\">\n<tbody>\n<tr>\n<td style=\"width: 8.72721%\"><strong>Email:<\/strong><\/td>\n<td style=\"width: 41.0909%\">04003809.edu@juntadeandalucia.es<\/td>\n<td style=\"width: 50.1818%\">04003809@g.educaand.es<\/td>\n<\/tr>\n<\/tbody>\n<\/table>\n<h4><strong>HORARIOS<\/strong><\/h4>\n<p><strong>Horario escolar:<\/strong> 9:00 a 14:00 horas<\/p>\n<p><strong>Tutorias:<\/strong> Lunes 17:00-18:00 horas<\/p>\n<p><strong>Tareas administrativas:<\/strong> 9:15-13:30 horas<\/p>\n<p><strong>Direcci\u00f3n<\/strong>:<\/p>\n<ul>\n<li>Martes y viernes: 9:15 a 10 h.<\/li>\n<li>Martes y viernes: 12 a 13 h.<\/li>\n<li>Mi\u00e9rcoles y jueves: 12 a 13 h.<\/li>\n<\/ul>\n<p><strong>Jefatura de estudios:<\/strong><\/p>\n<ul>\n<li>Martes y mi\u00e9roles: 9:15 a 10 h.<\/li>\n<li>Viernes: 9:15 a 10 h.<\/li>\n<\/ul>\n<p><strong>Secretar\u00eda:<\/strong><\/p>\n<ul>\n<li>Lunes: 10 a 11:30 h.<\/li>\n<li>Jueves: 9:15 a 11:30 h.<\/li>\n<li>Viernes: 12 a 13:30 h.<\/li>\n<\/ul>\n<p>Preferible solicitar cita previa, o contactar v\u00eda Pasen, Mail o telef\u00f3nicamente.<\/p>\n<h4><strong>OFERTA EDUCATIVA<\/strong><\/h4>\n<p>Segundo Ciclo de Educaci\u00f3n Infantil<\/p>\n<p>Primer Ciclo de Educaci\u00f3n Primaria<\/p>\n<p>Segundo Ciclo de Educaci\u00f3n Primaria<\/p>\n<p>Tercer Ciclo de Educaci\u00f3n Primaria<\/p>\n<p>&nbsp;<\/p>\n<p><strong>EXTRAESCOLARES CURSO 24\/25<\/strong><\/p>\n<p>P.R.O.A.: Plan de Refuerzo Orientaci\u00f3n y Apoyo, destinado a alumnos con necesidades espec\u00edficas de apoyo educativo. En horario de martes y jueves de 16 a 18 h.<\/p>\n<p>Cultura \u00c1rabe. Mi\u00e9rcoles de 16 a 18 h.<\/p>\n<p>Cultura Rumana. Mi\u00e9rcoles de 17:30 a 18:15 h. y Jueves de 17 a 18 h.<\/p>\n<p>&nbsp;<\/p>\n<p>&nbsp;<\/p>\n<h4>Instalaciones<\/h4>\nngg_shortcode_0_placeholder\n","protected":false},"excerpt":{"rendered":"<p>&lt;span data-mce-type=&#8221;bookmark&#8221; style=&#8221;display: inline-block; width: 0px; overflow: hidden; line-height: 0;&#8221; class=&#8221;mce_SELRES_start&#8221;&gt;\ufeff&lt;\/span&gt; DATOS DE CONTACTO CEIP. Virgen del Rosario Direcci\u00f3n: &nbsp;Calle Magisterio,7 Roquetas de Mar, Almer\u00eda. Tel\u00e9fono: 950 15 67 68 y 950 15 67 70 Email: 04003809.edu@juntadeandalucia.es 04003809@g.educaand.es HORARIOS Horario escolar: 9:00 a 14:00 horas&#46;&#46;&#46;<\/p>\n","protected":false},"author":1,"featured_media":0,"parent":0,"menu_order":0,"comment_status":"closed","ping_status":"open","template":"","meta":{"ngg_post_thumbnail":0,"footnotes":"","_mc_calendar":[]},"aioseo_notices":[],"_links":{"self":[{"href":"https:\/\/blogsaverroes.juntadeandalucia.es\/ceipvr\/wp-json\/wp\/v2\/pages\/35"}],"collection":[{"href":"https:\/\/blogsaverroes.juntadeandalucia.es\/ceipvr\/wp-json\/wp\/v2\/pages"}],"about":[{"href":"https:\/\/blogsaverroes.juntadeandalucia.es\/ceipvr\/wp-json\/wp\/v2\/types\/page"}],"author":[{"embeddable":true,"href":"https:\/\/blogsaverroes.juntadeandalucia.es\/ceipvr\/wp-json\/wp\/v2\/users\/1"}],"replies":[{"embeddable":true,"href":"https:\/\/blogsaverroes.juntadeandalucia.es\/ceipvr\/wp-json\/wp\/v2\/comments?post=35"}],"version-history":[{"count":35,"href":"https:\/\/blogsaverroes.juntadeandalucia.es\/ceipvr\/wp-json\/wp\/v2\/pages\/35\/revisions"}],"predecessor-version":[{"id":8010,"href":"https:\/\/blogsaverroes.juntadeandalucia.es\/ceipvr\/wp-json\/wp\/v2\/pages\/35\/revisions\/8010"}],"wp:attachment":[{"href":"https:\/\/blogsaverroes.juntadeandalucia.es\/ceipvr\/wp-json\/wp\/v2\/media?parent=35"}],"curies":[{"name":"wp","href":"https:\/\/api.w.org\/{rel}","templated":true}]}}