{"id":42,"date":"2015-03-13T08:40:47","date_gmt":"2015-03-13T08:40:47","guid":{"rendered":"http:\/\/blogsaverroes.juntadeandalucia.es\/pre\/ceip\/?page_id=42"},"modified":"2025-09-21T15:34:29","modified_gmt":"2025-09-21T15:34:29","slug":"equipo-directivo","status":"publish","type":"page","link":"https:\/\/blogsaverroes.juntadeandalucia.es\/ceipvr\/equipo-directivo\/","title":{"rendered":"Equipo directivo"},"content":{"rendered":"<p>&nbsp;<\/p>\n<h2><strong>Direcci\u00f3n: <\/strong>Raquel Sola Garc\u00eda. 04003809.edu@juntadeandalucia.es<\/h2>\n<h3>HORARIO<\/h3>\n<ul>\n<li>Martes y viernes: 9:15 a 10 h.<\/li>\n<li>Martes y viernes: 12 a 13 h.<\/li>\n<li>Mi\u00e9rcoles y jueves: 12 a 13 h.<\/li>\n<\/ul>\n<p>La LOMCE establece que las competencias del <b>director <\/b>son las siguientes:<\/p>\n<ul>\n<li>ostentar la representaci\u00f3n del centro, representar a la administraci\u00f3n educativa en el mismo y hacerle llegar a esta los planteamientos, aspiraciones y necesidades de la comunidad educativa<\/li>\n<li>dirigir y coordinar todas las actividades del centro, sin perjuicio de las competencias atribuidas al Claustro del profesorado y al Consejo Escolar<\/li>\n<li>ejercer la direcci\u00f3n pedag\u00f3gica, promover la innovaci\u00f3n educativa e impulsar planes para la consecuci\u00f3n de los objetivos del proyecto educativo del centro<\/li>\n<li>garantizar el cumplimiento de las leyes y dem\u00e1s disposiciones vigentes<\/li>\n<li>ejercer la jefatura de todo el personal adscrito al centro<\/li>\n<li>favorecer la convivencia en el centro, garantizar la mediaci\u00f3n en la resoluci\u00f3n de los conflictos e imponer las medidas disciplinarias que correspondan a los alumnos, en cumplimiento de la normativa vigente, sin perjuicio de las competencias atribuidas al Consejo Escolar. Para ello, el director ha de promover la agilizaci\u00f3n de los procedimientos para la resoluci\u00f3n de los conflictos en los centros<\/li>\n<li>impulsar la colaboraci\u00f3n con las familias, con instituciones y con organismos que faciliten la relaci\u00f3n del centro con el entorno, y fomentar un clima escolar que favorezca el estudio y el desarrollo de cuantas actuaciones propicien una formaci\u00f3n integral en conocimientos y valores del alumnado<\/li>\n<li>impulsar las evaluaciones internas del centro y colaborar en las evaluaciones externas y en la evaluaci\u00f3n del profesorado<\/li>\n<li>convocar y presidir los actos acad\u00e9micos y las sesiones del Consejo Escolar y del Claustro del profesorado del centro y ejecutar los acuerdos adoptados, en el \u00e1mbito de sus competencias<\/li>\n<li>realizar las contrataciones de obras, servicios y suministros, as\u00ed como autorizar los gastos de acuerdo con el presupuesto del centro, ordenar los pagos y visar las certificaciones y documentos oficiales del centro, todo ello de acuerdo con lo que establezcan las administraciones educativas<\/li>\n<li>proponer a la administraci\u00f3n educativa el nombramiento y cese de los miembros del equipo directivo, previa informaci\u00f3n al Claustro del profesorado y al Consejo Escolar del centro<\/li>\n<li>aprobar el proyecto educativo, el proyecto de gesti\u00f3n y las normas de organizaci\u00f3n y funcionamiento del centro educativo<\/li>\n<li>decidir sobre la admisi\u00f3n de alumnos y alumnas<\/li>\n<li>aprobar la obtenci\u00f3n de recursos complementarios<\/li>\n<li>fijar las directrices para la colaboraci\u00f3n, con fines educativos y culturales, con las administraciones locales, con otros centros, entidades y organismos<\/li>\n<li>cualquier otra funci\u00f3n que le sea encomendada por la administraci\u00f3n educativa&nbsp;&nbsp;<\/li>\n<li>dentro de la realizaci\u00f3n de acciones destinadas a fomentar la calidad de los centros docentes, el director ha visto ampliadas sus facultades&nbsp;para adaptar los recursos humanos a las necesidades derivadas de dichas acciones. M\u00e1s informaci\u00f3n en <a href=\"https:\/\/eacea.ec.europa.eu\/national-policies\/eurydice\/node\/8064\/draft_es#dir\" target=\"_blank\" rel=\"noopener noreferrer\">O<\/a><a href=\"https:\/\/eacea.ec.europa.eu\/national-policies\/eurydice\/content\/administration-and-governance-local-andor-institutional-level-79_es#dir\" target=\"_blank\" rel=\"noopener noreferrer\">rganizaci\u00f3n de acciones destinadas a fomentar la calidad<\/a>.<\/li>\n<\/ul>\n<h2><strong>Jefatura de estudios: Roc\u00edo P\u00e9rez Clares. 04003809@g.educaand.es<\/strong><\/h2>\n<h3>HORARIO<\/h3>\n<ul>\n<li>Martes y mi\u00e9rcoles: 9:15 a 10 h.<\/li>\n<li>Viernes: 9:15 a 10 h.<\/li>\n<\/ul>\n<p>Sus funciones son:<\/p>\n<ul>\n<li>favorecer la convivencia en el centro y garantizar el procedimiento para imponer las correcciones que correspondan<\/li>\n<li>coordinar y velar por la ejecuci\u00f3n de las actividades de car\u00e1cter acad\u00e9mico, de orientaci\u00f3n y complementarias de profesorado y de alumnado<\/li>\n<li>intervenir en la coordinaci\u00f3n de las tareas de los equipos de ciclo en Educaci\u00f3n Primaria.<\/li>\n<\/ul>\n<h2><strong>Secretar\u00eda: <\/strong>Andr\u00e9s Pe\u00f1a Fern\u00e1ndez. apenfer146@g.educaand.es<\/h2>\n<h3>HORARIO<\/h3>\n<ul>\n<li>Lunes: 10 a 11:30 h.<\/li>\n<li>Jueves: 9:15 a 11:30 h.<\/li>\n<li>Viernes: 12 a 13:30 h.<\/li>\n<\/ul>\n<p>Sus funciones son:<\/p>\n<ul>\n<li>ordenar el r\u00e9gimen econ\u00f3mico<\/li>\n<li>coordinar y dirigir al Personal de Administraci\u00f3n y Servicios (PAS)<\/li>\n<li>elaborar el anteproyecto y\/o proyecto del presupuesto<\/li>\n<li>actuar como secretario de los \u00f3rganos colegiados<\/li>\n<li>custodiar los archivos del centro<\/li>\n<li>expedir las certificaciones<\/li>\n<li>velar por el mantenimiento del material.<\/li>\n<\/ul>\n<p>&nbsp;<\/p>\n","protected":false},"excerpt":{"rendered":"<p>&nbsp; Direcci\u00f3n: Raquel Sola Garc\u00eda. 04003809.edu@juntadeandalucia.es HORARIO Martes y viernes: 9:15 a 10 h. Martes y viernes: 12 a 13 h. Mi\u00e9rcoles y jueves: 12 a 13 h. La LOMCE establece que las competencias del director son las siguientes: ostentar la representaci\u00f3n del centro, representar&#46;&#46;&#46;<\/p>\n","protected":false},"author":1,"featured_media":0,"parent":0,"menu_order":0,"comment_status":"closed","ping_status":"open","template":"","meta":{"ngg_post_thumbnail":0,"footnotes":"","_mc_calendar":[]},"aioseo_notices":[],"_links":{"self":[{"href":"https:\/\/blogsaverroes.juntadeandalucia.es\/ceipvr\/wp-json\/wp\/v2\/pages\/42"}],"collection":[{"href":"https:\/\/blogsaverroes.juntadeandalucia.es\/ceipvr\/wp-json\/wp\/v2\/pages"}],"about":[{"href":"https:\/\/blogsaverroes.juntadeandalucia.es\/ceipvr\/wp-json\/wp\/v2\/types\/page"}],"author":[{"embeddable":true,"href":"https:\/\/blogsaverroes.juntadeandalucia.es\/ceipvr\/wp-json\/wp\/v2\/users\/1"}],"replies":[{"embeddable":true,"href":"https:\/\/blogsaverroes.juntadeandalucia.es\/ceipvr\/wp-json\/wp\/v2\/comments?post=42"}],"version-history":[{"count":13,"href":"https:\/\/blogsaverroes.juntadeandalucia.es\/ceipvr\/wp-json\/wp\/v2\/pages\/42\/revisions"}],"predecessor-version":[{"id":7867,"href":"https:\/\/blogsaverroes.juntadeandalucia.es\/ceipvr\/wp-json\/wp\/v2\/pages\/42\/revisions\/7867"}],"wp:attachment":[{"href":"https:\/\/blogsaverroes.juntadeandalucia.es\/ceipvr\/wp-json\/wp\/v2\/media?parent=42"}],"curies":[{"name":"wp","href":"https:\/\/api.w.org\/{rel}","templated":true}]}}