{"id":44,"date":"2015-03-13T08:42:15","date_gmt":"2015-03-13T08:42:15","guid":{"rendered":"http:\/\/blogsaverroes.juntadeandalucia.es\/pre\/ceip\/?page_id=44"},"modified":"2025-11-23T16:21:28","modified_gmt":"2025-11-23T16:21:28","slug":"planes-y-proyectos","status":"publish","type":"page","link":"https:\/\/blogsaverroes.juntadeandalucia.es\/ceipvr\/planes-y-proyectos\/","title":{"rendered":"Planes y Programas"},"content":{"rendered":"<p>El centro educativo, a trav\u00e9s del consenso de su claustro de profesorado, ha seleccionado aquellos planes y programas dependientes de la Consejer\u00eda de Educaci\u00f3n que van a brindar una oportunidad de conocimiento y mejora de los aprendizajes del alumnado. Tanto por su repercusi\u00f3n en el aprendizaje, como por brindar recursos materiales y\/o econ\u00f3micos, estos planes y programas fomentar\u00e1n el desarrollo personal y competencial de los alumnos y alumnas.<\/p>\n<table style=\"border-collapse: collapse;width: 100%\">\n<tbody>\n<tr>\n<td style=\"width: 33.3333%\"><a href=\"https:\/\/blogsaverroes.juntadeandalucia.es\/ceipvr\/biblioteca\/\"><img decoding=\"async\" class=\"aligncenter wp-image-8018\" src=\"https:\/\/blogsaverroes.juntadeandalucia.es\/ceipvr\/files\/2025\/11\/10.-Bibliotecas-Escolares-300x300.png\" alt=\"\" width=\"205\" height=\"205\" srcset=\"https:\/\/blogsaverroes.juntadeandalucia.es\/ceipvr\/files\/2025\/11\/10.-Bibliotecas-Escolares-300x300.png 300w, https:\/\/blogsaverroes.juntadeandalucia.es\/ceipvr\/files\/2025\/11\/10.-Bibliotecas-Escolares-150x150.png 150w, https:\/\/blogsaverroes.juntadeandalucia.es\/ceipvr\/files\/2025\/11\/10.-Bibliotecas-Escolares-80x80.png 80w, https:\/\/blogsaverroes.juntadeandalucia.es\/ceipvr\/files\/2025\/11\/10.-Bibliotecas-Escolares-320x320.png 320w, https:\/\/blogsaverroes.juntadeandalucia.es\/ceipvr\/files\/2025\/11\/10.-Bibliotecas-Escolares.png 450w\" sizes=\"(max-width: 205px) 100vw, 205px\" \/><\/a><\/td>\n<td style=\"width: 33.3333%\"><a href=\"https:\/\/blogsaverroes.juntadeandalucia.es\/ceipvr\/igualdad\/\"><img decoding=\"async\" class=\"aligncenter size-medium wp-image-6548\" src=\"https:\/\/blogsaverroes.juntadeandalucia.es\/ceipvr\/files\/2024\/08\/images-300x120.jpg\" alt=\"\" width=\"300\" height=\"120\" srcset=\"https:\/\/blogsaverroes.juntadeandalucia.es\/ceipvr\/files\/2024\/08\/images-300x120.jpg 300w, https:\/\/blogsaverroes.juntadeandalucia.es\/ceipvr\/files\/2024\/08\/images.jpg 354w\" sizes=\"(max-width: 300px) 100vw, 300px\" \/><\/a><\/td>\n<td style=\"width: 33.3333%\"><a href=\"https:\/\/blogsaverroes.juntadeandalucia.es\/ceipvr\/escuela-espacio-de-paz\/\"><img fetchpriority=\"high\" decoding=\"async\" class=\"aligncenter wp-image-6554 size-medium\" src=\"https:\/\/blogsaverroes.juntadeandalucia.es\/ceipvr\/files\/2024\/08\/Logo-RAEEP-color-590x423-copia-300x215.jpg\" alt=\"\" width=\"300\" height=\"215\" srcset=\"https:\/\/blogsaverroes.juntadeandalucia.es\/ceipvr\/files\/2024\/08\/Logo-RAEEP-color-590x423-copia-300x215.jpg 300w, https:\/\/blogsaverroes.juntadeandalucia.es\/ceipvr\/files\/2024\/08\/Logo-RAEEP-color-590x423-copia.jpg 400w\" sizes=\"(max-width: 300px) 100vw, 300px\" \/><\/a><\/td>\n<\/tr>\n<tr>\n<td style=\"width: 33.3333%\"><a href=\"https:\/\/blogsaverroes.juntadeandalucia.es\/ceipvr\/creciendo-en-salud\/\"><img loading=\"lazy\" decoding=\"async\" class=\"aligncenter wp-image-8019\" src=\"https:\/\/blogsaverroes.juntadeandalucia.es\/ceipvr\/files\/2025\/11\/7.-Programa-Escolar-de-consumo-de-frutas-hortalizas-y-leche-y-sus-medidas-de-acompanamiento-300x300.png\" alt=\"\" width=\"191\" height=\"191\" srcset=\"https:\/\/blogsaverroes.juntadeandalucia.es\/ceipvr\/files\/2025\/11\/7.-Programa-Escolar-de-consumo-de-frutas-hortalizas-y-leche-y-sus-medidas-de-acompanamiento-300x300.png 300w, https:\/\/blogsaverroes.juntadeandalucia.es\/ceipvr\/files\/2025\/11\/7.-Programa-Escolar-de-consumo-de-frutas-hortalizas-y-leche-y-sus-medidas-de-acompanamiento-150x150.png 150w, https:\/\/blogsaverroes.juntadeandalucia.es\/ceipvr\/files\/2025\/11\/7.-Programa-Escolar-de-consumo-de-frutas-hortalizas-y-leche-y-sus-medidas-de-acompanamiento-80x80.png 80w, https:\/\/blogsaverroes.juntadeandalucia.es\/ceipvr\/files\/2025\/11\/7.-Programa-Escolar-de-consumo-de-frutas-hortalizas-y-leche-y-sus-medidas-de-acompanamiento-320x320.png 320w, https:\/\/blogsaverroes.juntadeandalucia.es\/ceipvr\/files\/2025\/11\/7.-Programa-Escolar-de-consumo-de-frutas-hortalizas-y-leche-y-sus-medidas-de-acompanamiento.png 450w\" sizes=\"(max-width: 191px) 100vw, 191px\" \/><\/a><\/td>\n<td style=\"width: 33.3333%\"><a href=\"https:\/\/blogsaverroes.juntadeandalucia.es\/ceipvr\/transformacion-digital-educativa-tde\/\"><img loading=\"lazy\" decoding=\"async\" class=\"aligncenter wp-image-8017\" src=\"https:\/\/blogsaverroes.juntadeandalucia.es\/ceipvr\/files\/2025\/11\/STEAM-1-300x300.png\" alt=\"\" width=\"191\" height=\"191\" srcset=\"https:\/\/blogsaverroes.juntadeandalucia.es\/ceipvr\/files\/2025\/11\/STEAM-1-300x300.png 300w, https:\/\/blogsaverroes.juntadeandalucia.es\/ceipvr\/files\/2025\/11\/STEAM-1-150x150.png 150w, https:\/\/blogsaverroes.juntadeandalucia.es\/ceipvr\/files\/2025\/11\/STEAM-1-80x80.png 80w, https:\/\/blogsaverroes.juntadeandalucia.es\/ceipvr\/files\/2025\/11\/STEAM-1-320x320.png 320w, https:\/\/blogsaverroes.juntadeandalucia.es\/ceipvr\/files\/2025\/11\/STEAM-1.png 600w\" sizes=\"(max-width: 191px) 100vw, 191px\" \/><\/a><\/td>\n<td style=\"width: 33.3333%\"><a href=\"https:\/\/blogsaverroes.juntadeandalucia.es\/ceipvr\/mas-equidad\/\"><img loading=\"lazy\" decoding=\"async\" class=\"aligncenter size-full wp-image-8020\" src=\"https:\/\/blogsaverroes.juntadeandalucia.es\/ceipvr\/files\/2025\/11\/imagen_enlace_mas_equidad.jpg\" alt=\"\" width=\"260\" height=\"148\"><\/a><\/td>\n<\/tr>\n<tr>\n<td style=\"width: 33.3333%\"><a href=\"https:\/\/blogsaverroes.juntadeandalucia.es\/ceipvr\/plan-de-bilinguismo-2\/\"><img loading=\"lazy\" decoding=\"async\" class=\"aligncenter size-medium wp-image-6543\" src=\"https:\/\/blogsaverroes.juntadeandalucia.es\/ceipvr\/files\/2024\/08\/PLURI-300x158.jpg\" alt=\"\" width=\"300\" height=\"158\" srcset=\"https:\/\/blogsaverroes.juntadeandalucia.es\/ceipvr\/files\/2024\/08\/PLURI-300x158.jpg 300w, https:\/\/blogsaverroes.juntadeandalucia.es\/ceipvr\/files\/2024\/08\/PLURI.jpg 310w\" sizes=\"(max-width: 300px) 100vw, 300px\" \/><\/a><\/td>\n<td style=\"width: 33.3333%\"><a href=\"https:\/\/blogsaverroes.juntadeandalucia.es\/ceipvr\/plan-de-riesgos-laborales\/\"><img loading=\"lazy\" decoding=\"async\" class=\"aligncenter  wp-image-8130\" src=\"https:\/\/blogsaverroes.juntadeandalucia.es\/ceipvr\/files\/2025\/11\/prevencion-riesgos-laborales-imgEs20170504094632Peq-300x225.png\" alt=\"\" width=\"199\" height=\"149\" srcset=\"https:\/\/blogsaverroes.juntadeandalucia.es\/ceipvr\/files\/2025\/11\/prevencion-riesgos-laborales-imgEs20170504094632Peq-300x225.png 300w, https:\/\/blogsaverroes.juntadeandalucia.es\/ceipvr\/files\/2025\/11\/prevencion-riesgos-laborales-imgEs20170504094632Peq.png 670w\" sizes=\"(max-width: 199px) 100vw, 199px\" \/><\/a><\/td>\n<td style=\"width: 33.3333%\"><a href=\"https:\/\/blogsaverroes.juntadeandalucia.es\/ceipvr\/proa\/\"><img loading=\"lazy\" decoding=\"async\" class=\"aligncenter size-medium wp-image-8122\" src=\"https:\/\/blogsaverroes.juntadeandalucia.es\/ceipvr\/files\/2025\/11\/logo-proa-300x91.png\" alt=\"\" width=\"300\" height=\"91\" srcset=\"https:\/\/blogsaverroes.juntadeandalucia.es\/ceipvr\/files\/2025\/11\/logo-proa-300x91.png 300w, https:\/\/blogsaverroes.juntadeandalucia.es\/ceipvr\/files\/2025\/11\/logo-proa.png 718w\" sizes=\"(max-width: 300px) 100vw, 300px\" \/><\/a><\/td>\n<\/tr>\n<\/tbody>\n<\/table>\n","protected":false},"excerpt":{"rendered":"<p>El centro educativo, a trav\u00e9s del consenso de su claustro de profesorado, ha seleccionado aquellos planes y programas dependientes de la Consejer\u00eda de Educaci\u00f3n que van a brindar una oportunidad de conocimiento y mejora de los aprendizajes del alumnado. Tanto por su repercusi\u00f3n en el&#46;&#46;&#46;<\/p>\n","protected":false},"author":1,"featured_media":0,"parent":0,"menu_order":0,"comment_status":"closed","ping_status":"closed","template":"","meta":{"ngg_post_thumbnail":0,"footnotes":"","_mc_calendar":[]},"aioseo_notices":[],"_links":{"self":[{"href":"https:\/\/blogsaverroes.juntadeandalucia.es\/ceipvr\/wp-json\/wp\/v2\/pages\/44"}],"collection":[{"href":"https:\/\/blogsaverroes.juntadeandalucia.es\/ceipvr\/wp-json\/wp\/v2\/pages"}],"about":[{"href":"https:\/\/blogsaverroes.juntadeandalucia.es\/ceipvr\/wp-json\/wp\/v2\/types\/page"}],"author":[{"embeddable":true,"href":"https:\/\/blogsaverroes.juntadeandalucia.es\/ceipvr\/wp-json\/wp\/v2\/users\/1"}],"replies":[{"embeddable":true,"href":"https:\/\/blogsaverroes.juntadeandalucia.es\/ceipvr\/wp-json\/wp\/v2\/comments?post=44"}],"version-history":[{"count":16,"href":"https:\/\/blogsaverroes.juntadeandalucia.es\/ceipvr\/wp-json\/wp\/v2\/pages\/44\/revisions"}],"predecessor-version":[{"id":8132,"href":"https:\/\/blogsaverroes.juntadeandalucia.es\/ceipvr\/wp-json\/wp\/v2\/pages\/44\/revisions\/8132"}],"wp:attachment":[{"href":"https:\/\/blogsaverroes.juntadeandalucia.es\/ceipvr\/wp-json\/wp\/v2\/media?parent=44"}],"curies":[{"name":"wp","href":"https:\/\/api.w.org\/{rel}","templated":true}]}}