{"id":6539,"date":"2024-08-15T16:08:07","date_gmt":"2024-08-15T16:08:07","guid":{"rendered":"https:\/\/blogsaverroes.juntadeandalucia.es\/ceipvr\/?page_id=6539"},"modified":"2025-11-23T15:43:28","modified_gmt":"2025-11-23T15:43:28","slug":"transformacion-digital-educativa-tde","status":"publish","type":"page","link":"https:\/\/blogsaverroes.juntadeandalucia.es\/ceipvr\/transformacion-digital-educativa-tde\/","title":{"rendered":"C\u00f3digo Escuela 4.0"},"content":{"rendered":"<p><a href=\"https:\/\/blogsaverroes.juntadeandalucia.es\/ceipvr\/files\/2025\/11\/STEAM-1.png\"><img fetchpriority=\"high\" decoding=\"async\" class=\"size-medium wp-image-8017 alignleft\" src=\"https:\/\/blogsaverroes.juntadeandalucia.es\/ceipvr\/files\/2025\/11\/STEAM-1-300x300.png\" alt=\"\" width=\"300\" height=\"300\" srcset=\"https:\/\/blogsaverroes.juntadeandalucia.es\/ceipvr\/files\/2025\/11\/STEAM-1-300x300.png 300w, https:\/\/blogsaverroes.juntadeandalucia.es\/ceipvr\/files\/2025\/11\/STEAM-1-150x150.png 150w, https:\/\/blogsaverroes.juntadeandalucia.es\/ceipvr\/files\/2025\/11\/STEAM-1-80x80.png 80w, https:\/\/blogsaverroes.juntadeandalucia.es\/ceipvr\/files\/2025\/11\/STEAM-1-320x320.png 320w, https:\/\/blogsaverroes.juntadeandalucia.es\/ceipvr\/files\/2025\/11\/STEAM-1.png 600w\" sizes=\"(max-width: 300px) 100vw, 300px\" \/><\/a><\/p>\n<p>El Programa de cooperaci\u00f3n territorial (en adelante PCT) C\u00f3digo Escuela 4.0 se centra en las l\u00edneas 1 (Competencia Digital Educativa del alumnado, del profesorado y de los centros educativos) y 4 (Metodolog\u00edas y competencias digitales avanzadas) del Plan de Digitalizaci\u00f3n y de Competencias Digitales del Sistema Educativo (Plan #DigEdu).<\/p>\n<p>Su objetivo principal es poner en marcha los mecanismos y procesos necesarios para generalizar y facilitar al profesorado y al alumnado el desarrollo de las competencias digitales relacionadas con el pensamiento computacional, la programaci\u00f3n, la rob\u00f3tica y el buen uso de la Inteligencia Artificial.<\/p>\n<p>Pretende articular una respuesta integral, a trav\u00e9s de la capacitaci\u00f3n y actualizaci\u00f3n del profesorado mediante acciones formativas concretas que incluyan el acompa\u00f1amiento docente dentro del aula, complement\u00e1ndose con la puesta a disposici\u00f3n de la comunidad docente de recursos educativos abiertos espec\u00edficos que puedan implementarse en el aula f\u00e1cilmente, as\u00ed como con la dotaci\u00f3n a los centros educativos de recursos necesarios de software de programaci\u00f3n y hardware de rob\u00f3tica educativa.<\/p>\n<p>El PCT C\u00f3digo Escuela 4.0 est\u00e1 dirigido a todos los centros sostenidos con fondos p\u00fablicos que impartan ense\u00f1anzas de segundo ciclo de Ed. Infantil, Ed. Primaria y\/o Ed. Secundaria Obligatoria.<\/p>\n<p>En este sentido, la Consejer\u00eda de Desarrollo Educativo y Formaci\u00f3n Profesional de la Junta de Andaluc\u00eda asume el compromiso de implementar el programa y ejecutar los fondos destinados a su desarrollo, conforme a los plazos y condiciones establecidos.<\/p>\n<p>DOCUMENTO: <a href=\"https:\/\/blogsaverroes.juntadeandalucia.es\/ceipvr\/files\/2025\/11\/plan-de-actuacion-digital-2025_26.pdf\">Plan de Actuaci\u00f3n Digital 25\/26.<\/a><\/p>\n<h2><span style=\"color: #0000ff\"><span style=\"color: #000080\">Coordinador: Andr\u00e9s M. Pe\u00f1a<\/span><br \/>\n<\/span><\/h2>\n","protected":false},"excerpt":{"rendered":"<p>El Programa de cooperaci\u00f3n territorial (en adelante PCT) C\u00f3digo Escuela 4.0 se centra en las l\u00edneas 1 (Competencia Digital Educativa del alumnado, del profesorado y de los centros educativos) y 4 (Metodolog\u00edas y competencias digitales avanzadas) del Plan de Digitalizaci\u00f3n y de Competencias Digitales del&#46;&#46;&#46;<\/p>\n","protected":false},"author":10667,"featured_media":0,"parent":0,"menu_order":0,"comment_status":"closed","ping_status":"closed","template":"","meta":{"ngg_post_thumbnail":0,"footnotes":"","_mc_calendar":[]},"aioseo_notices":[],"_links":{"self":[{"href":"https:\/\/blogsaverroes.juntadeandalucia.es\/ceipvr\/wp-json\/wp\/v2\/pages\/6539"}],"collection":[{"href":"https:\/\/blogsaverroes.juntadeandalucia.es\/ceipvr\/wp-json\/wp\/v2\/pages"}],"about":[{"href":"https:\/\/blogsaverroes.juntadeandalucia.es\/ceipvr\/wp-json\/wp\/v2\/types\/page"}],"author":[{"embeddable":true,"href":"https:\/\/blogsaverroes.juntadeandalucia.es\/ceipvr\/wp-json\/wp\/v2\/users\/10667"}],"replies":[{"embeddable":true,"href":"https:\/\/blogsaverroes.juntadeandalucia.es\/ceipvr\/wp-json\/wp\/v2\/comments?post=6539"}],"version-history":[{"count":6,"href":"https:\/\/blogsaverroes.juntadeandalucia.es\/ceipvr\/wp-json\/wp\/v2\/pages\/6539\/revisions"}],"predecessor-version":[{"id":6787,"href":"https:\/\/blogsaverroes.juntadeandalucia.es\/ceipvr\/wp-json\/wp\/v2\/pages\/6539\/revisions\/6787"}],"wp:attachment":[{"href":"https:\/\/blogsaverroes.juntadeandalucia.es\/ceipvr\/wp-json\/wp\/v2\/media?parent=6539"}],"curies":[{"name":"wp","href":"https:\/\/api.w.org\/{rel}","templated":true}]}}