{"id":77,"date":"2015-03-16T06:54:56","date_gmt":"2015-03-16T06:54:56","guid":{"rendered":"http:\/\/blogsaverroes.juntadeandalucia.es\/pre\/ceip\/?page_id=77"},"modified":"2025-07-14T10:36:42","modified_gmt":"2025-07-14T10:36:42","slug":"secretaria","status":"publish","type":"page","link":"https:\/\/blogsaverroes.juntadeandalucia.es\/ceipvr\/secretaria\/","title":{"rendered":"Secretar\u00eda Virtual"},"content":{"rendered":"<p><a href=\"https:\/\/blogsaverroes.juntadeandalucia.es\/ceipvr\/files\/2022\/03\/secreatria-virtual.jpg\"><img fetchpriority=\"high\" decoding=\"async\" class=\"size-medium wp-image-3884 alignleft\" src=\"https:\/\/blogsaverroes.juntadeandalucia.es\/ceipvr\/files\/2022\/03\/secreatria-virtual-300x200.jpg\" alt=\"\" width=\"300\" height=\"200\" srcset=\"https:\/\/blogsaverroes.juntadeandalucia.es\/ceipvr\/files\/2022\/03\/secreatria-virtual-300x200.jpg 300w, https:\/\/blogsaverroes.juntadeandalucia.es\/ceipvr\/files\/2022\/03\/secreatria-virtual-1024x683.jpg 1024w, https:\/\/blogsaverroes.juntadeandalucia.es\/ceipvr\/files\/2022\/03\/secreatria-virtual-768x512.jpg 768w, https:\/\/blogsaverroes.juntadeandalucia.es\/ceipvr\/files\/2022\/03\/secreatria-virtual.jpg 1200w\" sizes=\"(max-width: 300px) 100vw, 300px\" \/><\/a>La <strong>Secretar\u00eda<\/strong> desarrolla muchas funciones importantes en la vida de un centro, especialmente en la relaci\u00f3n que mantiene con las familias en los diferentes tr\u00e1mites administrativos a lo largo de la escolarizaci\u00f3n: admisi\u00f3n, matr\u00edcula, comedor escolar, becas, etc.<\/p>\n<p>Es por esto que la Web, como puerta de entrada y canal de informaci\u00f3n a la comunidad educativa, deber\u00eda informar sobre el horario de la secretar\u00eda, tr\u00e1mites a realizar, plazos, documentaci\u00f3n, etc., con el objetivo de conseguir una mayor <strong>transparencia, agilidad y eficiencia.<\/strong><\/p>\n<p>&nbsp;<\/p>\n<h1 style=\"text-align: center\">HORARIO DE SECRETAR\u00cdA:&nbsp;&nbsp;&nbsp;&nbsp; <strong>9.30 h &#8211; 13.30 h<\/strong><\/h1>\n<p>&nbsp;<\/p>\n<table style=\"border-collapse: collapse;width: 100%;height: 376px\">\n<tbody>\n<tr style=\"height: 151px\">\n<td style=\"width: 33.5757%;height: 151px\">\n<h3><a href=\"https:\/\/blogsaverroes.juntadeandalucia.es\/ceipvr\/files\/2024\/08\/MATERIALES-ESCOLARES-1.jpg\"><img decoding=\"async\" class=\"aligncenter wp-image-6513\" src=\"https:\/\/blogsaverroes.juntadeandalucia.es\/ceipvr\/files\/2024\/08\/MATERIALES-ESCOLARES-1-300x170.jpg\" alt=\"\" width=\"209\" height=\"118\" srcset=\"https:\/\/blogsaverroes.juntadeandalucia.es\/ceipvr\/files\/2024\/08\/MATERIALES-ESCOLARES-1-300x170.jpg 300w, https:\/\/blogsaverroes.juntadeandalucia.es\/ceipvr\/files\/2024\/08\/MATERIALES-ESCOLARES-1.jpg 499w\" sizes=\"(max-width: 209px) 100vw, 209px\" \/><\/a><\/h3>\n<\/td>\n<td style=\"width: 33.0909%;height: 151px\">\n<h2 style=\"text-align: center\"><strong><span style=\"color: #0000ff\">LISTAS DE MATERIALES<br \/>\n<\/span><\/strong><\/h2>\n<\/td>\n<td style=\"width: 33.3333%;height: 151px\">\n<h2 style=\"text-align: center\"><span style=\"color: #0000ff\"><strong>CURSO 2025-26:<\/strong><\/span><\/h2>\n<\/td>\n<\/tr>\n<tr style=\"height: 75px\">\n<td style=\"width: 33.5757%;text-align: center;height: 75px\">\n<h2><a href=\"https:\/\/blogsaverroes.juntadeandalucia.es\/ceipvr\/files\/2025\/07\/INFANTIL-3-ANOS-2025-26.pdf\">Infantil 3 A\u00d1OS <\/a><\/h2>\n<\/td>\n<td style=\"width: 33.0909%;text-align: center;height: 75px\">\n<h2><a href=\"https:\/\/blogsaverroes.juntadeandalucia.es\/ceipvr\/files\/2025\/07\/INFANTIL-4-ANOS-2025-2.6docx.pdf\">Infantil 4 A\u00d1OS<\/a><\/h2>\n<\/td>\n<td style=\"width: 33.3333%;text-align: center;height: 75px\">\n<h2><a href=\"https:\/\/blogsaverroes.juntadeandalucia.es\/ceipvr\/files\/2025\/07\/INFANTIL-5-ANOS-25_26.pdf\">Infantil 5 A\u00d1OS<\/a><\/h2>\n<\/td>\n<\/tr>\n<tr style=\"height: 75px\">\n<td style=\"width: 33.5757%;text-align: center;height: 75px\">\n<h2><a href=\"https:\/\/blogsaverroes.juntadeandalucia.es\/ceipvr\/files\/2025\/07\/1o-EP-25-26.pdf\">1\u00ba Primaria<\/a><\/h2>\n<\/td>\n<td style=\"width: 33.0909%;text-align: center;height: 75px\">\n<h2><a href=\"https:\/\/blogsaverroes.juntadeandalucia.es\/ceipvr\/files\/2025\/07\/2o-EP-25-26.pdf\">2\u00ba Primaria<\/a><\/h2>\n<\/td>\n<td style=\"width: 33.3333%;text-align: center;height: 75px\">\n<h2>&nbsp;<a href=\"https:\/\/blogsaverroes.juntadeandalucia.es\/ceipvr\/files\/2025\/07\/MATERIAL-3o-EP-25-26.docx.pdf\">3\u00ba Primaria<\/a>&nbsp;<\/h2>\n<\/td>\n<\/tr>\n<tr style=\"height: 75px\">\n<td style=\"width: 33.5757%;text-align: center;height: 75px\">\n<h2>&nbsp;<a href=\"https:\/\/blogsaverroes.juntadeandalucia.es\/ceipvr\/files\/2025\/07\/MATERIAL-4o-EP-25-26.docx.pdf\">4\u00ba Primaria<\/a><\/h2>\n<\/td>\n<td style=\"width: 33.0909%;text-align: center;height: 75px\">\n<h2><a href=\"https:\/\/blogsaverroes.juntadeandalucia.es\/ceipvr\/files\/2025\/07\/MATERIAL-5o-25_26.docx.pdf\">5\u00ba Primaria<\/a><\/h2>\n<\/td>\n<td style=\"width: 33.3333%;text-align: center;height: 75px\">\n<h2><a href=\"https:\/\/blogsaverroes.juntadeandalucia.es\/ceipvr\/files\/2025\/07\/MATERIAL-6o-25_26.docx.pdf\">6\u00ba Primaria<\/a><\/h2>\n<\/td>\n<\/tr>\n<\/tbody>\n<\/table>\n<p>&nbsp;<\/p>\n<p>&nbsp; &nbsp;<\/p>\n<h3>ESCOLARIZACI\u00d3N CURSO 2025\/ 2026<\/h3>\n<p><em>Pinche en el siguiente enlace: <a href=\"https:\/\/blogsaverroes.juntadeandalucia.es\/ceipvr\/escolarizacion\/\">ESCOLARIZACI\u00d3N<\/a><\/em><\/p>\n<h3><a href=\"https:\/\/blogsaverroes.juntadeandalucia.es\/ceipvr\/files\/2024\/02\/3_Anexo-III_002535_5.pdf\"><img decoding=\"async\" class=\"wp-image-6021 alignleft\" src=\"https:\/\/blogsaverroes.juntadeandalucia.es\/ceipvr\/files\/2024\/02\/fot_6411_gr.jpg\" alt=\"\" width=\"53\" height=\"49\">Descarga ANEXO III ESCOLARIZACI\u00d3N<\/a><\/h3>\n<p>&nbsp;<\/p>\n<p>&nbsp;<\/p>\n<p>&nbsp;<\/p>\n<p>&nbsp;<\/p>\n","protected":false},"excerpt":{"rendered":"<p>La Secretar\u00eda desarrolla muchas funciones importantes en la vida de un centro, especialmente en la relaci\u00f3n que mantiene con las familias en los diferentes tr\u00e1mites administrativos a lo largo de la escolarizaci\u00f3n: admisi\u00f3n, matr\u00edcula, comedor escolar, becas, etc. Es por esto que la Web, como&#46;&#46;&#46;<\/p>\n","protected":false},"author":1,"featured_media":3884,"parent":0,"menu_order":0,"comment_status":"closed","ping_status":"open","template":"","meta":{"ngg_post_thumbnail":0,"footnotes":"","_mc_calendar":[]},"aioseo_notices":[],"_links":{"self":[{"href":"https:\/\/blogsaverroes.juntadeandalucia.es\/ceipvr\/wp-json\/wp\/v2\/pages\/77"}],"collection":[{"href":"https:\/\/blogsaverroes.juntadeandalucia.es\/ceipvr\/wp-json\/wp\/v2\/pages"}],"about":[{"href":"https:\/\/blogsaverroes.juntadeandalucia.es\/ceipvr\/wp-json\/wp\/v2\/types\/page"}],"author":[{"embeddable":true,"href":"https:\/\/blogsaverroes.juntadeandalucia.es\/ceipvr\/wp-json\/wp\/v2\/users\/1"}],"replies":[{"embeddable":true,"href":"https:\/\/blogsaverroes.juntadeandalucia.es\/ceipvr\/wp-json\/wp\/v2\/comments?post=77"}],"version-history":[{"count":37,"href":"https:\/\/blogsaverroes.juntadeandalucia.es\/ceipvr\/wp-json\/wp\/v2\/pages\/77\/revisions"}],"predecessor-version":[{"id":7849,"href":"https:\/\/blogsaverroes.juntadeandalucia.es\/ceipvr\/wp-json\/wp\/v2\/pages\/77\/revisions\/7849"}],"wp:featuredmedia":[{"embeddable":true,"href":"https:\/\/blogsaverroes.juntadeandalucia.es\/ceipvr\/wp-json\/wp\/v2\/media\/3884"}],"wp:attachment":[{"href":"https:\/\/blogsaverroes.juntadeandalucia.es\/ceipvr\/wp-json\/wp\/v2\/media?parent=77"}],"curies":[{"name":"wp","href":"https:\/\/api.w.org\/{rel}","templated":true}]}}