{"id":7853,"date":"2025-09-14T14:57:55","date_gmt":"2025-09-14T14:57:55","guid":{"rendered":"https:\/\/blogsaverroes.juntadeandalucia.es\/ceipvr\/?page_id=7853"},"modified":"2026-04-12T15:07:39","modified_gmt":"2026-04-12T15:07:39","slug":"claustro-25-26","status":"publish","type":"page","link":"https:\/\/blogsaverroes.juntadeandalucia.es\/ceipvr\/claustro-25-26\/","title":{"rendered":"Claustro 25\/26"},"content":{"rendered":"<p><a href=\"https:\/\/blogsaverroes.juntadeandalucia.es\/ceipvr\/files\/2025\/09\/curso-25_26.jpg\"><img fetchpriority=\"high\" decoding=\"async\" class=\"aligncenter wp-image-7854 size-large\" src=\"https:\/\/blogsaverroes.juntadeandalucia.es\/ceipvr\/files\/2025\/09\/curso-25_26-1024x560.jpg\" alt=\"\" width=\"1024\" height=\"560\" srcset=\"https:\/\/blogsaverroes.juntadeandalucia.es\/ceipvr\/files\/2025\/09\/curso-25_26-1024x560.jpg 1024w, https:\/\/blogsaverroes.juntadeandalucia.es\/ceipvr\/files\/2025\/09\/curso-25_26-300x164.jpg 300w, https:\/\/blogsaverroes.juntadeandalucia.es\/ceipvr\/files\/2025\/09\/curso-25_26-768x420.jpg 768w, https:\/\/blogsaverroes.juntadeandalucia.es\/ceipvr\/files\/2025\/09\/curso-25_26-1536x840.jpg 1536w, https:\/\/blogsaverroes.juntadeandalucia.es\/ceipvr\/files\/2025\/09\/curso-25_26-2048x1119.jpg 2048w, https:\/\/blogsaverroes.juntadeandalucia.es\/ceipvr\/files\/2025\/09\/curso-25_26.jpg 1600w\" sizes=\"(max-width: 1024px) 100vw, 1024px\" \/><\/a>El claustro de profesores para el curso 2025\/ 2026 est\u00e1 formado por:<\/p>\n<h2><strong>EQUIPO DIRECTIVO<\/strong><\/h2>\n<p><strong>Raquel Sola Garc\u00eda. 04003809.edu@juntadeandalucia.es<\/strong><\/p>\n<p><em>Directora- Educaci\u00f3n Compensatoria<\/em><\/p>\n<p><strong>Roc\u00edo P\u00e9rez Clares. 04003809@g.educaand.es<\/strong><\/p>\n<p><em>Jefa de estudios \u2013 Maestra de Lengua Extranjera (Ingl\u00e9s)<\/em><\/p>\n<p><strong>Andr\u00e9s Pe\u00f1a Fern\u00e1ndez. apenfer146@g.educaand.es<\/strong><\/p>\n<p><em>Secretario \u2013 Maestro de Educaci\u00f3n F\u00edsica<\/em><\/p>\n<h2><strong>EDUCACI\u00d3N INFANTIL<\/strong><\/h2>\n<p><b>Dolores Heredia G\u00f3mez. dhergom248@g.educaand.es<\/b><\/p>\n<p><em>Tutora infantil 3 a\u00f1os.<br \/>\n<\/em><\/p>\n<p><b>M\u00aa del Mar Jimenez Valladolid Monasterio. mjimmon0504@g.educaand.es<\/b><\/p>\n<p><em>Tutora infantil 4 a\u00f1os&nbsp;<\/em><\/p>\n<p><strong>Eva Fern\u00e1ndez S\u00e1nchez. efersan987@g.educaand.es<\/strong><\/p>\n<p><em>Tutora infantil 5 a\u00f1os. Coordinadora infantil<\/em><\/p>\n<h2><strong>EDUCACI\u00d3N PRIMARIA<\/strong><\/h2>\n<p><b>Marina Garc\u00eda Carvajal. mgarcar863@g.educaand.es<\/b><\/p>\n<p><em>Tutora 1\u00ba&nbsp; primaria. Especialista biling\u00fce<br \/>\n<\/em><\/p>\n<p><strong><b>Ana M\u00aa Callejas Cort\u00e9s. acalcor1212@g.educaand.es<\/b><\/strong><\/p>\n<p>Tutor 2\u00ba primaria. Especialista de primaria<\/p>\n<p><b>Leticia Escribano Garc\u00eda. lescgar064@g.educaand.es<\/b><\/p>\n<p>Tutora de 3\u00ba primaria. Especialista biling\u00fce<\/p>\n<p><em> <strong>Ana Mar\u00eda G\u00f3mez-Vizca\u00edno Hern\u00e1ndez. agomher351@g.educaand.es<\/strong><\/em><\/p>\n<p>Tutora 4\u00ba A primaria. Coordinadora del Segundo Ciclo. Especialista de primaria<\/p>\n<p><b>Eduardo Carlos Ure\u00f1a Bail\u00e9n. eurebai399@g.educaand.es<\/b><\/p>\n<p>Tutor\/a 4\u00ba B primaria. Especialista biling\u00fce<\/p>\n<p><b>Tatiana Delgado G\u00f3mez. tdelgom212@g.educaand.es<\/b><\/p>\n<p><em>Tutora 5\u00ba primaria- Especialista biling\u00fce<\/em><\/p>\n<p><strong>Marta Morales Exp\u00f3sito. mmorexp393@g.educaand.es<\/strong><\/p>\n<p><em>Tutora 6\u00ba primaria. Coordinadora del Tercer Ciclo. Especialista franc\u00e9s<\/em><\/p>\n<p>&nbsp;<\/p>\n<h2><strong>ESPECIALIDADES<\/strong><\/h2>\n<p><strong>Andr\u00e9s Fern\u00e1ndez Pe\u00f1a. apenfer146@g.educaand.es<\/strong><\/p>\n<p><em>Educaci\u00f3n F\u00edsica-Secretario<\/em><\/p>\n<p><b>Juan Fco. Ib\u00e1\u00f1ez Garc\u00eda. jibagar758@g.educaand.es<\/b><\/p>\n<p><em>M\u00fasica- Apoyo Infantil y Primaria<\/em><\/p>\n<p><b>Clara Ib\u00e1\u00f1ez Velilla. cibavel2705@g.educaand.es<\/b><\/p>\n<p>Educaci\u00f3n F\u00edsica &#8211; Coordinadora primer ciclo &#8211; Apoyo Infantil y Primaria<\/p>\n<p><strong>Roc\u00edo P\u00e9rez Clares. 04003809@g.educaand.es<\/strong><\/p>\n<p><em>Ingl\u00e9s infantil y primaria \u2013 Jefa de Estudios<\/em><\/p>\n<h2>&nbsp;<\/h2>\n<h2><strong>EQUIPO DE ORIENTACI\u00d3N<\/strong><\/h2>\n<p><strong>Mar\u00eda Jos\u00e9 Garrido Ortega. mgarort771@g.educaand.es<\/strong><\/p>\n<p><em>Pedagog\u00eda Terap\u00e9utica \u2013 Coordinadora equipo de orientaci\u00f3n<\/em><\/p>\n<p><strong>M\u00aa del Roc\u00edo Domingo D\u00edaz. mdomdia017@g.educaand.es<\/strong><\/p>\n<p>Apoyo PROA+<\/p>\n<p><strong>Bel\u00e9n Mor\u00e1n Daconte. mmordac755@g.educaand.es<\/strong><\/p>\n<p>Primaria ZTS<\/p>\n<p><strong>Daniel M\u00e9rida Escobosa. dmeresc776@g.educaand.es<\/strong><\/p>\n<p><em>ATAL<\/em><\/p>\n<p><strong>Raquel Sola &nbsp;Garc\u00eda. 04003809.edu@andaluciajunta.es<\/strong><\/p>\n<p><em>Educaci\u00f3n Compensatoria \u2013 Directora<\/em><\/p>\n<h2><strong>RELIGI\u00d3N<\/strong><\/h2>\n<p><strong>Mar\u00eda Jes\u00fas \u00c1lamo Mil\u00e1n<\/strong><\/p>\n<p><em>Religi\u00f3n cat\u00f3lica<\/em><\/p>\n<p><strong>Jennifer Romina L\u00f3pez Castro<\/strong><\/p>\n<p><em>Religi\u00f3n evang\u00e9lica<\/em><\/p>\n<p><strong>Kaoutar Briztam Ramdani<\/strong><\/p>\n<p><em>Religi\u00f3n Isl\u00e1mica<\/em><\/p>\n","protected":false},"excerpt":{"rendered":"<p>El claustro de profesores para el curso 2025\/ 2026 est\u00e1 formado por: EQUIPO DIRECTIVO Raquel Sola Garc\u00eda. 04003809.edu@juntadeandalucia.es Directora- Educaci\u00f3n Compensatoria Roc\u00edo P\u00e9rez Clares. 04003809@g.educaand.es Jefa de estudios \u2013 Maestra de Lengua Extranjera (Ingl\u00e9s) Andr\u00e9s Pe\u00f1a Fern\u00e1ndez. apenfer146@g.educaand.es Secretario \u2013 Maestro de Educaci\u00f3n F\u00edsica EDUCACI\u00d3N&#46;&#46;&#46;<\/p>\n","protected":false},"author":10667,"featured_media":0,"parent":0,"menu_order":0,"comment_status":"closed","ping_status":"closed","template":"","meta":{"ngg_post_thumbnail":0,"footnotes":"","_mc_calendar":[]},"aioseo_notices":[],"_links":{"self":[{"href":"https:\/\/blogsaverroes.juntadeandalucia.es\/ceipvr\/wp-json\/wp\/v2\/pages\/7853"}],"collection":[{"href":"https:\/\/blogsaverroes.juntadeandalucia.es\/ceipvr\/wp-json\/wp\/v2\/pages"}],"about":[{"href":"https:\/\/blogsaverroes.juntadeandalucia.es\/ceipvr\/wp-json\/wp\/v2\/types\/page"}],"author":[{"embeddable":true,"href":"https:\/\/blogsaverroes.juntadeandalucia.es\/ceipvr\/wp-json\/wp\/v2\/users\/10667"}],"replies":[{"embeddable":true,"href":"https:\/\/blogsaverroes.juntadeandalucia.es\/ceipvr\/wp-json\/wp\/v2\/comments?post=7853"}],"version-history":[{"count":3,"href":"https:\/\/blogsaverroes.juntadeandalucia.es\/ceipvr\/wp-json\/wp\/v2\/pages\/7853\/revisions"}],"predecessor-version":[{"id":8827,"href":"https:\/\/blogsaverroes.juntadeandalucia.es\/ceipvr\/wp-json\/wp\/v2\/pages\/7853\/revisions\/8827"}],"wp:attachment":[{"href":"https:\/\/blogsaverroes.juntadeandalucia.es\/ceipvr\/wp-json\/wp\/v2\/media?parent=7853"}],"curies":[{"name":"wp","href":"https:\/\/api.w.org\/{rel}","templated":true}]}}