{"id":7864,"date":"2025-09-21T15:26:59","date_gmt":"2025-09-21T15:26:59","guid":{"rendered":"https:\/\/blogsaverroes.juntadeandalucia.es\/ceipvr\/?page_id=7864"},"modified":"2026-04-15T18:30:12","modified_gmt":"2026-04-15T18:30:12","slug":"curso-2025-2026","status":"publish","type":"page","link":"https:\/\/blogsaverroes.juntadeandalucia.es\/ceipvr\/curso-2025-2026\/","title":{"rendered":"Curso 2025-2026"},"content":{"rendered":"<p style=\"text-align: center\"><strong>CLAUSURA DE EDUCACI\u00d3N VIAL<\/strong><\/p>\nngg_shortcode_0_placeholder\n<p style=\"text-align: center\"><strong>TALLER DE POSIDONIA<\/strong><\/p>\nngg_shortcode_1_placeholder\n<p style=\"text-align: center\"><strong>TALLER DE FEU VER<\/strong><\/p>\nngg_shortcode_2_placeholder\n<p style=\"text-align: center\"><strong>PASEO EN BICI<\/strong><\/p>\nngg_shortcode_3_placeholder\n<p style=\"text-align: center\"><strong>VIAJE DE ESTUDIOS A LA ALHAMBRA<\/strong><\/p>\nngg_shortcode_4_placeholder\n<p style=\"text-align: center\"><strong>INFANTIL EN EL CORTIJO COLORAO<\/strong><\/p>\nngg_shortcode_5_placeholder\n<p style=\"text-align: center\"><strong>D\u00cdA DE ANDALUC\u00cdA<\/strong><\/p>\nngg_shortcode_6_placeholder\n<p style=\"text-align: center\"><strong>RECICLADO DEL AGUA CON HIDRALIA<\/strong><\/p>\nngg_shortcode_7_placeholder\n<p style=\"text-align: center\"><strong>D\u00cdA DE LA NI\u00d1A Y LA MUJER EN LA CIENCIA<\/strong><\/p>\nngg_shortcode_8_placeholder\n<p style=\"text-align: center\"><strong>CARNAVAL<\/strong><\/p>\nngg_shortcode_9_placeholder\n<p style=\"text-align: center\"><strong>D\u00cdA DE LA PAZ<\/strong><\/p>\nngg_shortcode_10_placeholder\n<p style=\"text-align: center\"><strong>FIESTA DE NAVIDAD<\/strong><\/p>\nngg_shortcode_11_placeholder\n<p style=\"text-align: center\"><strong>VISITA DE LOS REYES MAGOS<\/strong><\/p>\nngg_shortcode_12_placeholder\n<p style=\"text-align: center\"><strong>PRIMER CICLO VISITA EL HORNO DE PAN<\/strong><\/p>\nngg_shortcode_13_placeholder\n<p style=\"text-align: center\"><strong>D\u00cdA DEL NI\u00d1O<\/strong><\/p>\nngg_shortcode_14_placeholder\n<p style=\"text-align: center\"><strong>D\u00cdA DEL FLAMENCO<\/strong><\/p>\nngg_shortcode_15_placeholder\n<p style=\"text-align: center\"><strong>BIBLIOPATIO OCTUBRE<\/strong><\/p>\nngg_shortcode_16_placeholder\n<p style=\"text-align: center\"><strong>HALLOWEEN<\/strong><\/p>\nngg_shortcode_17_placeholder\n<p style=\"text-align: center\"><strong>CREANDO F\u00d3SILES<\/strong><\/p>\nngg_shortcode_18_placeholder\n","protected":false},"excerpt":{"rendered":"<p>CLAUSURA DE EDUCACI\u00d3N VIAL &nbsp; TALLER DE POSIDONIA &nbsp; TALLER DE FEU VER &nbsp; PASEO EN BICI &nbsp; VIAJE DE ESTUDIOS A LA ALHAMBRA &nbsp; INFANTIL EN EL CORTIJO COLORAO &nbsp; D\u00cdA DE ANDALUC\u00cdA &nbsp; RECICLADO DEL AGUA CON HIDRALIA &nbsp; D\u00cdA DE LA NI\u00d1A&#46;&#46;&#46;<\/p>\n","protected":false},"author":10667,"featured_media":0,"parent":0,"menu_order":0,"comment_status":"closed","ping_status":"closed","template":"","meta":{"ngg_post_thumbnail":0,"footnotes":"","_mc_calendar":[]},"aioseo_notices":[],"_links":{"self":[{"href":"https:\/\/blogsaverroes.juntadeandalucia.es\/ceipvr\/wp-json\/wp\/v2\/pages\/7864"}],"collection":[{"href":"https:\/\/blogsaverroes.juntadeandalucia.es\/ceipvr\/wp-json\/wp\/v2\/pages"}],"about":[{"href":"https:\/\/blogsaverroes.juntadeandalucia.es\/ceipvr\/wp-json\/wp\/v2\/types\/page"}],"author":[{"embeddable":true,"href":"https:\/\/blogsaverroes.juntadeandalucia.es\/ceipvr\/wp-json\/wp\/v2\/users\/10667"}],"replies":[{"embeddable":true,"href":"https:\/\/blogsaverroes.juntadeandalucia.es\/ceipvr\/wp-json\/wp\/v2\/comments?post=7864"}],"version-history":[{"count":21,"href":"https:\/\/blogsaverroes.juntadeandalucia.es\/ceipvr\/wp-json\/wp\/v2\/pages\/7864\/revisions"}],"predecessor-version":[{"id":8909,"href":"https:\/\/blogsaverroes.juntadeandalucia.es\/ceipvr\/wp-json\/wp\/v2\/pages\/7864\/revisions\/8909"}],"wp:attachment":[{"href":"https:\/\/blogsaverroes.juntadeandalucia.es\/ceipvr\/wp-json\/wp\/v2\/media?parent=7864"}],"curies":[{"name":"wp","href":"https:\/\/api.w.org\/{rel}","templated":true}]}}