{"id":8119,"date":"2025-11-23T15:50:18","date_gmt":"2025-11-23T15:50:18","guid":{"rendered":"https:\/\/blogsaverroes.juntadeandalucia.es\/ceipvr\/?page_id=8119"},"modified":"2025-11-23T15:50:49","modified_gmt":"2025-11-23T15:50:49","slug":"mas-equidad","status":"publish","type":"page","link":"https:\/\/blogsaverroes.juntadeandalucia.es\/ceipvr\/mas-equidad\/","title":{"rendered":"M\u00c1S EQUIDAD"},"content":{"rendered":"<p><a href=\"https:\/\/blogsaverroes.juntadeandalucia.es\/ceipvr\/files\/2025\/11\/imagen_enlace_mas_equidad.jpg\"><img decoding=\"async\" class=\"size-full wp-image-8020 alignleft\" src=\"https:\/\/blogsaverroes.juntadeandalucia.es\/ceipvr\/files\/2025\/11\/imagen_enlace_mas_equidad.jpg\" alt=\"\" width=\"260\" height=\"148\"><\/a>El Programa M\u00e1s Equidad se concibe como un conjunto de actuaciones dirigidas a potenciar la cultura inclusiva de los centros docentes y a mejorar el grado de adquisici\u00f3n de competencias a trav\u00e9s de la mejora de los recursos en el aula y\/o de la realizaci\u00f3n de experiencias innovadoras, activas y experimentales que promuevan el saber hacer del alumnado, partiendo de sus conocimientos y fomentando actitudes como la autonom\u00eda, la responsabilidad, el respeto y el trabajo en equipo, bajo los principios de la atenci\u00f3n a la diversidad y la igualdad de g\u00e9nero.<\/p>\n<h2><span style=\"color: #0000ff\">Coordinadora: Roc\u00edo P\u00e9rez Clares.<\/span><\/h2>\n","protected":false},"excerpt":{"rendered":"<p>El Programa M\u00e1s Equidad se concibe como un conjunto de actuaciones dirigidas a potenciar la cultura inclusiva de los centros docentes y a mejorar el grado de adquisici\u00f3n de competencias a trav\u00e9s de la mejora de los recursos en el aula y\/o de la realizaci\u00f3n&#46;&#46;&#46;<\/p>\n","protected":false},"author":10667,"featured_media":0,"parent":0,"menu_order":0,"comment_status":"closed","ping_status":"closed","template":"","meta":{"ngg_post_thumbnail":0,"footnotes":"","_mc_calendar":[]},"aioseo_notices":[],"_links":{"self":[{"href":"https:\/\/blogsaverroes.juntadeandalucia.es\/ceipvr\/wp-json\/wp\/v2\/pages\/8119"}],"collection":[{"href":"https:\/\/blogsaverroes.juntadeandalucia.es\/ceipvr\/wp-json\/wp\/v2\/pages"}],"about":[{"href":"https:\/\/blogsaverroes.juntadeandalucia.es\/ceipvr\/wp-json\/wp\/v2\/types\/page"}],"author":[{"embeddable":true,"href":"https:\/\/blogsaverroes.juntadeandalucia.es\/ceipvr\/wp-json\/wp\/v2\/users\/10667"}],"replies":[{"embeddable":true,"href":"https:\/\/blogsaverroes.juntadeandalucia.es\/ceipvr\/wp-json\/wp\/v2\/comments?post=8119"}],"version-history":[{"count":1,"href":"https:\/\/blogsaverroes.juntadeandalucia.es\/ceipvr\/wp-json\/wp\/v2\/pages\/8119\/revisions"}],"predecessor-version":[{"id":8120,"href":"https:\/\/blogsaverroes.juntadeandalucia.es\/ceipvr\/wp-json\/wp\/v2\/pages\/8119\/revisions\/8120"}],"wp:attachment":[{"href":"https:\/\/blogsaverroes.juntadeandalucia.es\/ceipvr\/wp-json\/wp\/v2\/media?parent=8119"}],"curies":[{"name":"wp","href":"https:\/\/api.w.org\/{rel}","templated":true}]}}