{"id":850,"date":"2020-12-18T08:41:27","date_gmt":"2020-12-18T07:41:27","guid":{"rendered":"https:\/\/blogsaverroes.juntadeandalucia.es\/pre\/plantilla-pencil\/?page_id=850"},"modified":"2021-03-04T17:55:07","modified_gmt":"2021-03-04T16:55:07","slug":"planes-y-proyectos","status":"publish","type":"page","link":"https:\/\/blogsaverroes.juntadeandalucia.es\/cemantoniolopezserrano\/planes-y-proyectos\/","title":{"rendered":"Planes y Proyectos"},"content":{"rendered":"<p>[et_pb_section fb_built=&#8221;1&#8243; _builder_version=&#8221;3.22&#8243; collapsed=&#8221;off&#8221;][et_pb_row _builder_version=&#8221;3.25&#8243; background_size=&#8221;initial&#8221; background_position=&#8221;top_left&#8221; background_repeat=&#8221;repeat&#8221; collapsed=&#8221;off&#8221;][et_pb_column type=&#8221;4_4&#8243; _builder_version=&#8221;3.25&#8243; custom_padding=&#8221;|||&#8221; custom_padding__hover=&#8221;|||&#8221;][et_pb_image src=&#8221;https:\/\/blogsaverroes.juntadeandalucia.es\/cemantoniolopezserrano\/files\/2021\/03\/EL-CENTRO-2-scaled.jpg&#8221; title_text=&#8221;EL CENTRO 2&#8243; _builder_version=&#8221;4.5.0&#8243; _module_preset=&#8221;default&#8221; custom_margin=&#8221;||-29px|||&#8221;][\/et_pb_image][\/et_pb_column][\/et_pb_row][et_pb_row column_structure=&#8221;1_2,1_2&#8243; _builder_version=&#8221;4.5.0&#8243; _module_preset=&#8221;default&#8221; custom_margin=&#8221;-38px|auto||auto||&#8221;][et_pb_column type=&#8221;1_2&#8243; _builder_version=&#8221;4.5.0&#8243; _module_preset=&#8221;default&#8221;][et_pb_text _builder_version=&#8221;4.5.0&#8243; _module_preset=&#8221;default&#8221;]<\/p>\n<p>&nbsp;<\/p>\n<div>\n<div>\n<div>\n<div>\n<h1><span>MusInt\u00e9grate<\/span><\/h1>\n<\/div>\n<\/div>\n<\/div>\n<\/div>\n<div>\n<div>\n<div>\n<div>\n<div>\n<p style=\"text-align: justify\"><span><strong>\u00bfQu\u00e9 es MusInt\u00e9grate?<\/strong><\/span><\/p>\n<p style=\"text-align: justify\"><span>MusInt\u00e9grate es un programa de innovaci\u00f3n educativa cuyo objetivo principal es incluir al alumnado con diversidad funcional en las Ense\u00f1anzas B\u00e1sicas de M\u00fasica.<\/span><\/p>\n<p style=\"text-align: justify\"><span><strong>\u00bfEn qu\u00e9 consiste y por qu\u00e9 es necesario?<\/strong><\/span><\/p>\n<p style=\"text-align: justify\"><span>Para poder acceder a las Ense\u00f1anzas Musicales en un Conservatorio de M\u00fasica es necesario superar con \u00e9xito una prueba de aptitud. MusInt\u00e9grate realiza una adaptaci\u00f3n de la misma conforme a las caracter\u00edsticas espec\u00edficas del alumnado que lo solicite, de modo que se puedan apreciar \u00f3ptimamente toda sus capacidad y potencial. A su vez, se realiza una reserva de plazas destinadas exclusivamente para el mismo.<\/span><\/p>\n<p style=\"text-align: justify\"><span><strong>\u00bfQu\u00e9 requisitos debe reunir el alumnado que quiera formar parte de MusInt\u00e9grate?<\/strong><\/span><\/p>\n<p style=\"text-align: justify\"><span>El alumnado que desee acceder a las Ense\u00f1anzas B\u00e1sicas de M\u00fasica mediante esta modalidad deber\u00e1:<\/span><\/p>\n<ul>\n<ul>\n<li style=\"text-align: justify\"><span>Cumplir un m\u00ednimo de 8 a\u00f1os de edad durante el curso acad\u00e9mico para el que se solicita la entrada.<\/span><\/li>\n<li style=\"text-align: justify\"><span>Presentar informe que acredite la diversidad funcional.<\/span><\/li>\n<li style=\"text-align: justify\"><span>Presentar certificado de escolarizaci\u00f3n en un Centro ordinario.<\/span><\/li>\n<li style=\"text-align: justify\"><span>Realizar la preinscripci\u00f3n en las fechas que determine la Administraci\u00f3n<\/span><\/li>\n<\/ul>\n<\/ul>\n<p><span style=\"color: #888888\"><\/span><\/p>\n<p>&nbsp;<\/p>\n<\/div>\n<\/div>\n<\/div>\n<\/div>\n<\/div>\n<p>[\/et_pb_text][\/et_pb_column][et_pb_column type=&#8221;1_2&#8243; _builder_version=&#8221;4.5.0&#8243; _module_preset=&#8221;default&#8221;][et_pb_image src=&#8221;https:\/\/blogsaverroes.juntadeandalucia.es\/cemantoniolopezserrano\/files\/2021\/03\/musintegrate.jpeg&#8221; title_text=&#8221;musintegrate&#8221; _builder_version=&#8221;4.5.0&#8243; _module_preset=&#8221;default&#8221; custom_padding=&#8221;||17px|||&#8221; hover_enabled=&#8221;0&#8243; width=&#8221;59%&#8221; min_height=&#8221;153px&#8221; module_alignment=&#8221;center&#8221; custom_margin=&#8221;80px||||false|false&#8221;][\/et_pb_image][\/et_pb_column][\/et_pb_row][\/et_pb_section]<\/p>\n","protected":false},"excerpt":{"rendered":"<p>&nbsp; MusInt\u00e9grate \u00bfQu\u00e9 es MusInt\u00e9grate? MusInt\u00e9grate es un programa de innovaci\u00f3n educativa cuyo objetivo principal es incluir al alumnado con diversidad funcional en las Ense\u00f1anzas B\u00e1sicas de M\u00fasica. \u00bfEn qu\u00e9 consiste y por qu\u00e9 es necesario? Para poder acceder a las Ense\u00f1anzas Musicales en un Conservatorio de M\u00fasica es necesario superar con \u00e9xito una prueba [&hellip;]<\/p>\n","protected":false},"author":7051,"featured_media":0,"parent":0,"menu_order":0,"comment_status":"closed","ping_status":"closed","template":"","meta":{"_et_pb_use_builder":"on","_et_pb_old_content":"<p>Prueba de planes y proyectos<\/p>","_et_gb_content_width":"","ngg_post_thumbnail":0,"footnotes":""},"aioseo_notices":[],"post_mailing_queue_ids":[],"_links":{"self":[{"href":"https:\/\/blogsaverroes.juntadeandalucia.es\/cemantoniolopezserrano\/wp-json\/wp\/v2\/pages\/850"}],"collection":[{"href":"https:\/\/blogsaverroes.juntadeandalucia.es\/cemantoniolopezserrano\/wp-json\/wp\/v2\/pages"}],"about":[{"href":"https:\/\/blogsaverroes.juntadeandalucia.es\/cemantoniolopezserrano\/wp-json\/wp\/v2\/types\/page"}],"author":[{"embeddable":true,"href":"https:\/\/blogsaverroes.juntadeandalucia.es\/cemantoniolopezserrano\/wp-json\/wp\/v2\/users\/7051"}],"replies":[{"embeddable":true,"href":"https:\/\/blogsaverroes.juntadeandalucia.es\/cemantoniolopezserrano\/wp-json\/wp\/v2\/comments?post=850"}],"version-history":[{"count":17,"href":"https:\/\/blogsaverroes.juntadeandalucia.es\/cemantoniolopezserrano\/wp-json\/wp\/v2\/pages\/850\/revisions"}],"predecessor-version":[{"id":1263,"href":"https:\/\/blogsaverroes.juntadeandalucia.es\/cemantoniolopezserrano\/wp-json\/wp\/v2\/pages\/850\/revisions\/1263"}],"wp:attachment":[{"href":"https:\/\/blogsaverroes.juntadeandalucia.es\/cemantoniolopezserrano\/wp-json\/wp\/v2\/media?parent=850"}],"curies":[{"name":"wp","href":"https:\/\/api.w.org\/{rel}","templated":true}]}}