{"id":1090,"date":"2025-01-21T20:07:09","date_gmt":"2025-01-21T19:07:09","guid":{"rendered":"https:\/\/blogsaverroes.juntadeandalucia.es\/cemcazalladelasierra\/?page_id=1090"},"modified":"2025-07-04T12:29:19","modified_gmt":"2025-07-04T11:29:19","slug":"secretaria","status":"publish","type":"page","link":"https:\/\/blogsaverroes.juntadeandalucia.es\/cemcazalladelasierra\/secretaria\/","title":{"rendered":"Secretar\u00eda"},"content":{"rendered":"<table style=\"border-collapse: collapse;width: 100%\">\n<tbody>\n<tr>\n<td style=\"width: 33.3333%;text-align: center\"><span style=\"color: #000080\"><strong>Horario de atenci\u00f3n al p\u00fablico<\/strong><\/span><\/td>\n<td style=\"width: 33.3333%;text-align: center\"><span style=\"color: #000080\"><strong>Tel\u00e9fono de atenci\u00f3n<\/strong><\/span><\/td>\n<td style=\"width: 33.3333%;text-align: center\"><span style=\"color: #000080\"><strong>Correo electr\u00f3nico<\/strong><\/span><\/td>\n<\/tr>\n<tr>\n<td style=\"width: 33.3333%;text-align: center\"><span style=\"color: #000000\">Ma\u00f1anas: mi\u00e9rcoles de&nbsp;9:30 a 11:30<\/span><\/p>\n<p style=\"padding-bottom: 1em\"><span style=\"color: #000000\">Tardes: lunes, mi\u00e9rcoles y jueves de 16:30 a 20:30<\/span><\/p>\n<\/td>\n<td style=\"width: 33.3333%;text-align: center\"><span style=\"color: #000000\">955889507&nbsp;<\/span><\/td>\n<td style=\"width: 33.3333%;text-align: center\"><span style=\"color: #000000\">41700488.secretariadmin@g.educaand.es<\/span><\/td>\n<\/tr>\n<\/tbody>\n<\/table>\n","protected":false},"excerpt":{"rendered":"<p>Horario de atenci\u00f3n al p\u00fablico Tel\u00e9fono de atenci\u00f3n Correo electr\u00f3nico Ma\u00f1anas: mi\u00e9rcoles de&nbsp;9:30 a 11:30 Tardes: lunes, mi\u00e9rcoles y jueves de 16:30 a 20:30 955889507&nbsp; 41700488.secretariadmin@g.educaand.es<\/p>\n","protected":false},"author":18566,"featured_media":0,"parent":0,"menu_order":0,"comment_status":"closed","ping_status":"closed","template":"","meta":{"_et_pb_use_builder":"","_et_pb_old_content":"","_et_gb_content_width":"","ngg_post_thumbnail":0,"footnotes":""},"aioseo_notices":[],"_links":{"self":[{"href":"https:\/\/blogsaverroes.juntadeandalucia.es\/cemcazalladelasierra\/wp-json\/wp\/v2\/pages\/1090"}],"collection":[{"href":"https:\/\/blogsaverroes.juntadeandalucia.es\/cemcazalladelasierra\/wp-json\/wp\/v2\/pages"}],"about":[{"href":"https:\/\/blogsaverroes.juntadeandalucia.es\/cemcazalladelasierra\/wp-json\/wp\/v2\/types\/page"}],"author":[{"embeddable":true,"href":"https:\/\/blogsaverroes.juntadeandalucia.es\/cemcazalladelasierra\/wp-json\/wp\/v2\/users\/18566"}],"replies":[{"embeddable":true,"href":"https:\/\/blogsaverroes.juntadeandalucia.es\/cemcazalladelasierra\/wp-json\/wp\/v2\/comments?post=1090"}],"version-history":[{"count":5,"href":"https:\/\/blogsaverroes.juntadeandalucia.es\/cemcazalladelasierra\/wp-json\/wp\/v2\/pages\/1090\/revisions"}],"predecessor-version":[{"id":1431,"href":"https:\/\/blogsaverroes.juntadeandalucia.es\/cemcazalladelasierra\/wp-json\/wp\/v2\/pages\/1090\/revisions\/1431"}],"wp:attachment":[{"href":"https:\/\/blogsaverroes.juntadeandalucia.es\/cemcazalladelasierra\/wp-json\/wp\/v2\/media?parent=1090"}],"curies":[{"name":"wp","href":"https:\/\/api.w.org\/{rel}","templated":true}]}}