{"id":1172,"date":"2025-01-28T19:04:57","date_gmt":"2025-01-28T18:04:57","guid":{"rendered":"https:\/\/blogsaverroes.juntadeandalucia.es\/cemcazalladelasierra\/?page_id=1172"},"modified":"2025-01-28T19:06:58","modified_gmt":"2025-01-28T18:06:58","slug":"curriculo","status":"publish","type":"page","link":"https:\/\/blogsaverroes.juntadeandalucia.es\/cemcazalladelasierra\/curriculo\/","title":{"rendered":"Curr\u00edculo"},"content":{"rendered":"<p><span style=\"color: #333333;font-size: 18pt\">Plan de estudio: Asignaturas y horarios por curso\/ciclo<\/span><\/p>\n<p>&nbsp;<\/p>\n<table style=\"border-collapse: collapse;width: 100%;height: 162px\">\n<tbody>\n<tr style=\"height: 47px\">\n<td style=\"width: 20%;text-align: center;height: 47px;border-color: #6b6666\"><span style=\"color: #333333\"><strong><span style=\"font-size: 10pt\">Asignaturas<\/span><\/strong><\/span><\/td>\n<td style=\"width: 20%;text-align: center;height: 47px;border-color: #c7719e\"><span style=\"color: #333333\"><strong><span style=\"font-size: 10pt\">1\u00ba de 1er ciclo de EE.BB.<\/span><\/strong><\/span><\/td>\n<td style=\"width: 20%;text-align: center;height: 47px;border-color: #c7719e\"><span style=\"color: #333333\"><strong><span style=\"font-size: 10pt\">2\u00ba de 1er ciclo de EE.BB.<\/span><\/strong><\/span><\/td>\n<td style=\"width: 20%;text-align: center;height: 47px;border-color: #c9bd51\"><span style=\"color: #333333\"><strong><span style=\"font-size: 10pt\">1\u00ba de 2\u00ba ciclo de EE.BB.<\/span><\/strong><\/span><\/td>\n<td style=\"width: 20%;text-align: center;height: 47px;border-color: #c9bd51\"><span style=\"color: #333333\"><strong><span style=\"font-size: 10pt\">2\u00ba de 2\u00ba ciclo de EE.BB.<\/span><\/strong><\/span><\/td>\n<\/tr>\n<tr style=\"height: 23px\">\n<td style=\"width: 20%;height: 23px;border-color: #6b6666\"><span style=\"color: #333333\">Instrumento<\/span><\/td>\n<td style=\"width: 20%;height: 23px;border-color: #c7719e;text-align: center\"><span style=\"color: #333333\">2h.&nbsp;<\/span><\/td>\n<td style=\"width: 20%;height: 23px;border-color: #c7719e;text-align: center\"><span style=\"color: #333333\">2h.<\/span><\/td>\n<td style=\"width: 20%;height: 23px;border-color: #c9bd51;text-align: center\"><span style=\"color: #333333\">1h.<\/span><\/td>\n<td style=\"width: 20%;height: 23px;border-color: #c9bd51;text-align: center\"><span style=\"color: #333333\">1h.<\/span><\/td>\n<\/tr>\n<tr style=\"height: 23px\">\n<td style=\"width: 20%;height: 23px;border-color: #6b6666\"><span style=\"color: #333333\">Lenguaje Musical<\/span><\/td>\n<td style=\"width: 20%;height: 23px;border-color: #c7719e;text-align: center\"><span style=\"color: #333333\">2h.<\/span><\/td>\n<td style=\"width: 20%;height: 23px;border-color: #c7719e;text-align: center\"><span style=\"color: #333333\">2h.<\/span><\/td>\n<td style=\"width: 20%;height: 23px;border-color: #c9bd51;text-align: center\"><span style=\"color: #333333\">2h.<\/span><\/td>\n<td style=\"width: 20%;height: 23px;border-color: #c9bd51;text-align: center\"><span style=\"color: #333333\">2h.<\/span><\/td>\n<\/tr>\n<tr style=\"height: 23px\">\n<td style=\"width: 20%;height: 23px;border-color: #6b6666\"><span style=\"color: #333333\">Coro<\/span><\/td>\n<td style=\"width: 20%;height: 23px;border-color: #c7719e;text-align: center\"><span style=\"color: #333333\">0<\/span><\/td>\n<td style=\"width: 20%;height: 23px;border-color: #c7719e;text-align: center\"><span style=\"color: #333333\">0<\/span><\/td>\n<td style=\"width: 20%;height: 23px;border-color: #c9bd51;text-align: center\"><span style=\"color: #333333\">1h.<\/span><\/td>\n<td style=\"width: 20%;height: 23px;border-color: #c9bd51;text-align: center\"><span style=\"color: #333333\">1h.<\/span><\/td>\n<\/tr>\n<tr style=\"height: 23px\">\n<td style=\"width: 20%;height: 23px;border-color: #6b6666\"><span style=\"color: #333333\">Agrupaciones Musicales<\/span><\/td>\n<td style=\"width: 20%;height: 23px;border-color: #c7719e;text-align: center\"><span style=\"color: #333333\">0<\/span><\/td>\n<td style=\"width: 20%;height: 23px;border-color: #c7719e;text-align: center\"><span style=\"color: #333333\">0<\/span><\/td>\n<td style=\"width: 20%;height: 23px;border-color: #c9bd51;text-align: center\"><span style=\"color: #333333\">1h.<\/span><\/td>\n<td style=\"width: 20%;height: 23px;border-color: #c9bd51;text-align: center\"><span style=\"color: #333333\">1h.<\/span><\/td>\n<\/tr>\n<tr style=\"height: 23px\">\n<td style=\"width: 20%;height: 23px;border-color: #6b6666\"><span style=\"color: #333333\">Total horas de clase semanales<\/span><\/td>\n<td style=\"width: 20%;height: 23px;border-color: #c7719e;text-align: center\"><span style=\"color: #333333\">4h.<\/span><\/td>\n<td style=\"width: 20%;height: 23px;border-color: #c7719e;text-align: center\"><span style=\"color: #333333\">4h.<\/span><\/td>\n<td style=\"width: 20%;height: 23px;border-color: #c9bd51;text-align: center\"><span style=\"color: #333333\">5h.<\/span><\/td>\n<td style=\"width: 20%;height: 23px;border-color: #c9bd51;text-align: center\"><span style=\"color: #333333\">5h.<\/span><\/td>\n<\/tr>\n<\/tbody>\n<\/table>\n<p>&nbsp;<\/p>\n<p>*<span style=\"font-size: 10pt;color: #333333\"><strong><a style=\"color: #333333\" href=\"https:\/\/www.juntadeandalucia.es\/boja\/2012\/61\/1\">Orden de 19 de marzo de 2012, por la que se regula la organizaci\u00f3n y el funcionamiento de los conservatorios elementales y de los conservatorios profesionales de m\u00fasica, as\u00ed como el horario de los centros, del alumnado y del profesorado<\/a> .<\/strong><\/span><\/p>\n","protected":false},"excerpt":{"rendered":"<p>Plan de estudio: Asignaturas y horarios por curso\/ciclo &nbsp; Asignaturas 1\u00ba de 1er ciclo de EE.BB. 2\u00ba de 1er ciclo de EE.BB. 1\u00ba de 2\u00ba ciclo de EE.BB. 2\u00ba de 2\u00ba ciclo de EE.BB. Instrumento 2h.&nbsp; 2h. 1h. 1h. Lenguaje Musical 2h. 2h. 2h. 2h. Coro 0 0 1h. 1h. Agrupaciones Musicales 0 0 1h. [&hellip;]<\/p>\n","protected":false},"author":18569,"featured_media":0,"parent":0,"menu_order":0,"comment_status":"closed","ping_status":"closed","template":"","meta":{"_et_pb_use_builder":"","_et_pb_old_content":"","_et_gb_content_width":"","ngg_post_thumbnail":0,"footnotes":""},"aioseo_notices":[],"_links":{"self":[{"href":"https:\/\/blogsaverroes.juntadeandalucia.es\/cemcazalladelasierra\/wp-json\/wp\/v2\/pages\/1172"}],"collection":[{"href":"https:\/\/blogsaverroes.juntadeandalucia.es\/cemcazalladelasierra\/wp-json\/wp\/v2\/pages"}],"about":[{"href":"https:\/\/blogsaverroes.juntadeandalucia.es\/cemcazalladelasierra\/wp-json\/wp\/v2\/types\/page"}],"author":[{"embeddable":true,"href":"https:\/\/blogsaverroes.juntadeandalucia.es\/cemcazalladelasierra\/wp-json\/wp\/v2\/users\/18569"}],"replies":[{"embeddable":true,"href":"https:\/\/blogsaverroes.juntadeandalucia.es\/cemcazalladelasierra\/wp-json\/wp\/v2\/comments?post=1172"}],"version-history":[{"count":6,"href":"https:\/\/blogsaverroes.juntadeandalucia.es\/cemcazalladelasierra\/wp-json\/wp\/v2\/pages\/1172\/revisions"}],"predecessor-version":[{"id":1175,"href":"https:\/\/blogsaverroes.juntadeandalucia.es\/cemcazalladelasierra\/wp-json\/wp\/v2\/pages\/1172\/revisions\/1175"}],"wp:attachment":[{"href":"https:\/\/blogsaverroes.juntadeandalucia.es\/cemcazalladelasierra\/wp-json\/wp\/v2\/media?parent=1172"}],"curies":[{"name":"wp","href":"https:\/\/api.w.org\/{rel}","templated":true}]}}