{"id":1499,"date":"2025-10-22T19:23:21","date_gmt":"2025-10-22T18:23:21","guid":{"rendered":"https:\/\/blogsaverroes.juntadeandalucia.es\/cemcazalladelasierra\/?page_id=1499"},"modified":"2025-10-23T19:17:07","modified_gmt":"2025-10-23T18:17:07","slug":"solicitud-de-titulos","status":"publish","type":"page","link":"https:\/\/blogsaverroes.juntadeandalucia.es\/cemcazalladelasierra\/solicitud-de-titulos\/","title":{"rendered":"Solicitud de t\u00edtulos"},"content":{"rendered":"<p style=\"text-align: center\"><strong>SOLICITUD DE EXPEDICI\u00d3N DE T\u00cdTULOS<\/strong><\/p>\n<table style=\"border-collapse: collapse;width: 100%\">\n<tbody>\n<tr>\n<td style=\"width: 100%;background-color: #decc7e\">1. De forma telem\u00e1tica.<\/td>\n<\/tr>\n<tr>\n<td style=\"width: 100%\"><strong><a href=\"https:\/\/www.juntadeandalucia.es\/educacion\/secretariavirtual\/accesoTramite\/302\/\"><img loading=\"lazy\" decoding=\"async\" class=\"alignnone wp-image-932\" src=\"https:\/\/blogsaverroes.juntadeandalucia.es\/cemlapalmera\/files\/2022\/05\/DOC1-300x300.png\" alt=\"\" width=\"27\" height=\"27\"><\/a>&nbsp;<a href=\"https:\/\/www.juntadeandalucia.es\/educacion\/secretariavirtual\/accesoTramite\/302\/\">SOLICITA AQU\u00cd TU T\u00cdTULO<\/a><\/strong><\/p>\n<p><strong>IMPORTANTE:<\/strong>&nbsp;En caso de solicitar el t\u00edtulo de forma telem\u00e1tica el pago del t\u00edtulo no hay que hacerlo antes de entrar en el enlace, sino que se realiza dentro de la aplicaci\u00f3n.<\/td>\n<\/tr>\n<tr>\n<td style=\"width: 100%;background-color: #decc7e\">2. De forma presencial.<\/td>\n<\/tr>\n<tr>\n<td style=\"width: 100%\">Si la solicitud se realiza de forma presencial, el alumnado que haya completado sus estudios en las ense\u00f1anzas b\u00e1sicas de m\u00fasica podr\u00e1 solicitar su t\u00edtulo a partir del 1 de septiembre, previo pago de las tasas correspondientes.<\/td>\n<\/tr>\n<\/tbody>\n<\/table>\n<p style=\"text-align: center\"><strong><br \/>\nDOCUMENTOS A PRESENTAR PARA SOLICITAR EL T\u00cdTULO ELEMENTAL DE M\u00daSICA<\/strong><\/p>\n<ul>\n<li><span style=\"color: #333333\">FOTOCOPIA DEL DNI DEL ALUMNO O ALUMNA (Obligatorio)<\/span><\/li>\n<li><span style=\"color: #333333\">MODELO 046 DE PAGO DE TASAS DEL T\u00cdTULO ELEMENTAL.<\/span> Se debe cumplimentar a trav\u00e9s del siguiente enlace:<br \/>\n<strong><a href=\"http:\/\/www.juntadeandalucia.es\/economiayhacienda\/apl\/surweb\/modelos\/modelo046\/046.jsp\">http:\/\/www.juntadeandalucia.es\/economiayhacienda\/apl\/surweb\/modelos\/modelo046\/046.jsp<\/a><\/strong><\/li>\n<\/ul>\n<p>&nbsp;<\/p>\n<p style=\"text-align: center\"><strong>TRAMITACI\u00d3N DEL MODELO 046<\/strong><\/p>\n<ul>\n<li><strong>DATOS DEL ALUMNADO<\/strong>: nombre, apellidos, DNI, etc.<\/li>\n<li><strong>AUTOLIQUIDACI\u00d3N:<\/strong> poner X<\/li>\n<li><strong>DESCRIPCI\u00d3N:<\/strong> TITULO ELEMENTAL DE M\u00daSICA. ESPECIALIDAD: (instrumento)<\/li>\n<li><strong>DESCRIPCI\u00d3N:<\/strong> EXPEDICI\u00d3N T\u00cdTULO ENSE\u00d1ANZAS ELEMENTALES B\u00c1SICAS DE M\u00daSICA y el nombre del alumno o alumna.<\/li>\n<li><strong>FECHA DE DEVENGO:<\/strong> Fecha de Pago<\/li>\n<li><strong>C\u00d3DIGO TERRITORIAL:<\/strong> ED4125<\/li>\n<li><strong>CONCEPTO DE PAGO:<\/strong> 0049 (autom\u00e1ticamente saldr\u00e1 EXP.TITULOS ACADEMICOS Y PROF.)<\/li>\n<li><strong>RESPONSABLE SOLIDARIO:<\/strong> NO SE RELLENA<\/li>\n<li><strong>PRECIO:<\/strong> NORMAL: 22.77 \u20ac | FAMILIA NUMEROSA GENERAL: 11.38 \u20ac | FAMILIA NUMEROSA ESPECIAL: 00.00 \u20ac<\/li>\n<\/ul>\n","protected":false},"excerpt":{"rendered":"<p>SOLICITUD DE EXPEDICI\u00d3N DE T\u00cdTULOS 1. De forma telem\u00e1tica. &nbsp;SOLICITA AQU\u00cd TU T\u00cdTULO IMPORTANTE:&nbsp;En caso de solicitar el t\u00edtulo de forma telem\u00e1tica el pago del t\u00edtulo no hay que hacerlo antes de entrar en el enlace, sino que se realiza dentro de la aplicaci\u00f3n. 2. De forma presencial. Si la solicitud se realiza de forma [&hellip;]<\/p>\n","protected":false},"author":18569,"featured_media":0,"parent":0,"menu_order":0,"comment_status":"closed","ping_status":"closed","template":"","meta":{"_et_pb_use_builder":"","_et_pb_old_content":"","_et_gb_content_width":"","ngg_post_thumbnail":0,"footnotes":""},"aioseo_notices":[],"_links":{"self":[{"href":"https:\/\/blogsaverroes.juntadeandalucia.es\/cemcazalladelasierra\/wp-json\/wp\/v2\/pages\/1499"}],"collection":[{"href":"https:\/\/blogsaverroes.juntadeandalucia.es\/cemcazalladelasierra\/wp-json\/wp\/v2\/pages"}],"about":[{"href":"https:\/\/blogsaverroes.juntadeandalucia.es\/cemcazalladelasierra\/wp-json\/wp\/v2\/types\/page"}],"author":[{"embeddable":true,"href":"https:\/\/blogsaverroes.juntadeandalucia.es\/cemcazalladelasierra\/wp-json\/wp\/v2\/users\/18569"}],"replies":[{"embeddable":true,"href":"https:\/\/blogsaverroes.juntadeandalucia.es\/cemcazalladelasierra\/wp-json\/wp\/v2\/comments?post=1499"}],"version-history":[{"count":7,"href":"https:\/\/blogsaverroes.juntadeandalucia.es\/cemcazalladelasierra\/wp-json\/wp\/v2\/pages\/1499\/revisions"}],"predecessor-version":[{"id":1546,"href":"https:\/\/blogsaverroes.juntadeandalucia.es\/cemcazalladelasierra\/wp-json\/wp\/v2\/pages\/1499\/revisions\/1546"}],"wp:attachment":[{"href":"https:\/\/blogsaverroes.juntadeandalucia.es\/cemcazalladelasierra\/wp-json\/wp\/v2\/media?parent=1499"}],"curies":[{"name":"wp","href":"https:\/\/api.w.org\/{rel}","templated":true}]}}