{"id":500,"date":"2020-03-04T12:21:25","date_gmt":"2020-03-04T11:21:25","guid":{"rendered":"http:\/\/blogsaverroes.juntadeandalucia.es\/pre\/nuevoceipv2\/?page_id=500"},"modified":"2025-01-28T19:12:29","modified_gmt":"2025-01-28T18:12:29","slug":"suscripcion","status":"publish","type":"page","link":"https:\/\/blogsaverroes.juntadeandalucia.es\/cemcazalladelasierra\/suscripcion\/","title":{"rendered":"Ense\u00f1anzas"},"content":{"rendered":"<p>&nbsp; &nbsp; &nbsp; El Conservatorio Elemental de M\u00fasica de Cazalla de la Sierra ofrece una ense\u00f1anza reglada por la Junta de Andaluc\u00eda, con varias especialidades que oferta durante el curso. Tratamos de ser un Centro con movimiento, actividades y conciertos que permitan compartir y aprender la m\u00fasica desde un punto de vista meramente pr\u00e1ctico.&nbsp;<\/p>\n<p>&nbsp; &nbsp; &nbsp; Como cualquier ense\u00f1anza reglada, atendemos a un curr\u00edculo establecido por la Conserjer\u00eda de Educaci\u00f3n de la Junta de Andaluc\u00eda.<\/p>\n","protected":false},"excerpt":{"rendered":"<p>&nbsp; &nbsp; &nbsp; El Conservatorio Elemental de M\u00fasica de Cazalla de la Sierra ofrece una ense\u00f1anza reglada por la Junta de Andaluc\u00eda, con varias especialidades que oferta durante el curso. Tratamos de ser un Centro con movimiento, actividades y conciertos que permitan compartir y aprender la m\u00fasica desde un punto de vista meramente pr\u00e1ctico.&nbsp; &nbsp; [&hellip;]<\/p>\n","protected":false},"author":18569,"featured_media":0,"parent":0,"menu_order":0,"comment_status":"closed","ping_status":"closed","template":"page-suscripcion.php","meta":{"_et_pb_use_builder":"","_et_pb_old_content":"","_et_gb_content_width":"","ngg_post_thumbnail":0,"footnotes":""},"aioseo_notices":[],"_links":{"self":[{"href":"https:\/\/blogsaverroes.juntadeandalucia.es\/cemcazalladelasierra\/wp-json\/wp\/v2\/pages\/500"}],"collection":[{"href":"https:\/\/blogsaverroes.juntadeandalucia.es\/cemcazalladelasierra\/wp-json\/wp\/v2\/pages"}],"about":[{"href":"https:\/\/blogsaverroes.juntadeandalucia.es\/cemcazalladelasierra\/wp-json\/wp\/v2\/types\/page"}],"author":[{"embeddable":true,"href":"https:\/\/blogsaverroes.juntadeandalucia.es\/cemcazalladelasierra\/wp-json\/wp\/v2\/users\/18569"}],"replies":[{"embeddable":true,"href":"https:\/\/blogsaverroes.juntadeandalucia.es\/cemcazalladelasierra\/wp-json\/wp\/v2\/comments?post=500"}],"version-history":[{"count":3,"href":"https:\/\/blogsaverroes.juntadeandalucia.es\/cemcazalladelasierra\/wp-json\/wp\/v2\/pages\/500\/revisions"}],"predecessor-version":[{"id":1181,"href":"https:\/\/blogsaverroes.juntadeandalucia.es\/cemcazalladelasierra\/wp-json\/wp\/v2\/pages\/500\/revisions\/1181"}],"wp:attachment":[{"href":"https:\/\/blogsaverroes.juntadeandalucia.es\/cemcazalladelasierra\/wp-json\/wp\/v2\/media?parent=500"}],"curies":[{"name":"wp","href":"https:\/\/api.w.org\/{rel}","templated":true}]}}