{"id":102,"date":"2015-04-18T13:48:52","date_gmt":"2015-04-18T13:48:52","guid":{"rendered":"http:\/\/blogsaverroes.juntadeandalucia.es\/cemdedoshermanas\/?page_id=102"},"modified":"2025-10-14T22:51:02","modified_gmt":"2025-10-14T22:51:02","slug":"normativas-referentes-a-nuestras-ensenanzas","status":"publish","type":"page","link":"https:\/\/blogsaverroes.juntadeandalucia.es\/cemdedoshermanas\/normativas-referentes-a-nuestras-ensenanzas\/","title":{"rendered":"DOCUMENTACI\u00d3N Y NORMATIVAS"},"content":{"rendered":"<h6><strong>PLAN DE CENTRO<\/strong><\/h6>\n<ul style=\"list-style-type: circle\">\n<li style=\"text-align: left\"><span style=\"color: #808080\"><a href=\"https:\/\/drive.google.com\/file\/d\/1Neaf1jFOD_Q2JwEmGzBYKYScIBvizIOm\/view?usp=sharing\">Proyecto Educativo<\/a>. <\/span><\/li>\n<li style=\"text-align: left\"><span style=\"color: #808080\">Programaciones Did\u00e1cticas:<\/span>\n<ul style=\"list-style-type: circle\">\n<li style=\"text-align: left\"><span style=\"color: #808080\">Departamento de <\/span><span style=\"color: #808080\"><a href=\"https:\/\/drive.google.com\/file\/d\/1LVs-rJywrBrSN1hUMGu19CNC0GWIyG2I\/view?usp=sharing\">Lenguaje Musical <\/a> I <a href=\"https:\/\/drive.google.com\/file\/d\/1-liDeJ0vkdvk8z0McB0WdIV8Zykq8dbq\/view?usp=sharing\">Coro<\/a> I <a href=\"https:\/\/drive.google.com\/file\/d\/1k7VkvR4l6VRBD_Tp8q6IiDCQbAes9xzh\/view?usp=sharing\"> Agrupaciones Musicales <\/a><br \/>\n<\/span><\/li>\n<li style=\"text-align: left\"><span style=\"color: #808080\">Departamento de Cuerda percutida, pulsada y frotada:<a href=\"https:\/\/drive.google.com\/file\/d\/15BIIyxQfbM-AUY4X8Fc18Jhnl6BIRuf_\/view?usp=sharing\"> Piano&nbsp;<\/a> I&nbsp; <a href=\"https:\/\/drive.google.com\/file\/d\/1HRnZ7Laj6NPPHVTiScoFOgm9ZIQXFRLj\/view?usp=sharing\">Guitarra<\/a> I&nbsp; <a href=\"https:\/\/drive.google.com\/file\/d\/1cJJbVJwA3i5HHeQj8NHAx8O-7Hma7A-I\/view?usp=sharing\">Viol\u00edn<\/a> y <a href=\"https:\/\/drive.google.com\/file\/d\/14roV4grXJPQ98RtgcShesbyDUTC6-XdP\/view?usp=sharing\">Violonchelo<\/a> <\/span><\/li>\n<li style=\"text-align: left\"><span style=\"color: #808080\">Departamento de Viento: <a href=\"https:\/\/drive.google.com\/file\/d\/1RQB1vexgaHyBQlA0Wwiuit4xmIdY5_M7\/view?usp=sharing\">Flauta<\/a>, <a href=\"https:\/\/drive.google.com\/file\/d\/18KdLBAWM7YZbuXXMZYdmHrf2ljApyyZH\/view?usp=sharing\">Saxof\u00f3n<\/a>, <a href=\"https:\/\/drive.google.com\/file\/d\/1olaBX6_zNVG0Cyz4NTaXeEurGULC-LJu\/view?usp=sharing\">Clarinete<\/a> y <a href=\"https:\/\/drive.google.com\/file\/d\/1GU1-vhxRyXpBzb5svzQB7w6LrB59gbR-\/view?usp=sharing\">Percusi\u00f3n<\/a><br \/>\n<\/span><\/li>\n<li style=\"text-align: left\"><a href=\"https:\/\/drive.google.com\/file\/d\/1DPqtdgUGpACfLL0i27T8DqINUO3GKj90\/view?usp=sharing\"><span style=\"color: #808080\"><span style=\"color: #808080\">Departamento <\/span><\/span>Extensi\u00f3n cultural y Promoci\u00f3n art\u00edstica<\/a><span style=\"color: #808080\">&nbsp;&nbsp;&nbsp;&nbsp;&nbsp;&nbsp;&nbsp;&nbsp;&nbsp;&nbsp;&nbsp;&nbsp;&nbsp;&nbsp;&nbsp;&nbsp;&nbsp;&nbsp;&nbsp;&nbsp;&nbsp;&nbsp;&nbsp;&nbsp;&nbsp;&nbsp;&nbsp;&nbsp;&nbsp;&nbsp;&nbsp;&nbsp;&nbsp;&nbsp;&nbsp;&nbsp;&nbsp;&nbsp;&nbsp;&nbsp;&nbsp;&nbsp;&nbsp;&nbsp;&nbsp;&nbsp;&nbsp;&nbsp;&nbsp;&nbsp;&nbsp;&nbsp;&nbsp;&nbsp;&nbsp;&nbsp;&nbsp;&nbsp;&nbsp;&nbsp;&nbsp;&nbsp;&nbsp;&nbsp;&nbsp;&nbsp;&nbsp;&nbsp;&nbsp;&nbsp;&nbsp;&nbsp; <\/span><\/li>\n<li style=\"text-align: left\">Departamento DOFEI: <a href=\"https:\/\/drive.google.com\/file\/d\/1EcjPoBZe4c0PfoZT4aYGy2IHIQvxgmCk\/view?usp=sharing\">Plan de Formaci\u00f3n<\/a><\/li>\n<li><a href=\"https:\/\/drive.google.com\/file\/d\/1rlPeo4Zx6hC3rlGtGln5S26egn62H8pT\/view?usp=sharing\">Plan de Igualdad<\/a><\/li>\n<\/ul>\n<\/li>\n<li><a href=\"https:\/\/drive.google.com\/file\/d\/1qktCHgwcEFJ1KqsFUuYZWVEILei90cmP\/view?usp=sharing\">Plan de Convivencia<\/a><\/li>\n<li><a href=\"https:\/\/drive.google.com\/file\/d\/1xYFHmJN8bIeFY2YO42Hiuh8Hi5wYU-lZ\/view?usp=sharing\">Plan de Autoprotecci\u00f3n<\/a><\/li>\n<li><a href=\"https:\/\/drive.google.com\/file\/d\/1-huqiRaCyLk4Yhcxx-FgGp_O-X6QBjEW\/view?usp=sharing\">Reglamento de organizaci\u00f3n y funcionamiento (R.O.F)<\/a><\/li>\n<li><a href=\"https:\/\/drive.google.com\/file\/d\/1Jodz4R7A5Kv_EMvyWHmXqKwK4dPM50wQ\/view?usp=sharing\"><span style=\"color: #808080\">Proyecto de Gesti\u00f3n<\/span><\/a><\/li>\n<\/ul>\n<p style=\"text-align: center\">&nbsp; &nbsp; &nbsp;ENSE\u00d1ANZAS ELEMENTALES<\/p>\n<ul style=\"list-style-type: disc\">\n<li><a href=\"https:\/\/www.juntadeandalucia.es\/boja\/2009\/145\/3\">ORDEN de 7 de julio de 2009, por la que se regulan las pruebas de aptitud y de acceso a las Ense\u00f1anzas B\u00e1sicas de las Ense\u00f1anzas Elementales de M\u00fasica en Andaluc\u00eda.<\/a><\/li>\n<li><a href=\"https:\/\/drive.google.com\/file\/d\/1MnwCKm0QNo7m0EzpaDW32PYrydT7oDij\/view?usp=sharing\" target=\"_blank\" rel=\"noopener noreferrer\">Instrucciones del 22 de febrero de 2022 sobre admisi\u00f3n y matriculaci\u00f3n<\/a><\/li>\n<li><a href=\"https:\/\/www.juntadeandalucia.es\/boja\/2013\/59\/2\">ORDEN de 13 de marzo de 2013, por la que se regulan los criterios de admisi\u00f3n y los procedimientos de admisi\u00f3n y matriculaci\u00f3n del alumnado en las ense\u00f1anzas elementales b\u00e1sicas y profesionales de m\u00fasica y de danza<\/a>.<\/li>\n<li><a href=\"https:\/\/www.juntadeandalucia.es\/boja\/2009\/135\/1\">ORDEN de 24 de junio de 2009, por la que se establece la ordenaci\u00f3n de la evaluaci\u00f3n del proceso de aprendizaje del alumnado de las ense\u00f1anzas elementales de danza y m\u00fasica en Andaluc\u00eda<\/a>.<\/li>\n<\/ul>\n<p style=\"text-align: center\">ENSE\u00d1ANZAS PROFESIONALES<\/p>\n<ul style=\"list-style-type: disc\">\n<li><a href=\"https:\/\/www.juntadeandalucia.es\/boja\/2008\/90\/1\">ORDEN de 16 de abril de 2008, por la que se regulan la convocatoria, estructura y procedimientos de las pruebas de acceso a las ense\u00f1anzas profesionales de m\u00fasica en Andaluc\u00eda.<\/a><\/li>\n<li><a href=\"https:\/\/www.juntadeandalucia.es\/boja\/2007\/225\/2\">ORDEN de 25 de octubre de 2007, por la que se establece la ordenaci\u00f3n de la evaluaci\u00f3n del proceso de aprendizaje y las pruebas de acceso del alumnado de las ense\u00f1anzas profesionales de M\u00fasica y de Danza en Andaluc\u00eda.<\/a><\/li>\n<\/ul>\n","protected":false},"excerpt":{"rendered":"<p>PLAN DE CENTRO Proyecto Educativo. Programaciones Did\u00e1cticas: Departamento de Lenguaje Musical I Coro I Agrupaciones Musicales Departamento de Cuerda percutida, pulsada y frotada: Piano&nbsp; I&nbsp; Guitarra I&nbsp; Viol\u00edn y Violonchelo Departamento de Viento: Flauta, Saxof\u00f3n, Clarinete y Percusi\u00f3n Departamento Extensi\u00f3n cultural y Promoci\u00f3n art\u00edstica&nbsp;&nbsp;&nbsp;&nbsp;&nbsp;&nbsp;&nbsp;&nbsp;&nbsp;&nbsp;&nbsp;&nbsp;&nbsp;&nbsp;&nbsp;&nbsp;&nbsp;&nbsp;&nbsp;&nbsp;&nbsp;&nbsp;&nbsp;&nbsp;&nbsp;&nbsp;&nbsp;&nbsp;&nbsp;&nbsp;&nbsp;&nbsp;&nbsp;&nbsp;&nbsp;&nbsp;&nbsp;&nbsp;&nbsp;&nbsp;&nbsp;&nbsp;&nbsp;&nbsp;&nbsp;&nbsp;&nbsp;&nbsp;&nbsp;&nbsp;&nbsp;&nbsp;&nbsp;&nbsp;&nbsp;&nbsp;&nbsp;&nbsp;&nbsp;&nbsp;&nbsp;&nbsp;&nbsp;&nbsp;&nbsp;&nbsp;&nbsp;&nbsp;&nbsp;&nbsp;&nbsp;&nbsp; Departamento DOFEI: Plan de Formaci\u00f3n Plan de Igualdad Plan de Convivencia [&hellip;]<\/p>\n","protected":false},"author":1502,"featured_media":0,"parent":0,"menu_order":0,"comment_status":"closed","ping_status":"closed","template":"","meta":{"ngg_post_thumbnail":0,"footnotes":""},"aioseo_notices":[],"_links":{"self":[{"href":"https:\/\/blogsaverroes.juntadeandalucia.es\/cemdedoshermanas\/wp-json\/wp\/v2\/pages\/102"}],"collection":[{"href":"https:\/\/blogsaverroes.juntadeandalucia.es\/cemdedoshermanas\/wp-json\/wp\/v2\/pages"}],"about":[{"href":"https:\/\/blogsaverroes.juntadeandalucia.es\/cemdedoshermanas\/wp-json\/wp\/v2\/types\/page"}],"author":[{"embeddable":true,"href":"https:\/\/blogsaverroes.juntadeandalucia.es\/cemdedoshermanas\/wp-json\/wp\/v2\/users\/1502"}],"replies":[{"embeddable":true,"href":"https:\/\/blogsaverroes.juntadeandalucia.es\/cemdedoshermanas\/wp-json\/wp\/v2\/comments?post=102"}],"version-history":[{"count":159,"href":"https:\/\/blogsaverroes.juntadeandalucia.es\/cemdedoshermanas\/wp-json\/wp\/v2\/pages\/102\/revisions"}],"predecessor-version":[{"id":3470,"href":"https:\/\/blogsaverroes.juntadeandalucia.es\/cemdedoshermanas\/wp-json\/wp\/v2\/pages\/102\/revisions\/3470"}],"wp:attachment":[{"href":"https:\/\/blogsaverroes.juntadeandalucia.es\/cemdedoshermanas\/wp-json\/wp\/v2\/media?parent=102"}],"curies":[{"name":"wp","href":"https:\/\/api.w.org\/{rel}","templated":true}]}}