{"id":2402,"date":"2015-03-15T19:15:35","date_gmt":"2015-03-15T19:15:35","guid":{"rendered":"https:\/\/blogsaverroes.juntadeandalucia.es\/cemdedoshermanas\/?page_id=2402"},"modified":"2025-09-12T09:06:50","modified_gmt":"2025-09-12T09:06:50","slug":"secretaria","status":"publish","type":"page","link":"https:\/\/blogsaverroes.juntadeandalucia.es\/cemdedoshermanas\/secretaria\/","title":{"rendered":"SECRETAR\u00cdA"},"content":{"rendered":"<h6 class=\"dd-postheader\"><span class=\"dd-postheadericon\"><a href=\"http:\/\/www.conservatorioprofesionaldeosuna.es\/index.php\/servicios\/secretaria\/horario-y-contacto\">Horario y Contacto<\/a><\/span><\/h6>\n<div class=\"dd-postcontent dd-postcontent-0 clearfix\">\n<div class=\"dd-article\">\n<p>Se informa que para la realizaci\u00f3n de cualquier <strong>TR\u00c1MITE ADMINISTRATIVO<\/strong>, contacten con secretar\u00eda, de la siguiente forma:<\/p>\n<p>Administrativa: Sonia Gamito<\/p>\n<p>V\u00edas de contacto con ADMINISTRACI\u00d3N: 955622212<\/p>\n<p>E-mail: <a href=\"mailto:sgammov125f@g.educaand.es\"><span class=\"gI\"><span class=\"qu\" role=\"gridcell\"><span class=\"go\">conservatoriodh@gmail.com<\/span><\/span><\/span><\/a><\/p>\n<p>Horario de atenci\u00f3n al p\u00fablico:<\/p>\n<ul>\n<li>Martes y&nbsp; jueves de 16.00h&nbsp; a 21.00h<\/li>\n<li>Viernes 10.00 a 13.00h (alternos)<\/li>\n<\/ul>\n<p><span style=\"color: #0000ff\">PETICI\u00d3N DE T\u00cdTULOS: PREFERIBLEMENTE A TRAV\u00c9S DE LA SECRETAR\u00cdA VIRTUAL DE LA CONSEJER\u00cdA DE EDUCACI\u00d3N, PINCHANDO <a style=\"color: #0000ff\" href=\"https:\/\/www.juntadeandalucia.es\/educacion\/secretariavirtual\/accesoTramite\/302\/\">AQU\u00cd<\/a><\/span><\/p>\n<p><a href=\"https:\/\/blogsaverroes.juntadeandalucia.es\/cemdedoshermanas\/2020\/02\/18\/1240\/\"><span style=\"color: #0000ff\">SOLICITUD DE T\u00cdTULOS<\/span><\/a><\/p>\n<\/div>\n<\/div>\n","protected":false},"excerpt":{"rendered":"<p>Horario y Contacto Se informa que para la realizaci\u00f3n de cualquier TR\u00c1MITE ADMINISTRATIVO, contacten con secretar\u00eda, de la siguiente forma: Administrativa: Sonia Gamito V\u00edas de contacto con ADMINISTRACI\u00d3N: 955622212 E-mail: conservatoriodh@gmail.com Horario de atenci\u00f3n al p\u00fablico: Martes y&nbsp; jueves de 16.00h&nbsp; a 21.00h Viernes 10.00 a 13.00h (alternos) PETICI\u00d3N DE T\u00cdTULOS: PREFERIBLEMENTE A TRAV\u00c9S DE [&hellip;]<\/p>\n","protected":false},"author":7614,"featured_media":0,"parent":0,"menu_order":0,"comment_status":"closed","ping_status":"closed","template":"","meta":{"ngg_post_thumbnail":0,"footnotes":""},"aioseo_notices":[],"_links":{"self":[{"href":"https:\/\/blogsaverroes.juntadeandalucia.es\/cemdedoshermanas\/wp-json\/wp\/v2\/pages\/2402"}],"collection":[{"href":"https:\/\/blogsaverroes.juntadeandalucia.es\/cemdedoshermanas\/wp-json\/wp\/v2\/pages"}],"about":[{"href":"https:\/\/blogsaverroes.juntadeandalucia.es\/cemdedoshermanas\/wp-json\/wp\/v2\/types\/page"}],"author":[{"embeddable":true,"href":"https:\/\/blogsaverroes.juntadeandalucia.es\/cemdedoshermanas\/wp-json\/wp\/v2\/users\/7614"}],"replies":[{"embeddable":true,"href":"https:\/\/blogsaverroes.juntadeandalucia.es\/cemdedoshermanas\/wp-json\/wp\/v2\/comments?post=2402"}],"version-history":[{"count":9,"href":"https:\/\/blogsaverroes.juntadeandalucia.es\/cemdedoshermanas\/wp-json\/wp\/v2\/pages\/2402\/revisions"}],"predecessor-version":[{"id":3453,"href":"https:\/\/blogsaverroes.juntadeandalucia.es\/cemdedoshermanas\/wp-json\/wp\/v2\/pages\/2402\/revisions\/3453"}],"wp:attachment":[{"href":"https:\/\/blogsaverroes.juntadeandalucia.es\/cemdedoshermanas\/wp-json\/wp\/v2\/media?parent=2402"}],"curies":[{"name":"wp","href":"https:\/\/api.w.org\/{rel}","templated":true}]}}