{"id":65,"date":"2015-04-17T19:27:17","date_gmt":"2015-04-17T19:27:17","guid":{"rendered":"http:\/\/blogsaverroes.juntadeandalucia.es\/cemdedoshermanas\/?page_id=65"},"modified":"2025-09-17T21:31:25","modified_gmt":"2025-09-17T21:31:25","slug":"nuestro-centro","status":"publish","type":"page","link":"https:\/\/blogsaverroes.juntadeandalucia.es\/cemdedoshermanas\/nuestro-centro\/","title":{"rendered":"NUESTRO CENTRO \/ ORGANIGRAMA"},"content":{"rendered":"<p><a href=\"https:\/\/blogsaverroes.juntadeandalucia.es\/cemdedoshermanas\/nuestro-centro\/edificio\/\" rel=\"attachment wp-att-949\"><img loading=\"lazy\" decoding=\"async\" class=\"aligncenter wp-image-949 size-full\" src=\"https:\/\/blogsaverroes.juntadeandalucia.es\/cemdedoshermanas\/files\/2019\/09\/edificio.jpg\" alt=\"\" width=\"876\" height=\"660\" srcset=\"https:\/\/blogsaverroes.juntadeandalucia.es\/cemdedoshermanas\/files\/2019\/09\/edificio.jpg 876w, https:\/\/blogsaverroes.juntadeandalucia.es\/cemdedoshermanas\/files\/2019\/09\/edificio-300x226.jpg 300w, https:\/\/blogsaverroes.juntadeandalucia.es\/cemdedoshermanas\/files\/2019\/09\/edificio-768x579.jpg 768w, https:\/\/blogsaverroes.juntadeandalucia.es\/cemdedoshermanas\/files\/2019\/09\/edificio-24x18.jpg 24w, https:\/\/blogsaverroes.juntadeandalucia.es\/cemdedoshermanas\/files\/2019\/09\/edificio-36x27.jpg 36w, https:\/\/blogsaverroes.juntadeandalucia.es\/cemdedoshermanas\/files\/2019\/09\/edificio-48x36.jpg 48w\" sizes=\"(max-width: 876px) 100vw, 876px\" \/><\/a><\/p>\n<p><span style=\"color: #33d6ff\"><strong>DIRECCI\u00d3N <\/strong><\/span><\/p>\n<p>Se encuentra situado en C. Gesaleico, 2, 41700 Dos Hermanas, SEVILLA (ESPA\u00d1A)<\/p>\n<p>TEL\u00c9FONO: 955 622 212<\/p>\n<p>CORREO ELECTR\u00d3NICO:&nbsp;41700610.edu@juntadeandalucia.es<\/p>\n<p>C\u00f3mo llegar: en autobus con la l\u00ednea 4<a href=\"https:\/\/blogsaverroes.juntadeandalucia.es\/cemdedoshermanas\/nuestro-centro\/l12345\/\" rel=\"attachment wp-att-947\">. Horario L\u00ednea 4<\/a><\/p>\n<p><a href=\"https:\/\/blogsaverroes.juntadeandalucia.es\/cemdedoshermanas\/nuestro-centro\/mapa\/\" rel=\"attachment wp-att-946\"><img loading=\"lazy\" decoding=\"async\" class=\"alignnone wp-image-946 size-full\" src=\"https:\/\/blogsaverroes.juntadeandalucia.es\/cemdedoshermanas\/files\/2019\/09\/mapa.jpg\" alt=\"\" width=\"880\" height=\"685\" srcset=\"https:\/\/blogsaverroes.juntadeandalucia.es\/cemdedoshermanas\/files\/2019\/09\/mapa.jpg 880w, https:\/\/blogsaverroes.juntadeandalucia.es\/cemdedoshermanas\/files\/2019\/09\/mapa-300x234.jpg 300w, https:\/\/blogsaverroes.juntadeandalucia.es\/cemdedoshermanas\/files\/2019\/09\/mapa-768x598.jpg 768w, https:\/\/blogsaverroes.juntadeandalucia.es\/cemdedoshermanas\/files\/2019\/09\/mapa-24x19.jpg 24w, https:\/\/blogsaverroes.juntadeandalucia.es\/cemdedoshermanas\/files\/2019\/09\/mapa-36x28.jpg 36w, https:\/\/blogsaverroes.juntadeandalucia.es\/cemdedoshermanas\/files\/2019\/09\/mapa-48x37.jpg 48w\" sizes=\"(max-width: 880px) 100vw, 880px\" \/><\/a><span style=\"color: #33d6ff\"><strong>ESPECIALIDADES QUE IMPARTIMOS Y PROFESORADO DEL CENTRO<\/strong><\/span><\/p>\n<p style=\"text-align: left\"><strong>CLARINETE<\/strong>&nbsp;<\/p>\n<p style=\"text-align: left\">JOS\u00c9 DAVID CASTRO <a href=\"mailto:info.cemdoshermanas@gmail.com\"><span style=\"color: #0000ff\">jcaslin761@g.educaand.es<\/span> <\/a><\/p>\n<p style=\"text-align: left\">ANA M\u00aa ALONSO JIM\u00c9NEZ&nbsp; <a href=\"mailto:aalojim189@g.educaand.es\"><span style=\"color: #0000ff\">aalojim189@g.educaand.es<\/span> <\/a><\/p>\n<p>&nbsp;<\/p>\n<p style=\"text-align: left\"><strong>FLAUTA&nbsp;<\/strong><\/p>\n<p style=\"text-align: left\">ROSA MAR\u00cdA BARRERA <a href=\"mailto:rbargar100@g.educaand.es\">&nbsp;<span style=\"color: #0000ff\">rbargar100@g.educaand.es<\/span><\/a><strong> DEPARTAMENTO DE VIENTO<\/strong><\/p>\n<p>&nbsp;<\/p>\n<p style=\"text-align: left\"><strong>GUITARRA<br \/>\n<\/strong><\/p>\n<p>CARLOS LE\u00d3N<span style=\"color: #0000ff\"> <a style=\"color: #0000ff\" href=\"mailto:cleocar630@g.educaand.es\">cleocar630@g.educaand.es&nbsp;<\/a><\/span><\/p>\n<p>RUB\u00c9N RUBIO SALINAS<span style=\"color: #0000ff\"><a style=\"color: #0000ff\" href=\"mailto:rrubsal547@g.educaand.es\"> rrubsal547@g.educaand.es&nbsp; <\/a><\/span><\/p>\n<p>&nbsp;<\/p>\n<p><strong>PERCUSI\u00d3N<\/strong><\/p>\n<p>ANTONIO ALC\u00c1NTARA RITOR\u00c9 <span style=\"color: #0000ff\">aalcrit112@<\/span><a href=\"aalcrit112@g.educaand.es\"><span style=\"color: #0000ff\">g.educaand.es&nbsp;<\/span> <\/a><\/p>\n<p>&nbsp;<\/p>\n<p><strong>PIANO<\/strong><\/p>\n<p>SUSANA PALOMO <a href=\"mailto:spalfer723@g.educaand.es\"><span style=\"color: #0000ff\">spalfer723@g.educaand.es<\/span><\/a><\/p>\n<p>JUAN CARLOS VACAS VACAS <span style=\"color: #0000ff\"><a style=\"color: #0000ff\" href=\"mailto:jvacvac939@g.educaand.es\">jvacvac939@g.educaand.es<\/a><\/span><\/p>\n<p>&nbsp;<\/p>\n<p><b>SAXOF\u00d3N<\/b><\/p>\n<p>JOS\u00c9 MAR\u00cdA PORTILLO<span style=\"color: #0000ff\"><a style=\"color: #0000ff\" href=\"mailto:jporsos536@g.educaand.es\"> jporsos536@g.educaand.es<\/a><\/span> . <strong>DOFEI<\/strong><\/p>\n<p>&nbsp;<\/p>\n<p style=\"text-align: left\"><strong>VIOL\u00cdN&nbsp;<\/strong><\/p>\n<p style=\"text-align: left\">\u00c1LVARO CLIMENT <a href=\"mailto:aclimir647@g.educaand.es\"><span style=\"color: #0000ff\">aclimir647@g.educaand.es <\/span><\/a><strong>DEPARTAMENTO DE EXTENSI\u00d3N CULTURAL<\/strong><\/p>\n<p>CARMEN MORENO MU\u00d1OZ <span style=\"color: #0000ff\"><a style=\"color: #0000ff\" href=\"mailto:cmormun870@g.educaand.es\">cmormun870@g.educaand.es<\/a><\/span><\/p>\n<p>&nbsp;<\/p>\n<p>&nbsp;<\/p>\n<p style=\"text-align: left\"><strong>VIOLONCHELO <\/strong><\/p>\n<p style=\"text-align: left\">CARMEN&nbsp; FERN\u00c1NDEZ <a href=\"mailto:cferrui808@g.educaand.es\"><span style=\"color: #0000ff\">cferrui808@g.educaand.es<\/span> <\/a><\/p>\n<p>&nbsp;<\/p>\n<p style=\"text-align: left\"><strong>LENGUAJE MUSICAL Y CORO<br \/>\n<\/strong><\/p>\n<p style=\"text-align: left\">ENCARNACI\u00d3N HERN\u00c1NDEZ LORA <span style=\"color: #0000ff\"><a style=\"color: #0000ff\" href=\"mailto:eherlor370@g.educaand.es\">eherlor370@g.educaand.es&nbsp;&nbsp; <strong><span style=\"color: #666699\">DEPARTAMENTO DE LENGUAJE MUSICAL<\/span> <\/strong><\/a><\/span><\/p>\n<p>GLAIMIELYS HERN\u00c1NDEZ OSUNA<span style=\"color: #0000ff\"> gherosu934@g.educaand.es<\/span><\/p>\n<p>&nbsp;<\/p>\n<p style=\"text-align: left\"><strong>PAS<\/strong><\/p>\n<p style=\"text-align: left\">ADMINISTRATIVA:SONIA GAMITO.<a href=\"mailto:sgammov125f@g.educaand.es\"><span style=\"color: #0000ff\"><span class=\"gI\"><span class=\"qu\" role=\"gridcell\"><span class=\"go\">conservatoriodh@gmail.com<\/span><\/span><\/span><\/span><\/a><\/p>\n<p style=\"text-align: left\">ORDENANZA: MAR\u00cdA JOS\u00c9 RODR\u00cdGUEZ TEBA <a href=\"mrodteb475@g.educaand.es\"><span style=\"color: #0000ff\">mrodteb475@g.educaand.es<\/span><\/a><\/p>\n<p>&nbsp;<\/p>\n<p style=\"text-align: left\"><strong>EQUIPO DIRECTIVO<\/strong><\/p>\n<p><strong>DIRECTORA:<\/strong> CARMEN FERN\u00c1NDEZ<span style=\"color: #0000ff\">. <a style=\"color: #0000ff\" href=\"mailto:info.cemdoshermanas@gmail.com\">info.cemdoshermanas@gmail.com. <\/a><\/span><\/p>\n<p><strong>JEFE DE ESTUDIOS:<\/strong> CARLOS LE\u00d3N. <a href=\"mailto:jefaturaandressegovia@gmail.com\"><span style=\"color: #0000ff\">jefaturaandressegovia@gmail.com&nbsp;<\/span><\/a><\/p>\n<p><strong>SECRETARIO:<\/strong> JOS\u00c9 DAVID CASTRO.<\/p>\n<p>&nbsp;<\/p>\n<p>&nbsp;<\/p>\n","protected":false},"excerpt":{"rendered":"<p>DIRECCI\u00d3N Se encuentra situado en C. Gesaleico, 2, 41700 Dos Hermanas, SEVILLA (ESPA\u00d1A) TEL\u00c9FONO: 955 622 212 CORREO ELECTR\u00d3NICO:&nbsp;41700610.edu@juntadeandalucia.es C\u00f3mo llegar: en autobus con la l\u00ednea 4. Horario L\u00ednea 4 ESPECIALIDADES QUE IMPARTIMOS Y PROFESORADO DEL CENTRO CLARINETE&nbsp; JOS\u00c9 DAVID CASTRO jcaslin761@g.educaand.es ANA M\u00aa ALONSO JIM\u00c9NEZ&nbsp; aalojim189@g.educaand.es &nbsp; FLAUTA&nbsp; ROSA MAR\u00cdA BARRERA &nbsp;rbargar100@g.educaand.es DEPARTAMENTO DE [&hellip;]<\/p>\n","protected":false},"author":1502,"featured_media":0,"parent":0,"menu_order":0,"comment_status":"closed","ping_status":"closed","template":"","meta":{"ngg_post_thumbnail":0,"footnotes":""},"aioseo_notices":[],"_links":{"self":[{"href":"https:\/\/blogsaverroes.juntadeandalucia.es\/cemdedoshermanas\/wp-json\/wp\/v2\/pages\/65"}],"collection":[{"href":"https:\/\/blogsaverroes.juntadeandalucia.es\/cemdedoshermanas\/wp-json\/wp\/v2\/pages"}],"about":[{"href":"https:\/\/blogsaverroes.juntadeandalucia.es\/cemdedoshermanas\/wp-json\/wp\/v2\/types\/page"}],"author":[{"embeddable":true,"href":"https:\/\/blogsaverroes.juntadeandalucia.es\/cemdedoshermanas\/wp-json\/wp\/v2\/users\/1502"}],"replies":[{"embeddable":true,"href":"https:\/\/blogsaverroes.juntadeandalucia.es\/cemdedoshermanas\/wp-json\/wp\/v2\/comments?post=65"}],"version-history":[{"count":84,"href":"https:\/\/blogsaverroes.juntadeandalucia.es\/cemdedoshermanas\/wp-json\/wp\/v2\/pages\/65\/revisions"}],"predecessor-version":[{"id":3463,"href":"https:\/\/blogsaverroes.juntadeandalucia.es\/cemdedoshermanas\/wp-json\/wp\/v2\/pages\/65\/revisions\/3463"}],"wp:attachment":[{"href":"https:\/\/blogsaverroes.juntadeandalucia.es\/cemdedoshermanas\/wp-json\/wp\/v2\/media?parent=65"}],"curies":[{"name":"wp","href":"https:\/\/api.w.org\/{rel}","templated":true}]}}