{"id":262,"date":"2020-01-23T12:37:13","date_gmt":"2020-01-23T11:37:13","guid":{"rendered":"http:\/\/blogsaverroes.juntadeandalucia.es\/pre\/nuevoies2v2\/?page_id=262"},"modified":"2022-02-17T14:37:33","modified_gmt":"2022-02-17T13:37:33","slug":"nuestra-historia","status":"publish","type":"page","link":"https:\/\/blogsaverroes.juntadeandalucia.es\/cemjosedeltoro\/nuestra-historia\/","title":{"rendered":"Nuestra Historia"},"content":{"rendered":"<p>[et_pb_section fb_built=\u00bb1&#8243; fullwidth=\u00bbon\u00bb _builder_version=\u00bb4.5.0&#8243; _module_preset=\u00bbdefault\u00bb background_color=\u00bb#000000&#8243; use_background_color_gradient=\u00bbon\u00bb background_color_gradient_start=\u00bb#000000&#8243; background_color_gradient_end=\u00bb#ffffff\u00bb background_image=\u00bbhttps:\/\/blogsaverroes.juntadeandalucia.es\/cemjosedeltoro\/files\/2021\/11\/Captura-de-pantalla-4.png\u00bb background_blend=\u00bbsoft-light\u00bb global_colors_info=\u00bb{}\u00bb][et_pb_fullwidth_slider _builder_version=\u00bb4.5.0&#8243; _module_preset=\u00bbdefault\u00bb custom_padding=\u00bb||222px|||\u00bb global_colors_info=\u00bb{}\u00bb][et_pb_slide heading=\u00bbNuestra Historia\u00bb _builder_version=\u00bb4.5.0&#8243; _module_preset=\u00bbdefault\u00bb header_font=\u00bb|700|||||||\u00bb body_font_size=\u00bb18px\u00bb background_enable_color=\u00bboff\u00bb background_enable_image=\u00bboff\u00bb global_colors_info=\u00bb{}\u00bb sticky_transition=\u00bbon\u00bb][\/et_pb_slide][\/et_pb_fullwidth_slider][\/et_pb_section][et_pb_section fb_built=\u00bb1&#8243; _builder_version=\u00bb4.5.0&#8243; _module_preset=\u00bbdefault\u00bb global_colors_info=\u00bb{}\u00bb][et_pb_row _builder_version=\u00bb4.5.0&#8243; _module_preset=\u00bbdefault\u00bb custom_margin=\u00bb-18px|auto||auto||\u00bb global_colors_info=\u00bb{}\u00bb][et_pb_column type=\u00bb4_4&#8243; _builder_version=\u00bb4.5.0&#8243; _module_preset=\u00bbdefault\u00bb global_colors_info=\u00bb{}\u00bb][et_pb_text _builder_version=\u00bb4.5.0&#8243; _module_preset=\u00bbdefault\u00bb text_font_size=\u00bb48px\u00bb header_font_size=\u00bb33px\u00bb text_text_color_tablet=\u00bb\u00bb text_text_color_phone=\u00bb\u00bb text_text_color_last_edited=\u00bbon|phone\u00bb text_font_size_tablet=\u00bb24px\u00bb text_font_size_phone=\u00bb14px\u00bb text_font_size_last_edited=\u00bbon|desktop\u00bb global_colors_info=\u00bb{}\u00bb]<\/p>\n<p><strong>Conservatorio Elemental de M\u00fasica Jos\u00e9 del Toro<\/strong><\/p>\n<p>[\/et_pb_text][\/et_pb_column][\/et_pb_row][\/et_pb_section][et_pb_section fb_built=\u00bb1&#8243; admin_label=\u00bbWhat we do best Row\u00bb _builder_version=\u00bb4.5.0&#8243; inner_width_tablet=\u00bb50px\u00bb inner_max_width_tablet=\u00bb50px\u00bb custom_padding=\u00bb0px||0px|\u00bb z_index_tablet=\u00bb500&#8243; box_shadow_horizontal_tablet=\u00bb0px\u00bb box_shadow_vertical_tablet=\u00bb0px\u00bb box_shadow_blur_tablet=\u00bb40px\u00bb box_shadow_spread_tablet=\u00bb0px\u00bb global_colors_info=\u00bb{}\u00bb][et_pb_row column_structure=\u00bb2_5,3_5&#8243; _builder_version=\u00bb4.5.0&#8243; _module_preset=\u00bbdefault\u00bb width=\u00bb68.3%\u00bb global_colors_info=\u00bb{}\u00bb][et_pb_column type=\u00bb2_5&#8243; _builder_version=\u00bb4.5.0&#8243; _module_preset=\u00bbdefault\u00bb global_colors_info=\u00bb{}\u00bb][et_pb_text _builder_version=\u00bb4.5.0&#8243; _module_preset=\u00bbdefault\u00bb global_colors_info=\u00bb{}\u00bb]<\/p>\n<h1><strong>Trigueros tradici\u00f3n musical<\/strong><\/h1>\n<h3><span style=\"font-weight: 400\">Trigueros cuenta con una tradici\u00f3n musical que ha ido aumentando a trav\u00e9s de los a\u00f1os. Con el nacimiento de la Coral Polif\u00f3nica a finales de la d\u00e9cada de los a\u00f1os sesenta, y la Banda de M\u00fasica a comienzos de la d\u00e9cada de los ochenta, Trigueros demandaba la creaci\u00f3n de un centro donde se impartieran ense\u00f1anzas musicales regladas, que fomentaran el conocimiento y dominio de la M\u00fasica.<\/span><\/h3>\n<h3><span style=\"font-weight: 400\"><\/span><\/h3>\n<h3><span style=\"font-weight: 400\">El primer paso para la consecuci\u00f3n de este fin fue la creaci\u00f3n de las Aulas Musicales, que con la colaboraci\u00f3n del Ayuntamiento y la Diputaci\u00f3n Provincial, comenzaron su andadura en el a\u00f1o de 1980. Estas aulas favorecieron la ense\u00f1anza y el perfeccionamiento de aquellas personas con inquietudes musicales, las cuales fueron engrosando paulatinamente la plantilla de la Banda Municipal de M\u00fasica de Trigueros.<\/span><\/h3>\n<p><span style=\"font-weight: 400\"><\/span><\/p>\n<p>[\/et_pb_text][\/et_pb_column][et_pb_column type=\u00bb3_5&#8243; _builder_version=\u00bb4.5.0&#8243; _module_preset=\u00bbdefault\u00bb global_colors_info=\u00bb{}\u00bb][et_pb_image src=\u00bbhttps:\/\/blogsaverroes.juntadeandalucia.es\/cemjosedeltoro\/files\/2021\/11\/Captura-de-pantalla-8.png\u00bb title_text=\u00bbCaptura de pantalla (8)\u00bb _builder_version=\u00bb4.14.5&#8243; _module_preset=\u00bbdefault\u00bb hover_enabled=\u00bb0&#8243; global_colors_info=\u00bb{}\u00bb sticky_enabled=\u00bb0&#8243;][\/et_pb_image][\/et_pb_column][\/et_pb_row][et_pb_row _builder_version=\u00bb4.5.0&#8243; _module_preset=\u00bbdefault\u00bb width=\u00bb68.3%\u00bb global_colors_info=\u00bb{}\u00bb][et_pb_column type=\u00bb4_4&#8243; _builder_version=\u00bb4.5.0&#8243; _module_preset=\u00bbdefault\u00bb global_colors_info=\u00bb{}\u00bb][et_pb_text _builder_version=\u00bb4.5.0&#8243; _module_preset=\u00bbdefault\u00bb global_colors_info=\u00bb{}\u00bb]<\/p>\n<h1><b>Creado en 1990<\/b><\/h1>\n<h3><span style=\"font-size: 19px\">Este centro realiz\u00f3 un trabajo b\u00e1sico de formaci\u00f3n del alumnado, y fue embri\u00f3n del Conservatorio Elemental de M\u00fasica de Trigueros, creado en octubre de 1990, ya dependiente de la Junta de Andaluc\u00eda como centro p\u00fablico de formaci\u00f3n musical y que se hizo realidad gracias a las reiteradas peticiones y negociaciones del Excelent\u00edsimo Ayuntamiento de Trigueros ante la Consejer\u00eda de Educaci\u00f3n y Ciencia.<\/span><\/h3>\n<h3><span style=\"font-weight: 400\">Los<strong> principales objetivos<\/strong> del Conservatorio Elemental de M\u00fasica \u201cJos\u00e9 del Toro\u201d de Trigueros son:<\/span><\/h3>\n<h3><span style=\"font-weight: 400\">* Ense\u00f1ar y fomentar la m\u00fasica, ya sea cl\u00e1sica o popular, con especial atenci\u00f3n a la m\u00fasica andaluza.<\/span><\/h3>\n<h3><span style=\"font-weight: 400\">* Incentivar la creatividad, el estudio, la investigaci\u00f3n musical y el amor a la m\u00fasica, facilitando el aprendizaje de la t\u00e9cnica solf\u00edstica, vocal e instrumental.<\/span><\/h3>\n<h3><span style=\"font-weight: 400\">* Programar actividades relacionadas con la m\u00fasica: conciertos de M\u00fasica de C\u00e1mara, de solistas, actuaciones de agrupaciones vocales e instrumentales, conferencias-coloquios, as\u00ed como cursos de perfeccionamiento.<\/span><\/h3>\n<p><span style=\"font-weight: 400\"><\/span><\/p>\n<p><span style=\"font-weight: 400\"><\/span><\/p>\n<p><span style=\"font-weight: 400\"><\/span><\/p>\n<p>[\/et_pb_text][\/et_pb_column][\/et_pb_row][et_pb_row column_structure=\u00bb2_5,3_5&#8243; _builder_version=\u00bb4.5.0&#8243; _module_preset=\u00bbdefault\u00bb width=\u00bb68.3%\u00bb global_colors_info=\u00bb{}\u00bb][et_pb_column type=\u00bb2_5&#8243; _builder_version=\u00bb4.5.0&#8243; _module_preset=\u00bbdefault\u00bb global_colors_info=\u00bb{}\u00bb][et_pb_image src=\u00bbhttps:\/\/blogsaverroes.juntadeandalucia.es\/cemjosedeltoro\/files\/2021\/11\/Captura-de-pantalla-3.png\u00bb title_text=\u00bbCaptura de pantalla (3)\u00bb _builder_version=\u00bb4.5.0&#8243; _module_preset=\u00bbdefault\u00bb global_colors_info=\u00bb{}\u00bb][\/et_pb_image][\/et_pb_column][et_pb_column type=\u00bb3_5&#8243; _builder_version=\u00bb4.5.0&#8243; _module_preset=\u00bbdefault\u00bb global_colors_info=\u00bb{}\u00bb][et_pb_text _builder_version=\u00bb4.5.0&#8243; _module_preset=\u00bbdefault\u00bb custom_padding=\u00bb||0px|||\u00bb global_colors_info=\u00bb{}\u00bb]<\/p>\n<h3><span style=\"font-weight: 400\">El Conservatorio ha tenido diferentes emplazamientos a lo largo de su historia teniendo su \u00faltimo domicilio en C\/ Labradores N\u00ba 40. Es una situaci\u00f3n bastante c\u00e9ntrica a escasos metros de la Iglesia de San Antonio Abad y el Eximo. Ayuntamiento.<\/span><\/h3>\n<h3><span style=\"font-weight: 400\">El conservatorio toma el nombre del director y fundador de la Banda de M\u00fasica de Trigueros \u201cJos\u00e9 del Toro\u201d, incansable trabajador, gran impulsor de la m\u00fasica en el pueblo que llev\u00f3 a la Banda de m\u00fasica a ser una de las mejores agrupaciones no solo de la provincia sino tambi\u00e9n de la comunidad.<\/span><\/h3>\n<p><span style=\"font-weight: 400\"><\/span><\/p>\n<p>[\/et_pb_text][\/et_pb_column][\/et_pb_row][\/et_pb_section][et_pb_section fb_built=\u00bb1&#8243; custom_padding_last_edited=\u00bbon|tablet\u00bb admin_label=\u00bbTestimonials\u00bb _builder_version=\u00bb3.23.3&#8243; background_color=\u00bb#F2F2FA\u00bb use_background_color_gradient=\u00bbon\u00bb background_color_gradient_start=\u00bb#ffffff\u00bb background_color_gradient_end=\u00bb#F2F2FA\u00bb background_color_gradient_end_position=\u00bb50%\u00bb background_size=\u00bbinitial\u00bb custom_padding=\u00bb|||\u00bb custom_padding_tablet=\u00bb\u00bb custom_padding_phone=\u00bb|||\u00bb bottom_divider_height=\u00bb200px\u00bb bottom_divider_flip=\u00bbhorizontal\u00bb z_index_tablet=\u00bb500&#8243; box_shadow_horizontal_tablet=\u00bb0px\u00bb box_shadow_vertical_tablet=\u00bb0px\u00bb box_shadow_blur_tablet=\u00bb40px\u00bb box_shadow_spread_tablet=\u00bb0px\u00bb global_colors_info=\u00bb{}\u00bb][et_pb_row column_structure=\u00bb1_2,1_2&#8243; _builder_version=\u00bb3.25&#8243; custom_padding=\u00bb42px|||||\u00bb z_index_tablet=\u00bb500&#8243; box_shadow_horizontal_tablet=\u00bb0px\u00bb box_shadow_vertical_tablet=\u00bb0px\u00bb box_shadow_blur_tablet=\u00bb40px\u00bb box_shadow_spread_tablet=\u00bb0px\u00bb global_colors_info=\u00bb{}\u00bb][et_pb_column type=\u00bb1_2&#8243; _builder_version=\u00bb3.25&#8243; custom_padding=\u00bb|||\u00bb global_colors_info=\u00bb{}\u00bb custom_padding__hover=\u00bb|||\u00bb][et_pb_text admin_label=\u00bbT\u00edtulo (Matric\u00falate con nosotros) y subtitulo\u00bb _builder_version=\u00bb4.5.0&#8243; text_line_height=\u00bb2em\u00bb ul_text_color=\u00bb#000000&#8243; ul_line_height=\u00bb2em\u00bb header_2_font=\u00bbRoboto|700|||||||\u00bb header_2_font_size=\u00bb45px\u00bb header_2_line_height=\u00bb1.2em\u00bb header_3_font=\u00bb|||on|||||\u00bb header_3_text_color=\u00bb#c1c1c1&#8243; header_3_font_size=\u00bb20px\u00bb header_3_letter_spacing=\u00bb4px\u00bb header_3_line_height=\u00bb1.6em\u00bb text_orientation=\u00bbcenter\u00bb max_width_tablet=\u00bb\u00bb max_width_phone=\u00bb\u00bb max_width_last_edited=\u00bbon|desktop\u00bb module_alignment=\u00bbcenter\u00bb custom_margin=\u00bb|||\u00bb custom_padding=\u00bb56px||108px|||\u00bb header_2_font_size_tablet=\u00bb35px\u00bb header_2_font_size_phone=\u00bb28px\u00bb header_2_font_size_last_edited=\u00bbon|phone\u00bb z_index_tablet=\u00bb500&#8243; text_text_shadow_horizontal_length_tablet=\u00bb0px\u00bb text_text_shadow_vertical_length_tablet=\u00bb0px\u00bb text_text_shadow_blur_strength_tablet=\u00bb1px\u00bb link_text_shadow_horizontal_length_tablet=\u00bb0px\u00bb link_text_shadow_vertical_length_tablet=\u00bb0px\u00bb link_text_shadow_blur_strength_tablet=\u00bb1px\u00bb ul_text_shadow_horizontal_length_tablet=\u00bb0px\u00bb ul_text_shadow_vertical_length_tablet=\u00bb0px\u00bb ul_text_shadow_blur_strength_tablet=\u00bb1px\u00bb ol_text_shadow_horizontal_length_tablet=\u00bb0px\u00bb ol_text_shadow_vertical_length_tablet=\u00bb0px\u00bb ol_text_shadow_blur_strength_tablet=\u00bb1px\u00bb quote_text_shadow_horizontal_length_tablet=\u00bb0px\u00bb quote_text_shadow_vertical_length_tablet=\u00bb0px\u00bb quote_text_shadow_blur_strength_tablet=\u00bb1px\u00bb header_text_shadow_horizontal_length_tablet=\u00bb0px\u00bb header_text_shadow_vertical_length_tablet=\u00bb0px\u00bb header_text_shadow_blur_strength_tablet=\u00bb1px\u00bb header_2_text_shadow_horizontal_length_tablet=\u00bb0px\u00bb header_2_text_shadow_vertical_length_tablet=\u00bb0px\u00bb header_2_text_shadow_blur_strength_tablet=\u00bb1px\u00bb header_3_text_shadow_horizontal_length_tablet=\u00bb0px\u00bb header_3_text_shadow_vertical_length_tablet=\u00bb0px\u00bb header_3_text_shadow_blur_strength_tablet=\u00bb1px\u00bb header_4_text_shadow_horizontal_length_tablet=\u00bb0px\u00bb header_4_text_shadow_vertical_length_tablet=\u00bb0px\u00bb header_4_text_shadow_blur_strength_tablet=\u00bb1px\u00bb header_5_text_shadow_horizontal_length_tablet=\u00bb0px\u00bb header_5_text_shadow_vertical_length_tablet=\u00bb0px\u00bb header_5_text_shadow_blur_strength_tablet=\u00bb1px\u00bb header_6_text_shadow_horizontal_length_tablet=\u00bb0px\u00bb header_6_text_shadow_vertical_length_tablet=\u00bb0px\u00bb header_6_text_shadow_blur_strength_tablet=\u00bb1px\u00bb box_shadow_horizontal_tablet=\u00bb0px\u00bb box_shadow_vertical_tablet=\u00bb0px\u00bb box_shadow_blur_tablet=\u00bb40px\u00bb box_shadow_spread_tablet=\u00bb0px\u00bb text_text_align=\u00bbcenter\u00bb global_colors_info=\u00bb{}\u00bb]<\/p>\n<h2><span>Conservatorio Elemental de M\u00fasica Jos\u00e9 del Toro<\/span><\/h2>\n<h2><span style=\"color: #c1c1c1;font-family: 'Open Sans', Arial, sans-serif\"><span style=\"font-size: 20px;font-weight: 500;letter-spacing: 4px;text-transform: uppercase\"><span>c\/ Labradores, 40 Trigueros. 21620<\/span><\/span><\/span><\/h2>\n<p>Tel\u00e9fono: 959524114<br \/><span>Email: conservatoriojosedeltoro@gmail.com<\/span><\/p>\n<p>[\/et_pb_text][\/et_pb_column][et_pb_column type=\u00bb1_2&#8243; _builder_version=\u00bb3.25&#8243; custom_padding=\u00bb4em|||\u00bb global_colors_info=\u00bb{}\u00bb custom_padding__hover=\u00bb|||\u00bb][et_pb_code _builder_version=\u00bb4.5.0&#8243; _module_preset=\u00bbdefault\u00bb max_height=\u00bb458px\u00bb border_radii=\u00bbon|10px|10px|10px|10px\u00bb global_module=\u00bb658&#8243; global_colors_info=\u00bb{}\u00bb]<iframe loading=\"lazy\" src=\"https:\/\/www.google.com\/maps\/embed?pb=!1m18!1m12!1m3!1d3170.2082267499395!2d-6.836694185340469!3d37.38490764226801!2m3!1f0!2f0!3f0!3m2!1i1024!2i768!4f13.1!3m3!1m2!1s0xd11c1332f979841%3A0xb006e8461c65f6ec!2sConservatorio%20Elemental%20de%20M%C3%BAsica%20de%20Trigueros!5e0!3m2!1ses!2ses!4v1623316012389!5m2!1ses!2ses\" width=\"100%\" height=\"458\"><\/iframe>[\/et_pb_code][\/et_pb_column][\/et_pb_row][\/et_pb_section]<\/p>\n","protected":false},"excerpt":{"rendered":"<p>Conservatorio Elemental de M\u00fasica Jos\u00e9 del ToroTrigueros tradici\u00f3n musical Trigueros cuenta con una tradici\u00f3n musical que ha ido aumentando a trav\u00e9s de los a\u00f1os. Con el nacimiento de la Coral Polif\u00f3nica a finales de la d\u00e9cada de los a\u00f1os sesenta, y la Banda de M\u00fasica a comienzos de la d\u00e9cada de los ochenta, Trigueros demandaba [&hellip;]<\/p>\n","protected":false},"author":13205,"featured_media":0,"parent":0,"menu_order":0,"comment_status":"closed","ping_status":"closed","template":"","meta":{"_et_pb_use_builder":"on","_et_pb_old_content":"","_et_gb_content_width":"","ngg_post_thumbnail":0,"footnotes":""},"aioseo_notices":[],"_links":{"self":[{"href":"https:\/\/blogsaverroes.juntadeandalucia.es\/cemjosedeltoro\/wp-json\/wp\/v2\/pages\/262"}],"collection":[{"href":"https:\/\/blogsaverroes.juntadeandalucia.es\/cemjosedeltoro\/wp-json\/wp\/v2\/pages"}],"about":[{"href":"https:\/\/blogsaverroes.juntadeandalucia.es\/cemjosedeltoro\/wp-json\/wp\/v2\/types\/page"}],"author":[{"embeddable":true,"href":"https:\/\/blogsaverroes.juntadeandalucia.es\/cemjosedeltoro\/wp-json\/wp\/v2\/users\/13205"}],"replies":[{"embeddable":true,"href":"https:\/\/blogsaverroes.juntadeandalucia.es\/cemjosedeltoro\/wp-json\/wp\/v2\/comments?post=262"}],"version-history":[{"count":7,"href":"https:\/\/blogsaverroes.juntadeandalucia.es\/cemjosedeltoro\/wp-json\/wp\/v2\/pages\/262\/revisions"}],"predecessor-version":[{"id":1006,"href":"https:\/\/blogsaverroes.juntadeandalucia.es\/cemjosedeltoro\/wp-json\/wp\/v2\/pages\/262\/revisions\/1006"}],"wp:attachment":[{"href":"https:\/\/blogsaverroes.juntadeandalucia.es\/cemjosedeltoro\/wp-json\/wp\/v2\/media?parent=262"}],"curies":[{"name":"wp","href":"https:\/\/api.w.org\/{rel}","templated":true}]}}