{"id":619,"date":"2021-11-07T17:53:40","date_gmt":"2021-11-07T16:53:40","guid":{"rendered":"https:\/\/blogsaverroes.juntadeandalucia.es\/cemjosedeltoro\/?page_id=619"},"modified":"2022-03-01T09:41:24","modified_gmt":"2022-03-01T08:41:24","slug":"preguntas","status":"publish","type":"page","link":"https:\/\/blogsaverroes.juntadeandalucia.es\/cemjosedeltoro\/preguntas\/","title":{"rendered":"PREGUNTAS"},"content":{"rendered":"<p>[et_pb_section fb_built=\u00bb1&#8243; admin_label=\u00bbCourses Hero\u00bb _builder_version=\u00bb4.5.0&#8243; use_background_color_gradient=\u00bbon\u00bb background_color_gradient_start=\u00bb#2672c9&#8243; background_color_gradient_end=\u00bb#9271f6&#8243; background_image=\u00bbhttps:\/\/blogsaverroes.juntadeandalucia.es\/cemjosedeltoro\/files\/2021\/11\/coding-background-texture.jpg\u00bb background_blend=\u00bboverlay\u00bb custom_padding=\u00bb100px|0px|180px|0px\u00bb animation_style=\u00bbslide\u00bb animation_direction=\u00bbtop\u00bb animation_intensity_slide=\u00bb2%\u00bb locked=\u00bboff\u00bb global_colors_info=\u00bb{}\u00bb][et_pb_row _builder_version=\u00bb3.25&#8243; background_size=\u00bbinitial\u00bb background_position=\u00bbtop_left\u00bb background_repeat=\u00bbrepeat\u00bb custom_margin=\u00bb|||\u00bb custom_width_px=\u00bb1280px\u00bb global_colors_info=\u00bb{}\u00bb][et_pb_column type=\u00bb4_4&#8243; _builder_version=\u00bb3.25&#8243; custom_padding=\u00bb|||\u00bb global_colors_info=\u00bb{}\u00bb custom_padding__hover=\u00bb|||\u00bb][et_pb_text _builder_version=\u00bb3.27.4&#8243; header_font=\u00bb|on|||\u00bb header_font_size=\u00bb42px\u00bb header_line_height=\u00bb1.3em\u00bb background_size=\u00bbinitial\u00bb background_position=\u00bbtop_left\u00bb background_repeat=\u00bbrepeat\u00bb text_orientation=\u00bbcenter\u00bb background_layout=\u00bbdark\u00bb max_width=\u00bb530px\u00bb module_alignment=\u00bbcenter\u00bb custom_padding=\u00bb|||\u00bb header_font_size_tablet=\u00bb\u00bb header_font_size_phone=\u00bb\u00bb header_font_size_last_edited=\u00bbon|desktop\u00bb locked=\u00bboff\u00bb global_colors_info=\u00bb{}\u00bb]<\/p>\n<h1>PREGUNTAS FRECUENTES<\/h1>\n<p>[\/et_pb_text][et_pb_text _builder_version=\u00bb4.5.0&#8243; text_text_color=\u00bb#d4ccff\u00bb text_font_size=\u00bb16px\u00bb text_line_height=\u00bb1.9em\u00bb background_size=\u00bbinitial\u00bb background_position=\u00bbtop_left\u00bb background_repeat=\u00bbrepeat\u00bb text_orientation=\u00bbcenter\u00bb max_width=\u00bb540px\u00bb module_alignment=\u00bbcenter\u00bb locked=\u00bboff\u00bb global_colors_info=\u00bb{}\u00bb]<\/p>\n<p>Las dudas son normales a la hora de emprender un nuevo proyecto educativo<\/p>\n<p>[\/et_pb_text][\/et_pb_column][\/et_pb_row][\/et_pb_section][et_pb_section fb_built=\u00bb1&#8243; admin_label=\u00bbCourses\u00bb _builder_version=\u00bb4.5.0&#8243; custom_padding=\u00bb0px|0px|100px|0px\u00bb global_colors_info=\u00bb{}\u00bb][et_pb_row column_structure=\u00bb1_2,1_2&#8243; _builder_version=\u00bb3.25&#8243; background_size=\u00bbinitial\u00bb background_position=\u00bbtop_left\u00bb background_repeat=\u00bbrepeat\u00bb custom_margin=\u00bb|||\u00bb custom_padding=\u00bb0px|0px|27px|0px\u00bb global_colors_info=\u00bb{}\u00bb][et_pb_column type=\u00bb1_2&#8243; _builder_version=\u00bb3.25&#8243; custom_padding=\u00bb|||\u00bb global_colors_info=\u00bb{}\u00bb custom_padding__hover=\u00bb|||\u00bb][et_pb_blurb title=\u00bb\u00bfQu\u00e9 me ofrece el Conservatorio? \u00bb url=\u00bb#\u00bb image=\u00bbhttps:\/\/blogsaverroes.juntadeandalucia.es\/cemjosedeltoro\/files\/2021\/11\/coding-icon_4.jpg\u00bb icon_placement=\u00bbleft\u00bb content_max_width=\u00bb1100px\u00bb _builder_version=\u00bb4.13.0&#8243; header_font=\u00bb|on|||\u00bb header_text_color=\u00bb#2e2545&#8243; header_line_height=\u00bb1.5em\u00bb body_text_color=\u00bb#8585bd\u00bb body_font_size=\u00bb16px\u00bb body_line_height=\u00bb1.9em\u00bb background_color=\u00bb#ffffff\u00bb background_size=\u00bbinitial\u00bb background_position=\u00bbtop_left\u00bb background_repeat=\u00bbrepeat\u00bb custom_margin=\u00bb-80px||10%|\u00bb custom_padding=\u00bb30px|40px|30px|40px\u00bb animation_style=\u00bbzoom\u00bb animation_direction=\u00bbbottom\u00bb animation_intensity_zoom=\u00bb20%\u00bb animation_starting_opacity=\u00bb100%\u00bb box_shadow_style=\u00bbpreset2&#8243; box_shadow_horizontal=\u00bb0px\u00bb box_shadow_vertical=\u00bb0px\u00bb box_shadow_blur=\u00bb60px\u00bb box_shadow_color=\u00bbrgba(71,74,182,0.12)\u00bb locked=\u00bboff\u00bb global_colors_info=\u00bb{}\u00bb]<\/p>\n<p>El Conservatorio Elemental de M\u00fasica \u201cJos\u00e9 del Toro\u201d de Trigueros es un centro p\u00fablico oficial, dependiente de la Consejer\u00eda de Educaci\u00f3n de la Junta de Andaluc\u00eda, que te ofrece la posibilidad de cursar las Ense\u00f1anzas B\u00e1sicas de M\u00fasica (durante 4 a\u00f1os) con un gran equipo docente y con el mejor ambiente cultural. Son de sobra conocidas las bondades que la m\u00fasica ejerce sobre las personas: mejora el bienestar en general, ayuda a regular y expresar las emociones, facilita el logro de la felicidad y relajaci\u00f3n en la vida cotidiana, mejora la psicomotricidad, la autoestima, y un largu\u00edsimo etc\u00e9tera. Como ves, son todo ventajas\u2026.<\/p>\n<p><strong>4 A\u00f1os de Ense\u00f1anza.<\/strong><\/p>\n<p>[\/et_pb_blurb][et_pb_blurb title=\u00bb\u00bfQu\u00e9 tengo que hacer? \u00bb url=\u00bb#\u00bb image=\u00bbhttps:\/\/blogsaverroes.juntadeandalucia.es\/cemjosedeltoro\/files\/2021\/11\/coding-icon_4.jpg\u00bb icon_placement=\u00bbleft\u00bb content_max_width=\u00bb1100px\u00bb _builder_version=\u00bb4.13.0&#8243; header_font=\u00bb|on|||\u00bb header_text_color=\u00bb#2e2545&#8243; header_line_height=\u00bb1.5em\u00bb body_text_color=\u00bb#8585bd\u00bb body_font_size=\u00bb16px\u00bb body_line_height=\u00bb1.9em\u00bb background_color=\u00bb#ffffff\u00bb background_size=\u00bbinitial\u00bb background_position=\u00bbtop_left\u00bb background_repeat=\u00bbrepeat\u00bb custom_margin=\u00bb||10%|\u00bb custom_padding=\u00bb30px|40px|30px|40px\u00bb animation_style=\u00bbzoom\u00bb animation_direction=\u00bbbottom\u00bb animation_intensity_zoom=\u00bb20%\u00bb animation_starting_opacity=\u00bb100%\u00bb box_shadow_style=\u00bbpreset2&#8243; box_shadow_horizontal=\u00bb0px\u00bb box_shadow_vertical=\u00bb0px\u00bb box_shadow_blur=\u00bb60px\u00bb box_shadow_color=\u00bbrgba(71,74,182,0.12)\u00bb locked=\u00bboff\u00bb global_colors_info=\u00bb{}\u00bb]<\/p>\n<p>Para acceder al conservatorio es necesario que hagas una prueba de aptitud. La misma se realizar\u00e1 entre el 15 de mayo y el 5 de junio. En ella, un equipo de profesores del conservatorio evaluar\u00e1 tus capacidades musicales (capacidad r\u00edtmica, auditiva, etc.) No tienes que estudiar ni prepararte nada, y no te preocupes; es una prueba muy sencilla<\/p>\n<p><strong>15 de Mayo a 5 de Junio<\/strong><\/p>\n<p>[\/et_pb_blurb][et_pb_blurb title=\u00bb\u00bfQu\u00e9 precio tiene? \u00bb url=\u00bb#\u00bb image=\u00bbhttps:\/\/blogsaverroes.juntadeandalucia.es\/cemjosedeltoro\/files\/2021\/11\/coding-icon_4.jpg\u00bb icon_placement=\u00bbleft\u00bb content_max_width=\u00bb1100px\u00bb _builder_version=\u00bb4.13.0&#8243; header_font=\u00bb|on|||\u00bb header_text_color=\u00bb#2e2545&#8243; header_line_height=\u00bb1.5em\u00bb body_text_color=\u00bb#8585bd\u00bb body_font_size=\u00bb16px\u00bb body_line_height=\u00bb1.9em\u00bb background_color=\u00bb#ffffff\u00bb background_size=\u00bbinitial\u00bb background_position=\u00bbtop_left\u00bb background_repeat=\u00bbrepeat\u00bb custom_margin=\u00bb||10%|\u00bb custom_padding=\u00bb30px|40px|30px|40px\u00bb animation_style=\u00bbzoom\u00bb animation_direction=\u00bbbottom\u00bb animation_intensity_zoom=\u00bb20%\u00bb animation_starting_opacity=\u00bb100%\u00bb box_shadow_style=\u00bbpreset2&#8243; box_shadow_horizontal=\u00bb0px\u00bb box_shadow_vertical=\u00bb0px\u00bb box_shadow_blur=\u00bb60px\u00bb box_shadow_color=\u00bbrgba(71,74,182,0.12)\u00bb locked=\u00bboff\u00bb global_colors_info=\u00bb{}\u00bb]<\/p>\n<p>La matr\u00edcula del primer curso tiene un coste 113,73\u20ac. Pero hay descuentos por pagar de forma telem\u00e1tica (bonificaci\u00f3n del 10%), por pertenecer a familia numerosa (bonificaci\u00f3n del 50%) o familia numerosa categor\u00eda especial (bonificaci\u00f3n del 100%).<\/p>\n<p>Adem\u00e1s, te prestaremos un instrumento los dos primeros cursos de manera totalmente gratuita, y si perteneces al AMPA, tambi\u00e9n te ceder\u00e1n los libros de texto.<\/p>\n<p><strong>Este importe es anual, sin ning\u00fan pago mensual<\/strong><\/p>\n<p>[\/et_pb_blurb][et_pb_blurb title=\u00bb\u00bfQu\u00e9 viene despu\u00e9s de las ense\u00f1anzas b\u00e1sicas? \u00bb url=\u00bb#\u00bb image=\u00bbhttps:\/\/blogsaverroes.juntadeandalucia.es\/cemjosedeltoro\/files\/2021\/11\/coding-icon_4.jpg\u00bb icon_placement=\u00bbleft\u00bb content_max_width=\u00bb1100px\u00bb _builder_version=\u00bb4.13.0&#8243; header_font=\u00bb|on|||\u00bb header_text_color=\u00bb#2e2545&#8243; header_line_height=\u00bb1.5em\u00bb body_text_color=\u00bb#8585bd\u00bb body_font_size=\u00bb16px\u00bb body_line_height=\u00bb1.9em\u00bb background_color=\u00bb#ffffff\u00bb background_size=\u00bbinitial\u00bb background_position=\u00bbtop_left\u00bb background_repeat=\u00bbrepeat\u00bb custom_margin=\u00bb||10%|\u00bb custom_padding=\u00bb30px|40px|30px|40px\u00bb animation_style=\u00bbzoom\u00bb animation_direction=\u00bbbottom\u00bb animation_intensity_zoom=\u00bb20%\u00bb animation_starting_opacity=\u00bb100%\u00bb box_shadow_style=\u00bbpreset2&#8243; box_shadow_horizontal=\u00bb0px\u00bb box_shadow_vertical=\u00bb0px\u00bb box_shadow_blur=\u00bb60px\u00bb box_shadow_color=\u00bbrgba(71,74,182,0.12)\u00bb locked=\u00bboff\u00bb global_colors_info=\u00bb{}\u00bb]<\/p>\n<p>Si una vez terminados los 4 cursos de Ense\u00f1anzas B\u00e1sicas de M\u00fasica decides continuar tus estudios musicales, deber\u00e1s hacer una prueba de acceso a las Ense\u00f1anzas Profesionales de M\u00fasica, y una vez superadas, matricularte en un Conservatorio Profesional; el m\u00e1s cercano a nosotros es el de Huelva, aunque tambi\u00e9n puedes hacerlo en cualquier otro Conservatorio Profesional. Dichas ense\u00f1anzas constan de 6 cursos de duraci\u00f3n<\/p>\n<p><strong>Ense\u00f1anzas Profesionales<\/strong><\/p>\n<p>[\/et_pb_blurb][\/et_pb_column][et_pb_column type=\u00bb1_2&#8243; _builder_version=\u00bb3.25&#8243; custom_padding=\u00bb|||\u00bb global_colors_info=\u00bb{}\u00bb custom_padding__hover=\u00bb|||\u00bb][et_pb_blurb title=\u00bb\u00bfCu\u00e1ndo me apunto? \u00bb url=\u00bb#\u00bb image=\u00bbhttps:\/\/blogsaverroes.juntadeandalucia.es\/cemjosedeltoro\/files\/2021\/11\/coding-icon_4.jpg\u00bb icon_placement=\u00bbleft\u00bb content_max_width=\u00bb1100px\u00bb _builder_version=\u00bb4.13.0&#8243; header_font=\u00bb|on|||\u00bb header_text_color=\u00bb#2e2545&#8243; header_line_height=\u00bb1.5em\u00bb body_text_color=\u00bb#8585bd\u00bb body_font_size=\u00bb16px\u00bb body_line_height=\u00bb1.9em\u00bb background_color=\u00bb#ffffff\u00bb background_size=\u00bbinitial\u00bb background_position=\u00bbtop_left\u00bb background_repeat=\u00bbrepeat\u00bb custom_margin=\u00bb-80px||10%|\u00bb custom_margin_tablet=\u00bb0px||10%|\u00bb custom_margin_phone=\u00bb\u00bb custom_margin_last_edited=\u00bbon|phone\u00bb custom_padding=\u00bb30px|40px|30px|40px\u00bb animation_style=\u00bbzoom\u00bb animation_direction=\u00bbbottom\u00bb animation_delay=\u00bb100ms\u00bb animation_intensity_zoom=\u00bb20%\u00bb animation_starting_opacity=\u00bb100%\u00bb box_shadow_style=\u00bbpreset2&#8243; box_shadow_horizontal=\u00bb0px\u00bb box_shadow_vertical=\u00bb0px\u00bb box_shadow_blur=\u00bb60px\u00bb box_shadow_color=\u00bbrgba(71,74,182,0.12)\u00bb locked=\u00bboff\u00bb global_colors_info=\u00bb{}\u00bb]<\/p>\n<p>Si has decidido aprender a tocar un instrumento con nosotros, las fechas de preinscripci\u00f3n son del 1 al 30 de abril. Rellena y entrega la solicitud de manera totalmente gratuita. En ella tendr\u00e1s que ordenar los instrumentos seg\u00fan tus preferencias. Los que ofertamos en el conservatorio son: Trompeta, Clarinete, Saxof\u00f3n, Viol\u00edn, Viola, Guitarra y Piano. Poco tiempo despu\u00e9s te avisaremos para realizar la prueba de aptitud.<\/p>\n<p>[\/et_pb_blurb][et_pb_blurb title=\u00bb\u00bfC\u00f3mo elijo instrumento? \u00bb url=\u00bb#\u00bb image=\u00bbhttps:\/\/blogsaverroes.juntadeandalucia.es\/cemjosedeltoro\/files\/2021\/11\/coding-icon_4.jpg\u00bb icon_placement=\u00bbleft\u00bb content_max_width=\u00bb1100px\u00bb _builder_version=\u00bb4.13.0&#8243; header_font=\u00bb|on|||\u00bb header_text_color=\u00bb#2e2545&#8243; header_line_height=\u00bb1.5em\u00bb body_text_color=\u00bb#8585bd\u00bb body_font_size=\u00bb16px\u00bb body_line_height=\u00bb1.9em\u00bb background_color=\u00bb#ffffff\u00bb background_size=\u00bbinitial\u00bb background_position=\u00bbtop_left\u00bb background_repeat=\u00bbrepeat\u00bb custom_margin=\u00bb||10%|\u00bb custom_padding=\u00bb30px|40px|30px|40px\u00bb animation_style=\u00bbzoom\u00bb animation_direction=\u00bbbottom\u00bb animation_delay=\u00bb100ms\u00bb animation_intensity_zoom=\u00bb20%\u00bb animation_starting_opacity=\u00bb100%\u00bb box_shadow_style=\u00bbpreset2&#8243; box_shadow_horizontal=\u00bb0px\u00bb box_shadow_vertical=\u00bb0px\u00bb box_shadow_blur=\u00bb60px\u00bb box_shadow_color=\u00bbrgba(71,74,182,0.12)\u00bb locked=\u00bboff\u00bb global_colors_info=\u00bb{}\u00bb]<\/p>\n<p>Una vez publicadas las notas de la prueba, y en funci\u00f3n de la calificaci\u00f3n obtenida y de las preferencias que nos indicaste en la solicitud de preinscripci\u00f3n, el sistema te asignar\u00e1 un instrumento de entre los que ofertamos. Ahora s\u00f3lo falta matricularte.<\/p>\n<p><strong>Una vez publicadas las notas de la prueba<\/strong><\/p>\n<p>[\/et_pb_blurb][et_pb_blurb title=\u00bb\u00bfCu\u00e1ndo me matriculo? \u00bb url=\u00bb#\u00bb image=\u00bbhttps:\/\/blogsaverroes.juntadeandalucia.es\/cemjosedeltoro\/files\/2021\/11\/coding-icon_4.jpg\u00bb icon_placement=\u00bbleft\u00bb content_max_width=\u00bb1100px\u00bb _builder_version=\u00bb4.13.0&#8243; header_font=\u00bb|on|||\u00bb header_text_color=\u00bb#2e2545&#8243; header_line_height=\u00bb1.5em\u00bb body_text_color=\u00bb#8585bd\u00bb body_font_size=\u00bb16px\u00bb body_line_height=\u00bb1.9em\u00bb background_color=\u00bb#ffffff\u00bb background_size=\u00bbinitial\u00bb background_position=\u00bbtop_left\u00bb background_repeat=\u00bbrepeat\u00bb custom_margin=\u00bb||10%|\u00bb custom_padding=\u00bb30px|40px|30px|40px\u00bb animation_style=\u00bbzoom\u00bb animation_direction=\u00bbbottom\u00bb animation_delay=\u00bb100ms\u00bb animation_intensity_zoom=\u00bb20%\u00bb animation_starting_opacity=\u00bb100%\u00bb box_shadow_style=\u00bbpreset2&#8243; box_shadow_horizontal=\u00bb0px\u00bb box_shadow_vertical=\u00bb0px\u00bb box_shadow_blur=\u00bb60px\u00bb box_shadow_color=\u00bbrgba(71,74,182,0.12)\u00bb locked=\u00bboff\u00bb global_colors_info=\u00bb{}\u00bb]<\/p>\n<p>El proceso de matriculaci\u00f3n es del 1 al 10 de julio.<\/p>\n<p><strong>1 al 10 de julio<\/strong><\/p>\n<p>[\/et_pb_blurb][et_pb_blurb title=\u00bb\u00bfCu\u00e1ntas horas pasar\u00e9 en el conservatorio? \u00bb url=\u00bb#\u00bb image=\u00bbhttps:\/\/blogsaverroes.juntadeandalucia.es\/cemjosedeltoro\/files\/2021\/11\/coding-icon_4.jpg\u00bb icon_placement=\u00bbleft\u00bb content_max_width=\u00bb1100px\u00bb _builder_version=\u00bb4.13.0&#8243; header_font=\u00bb|on|||\u00bb header_text_color=\u00bb#2e2545&#8243; header_line_height=\u00bb1.5em\u00bb body_text_color=\u00bb#8585bd\u00bb body_font_size=\u00bb16px\u00bb body_line_height=\u00bb1.9em\u00bb background_color=\u00bb#ffffff\u00bb background_size=\u00bbinitial\u00bb background_position=\u00bbtop_left\u00bb background_repeat=\u00bbrepeat\u00bb custom_margin=\u00bb||10%|\u00bb custom_padding=\u00bb30px|40px|30px|40px\u00bb animation_style=\u00bbzoom\u00bb animation_direction=\u00bbbottom\u00bb animation_delay=\u00bb100ms\u00bb animation_intensity_zoom=\u00bb20%\u00bb animation_starting_opacity=\u00bb100%\u00bb box_shadow_style=\u00bbpreset2&#8243; box_shadow_horizontal=\u00bb0px\u00bb box_shadow_vertical=\u00bb0px\u00bb box_shadow_blur=\u00bb60px\u00bb box_shadow_color=\u00bbrgba(71,74,182,0.12)\u00bb locked=\u00bboff\u00bb global_colors_info=\u00bb{}\u00bb]<\/p>\n<p>Los dos primeros cursos tendr\u00e1s 4h lectivas semanales: 2h de instrumento y 2h de Lenguaje Musical.<br \/>Los dos \u00faltimos cursos tendr\u00e1s 5h lectivas semanales: 2h de Lenguaje Musical, 1h de instrumento, 1h de Coro, y 1h de Agrupaciones Instrumentales.<\/p>\n<p><strong style=\"font-size: 16px\">De 4h a 5h Depende del Curso<\/strong><\/p>\n<p>[\/et_pb_blurb][\/et_pb_column][\/et_pb_row][\/et_pb_section]<\/p>\n","protected":false},"excerpt":{"rendered":"<p>PREGUNTAS FRECUENTESLas dudas son normales a la hora de emprender un nuevo proyecto educativoEl Conservatorio Elemental de M\u00fasica \u201cJos\u00e9 del Toro\u201d de Trigueros es un centro p\u00fablico oficial, dependiente de la Consejer\u00eda de Educaci\u00f3n de la Junta de Andaluc\u00eda, que te ofrece la posibilidad de cursar las Ense\u00f1anzas B\u00e1sicas de M\u00fasica (durante 4 a\u00f1os) con [&hellip;]<\/p>\n","protected":false},"author":13205,"featured_media":0,"parent":0,"menu_order":0,"comment_status":"closed","ping_status":"closed","template":"","meta":{"_et_pb_use_builder":"on","_et_pb_old_content":"","_et_gb_content_width":"","ngg_post_thumbnail":0,"footnotes":""},"aioseo_notices":[],"_links":{"self":[{"href":"https:\/\/blogsaverroes.juntadeandalucia.es\/cemjosedeltoro\/wp-json\/wp\/v2\/pages\/619"}],"collection":[{"href":"https:\/\/blogsaverroes.juntadeandalucia.es\/cemjosedeltoro\/wp-json\/wp\/v2\/pages"}],"about":[{"href":"https:\/\/blogsaverroes.juntadeandalucia.es\/cemjosedeltoro\/wp-json\/wp\/v2\/types\/page"}],"author":[{"embeddable":true,"href":"https:\/\/blogsaverroes.juntadeandalucia.es\/cemjosedeltoro\/wp-json\/wp\/v2\/users\/13205"}],"replies":[{"embeddable":true,"href":"https:\/\/blogsaverroes.juntadeandalucia.es\/cemjosedeltoro\/wp-json\/wp\/v2\/comments?post=619"}],"version-history":[{"count":8,"href":"https:\/\/blogsaverroes.juntadeandalucia.es\/cemjosedeltoro\/wp-json\/wp\/v2\/pages\/619\/revisions"}],"predecessor-version":[{"id":1051,"href":"https:\/\/blogsaverroes.juntadeandalucia.es\/cemjosedeltoro\/wp-json\/wp\/v2\/pages\/619\/revisions\/1051"}],"wp:attachment":[{"href":"https:\/\/blogsaverroes.juntadeandalucia.es\/cemjosedeltoro\/wp-json\/wp\/v2\/media?parent=619"}],"curies":[{"name":"wp","href":"https:\/\/api.w.org\/{rel}","templated":true}]}}